{"id":1350,"date":"2026-03-10T08:25:21","date_gmt":"2026-03-10T08:13:01","guid":{"rendered":"https:\/\/www.huashunware.com\/?post_type=product&#038;p=1350"},"modified":"2026-03-10T08:25:39","modified_gmt":"2026-03-10T08:25:39","slug":"wholesale-plastic-handle-flatware-set-in-bulk","status":"publish","type":"product","link":"https:\/\/www.huashunware.com\/de\/produkt\/wholesale-plastic-handle-flatware-set-in-bulk\/","title":{"rendered":"Gro\u00dfhandel Kunststoffgriff Besteck Set in Bulk"},"content":{"rendered":"<div class=\"wp-block-columns is-layout-flex wp-container-core-columns-is-layout-9d6595d7 wp-block-columns-is-layout-flex\">\n<div class=\"wp-block-column is-layout-flow wp-block-column-is-layout-flow\">\n<h2 class=\"wp-block-heading\">Gro\u00dfhandel Kunststoffgriff Besteck Set in Bulk Features:<\/h2>\n\n\n\n<p><strong>Klassisches ergonomisches Design<\/strong>\uff1a Mit seiner zeitlosen Form und den sanft geschwungenen Griffen liegt dieses Set angenehm in der Hand und ist damit eine bevorzugte Wahl f\u00fcr verschiedene Marktanforderungen.<\/p>\n\n\n\n<p><strong>Ideales 4-teiliges Werbegeschenk<\/strong>\uff1a Diese kompakte und elegante 4er-Konfiguration ist speziell als erschwingliches und elegantes Werbegeschenk f\u00fcr Veranstaltungen, Einzelhandelsb\u00fcndel oder Firmengeschenke optimiert.<\/p>\n\n\n\n<p><strong>Lebendige, gl\u00e4nzende Farbauswahl<\/strong>\uff1a Mit einer Hochglanzoberfl\u00e4che in 5-6 auff\u00e4lligen Farben (darunter Rot, Gr\u00fcn und Schwarz) k\u00f6nnen Sie das Besteck an das Thema Ihrer Marke oder lokale Markttrends anpassen.<\/p>\n\n\n\n<p><strong>Premium-Edelstahl mit verst\u00e4rkten Aderendh\u00fclsen<\/strong>Jedes St\u00fcck ist aus hochwertigem, hochglanzpoliertem Edelstahl gefertigt und mit einer schlanken Metallh\u00fclse versehen, die f\u00fcr eine lange Lebensdauer und ein erstklassiges Aussehen sorgt.<\/p>\n\n\n\n<p><strong>Versandfertiger Bestand &amp; schnelle Lieferung<\/strong>\uff1a Wir verf\u00fcgen \u00fcber einen gro\u00dfen Bestand an verschiedenen Farben und Verpackungsarten (3 Typen verf\u00fcgbar), was eine sofortige Bearbeitung und schnelle Lieferung bei gro\u00dfen Mengenbestellungen gew\u00e4hrleistet.<\/p>\n\n\n\n<p><strong>Wartungsarm und leicht zu lagern<\/strong>\uff1a Die robuste Konstruktion ist f\u00fcr den t\u00e4glichen Gebrauch ausgelegt, leicht zu reinigen und sp\u00fclmaschinenfest, was sowohl f\u00fcr den Haushalt als auch f\u00fcr die gewerbliche Gastronomie wichtig ist.<\/p>\n<\/div>\n\n\n\n<div class=\"wp-block-column is-vertically-aligned-center is-layout-flow wp-block-column-is-layout-flow\">\n<figure class=\"wp-block-image size-full\"><img decoding=\"async\" width=\"800\" height=\"800\" src=\"https:\/\/www.huashunware.com\/wp-content\/uploads\/2026\/03\/Wholesale-Plastic-Handle-Flatware-Set-in-Bulk3.webp\" alt=\"Gro\u00dfhandel Kunststoffgriff Besteck Set in Bulk3\" class=\"wp-image-1353\" srcset=\"https:\/\/www.huashunware.com\/wp-content\/uploads\/2026\/03\/Wholesale-Plastic-Handle-Flatware-Set-in-Bulk3.webp 800w, https:\/\/www.huashunware.com\/wp-content\/uploads\/2026\/03\/Wholesale-Plastic-Handle-Flatware-Set-in-Bulk3-300x300.webp 300w, https:\/\/www.huashunware.com\/wp-content\/uploads\/2026\/03\/Wholesale-Plastic-Handle-Flatware-Set-in-Bulk3-150x150.webp 150w, https:\/\/www.huashunware.com\/wp-content\/uploads\/2026\/03\/Wholesale-Plastic-Handle-Flatware-Set-in-Bulk3-768x768.webp 768w, https:\/\/www.huashunware.com\/wp-content\/uploads\/2026\/03\/Wholesale-Plastic-Handle-Flatware-Set-in-Bulk3-12x12.webp 12w, https:\/\/www.huashunware.com\/wp-content\/uploads\/2026\/03\/Wholesale-Plastic-Handle-Flatware-Set-in-Bulk3-600x600.webp 600w, https:\/\/www.huashunware.com\/wp-content\/uploads\/2026\/03\/Wholesale-Plastic-Handle-Flatware-Set-in-Bulk3-100x100.webp 100w\" sizes=\"(max-width: 800px) 100vw, 800px\" \/><\/figure>\n<\/div>\n<\/div>\n\n\n\n<p><\/p>","protected":false},"excerpt":{"rendered":"<article class=\"text-token-text-primary w-full focus:outline-none [--shadow-height:45px] has-data-writing-block:pointer-events-none has-data-writing-block:-mt-(--shadow-height) has-data-writing-block:pt-(--shadow-height) [&amp;:has([data-writing-block])&gt;*]:pointer-events-auto [content-visibility:auto] supports-[content-visibility:auto]:[contain-intrinsic-size:auto_100lvh] scroll-mt-[calc(var(--header-height)+min(200px,max(70px,20svh)))]\" dir=\"auto\" tabindex=\"-1\" data-turn-id=\"request-WEB:6a8e0ffa-908e-4f03-b005-c2a158bcb803-9\" data-testid=\"conversation-turn-20\" data-scroll-anchor=\"true\" data-turn=\"assistant\">\n<div class=\"text-base my-auto mx-auto pb-10 [--thread-content-margin:--spacing(4)] thread-sm:[--thread-content-margin:--spacing(6)] thread-lg:[--thread-content-margin:--spacing(16)] px-(--thread-content-margin)\">\n<div class=\"[--thread-content-max-width:40rem] thread-lg:[--thread-content-max-width:48rem] mx-auto max-w-(--thread-content-max-width) flex-1 group\/turn-messages focus-visible:outline-hidden relative flex w-full min-w-0 flex-col agent-turn\" tabindex=\"-1\">\n<div class=\"flex max-w-full flex-col grow\">\n<div class=\"min-h-8 text-message relative flex w-full flex-col items-end gap-2 text-start break-words whitespace-normal [.text-message+&amp;]:mt-1\" dir=\"auto\" data-message-author-role=\"assistant\" data-message-id=\"1d1f6c17-d23b-4d8c-b935-1db7fceb84d9\" data-message-model-slug=\"gpt-5-1\">\n<div class=\"flex w-full flex-col gap-1 empty:hidden first:pt-[1px]\">\n<div class=\"markdown prose dark:prose-invert w-full break-words light markdown-new-styling\">\n<p data-path-to-node=\"3,0\">Gro\u00dfhandel Kunststoffgriff Besteck in loser Sch\u00fcttung mit einem klassischen stromlinienf\u00f6rmigen Design mit vibrierenden gl\u00e4nzenden Griffen gesetzt. Dieses 4-teilige Set ist perfekt f\u00fcr Werbegeschenke, erh\u00e4ltlich in 5-6 Trendfarben auf Lager f\u00fcr eine schnelle Lieferung. Gefertigt aus strapazierf\u00e4higem Edelstahl, kombiniert es Stil mit unschlagbarem Wert f\u00fcr den Einzelhandel und Gastfreundschaft.<\/p>\n<\/div>\n<\/div>\n<\/div>\n<\/div>\n<\/div>\n<\/div>\n<\/article>\n<h2>Kunststoffgriff-Bestecksatz in Bulk Attribut:<\/h2>\n<table data-path-to-node=\"2\">\n<thead>\n<tr>\n<td><strong>Artikel<\/strong><\/td>\n<td><strong>Gewicht (g)<\/strong><\/td>\n<td><strong>L\u00e4nge (L)<\/strong><\/td>\n<td><strong>Breite (W)<\/strong><\/td>\n<td><strong>Dicke<\/strong><\/td>\n<\/tr>\n<\/thead>\n<tbody>\n<tr>\n<td><span data-path-to-node=\"2,1,0,0\"><b data-path-to-node=\"2,1,0,0\" data-index-in-node=\"0\">Tafelmesser<\/b><\/span><\/td>\n<td><span data-path-to-node=\"2,1,1,0\">34g<\/span><\/td>\n<td><span data-path-to-node=\"2,1,2,0\">21,5 cm<\/span><\/td>\n<td><span data-path-to-node=\"2,1,3,0\">2,0 cm<\/span><\/td>\n<td><span data-path-to-node=\"2,1,4,0\">1,5 mm<\/span><\/td>\n<\/tr>\n<tr>\n<td><span data-path-to-node=\"2,2,0,0\"><b data-path-to-node=\"2,2,0,0\" data-index-in-node=\"0\">Tafelgabel<\/b><\/span><\/td>\n<td><span data-path-to-node=\"2,2,1,0\">30.8g<\/span><\/td>\n<td><span data-path-to-node=\"2,2,2,0\">20.0cm<\/span><\/td>\n<td><span data-path-to-node=\"2,2,3,0\">2,4 cm<\/span><\/td>\n<td><span data-path-to-node=\"2,2,4,0\">1,5 mm<\/span><\/td>\n<\/tr>\n<tr>\n<td><span data-path-to-node=\"2,3,0,0\"><b data-path-to-node=\"2,3,0,0\" data-index-in-node=\"0\">Tafell\u00f6ffel<\/b><\/span><\/td>\n<td><span data-path-to-node=\"2,3,1,0\">37.0g<\/span><\/td>\n<td><span data-path-to-node=\"2,3,2,0\">20.0cm<\/span><\/td>\n<td><span data-path-to-node=\"2,3,3,0\">4,0 cm<\/span><\/td>\n<td><span data-path-to-node=\"2,3,4,0\">1,5 mm<\/span><\/td>\n<\/tr>\n<tr>\n<td><span data-path-to-node=\"2,4,0,0\"><b data-path-to-node=\"2,4,0,0\" data-index-in-node=\"0\">Teel\u00f6ffel<\/b><\/span><\/td>\n<td><span data-path-to-node=\"2,4,1,0\">27.5g<\/span><\/td>\n<td><span data-path-to-node=\"2,4,2,0\">14,2 cm<\/span><\/td>\n<td><span data-path-to-node=\"2,4,3,0\">3,0 cm<\/span><\/td>\n<td><span data-path-to-node=\"2,4,4,0\">1,5 mm<\/span><\/td>\n<\/tr>\n<\/tbody>\n<\/table>\n<h2>Kundenspezifische Besteck-Sets\uff1a<\/h2>\n<p><strong data-start=\"44\" data-end=\"73\">1\u3001Kostenlose Muster sind verf\u00fcgbar:<\/strong><\/p>\n<p data-start=\"44\" data-end=\"153\">Wir bieten kostenlose Muster an, damit Sie die Qualit\u00e4t beurteilen k\u00f6nnen, bevor Sie eine Gro\u00dfbestellung aufgeben.<\/p>\n<p data-start=\"155\" data-end=\"295\"><strong data-start=\"155\" data-end=\"190\">2\u3001Anpassbare Verpackungsoptionen:<\/strong><br data-start=\"190\" data-end=\"193\" \/>Wir unterst\u00fctzen verschiedene Verpackungsarten, darunter:<\/p>\n<ol data-start=\"296\" data-end=\"332\">\n<li data-start=\"296\" data-end=\"307\">\n<p data-start=\"298\" data-end=\"307\">PET-Kiste<\/p>\n<\/li>\n<li data-start=\"308\" data-end=\"319\">\n<p data-start=\"310\" data-end=\"319\">PVC-Schachtel<\/p>\n<\/li>\n<li data-start=\"320\" data-end=\"332\">\n<p data-start=\"322\" data-end=\"332\">Geschenkpackung<\/p>\n<\/li>\n<\/ol>\n<p data-start=\"334\" data-end=\"442\" data-is-last-node=\"\" data-is-only-node=\"\"><strong data-start=\"334\" data-end=\"365\">3\u3001Anpassung der Grifffarbe:<\/strong><br data-start=\"365\" data-end=\"368\" \/>5-6 Farben und 3 Pakete sind auf Lager f\u00fcr schnelle Lieferung\uff1b Akzeptieren Sie Laser-Logo und graviertes Logo auf dem Metall, akzeptieren Sie Druck-Logo auf dem Griff<\/p>\n<div class=\"text-base my-auto mx-auto pb-10 [--thread-content-margin:--spacing(4)] thread-sm:[--thread-content-margin:--spacing(6)] thread-lg:[--thread-content-margin:--spacing(16)] px-(--thread-content-margin)\">\n<div class=\"[--thread-content-max-width:40rem] thread-lg:[--thread-content-max-width:48rem] mx-auto max-w-(--thread-content-max-width) flex-1 group\/turn-messages focus-visible:outline-hidden relative flex w-full min-w-0 flex-col agent-turn\" tabindex=\"-1\">\n<div class=\"flex max-w-full flex-col grow\">\n<div class=\"min-h-8 text-message relative flex w-full flex-col items-end gap-2 text-start break-words whitespace-normal [.text-message+&amp;]:mt-1\" dir=\"auto\" data-message-author-role=\"assistant\" data-message-id=\"aa2ae332-605b-4306-94e4-23a9dd06bf09\" data-message-model-slug=\"gpt-5-mini\">\n<div class=\"flex w-full flex-col gap-1 empty:hidden first:pt-[1px]\">\n<div class=\"markdown prose dark:prose-invert w-full break-words light markdown-new-styling\">\u00a0<\/div>\n<\/div>\n<\/div>\n<\/div>\n<\/div>\n<\/div>","protected":false},"featured_media":1353,"comment_status":"closed","ping_status":"closed","template":"","meta":{"_acf_changed":false},"product_brand":[],"product_cat":[18,26],"product_tag":[],"class_list":{"0":"post-1350","1":"product","2":"type-product","3":"status-publish","4":"has-post-thumbnail","6":"product_cat-cutlery-set-wholesale","7":"product_cat-plastic-handle-flatware-set","9":"first","10":"instock","11":"shipping-taxable","12":"product-type-simple"},"acf":[],"_links":{"self":[{"href":"https:\/\/www.huashunware.com\/de\/wp-json\/wp\/v2\/product\/1350","targetHints":{"allow":["GET"]}}],"collection":[{"href":"https:\/\/www.huashunware.com\/de\/wp-json\/wp\/v2\/product"}],"about":[{"href":"https:\/\/www.huashunware.com\/de\/wp-json\/wp\/v2\/types\/product"}],"replies":[{"embeddable":true,"href":"https:\/\/www.huashunware.com\/de\/wp-json\/wp\/v2\/comments?post=1350"}],"wp:featuredmedia":[{"embeddable":true,"href":"https:\/\/www.huashunware.com\/de\/wp-json\/wp\/v2\/media\/1353"}],"wp:attachment":[{"href":"https:\/\/www.huashunware.com\/de\/wp-json\/wp\/v2\/media?parent=1350"}],"wp:term":[{"taxonomy":"product_brand","embeddable":true,"href":"https:\/\/www.huashunware.com\/de\/wp-json\/wp\/v2\/product_brand?post=1350"},{"taxonomy":"product_cat","embeddable":true,"href":"https:\/\/www.huashunware.com\/de\/wp-json\/wp\/v2\/product_cat?post=1350"},{"taxonomy":"product_tag","embeddable":true,"href":"https:\/\/www.huashunware.com\/de\/wp-json\/wp\/v2\/product_tag?post=1350"}],"curies":[{"name":"wp","href":"https:\/\/api.w.org\/{rel}","templated":true}]}}