{"id":403,"date":"2025-09-17T02:55:37","date_gmt":"2025-09-17T02:55:37","guid":{"rendered":"https:\/\/www.huashunware.com\/?post_type=product&#038;p=403"},"modified":"2026-02-03T02:33:21","modified_gmt":"2026-02-03T02:33:21","slug":"wholesale-plastic-handle-flatware-set-ideal-for-home-and-restaurant","status":"publish","type":"product","link":"https:\/\/www.huashunware.com\/de\/produkt\/wholesale-plastic-handle-flatware-set-ideal-for-home-and-restaurant\/","title":{"rendered":"Gro\u00dfhandel Kunststoffgriff Besteck Set Ideal f\u00fcr Haus und Restaurant"},"content":{"rendered":"<div class=\"wp-block-columns is-layout-flex wp-container-core-columns-is-layout-9d6595d7 wp-block-columns-is-layout-flex\">\n<div class=\"wp-block-column is-layout-flow wp-block-column-is-layout-flow\">\n<h2 class=\"wp-block-heading\">Gro\u00dfhandel Kunststoffgriff Besteck Set Features:<\/h2>\n\n\n\n<p><mark style=\"background-color:rgba(0, 0, 0, 0)\" class=\"has-inline-color has-black-color\"><strong>1. Premium-Edelstahl 18\/0<\/strong><\/mark><\/p>\n\n\n\n<p>Unsere aus hochwertigem 18\/0-Stahl gefertigten Sets sind rostfrei und erf\u00fcllen die Anforderungen der <strong>EU-Normen zur Lebensmittelsicherheit<\/strong>.<\/p>\n\n\n\n<p><strong>2. Professionelle spiegelpolierte Oberfl\u00e4che<\/strong><\/p>\n\n\n\n<p>Die glatte, spiegelglatte Oberfl\u00e4che mit abgerundeten Kanten sorgt f\u00fcr ein sicheres, komfortables und elegantes Esserlebnis.<\/p>\n\n\n\n<p><strong>3. Ergonomische und bewegliche Griffe<\/strong><\/p>\n\n\n\n<p>Erh\u00e4ltlich in den Trendfarben <strong>Creme und Grau<\/strong>Diese rutschfesten Griffe bieten sowohl zu Hause als auch in der Gastronomie einen sicheren Halt.<\/p>\n\n\n\n<p><strong>4. Einzelhandelsf\u00e4higer 24-teiliger Geschenkkarton<\/strong><\/p>\n\n\n\n<p>Wird in einer professionellen Displaybox mit Tragegriff geliefert, ideal f\u00fcr <strong>Superm\u00e4rkte und Einzelhandelsketten<\/strong>.<\/p>\n\n\n\n<p><strong>5. 100% Sp\u00fclmaschinenfest<\/strong><\/p>\n\n\n\n<p>Sie wurden f\u00fcr Umgebungen mit hohem Arbeitsaufkommen entwickelt und gew\u00e4hrleisten, dass die Griffe sicher bleiben und die Oberfl\u00e4che auch nach dem Waschen in der Maschine poliert bleibt.<\/p>\n\n\n\n<p><strong>6. Vollst\u00e4ndige OEM\/ODM-Anpassung<\/strong><\/p>\n\n\n\n<p>Wir unterst\u00fctzen individuelle Pantone-Farben, lasergravierte Logos und ma\u00dfgeschneiderte Verpackungen, um Ihre Marke zu st\u00e4rken.<\/p>\n<\/div>\n\n\n\n<div class=\"wp-block-column is-layout-flow wp-block-column-is-layout-flow\">\n<figure class=\"wp-block-image size-full\"><img decoding=\"async\" width=\"800\" height=\"800\" src=\"https:\/\/www.huashunware.com\/wp-content\/uploads\/2025\/09\/Wholesale-Plastic-Handle-Flatware-Set1.webp\" alt=\"Gro\u00dfhandel Kunststoffgriff Besteck Set1\" class=\"wp-image-1246\" srcset=\"https:\/\/www.huashunware.com\/wp-content\/uploads\/2025\/09\/Wholesale-Plastic-Handle-Flatware-Set1.webp 800w, https:\/\/www.huashunware.com\/wp-content\/uploads\/2025\/09\/Wholesale-Plastic-Handle-Flatware-Set1-300x300.webp 300w, https:\/\/www.huashunware.com\/wp-content\/uploads\/2025\/09\/Wholesale-Plastic-Handle-Flatware-Set1-150x150.webp 150w, https:\/\/www.huashunware.com\/wp-content\/uploads\/2025\/09\/Wholesale-Plastic-Handle-Flatware-Set1-768x768.webp 768w, https:\/\/www.huashunware.com\/wp-content\/uploads\/2025\/09\/Wholesale-Plastic-Handle-Flatware-Set1-12x12.webp 12w, https:\/\/www.huashunware.com\/wp-content\/uploads\/2025\/09\/Wholesale-Plastic-Handle-Flatware-Set1-600x600.webp 600w, https:\/\/www.huashunware.com\/wp-content\/uploads\/2025\/09\/Wholesale-Plastic-Handle-Flatware-Set1-100x100.webp 100w\" sizes=\"(max-width: 800px) 100vw, 800px\" \/><\/figure>\n\n\n\n<figure class=\"wp-block-image size-full\"><img decoding=\"async\" width=\"3072\" height=\"3072\" src=\"https:\/\/www.huashunware.com\/wp-content\/uploads\/2025\/09\/Wholesale-Plastic-Handle-Flatware-Set-Ideal-For-Home-and-Restaurant1.webp\" alt=\"Gro\u00dfhandel Kunststoffgriff Besteck Set Ideal f\u00fcr Haus und Restaurant1\" class=\"wp-image-408\" srcset=\"https:\/\/www.huashunware.com\/wp-content\/uploads\/2025\/09\/Wholesale-Plastic-Handle-Flatware-Set-Ideal-For-Home-and-Restaurant1.webp 3072w, https:\/\/www.huashunware.com\/wp-content\/uploads\/2025\/09\/Wholesale-Plastic-Handle-Flatware-Set-Ideal-For-Home-and-Restaurant1-300x300.webp 300w, https:\/\/www.huashunware.com\/wp-content\/uploads\/2025\/09\/Wholesale-Plastic-Handle-Flatware-Set-Ideal-For-Home-and-Restaurant1-150x150.webp 150w, https:\/\/www.huashunware.com\/wp-content\/uploads\/2025\/09\/Wholesale-Plastic-Handle-Flatware-Set-Ideal-For-Home-and-Restaurant1-768x768.webp 768w, https:\/\/www.huashunware.com\/wp-content\/uploads\/2025\/09\/Wholesale-Plastic-Handle-Flatware-Set-Ideal-For-Home-and-Restaurant1-1200x1200.webp 1200w, https:\/\/www.huashunware.com\/wp-content\/uploads\/2025\/09\/Wholesale-Plastic-Handle-Flatware-Set-Ideal-For-Home-and-Restaurant1-600x600.webp 600w, https:\/\/www.huashunware.com\/wp-content\/uploads\/2025\/09\/Wholesale-Plastic-Handle-Flatware-Set-Ideal-For-Home-and-Restaurant1-100x100.webp 100w\" sizes=\"(max-width: 3072px) 100vw, 3072px\" \/><\/figure>\n<\/div>\n<\/div>","protected":false},"excerpt":{"rendered":"<p>Gro\u00dfhandelspackung mit Kunststoffgriffen f\u00fcr die K\u00fcche zu Hause und in Restaurants. Hergestellt aus langlebigem 18\/0-Edelstahl mit hochglanzpolierter Oberfl\u00e4che und ergonomischen Kunststoffgriffen f\u00fcr einen angenehmen Griff. Ideal f\u00fcr den Einzelhandel oder Gro\u00dfeinkauf. Kontaktieren Sie uns noch heute f\u00fcr Anfragen!<\/p>\n<h2 class=\"brxe-product-title\">Gro\u00dfhandel Kunststoff Griff Besteck Set Attribute:<\/h2>\n<table>\n<thead>\n<tr>\n<th style=\"text-align: center;\">Artikel<\/th>\n<th style=\"text-align: center;\">Gewicht<\/th>\n<th style=\"text-align: center;\">Gr\u00f6\u00dfe (L*B)<\/th>\n<th style=\"text-align: center;\">Dicke<\/th>\n<\/tr>\n<\/thead>\n<tbody>\n<tr>\n<td><strong>Messer<\/strong><\/td>\n<td>42 g<\/td>\n<td>23 \u00d7 2 cm<\/td>\n<td>1,8 mm<\/td>\n<\/tr>\n<tr>\n<td><strong>Gabel<\/strong><\/td>\n<td>39.5 g<\/td>\n<td>20,5 \u00d7 2,8 cm<\/td>\n<td>1,8 mm<\/td>\n<\/tr>\n<tr>\n<td><strong>L\u00f6ffel<\/strong><\/td>\n<td>43 g<\/td>\n<td>20,2 \u00d7 4 cm<\/td>\n<td>1,8 mm<\/td>\n<\/tr>\n<tr>\n<td><strong>Teel\u00f6ffel<\/strong><\/td>\n<td>27 g<\/td>\n<td>14,2 \u00d7 3 cm<\/td>\n<td>1,8 mm<\/td>\n<\/tr>\n<\/tbody>\n<\/table>\n<h2>Individuelles Kunststoffgriff-Besteck-Set\uff1a<\/h2>\n<ul data-start=\"145\" data-end=\"486\">\n<li data-start=\"145\" data-end=\"200\">\n<p data-start=\"147\" data-end=\"200\"><strong data-start=\"147\" data-end=\"158\">Beispiel:<\/strong> Kostenloses Muster vor Gro\u00dfbestellung verf\u00fcgbar<\/p>\n<\/li>\n<li data-start=\"201\" data-end=\"296\">\n<p data-start=\"203\" data-end=\"296\"><strong data-start=\"203\" data-end=\"224\">Verpackung &amp; Logo:<\/strong> Unterst\u00fctzung von kundenspezifischen Logos auf der Verpackung; Verwendung von PET-Box, PVC-Box oder Geschenkbox<\/p>\n<\/li>\n<li data-start=\"297\" data-end=\"395\">\n<p data-start=\"299\" data-end=\"395\"><strong data-start=\"299\" data-end=\"323\">Metall &amp; Handgriff Logo:<\/strong> Akzeptiert lasergraviertes oder graviertes Logo auf Metall; Logo auf Griff drucken<\/p>\n<\/li>\n<li data-start=\"396\" data-end=\"486\">\n<p data-start=\"398\" data-end=\"486\"><strong data-start=\"398\" data-end=\"417\">Ausf\u00fchrung &amp; Farbe:<\/strong> Vergoldung, \u00c4nderung der Grifffarbe und Skin-Touch-Malerei akzeptieren<\/p>\n<\/li>\n<\/ul>\n<p>&nbsp;<\/p>","protected":false},"featured_media":408,"comment_status":"closed","ping_status":"closed","template":"","meta":{"_acf_changed":false},"product_brand":[],"product_cat":[18,26],"product_tag":[],"class_list":{"0":"post-403","1":"product","2":"type-product","3":"status-publish","4":"has-post-thumbnail","6":"product_cat-cutlery-set-wholesale","7":"product_cat-plastic-handle-flatware-set","9":"first","10":"instock","11":"shipping-taxable","12":"product-type-simple"},"acf":[],"_links":{"self":[{"href":"https:\/\/www.huashunware.com\/de\/wp-json\/wp\/v2\/product\/403","targetHints":{"allow":["GET"]}}],"collection":[{"href":"https:\/\/www.huashunware.com\/de\/wp-json\/wp\/v2\/product"}],"about":[{"href":"https:\/\/www.huashunware.com\/de\/wp-json\/wp\/v2\/types\/product"}],"replies":[{"embeddable":true,"href":"https:\/\/www.huashunware.com\/de\/wp-json\/wp\/v2\/comments?post=403"}],"wp:featuredmedia":[{"embeddable":true,"href":"https:\/\/www.huashunware.com\/de\/wp-json\/wp\/v2\/media\/408"}],"wp:attachment":[{"href":"https:\/\/www.huashunware.com\/de\/wp-json\/wp\/v2\/media?parent=403"}],"wp:term":[{"taxonomy":"product_brand","embeddable":true,"href":"https:\/\/www.huashunware.com\/de\/wp-json\/wp\/v2\/product_brand?post=403"},{"taxonomy":"product_cat","embeddable":true,"href":"https:\/\/www.huashunware.com\/de\/wp-json\/wp\/v2\/product_cat?post=403"},{"taxonomy":"product_tag","embeddable":true,"href":"https:\/\/www.huashunware.com\/de\/wp-json\/wp\/v2\/product_tag?post=403"}],"curies":[{"name":"wp","href":"https:\/\/api.w.org\/{rel}","templated":true}]}}