{"id":411,"date":"2025-11-17T03:08:27","date_gmt":"2025-11-17T03:08:27","guid":{"rendered":"https:\/\/www.huashunware.com\/?post_type=product&#038;p=411"},"modified":"2026-02-03T07:37:31","modified_gmt":"2026-02-03T07:37:31","slug":"wholesale-wood-grain-flatware-custom-cutlery-set","status":"publish","type":"product","link":"https:\/\/www.huashunware.com\/de\/produkt\/wholesale-wood-grain-flatware-custom-cutlery-set\/","title":{"rendered":"Gro\u00dfhandel Holzmaserung Besteck benutzerdefinierte Besteck-Set"},"content":{"rendered":"<div class=\"wp-block-columns is-layout-flex wp-container-core-columns-is-layout-9d6595d7 wp-block-columns-is-layout-flex\">\n<div class=\"wp-block-column is-layout-flow wp-block-column-is-layout-flow\">\n<h2 class=\"wp-block-heading\">Holzmaserung Besteck Merkmale:<\/h2>\n\n\n\n<p><strong>Elegantes nat\u00fcrliches Holzmaserungsdesign<\/strong> Der raffinierte Griff mit Holzstruktur verleiht jedem Esstisch einen warmen, modernen Touch - perfekt f\u00fcr die \u00c4sthetik europ\u00e4ischer H\u00e4user und Restaurants.<\/p>\n\n\n\n<p><strong>Premium-Edelstahl 18\/0<\/strong> Das aus hochwertigem 18\/0-Stahl gefertigte Set ist rostbest\u00e4ndig, langlebig und erf\u00fcllt alle Anforderungen der <strong>Lebensmittelsicherheitsstandards der EU und der USA<\/strong>.<\/p>\n\n\n\n<p><strong>Professionelle Hochglanzoberfl\u00e4che<\/strong> Die K\u00f6pfe haben eine glatte, hochgl\u00e4nzende Spiegelpolitur mit <strong>abgerundete Kanten<\/strong> f\u00fcr ein sicheres und gehobenes Speiseerlebnis.<\/p>\n\n\n\n<p><strong>Einzigartige, einzelhandelsgerechte Verpackung<\/strong> Pr\u00e4sentiert in einem eindrucksvollen <strong>16-teilige Fensterbox<\/strong> (16 PIEZAS CUBIERTOS) mit einzigartigem Kuhdruck, ideal f\u00fcr die Auslage im Supermarkt und den Verkauf von Geschenken.<\/p>\n\n\n\n<p><strong>Ergonomischer und rutschfester Griff<\/strong> Die schlanken Griffe in Holzoptik sind leicht und f\u00fcr einen bequemen, sicheren Griff bei l\u00e4ngerem t\u00e4glichen oder kommerziellen Gebrauch konzipiert.<\/p>\n\n\n\n<p><strong>Vollst\u00e4ndige OEM\/ODM-Anpassung<\/strong> <strong>Huashun<\/strong> bietet flexible L\u00f6sungen f\u00fcr Gro\u00dfpackungen, einschlie\u00dflich kundenspezifischer Logos, Griffstrukturen und ma\u00dfgeschneiderter Verpackungen, um Ihre Marke hervorzuheben.<\/p>\n<\/div>\n\n\n\n<div class=\"wp-block-column is-layout-flow wp-block-column-is-layout-flow\">\n<figure class=\"wp-block-image size-full\"><img decoding=\"async\" width=\"3072\" height=\"3072\" src=\"https:\/\/www.huashunware.com\/wp-content\/uploads\/2025\/09\/Wholesale-Wood-Grain-Flatware-Custom-Cutlery-Set3.webp\" alt=\"Gro\u00dfhandel Holzmaserung Besteck benutzerdefinierte Cutlery Set3\" class=\"wp-image-414\" srcset=\"https:\/\/www.huashunware.com\/wp-content\/uploads\/2025\/09\/Wholesale-Wood-Grain-Flatware-Custom-Cutlery-Set3.webp 3072w, https:\/\/www.huashunware.com\/wp-content\/uploads\/2025\/09\/Wholesale-Wood-Grain-Flatware-Custom-Cutlery-Set3-300x300.webp 300w, https:\/\/www.huashunware.com\/wp-content\/uploads\/2025\/09\/Wholesale-Wood-Grain-Flatware-Custom-Cutlery-Set3-150x150.webp 150w, https:\/\/www.huashunware.com\/wp-content\/uploads\/2025\/09\/Wholesale-Wood-Grain-Flatware-Custom-Cutlery-Set3-768x768.webp 768w, https:\/\/www.huashunware.com\/wp-content\/uploads\/2025\/09\/Wholesale-Wood-Grain-Flatware-Custom-Cutlery-Set3-1200x1200.webp 1200w, https:\/\/www.huashunware.com\/wp-content\/uploads\/2025\/09\/Wholesale-Wood-Grain-Flatware-Custom-Cutlery-Set3-600x600.webp 600w, https:\/\/www.huashunware.com\/wp-content\/uploads\/2025\/09\/Wholesale-Wood-Grain-Flatware-Custom-Cutlery-Set3-100x100.webp 100w\" sizes=\"(max-width: 3072px) 100vw, 3072px\" \/><\/figure>\n\n\n\n<figure class=\"wp-block-image size-full\"><img decoding=\"async\" width=\"3072\" height=\"3072\" src=\"https:\/\/www.huashunware.com\/wp-content\/uploads\/2025\/11\/Wholesale-Wood-Grain-Flatware-Custom-Cutlery-Set3.webp\" alt=\"Gro\u00dfhandel Holzmaserung Besteck benutzerdefinierte Cutlery Set3\" class=\"wp-image-1186\" srcset=\"https:\/\/www.huashunware.com\/wp-content\/uploads\/2025\/11\/Wholesale-Wood-Grain-Flatware-Custom-Cutlery-Set3.webp 3072w, https:\/\/www.huashunware.com\/wp-content\/uploads\/2025\/11\/Wholesale-Wood-Grain-Flatware-Custom-Cutlery-Set3-300x300.webp 300w, https:\/\/www.huashunware.com\/wp-content\/uploads\/2025\/11\/Wholesale-Wood-Grain-Flatware-Custom-Cutlery-Set3-150x150.webp 150w, https:\/\/www.huashunware.com\/wp-content\/uploads\/2025\/11\/Wholesale-Wood-Grain-Flatware-Custom-Cutlery-Set3-768x768.webp 768w, https:\/\/www.huashunware.com\/wp-content\/uploads\/2025\/11\/Wholesale-Wood-Grain-Flatware-Custom-Cutlery-Set3-12x12.webp 12w, https:\/\/www.huashunware.com\/wp-content\/uploads\/2025\/11\/Wholesale-Wood-Grain-Flatware-Custom-Cutlery-Set3-1200x1200.webp 1200w, https:\/\/www.huashunware.com\/wp-content\/uploads\/2025\/11\/Wholesale-Wood-Grain-Flatware-Custom-Cutlery-Set3-600x600.webp 600w, https:\/\/www.huashunware.com\/wp-content\/uploads\/2025\/11\/Wholesale-Wood-Grain-Flatware-Custom-Cutlery-Set3-100x100.webp 100w\" sizes=\"(max-width: 3072px) 100vw, 3072px\" \/><\/figure>\n<\/div>\n<\/div>","protected":false},"excerpt":{"rendered":"<p>Gro\u00dfhandel Holzmaserung Besteck kombiniert langlebig 18\/0 Edelstahl mit eleganten Holzmaserung Griffe f\u00fcr einen stilvollen, komfortablen Griff. Perfekt f\u00fcr Zuhause, Restaurants oder Catering. Kontaktieren Sie uns heute f\u00fcr Anfragen!<\/p>\n<h2 class=\"brxe-product-title\">Gro\u00dfhandel Holzmaserung Besteck Attribute:<\/h2>\n<table>\n<thead>\n<tr>\n<th style=\"text-align: center;\">Artikel<\/th>\n<th style=\"text-align: center;\">Gewicht<\/th>\n<th style=\"text-align: center;\">Gr\u00f6\u00dfe (L*B)<\/th>\n<th style=\"text-align: center;\">Dicke<\/th>\n<\/tr>\n<\/thead>\n<tbody>\n<tr>\n<td>Messer<\/td>\n<td>36 g<\/td>\n<td>22,5 \u00d7 1,7 cm<\/td>\n<td>2,2 mm<\/td>\n<\/tr>\n<tr>\n<td>Gabel<\/td>\n<td>45.5 g<\/td>\n<td>19,5 \u00d7 2,5 cm<\/td>\n<td>2,2 mm<\/td>\n<\/tr>\n<tr>\n<td>L\u00f6ffel<\/td>\n<td>52 g<\/td>\n<td>19,5 \u00d7 4,2 cm<\/td>\n<td>2,2 mm<\/td>\n<\/tr>\n<tr>\n<td>Teel\u00f6ffel<\/td>\n<td>19 g<\/td>\n<td>14 \u00d7 3 cm<\/td>\n<td>2,2 mm<\/td>\n<\/tr>\n<tr>\n<td>Obstgabel<\/td>\n<td>29 g<\/td>\n<td>14 \u00d7 2 cm<\/td>\n<td>2,2 mm<\/td>\n<\/tr>\n<\/tbody>\n<\/table>\n<h2>Individuelles Holzmaserungs-Besteck-Set\uff1a<\/h2>\n<ul>\n<li data-start=\"82\" data-end=\"137\">\n<p data-start=\"84\" data-end=\"137\"><strong data-start=\"84\" data-end=\"95\">Beispiel:<\/strong> Kostenloses Muster vor Gro\u00dfbestellung verf\u00fcgbar<\/p>\n<\/li>\n<li data-start=\"138\" data-end=\"233\">\n<p data-start=\"140\" data-end=\"233\"><strong data-start=\"140\" data-end=\"161\">Verpackung &amp; Logo:<\/strong> Unterst\u00fctzung von kundenspezifischen Logos auf der Verpackung; Verwendung von PET-Box, PVC-Box oder Geschenkbox<\/p>\n<\/li>\n<li data-start=\"234\" data-end=\"332\">\n<p data-start=\"236\" data-end=\"332\"><strong data-start=\"236\" data-end=\"260\">Metall &amp; Handgriff Logo:<\/strong> Akzeptiert lasergraviertes oder graviertes Logo auf Metall; Logo auf Griff drucken<\/p>\n<\/li>\n<li data-start=\"333\" data-end=\"401\">\n<p data-start=\"335\" data-end=\"401\"><strong data-start=\"335\" data-end=\"354\">Ausf\u00fchrung &amp; Farbe:<\/strong> Vergoldung und Farbwechsel der Griffe akzeptieren<\/p>\n<\/li>\n<\/ul>","protected":false},"featured_media":1185,"comment_status":"closed","ping_status":"closed","template":"","meta":{"_acf_changed":false},"product_brand":[],"product_cat":[18,26],"product_tag":[],"class_list":{"0":"post-411","1":"product","2":"type-product","3":"status-publish","4":"has-post-thumbnail","6":"product_cat-cutlery-set-wholesale","7":"product_cat-plastic-handle-flatware-set","9":"first","10":"instock","11":"shipping-taxable","12":"product-type-simple"},"acf":[],"_links":{"self":[{"href":"https:\/\/www.huashunware.com\/de\/wp-json\/wp\/v2\/product\/411","targetHints":{"allow":["GET"]}}],"collection":[{"href":"https:\/\/www.huashunware.com\/de\/wp-json\/wp\/v2\/product"}],"about":[{"href":"https:\/\/www.huashunware.com\/de\/wp-json\/wp\/v2\/types\/product"}],"replies":[{"embeddable":true,"href":"https:\/\/www.huashunware.com\/de\/wp-json\/wp\/v2\/comments?post=411"}],"wp:featuredmedia":[{"embeddable":true,"href":"https:\/\/www.huashunware.com\/de\/wp-json\/wp\/v2\/media\/1185"}],"wp:attachment":[{"href":"https:\/\/www.huashunware.com\/de\/wp-json\/wp\/v2\/media?parent=411"}],"wp:term":[{"taxonomy":"product_brand","embeddable":true,"href":"https:\/\/www.huashunware.com\/de\/wp-json\/wp\/v2\/product_brand?post=411"},{"taxonomy":"product_cat","embeddable":true,"href":"https:\/\/www.huashunware.com\/de\/wp-json\/wp\/v2\/product_cat?post=411"},{"taxonomy":"product_tag","embeddable":true,"href":"https:\/\/www.huashunware.com\/de\/wp-json\/wp\/v2\/product_tag?post=411"}],"curies":[{"name":"wp","href":"https:\/\/api.w.org\/{rel}","templated":true}]}}