{"id":421,"date":"2025-09-17T08:23:29","date_gmt":"2025-09-17T08:23:29","guid":{"rendered":"https:\/\/www.huashunware.com\/?post_type=product&#038;p=421"},"modified":"2026-02-03T03:15:43","modified_gmt":"2026-02-03T03:15:43","slug":"bulk-flatware-with-plastic-handle-stainless-steel-flatware-for-restaurants","status":"publish","type":"product","link":"https:\/\/www.huashunware.com\/de\/produkt\/bulk-flatware-with-plastic-handle-stainless-steel-flatware-for-restaurants\/","title":{"rendered":"Bulk-Besteck mit Kunststoffgriff Edelstahl-Besteck f\u00fcr Restaurants"},"content":{"rendered":"<div class=\"wp-block-columns is-layout-flex wp-container-core-columns-is-layout-9d6595d7 wp-block-columns-is-layout-flex\">\n<div class=\"wp-block-column is-layout-flow wp-block-column-is-layout-flow\">\n<h2 class=\"wp-block-heading\">Bulk-Besteck mit Kunststoffgriff Merkmale:<\/h2>\n\n\n\n<p><strong>Premium-Edelstahl 18\/0<\/strong> Jedes Teil ist aus lebensmittelechtem 18\/0-Stahl gefertigt, was Rostbest\u00e4ndigkeit und die Einhaltung aller Vorschriften gew\u00e4hrleistet. <strong>EU- und USA-Sicherheitsstandards<\/strong>.<\/p>\n\n\n\n<p><strong>Hochglanzverspiegelte Oberfl\u00e4che<\/strong> Die Klingen und Zinken haben eine glatte, reflektierende Spiegelpolitur mit <strong>abgerundete Kanten<\/strong> f\u00fcr sicheres und gehobenes Essen.<\/p>\n\n\n\n<p><strong>Ergonomische, leichte Griffe<\/strong> Die robusten Kunststoffgriffe sind f\u00fcr einen sicheren Halt konzipiert und <strong>hitzebest\u00e4ndig<\/strong> und eignet sich perfekt f\u00fcr den gewerblichen oder privaten Gebrauch mit hohem Volumen.<\/p>\n\n\n\n<p><strong>Regalfertige Einzelhandelsverpackungen<\/strong> Kommt in einem <strong>16-teilige Fensterbox<\/strong> (16 PIEZAS) mit Tragegriff, konzipiert f\u00fcr die sofortige Auslage in Superm\u00e4rkten und Einzelhandelsgesch\u00e4ften.<\/p>\n\n\n\n<p><strong>100% Sp\u00fclmaschinenfest<\/strong> Unser Besteck ist so konstruiert, dass es einer intensiven Reinigung standh\u00e4lt und seinen Glanz und die Unversehrtheit der Griffe auch nach der Reinigung beibeh\u00e4lt. <strong>Tausende von Maschinenw\u00e4schen<\/strong>.<\/p>\n\n\n\n<p><strong>Kosteneffiziente Bulk-L\u00f6sungen<\/strong> Als direkter Hersteller, <strong>Huashun<\/strong> bietet wettbewerbsf\u00e4hige Preise und niedrige MOQs f\u00fcr individuelle Farben, Logos und Verpackungen.<\/p>\n<\/div>\n\n\n\n<div class=\"wp-block-column is-layout-flow wp-block-column-is-layout-flow\">\n<figure class=\"wp-block-image size-full\"><img decoding=\"async\" width=\"3686\" height=\"3686\" src=\"https:\/\/www.huashunware.com\/wp-content\/uploads\/2025\/09\/Bulk-Flatware-with-Plastic-Handle-1.webp\" alt=\"Bulk-Besteck mit Kunststoffgriff\" class=\"wp-image-1258\" srcset=\"https:\/\/www.huashunware.com\/wp-content\/uploads\/2025\/09\/Bulk-Flatware-with-Plastic-Handle-1.webp 3686w, https:\/\/www.huashunware.com\/wp-content\/uploads\/2025\/09\/Bulk-Flatware-with-Plastic-Handle-1-300x300.webp 300w, https:\/\/www.huashunware.com\/wp-content\/uploads\/2025\/09\/Bulk-Flatware-with-Plastic-Handle-1-150x150.webp 150w, https:\/\/www.huashunware.com\/wp-content\/uploads\/2025\/09\/Bulk-Flatware-with-Plastic-Handle-1-768x768.webp 768w, https:\/\/www.huashunware.com\/wp-content\/uploads\/2025\/09\/Bulk-Flatware-with-Plastic-Handle-1-12x12.webp 12w, https:\/\/www.huashunware.com\/wp-content\/uploads\/2025\/09\/Bulk-Flatware-with-Plastic-Handle-1-1200x1200.webp 1200w, https:\/\/www.huashunware.com\/wp-content\/uploads\/2025\/09\/Bulk-Flatware-with-Plastic-Handle-1-600x600.webp 600w, https:\/\/www.huashunware.com\/wp-content\/uploads\/2025\/09\/Bulk-Flatware-with-Plastic-Handle-1-100x100.webp 100w\" sizes=\"(max-width: 3686px) 100vw, 3686px\" \/><\/figure>\n\n\n\n<figure class=\"wp-block-image size-full\"><img decoding=\"async\" width=\"800\" height=\"800\" src=\"https:\/\/www.huashunware.com\/wp-content\/uploads\/2025\/09\/Bulk-Flatware-with-Plastic-Handle-Stainless-Steel-Flatware-for-Restaurants1.webp\" alt=\"Bulk-Besteck mit Kunststoffgriff Edelstahl-Besteck f\u00fcr Restaurants1\" class=\"wp-image-422\" srcset=\"https:\/\/www.huashunware.com\/wp-content\/uploads\/2025\/09\/Bulk-Flatware-with-Plastic-Handle-Stainless-Steel-Flatware-for-Restaurants1.webp 800w, https:\/\/www.huashunware.com\/wp-content\/uploads\/2025\/09\/Bulk-Flatware-with-Plastic-Handle-Stainless-Steel-Flatware-for-Restaurants1-300x300.webp 300w, https:\/\/www.huashunware.com\/wp-content\/uploads\/2025\/09\/Bulk-Flatware-with-Plastic-Handle-Stainless-Steel-Flatware-for-Restaurants1-150x150.webp 150w, https:\/\/www.huashunware.com\/wp-content\/uploads\/2025\/09\/Bulk-Flatware-with-Plastic-Handle-Stainless-Steel-Flatware-for-Restaurants1-768x768.webp 768w, https:\/\/www.huashunware.com\/wp-content\/uploads\/2025\/09\/Bulk-Flatware-with-Plastic-Handle-Stainless-Steel-Flatware-for-Restaurants1-600x600.webp 600w, https:\/\/www.huashunware.com\/wp-content\/uploads\/2025\/09\/Bulk-Flatware-with-Plastic-Handle-Stainless-Steel-Flatware-for-Restaurants1-100x100.webp 100w\" sizes=\"(max-width: 800px) 100vw, 800px\" \/><\/figure>\n<\/div>\n<\/div>","protected":false},"excerpt":{"rendered":"<p>Das Besteck mit Kunststoffgriff ist aus langlebigem 18\/0-Edelstahl gefertigt und liegt angenehm in der Hand. Ideal f\u00fcr Restaurants, Cateringservices und Gro\u00dfabnehmer, die nach zuverl\u00e4ssigem, kosteng\u00fcnstigem Geschirr suchen.<\/p>\n<h2 class=\"brxe-product-title\">Bulk-Besteck mit Kunststoffgriff Attribute:<\/h2>\n<table>\n<thead>\n<tr>\n<th style=\"text-align: center;\">Artikel<\/th>\n<th style=\"text-align: center;\">Gewicht<\/th>\n<th style=\"text-align: center;\">Gr\u00f6\u00dfe (L*B)<\/th>\n<\/tr>\n<\/thead>\n<tbody>\n<tr>\n<td>Messer<\/td>\n<td>42.7 g<\/td>\n<td>23 \u00d7 1,8 cm<\/td>\n<\/tr>\n<tr>\n<td>Gabel<\/td>\n<td>35.7 g<\/td>\n<td>19,5 \u00d7 2,4 cm<\/td>\n<\/tr>\n<tr>\n<td>L\u00f6ffel<\/td>\n<td>38 g<\/td>\n<td>19,5 \u00d7 4 cm<\/td>\n<\/tr>\n<tr>\n<td>Teel\u00f6ffel<\/td>\n<td>22 g<\/td>\n<td>14,5 \u00d7 3 cm<\/td>\n<\/tr>\n<\/tbody>\n<\/table>\n<h2>Individuelles Besteck mit Kunststoffgriff\uff1a<\/h2>\n<ul data-start=\"63\" data-end=\"410\">\n<li data-start=\"63\" data-end=\"118\">\n<p data-start=\"65\" data-end=\"118\"><strong data-start=\"65\" data-end=\"76\">Beispiel:<\/strong> Kostenloses Muster vor Gro\u00dfbestellung verf\u00fcgbar<\/p>\n<\/li>\n<li data-start=\"119\" data-end=\"220\">\n<p data-start=\"121\" data-end=\"220\"><strong data-start=\"121\" data-end=\"142\">Verpackung &amp; Logo:<\/strong> Unterst\u00fctzung von kundenspezifischen Logos auf der Verpackung; PET-Box, PVC-Box oder Geschenkbox verf\u00fcgbar<\/p>\n<\/li>\n<li data-start=\"221\" data-end=\"319\">\n<p data-start=\"223\" data-end=\"319\"><strong data-start=\"223\" data-end=\"247\">Metall &amp; Handgriff Logo:<\/strong> Akzeptiert lasergraviertes oder graviertes Logo auf Metall; Logo auf Griff drucken<\/p>\n<\/li>\n<li data-start=\"320\" data-end=\"410\">\n<p data-start=\"322\" data-end=\"410\"><strong data-start=\"322\" data-end=\"341\">Ausf\u00fchrung &amp; Farbe:<\/strong> Vergoldung, \u00c4nderung der Grifffarbe und Skin-Touch-Malerei akzeptieren<\/p>\n<\/li>\n<\/ul>\n<p data-start=\"417\" data-end=\"504\" data-is-last-node=\"\" data-is-only-node=\"\">\u00a0<\/p>","protected":false},"featured_media":422,"comment_status":"closed","ping_status":"closed","template":"","meta":{"_acf_changed":true},"product_brand":[],"product_cat":[18,26],"product_tag":[],"class_list":{"0":"post-421","1":"product","2":"type-product","3":"status-publish","4":"has-post-thumbnail","6":"product_cat-cutlery-set-wholesale","7":"product_cat-plastic-handle-flatware-set","9":"first","10":"instock","11":"shipping-taxable","12":"product-type-simple"},"acf":[],"_links":{"self":[{"href":"https:\/\/www.huashunware.com\/de\/wp-json\/wp\/v2\/product\/421","targetHints":{"allow":["GET"]}}],"collection":[{"href":"https:\/\/www.huashunware.com\/de\/wp-json\/wp\/v2\/product"}],"about":[{"href":"https:\/\/www.huashunware.com\/de\/wp-json\/wp\/v2\/types\/product"}],"replies":[{"embeddable":true,"href":"https:\/\/www.huashunware.com\/de\/wp-json\/wp\/v2\/comments?post=421"}],"wp:featuredmedia":[{"embeddable":true,"href":"https:\/\/www.huashunware.com\/de\/wp-json\/wp\/v2\/media\/422"}],"wp:attachment":[{"href":"https:\/\/www.huashunware.com\/de\/wp-json\/wp\/v2\/media?parent=421"}],"wp:term":[{"taxonomy":"product_brand","embeddable":true,"href":"https:\/\/www.huashunware.com\/de\/wp-json\/wp\/v2\/product_brand?post=421"},{"taxonomy":"product_cat","embeddable":true,"href":"https:\/\/www.huashunware.com\/de\/wp-json\/wp\/v2\/product_cat?post=421"},{"taxonomy":"product_tag","embeddable":true,"href":"https:\/\/www.huashunware.com\/de\/wp-json\/wp\/v2\/product_tag?post=421"}],"curies":[{"name":"wp","href":"https:\/\/api.w.org\/{rel}","templated":true}]}}