{"id":426,"date":"2025-09-17T09:27:05","date_gmt":"2025-09-17T09:27:05","guid":{"rendered":"https:\/\/www.huashunware.com\/?post_type=product&#038;p=426"},"modified":"2025-09-17T09:57:26","modified_gmt":"2025-09-17T09:57:26","slug":"wholesale-kid-plate-set-cute-elephant-shaped-dinnerware-in-bulk","status":"publish","type":"product","link":"https:\/\/www.huashunware.com\/de\/produkt\/wholesale-kid-plate-set-cute-elephant-shaped-dinnerware-in-bulk\/","title":{"rendered":"Gro\u00dfhandel Kind Teller Set, niedlich Elefant-f\u00f6rmigen Geschirr in Bulk"},"content":{"rendered":"<div class=\"wp-block-columns is-layout-flex wp-container-core-columns-is-layout-9d6595d7 wp-block-columns-is-layout-flex\">\n<div class=\"wp-block-column is-layout-flow wp-block-column-is-layout-flow\">\n<h2 class=\"wp-block-heading\">Kinderteller-Set Merkmale:<\/h2>\n\n\n\n<p><strong>Sicheres lebensmittelechtes Material: <\/strong>US-Standard-Silikon in Lebensmittelqualit\u00e4t, v\u00f6llig ungiftig und BPA-frei. Bietet Eltern Sicherheit und ein sicheres Esserlebnis f\u00fcr Kleinkinder und S\u00e4uglinge.<\/p>\n\n\n\n<p><strong>Langlebiger rostfreier Stahl: <\/strong>Geformt aus hochglanzpoliertem Edelstahl mit glatten, abgerundeten Kanten. Schonend f\u00fcr Kinderm\u00fcnder, rostfrei und f\u00fcr wiederholten, h\u00e4ufigen Gebrauch konzipiert.<\/p>\n\n\n\n<p><strong>Starke Saugbasis: <\/strong>Verf\u00fcgt \u00fcber einen leistungsstarken Saugfu\u00df, der auch auf rutschigen Oberfl\u00e4chen sicher h\u00e4lt. Verhindert wirksam das Ausrutschen, Umkippen und Versch\u00fctten von Fl\u00fcssigkeiten und hinterl\u00e4sst den Tisch makellos.<\/p>\n\n\n\n<p><strong>Coole Elefantenform:<\/strong> Das lustige Elefanten-Design ist neuartig und bringt Faszination in die Mahlzeit. F\u00f6rdert das selbstst\u00e4ndige Essen und vertreibt ungewohntes Essverhalten.<\/p>\n\n\n\n<p><strong>Geeignet f\u00fcr Gro\u00dfbestellungen:<\/strong> Ideal f\u00fcr Kindertagesst\u00e4tten, Restaurants und Gesch\u00e4fte. Bietet eine erschwingliche L\u00f6sung f\u00fcr Gro\u00dfbestellungen, ohne die Qualit\u00e4t zu beeintr\u00e4chtigen.<\/p>\n<\/div>\n\n\n\n<div class=\"wp-block-column is-layout-flow wp-block-column-is-layout-flow\">\n<figure class=\"wp-block-image size-full\"><img decoding=\"async\" width=\"3072\" height=\"3072\" src=\"https:\/\/www.huashunware.com\/wp-content\/uploads\/2025\/09\/Wholesale-Kid-Plate-Set-Cute-Elephant-Shaped-Dinnerware-in-Bulk1.webp\" alt=\"Gro\u00dfhandel Kind Teller Set, niedlich Elefant-f\u00f6rmigen Geschirr in Bulk1\" class=\"wp-image-427\" srcset=\"https:\/\/www.huashunware.com\/wp-content\/uploads\/2025\/09\/Wholesale-Kid-Plate-Set-Cute-Elephant-Shaped-Dinnerware-in-Bulk1.webp 3072w, https:\/\/www.huashunware.com\/wp-content\/uploads\/2025\/09\/Wholesale-Kid-Plate-Set-Cute-Elephant-Shaped-Dinnerware-in-Bulk1-300x300.webp 300w, https:\/\/www.huashunware.com\/wp-content\/uploads\/2025\/09\/Wholesale-Kid-Plate-Set-Cute-Elephant-Shaped-Dinnerware-in-Bulk1-150x150.webp 150w, https:\/\/www.huashunware.com\/wp-content\/uploads\/2025\/09\/Wholesale-Kid-Plate-Set-Cute-Elephant-Shaped-Dinnerware-in-Bulk1-768x768.webp 768w, https:\/\/www.huashunware.com\/wp-content\/uploads\/2025\/09\/Wholesale-Kid-Plate-Set-Cute-Elephant-Shaped-Dinnerware-in-Bulk1-1200x1200.webp 1200w, https:\/\/www.huashunware.com\/wp-content\/uploads\/2025\/09\/Wholesale-Kid-Plate-Set-Cute-Elephant-Shaped-Dinnerware-in-Bulk1-600x600.webp 600w, https:\/\/www.huashunware.com\/wp-content\/uploads\/2025\/09\/Wholesale-Kid-Plate-Set-Cute-Elephant-Shaped-Dinnerware-in-Bulk1-100x100.webp 100w\" sizes=\"(max-width: 3072px) 100vw, 3072px\" \/><\/figure>\n<\/div>\n<\/div>","protected":false},"excerpt":{"rendered":"<p>Gro\u00dfhandel Kind Teller-Set verf\u00fcgt \u00fcber einen Spa\u00df Elefanten-f\u00f6rmigen Design aus US-Standard-Lebensmittel-Silikon, ungiftig und BPA-frei. Saugfu\u00df h\u00e4lt den Teller sicher an Ort und Stelle, perfekt f\u00fcr Kleinkinder, Kindertagesst\u00e4tten und Gro\u00dfauftr\u00e4ge.<\/p>\n<h2 class=\"brxe-product-title\">Gro\u00dfhandel Kid Teller Set Attribute:<\/h2>\n<table>\n<thead>\n<tr>\n<th>Artikel<\/th>\n<th>Gr\u00f6\u00dfe (L\u00d7B\u00d7H)<\/th>\n<th>Gewicht<\/th>\n<\/tr>\n<\/thead>\n<tbody>\n<tr>\n<td>Box<\/td>\n<td>255 \u00d7 194 \u00d7 35 mm<\/td>\n<td>373 g<\/td>\n<\/tr>\n<tr>\n<td>Platte<\/td>\n<td>225 \u00d7 155 \u00d7 33 mm<\/td>\n<td>205.8 g<\/td>\n<\/tr>\n<tr>\n<td>Gabel<\/td>\n<td>100 \u00d7 55 \u00d7 22 mm<\/td>\n<td>39 g<\/td>\n<\/tr>\n<tr>\n<td>L\u00f6ffel<\/td>\n<td>100 \u00d7 55 \u00d7 22 mm<\/td>\n<td>43 g<\/td>\n<\/tr>\n<\/tbody>\n<\/table>\n<p><strong data-start=\"296\" data-end=\"304\">MOQ:<\/strong> 96 St\u00fcck<\/p>\n<h2 class=\"brxe-product-title\">Individuelles Kinderteller-Set :<\/h2>\n<ul>\n<li data-start=\"76\" data-end=\"143\">\n<p data-start=\"78\" data-end=\"143\"><strong data-start=\"78\" data-end=\"89\">Beispiel:<\/strong> Kostenloses Muster zum Testen vor der Gro\u00dfbestellung verf\u00fcgbar<\/p>\n<\/li>\n<li data-start=\"144\" data-end=\"221\">\n<p data-start=\"146\" data-end=\"221\"><strong data-start=\"146\" data-end=\"173\">Kleine Auftr\u00e4ge mit Logo:<\/strong> Akzeptieren Sie kleine Mengen Bestellungen mit benutzerdefinierten Logo<\/p>\n<\/li>\n<li data-start=\"222\" data-end=\"288\">\n<p data-start=\"224\" data-end=\"288\"><strong data-start=\"224\" data-end=\"242\">Schnelle Lieferung:<\/strong> Auf Lager befindliche Artikel k\u00f6nnen innerhalb von 7 Tagen versandt werden.<\/p>\n<\/li>\n<li data-start=\"289\" data-end=\"401\">\n<p data-start=\"291\" data-end=\"401\"><strong data-start=\"291\" data-end=\"326\">Verpackung und Logoanpassung:<\/strong> Unterst\u00fctzung von kundenspezifischen Logos auf der Verpackung; w\u00e4hlen Sie PET-Box, PVC-Box oder Geschenkbox<\/p>\n<\/li>\n<\/ul>","protected":false},"featured_media":428,"comment_status":"closed","ping_status":"closed","template":"","meta":{"_acf_changed":false},"product_brand":[],"product_cat":[19],"product_tag":[],"class_list":{"0":"post-426","1":"product","2":"type-product","3":"status-publish","4":"has-post-thumbnail","6":"product_cat-wholesale-kids-dinnerware","8":"first","9":"instock","10":"shipping-taxable","11":"product-type-simple"},"acf":[],"_links":{"self":[{"href":"https:\/\/www.huashunware.com\/de\/wp-json\/wp\/v2\/product\/426","targetHints":{"allow":["GET"]}}],"collection":[{"href":"https:\/\/www.huashunware.com\/de\/wp-json\/wp\/v2\/product"}],"about":[{"href":"https:\/\/www.huashunware.com\/de\/wp-json\/wp\/v2\/types\/product"}],"replies":[{"embeddable":true,"href":"https:\/\/www.huashunware.com\/de\/wp-json\/wp\/v2\/comments?post=426"}],"wp:featuredmedia":[{"embeddable":true,"href":"https:\/\/www.huashunware.com\/de\/wp-json\/wp\/v2\/media\/428"}],"wp:attachment":[{"href":"https:\/\/www.huashunware.com\/de\/wp-json\/wp\/v2\/media?parent=426"}],"wp:term":[{"taxonomy":"product_brand","embeddable":true,"href":"https:\/\/www.huashunware.com\/de\/wp-json\/wp\/v2\/product_brand?post=426"},{"taxonomy":"product_cat","embeddable":true,"href":"https:\/\/www.huashunware.com\/de\/wp-json\/wp\/v2\/product_cat?post=426"},{"taxonomy":"product_tag","embeddable":true,"href":"https:\/\/www.huashunware.com\/de\/wp-json\/wp\/v2\/product_tag?post=426"}],"curies":[{"name":"wp","href":"https:\/\/api.w.org\/{rel}","templated":true}]}}