{"id":433,"date":"2025-09-17T09:58:15","date_gmt":"2025-09-17T09:58:15","guid":{"rendered":"https:\/\/www.huashunware.com\/?post_type=product&#038;p=433"},"modified":"2025-09-17T10:10:43","modified_gmt":"2025-09-17T10:10:43","slug":"bulk-kids-dinnerware-sets-dolphin-design-for-toddlers-and-kids","status":"publish","type":"product","link":"https:\/\/www.huashunware.com\/de\/produkt\/bulk-kids-dinnerware-sets-dolphin-design-for-toddlers-and-kids\/","title":{"rendered":"Bulk Kids Dinnerware Sets, Delphin Design f\u00fcr Kleinkinder und Kinder"},"content":{"rendered":"<div class=\"wp-block-columns is-layout-flex wp-container-core-columns-is-layout-9d6595d7 wp-block-columns-is-layout-flex\">\n<div class=\"wp-block-column is-layout-flow wp-block-column-is-layout-flow\">\n<h2 class=\"wp-block-heading\">Kindergeschirr-Sets Merkmale:<\/h2>\n\n\n\n<p><strong>Sicheres lebensmittelechtes Material:<\/strong> Hergestellt aus lebensmittelechtem Silikon nach US-Standard, BPA-frei und ungiftig. Bietet ein sicheres Esserlebnis f\u00fcr Kleinkinder und junge Kinder.<\/p>\n\n\n\n<p><strong>Langlebiger rostfreier Stahl:<\/strong> Hochglanzpolierter Edelstahl mit glatten, abgerundeten Kanten. Schonend f\u00fcr Kinderm\u00fcnder und widerstandsf\u00e4hig gegen Rost und t\u00e4gliche Abnutzung.<\/p>\n\n\n\n<p><strong>Starke Saugbasis: <\/strong>Das innovative Saugdesign haftet fest an glatten Oberfl\u00e4chen. Verhindert, dass der Napf w\u00e4hrend der Mahlzeit verrutscht, umkippt und versch\u00fcttet wird.<\/p>\n\n\n\n<p><strong>Lustiges Delphin-Design: <\/strong>Die ansprechenden Teller und Utensilien in Delfinform wecken die Aufmerksamkeit der Kinder. Macht die Mahlzeiten angenehm und interaktiv und f\u00f6rdert das selbstst\u00e4ndige Essen.<\/p>\n\n\n\n<p><strong>Ideal f\u00fcr Gro\u00dfbestellungen:<\/strong> Ideal f\u00fcr Restaurants, Kindertagesst\u00e4tten und Gesch\u00e4fte. Erschwingliche Wahl f\u00fcr Gro\u00dfbestellungen ohne Kompromisse bei der Qualit\u00e4t.<\/p>\n<\/div>\n\n\n\n<div class=\"wp-block-column is-layout-flow wp-block-column-is-layout-flow\">\n<figure class=\"wp-block-image size-full\"><img decoding=\"async\" width=\"3072\" height=\"3072\" src=\"https:\/\/www.huashunware.com\/wp-content\/uploads\/2025\/09\/Bulk-Kids-Dinnerware-Sets-Dolphin-Design-for-Toddlers-and-Kids1.webp\" alt=\"Bulk Kids Essgeschirr-Sets, Delphin-Design f\u00fcr Kleinkinder und Kinder1\" class=\"wp-image-434\" srcset=\"https:\/\/www.huashunware.com\/wp-content\/uploads\/2025\/09\/Bulk-Kids-Dinnerware-Sets-Dolphin-Design-for-Toddlers-and-Kids1.webp 3072w, https:\/\/www.huashunware.com\/wp-content\/uploads\/2025\/09\/Bulk-Kids-Dinnerware-Sets-Dolphin-Design-for-Toddlers-and-Kids1-300x300.webp 300w, https:\/\/www.huashunware.com\/wp-content\/uploads\/2025\/09\/Bulk-Kids-Dinnerware-Sets-Dolphin-Design-for-Toddlers-and-Kids1-150x150.webp 150w, https:\/\/www.huashunware.com\/wp-content\/uploads\/2025\/09\/Bulk-Kids-Dinnerware-Sets-Dolphin-Design-for-Toddlers-and-Kids1-768x768.webp 768w, https:\/\/www.huashunware.com\/wp-content\/uploads\/2025\/09\/Bulk-Kids-Dinnerware-Sets-Dolphin-Design-for-Toddlers-and-Kids1-1200x1200.webp 1200w, https:\/\/www.huashunware.com\/wp-content\/uploads\/2025\/09\/Bulk-Kids-Dinnerware-Sets-Dolphin-Design-for-Toddlers-and-Kids1-600x600.webp 600w, https:\/\/www.huashunware.com\/wp-content\/uploads\/2025\/09\/Bulk-Kids-Dinnerware-Sets-Dolphin-Design-for-Toddlers-and-Kids1-100x100.webp 100w\" sizes=\"(max-width: 3072px) 100vw, 3072px\" \/><\/figure>\n<\/div>\n<\/div>","protected":false},"excerpt":{"rendered":"<p data-start=\"68\" data-end=\"340\">Die Kindergeschirr-Sets sind aus lebensmittelechtem, ungiftigem und BPA-freiem US-Standard-Silikon hergestellt und haben die Form eines Delfins. Der starke Saugfu\u00df verhindert ein Verrutschen und Versch\u00fctten und macht sie perfekt f\u00fcr Kleinkinder, Kindertagesst\u00e4tten und Gro\u00dfbestellungen.<\/p>\n<h2 class=\"brxe-product-title\">Bulk Kindergeschirr Sets Eigenschaften:<\/h2>\n<table>\n<thead>\n<tr>\n<th style=\"text-align: center;\">Artikel<\/th>\n<th style=\"text-align: center;\">Gr\u00f6\u00dfe (L\u00d7B\u00d7H)<\/th>\n<th style=\"text-align: center;\">Gewicht<\/th>\n<\/tr>\n<\/thead>\n<tbody>\n<tr>\n<td>Box<\/td>\n<td>240 \u00d7 190 \u00d7 35 mm<\/td>\n<td>363 g<\/td>\n<\/tr>\n<tr>\n<td>Platte<\/td>\n<td>210 \u00d7 155 \u00d7 33 mm<\/td>\n<td>241 g<\/td>\n<\/tr>\n<tr>\n<td>Gabel<\/td>\n<td>97 \u00d7 32 \u00d7 31 mm<\/td>\n<td>35.2 g<\/td>\n<\/tr>\n<tr>\n<td>L\u00f6ffel<\/td>\n<td>97 \u00d7 32 \u00d7 31 mm<\/td>\n<td>39.1 g<\/td>\n<\/tr>\n<\/tbody>\n<\/table>\n<p><strong data-start=\"296\" data-end=\"304\">MOQ:<\/strong> 96 St\u00fcck<\/p>\n<h2 class=\"brxe-product-title\">Individuelle Kindergeschirr-Sets :<\/h2>\n<ul>\n<li data-start=\"76\" data-end=\"143\">\n<p data-start=\"78\" data-end=\"143\"><strong data-start=\"78\" data-end=\"89\">Beispiel:<\/strong> Kostenloses Muster zum Testen vor der Gro\u00dfbestellung verf\u00fcgbar<\/p>\n<\/li>\n<li data-start=\"144\" data-end=\"221\">\n<p data-start=\"146\" data-end=\"221\"><strong data-start=\"146\" data-end=\"173\">Kleine Auftr\u00e4ge mit Logo:<\/strong> Akzeptieren Sie kleine Mengen Bestellungen mit benutzerdefinierten Logo<\/p>\n<\/li>\n<li data-start=\"222\" data-end=\"288\">\n<p data-start=\"224\" data-end=\"288\"><strong data-start=\"224\" data-end=\"242\">Schnelle Lieferung:<\/strong> Auf Lager befindliche Artikel k\u00f6nnen innerhalb von 7 Tagen versandt werden.<\/p>\n<\/li>\n<li data-start=\"289\" data-end=\"401\">\n<p data-start=\"291\" data-end=\"401\"><strong data-start=\"291\" data-end=\"326\">Verpackung und Logoanpassung:<\/strong> Unterst\u00fctzung von kundenspezifischen Logos auf der Verpackung; w\u00e4hlen Sie PET-Box, PVC-Box oder Geschenkbox<\/p>\n<\/li>\n<\/ul>","protected":false},"featured_media":434,"comment_status":"closed","ping_status":"closed","template":"","meta":{"_acf_changed":false},"product_brand":[],"product_cat":[19],"product_tag":[],"class_list":{"0":"post-433","1":"product","2":"type-product","3":"status-publish","4":"has-post-thumbnail","6":"product_cat-wholesale-kids-dinnerware","8":"first","9":"instock","10":"shipping-taxable","11":"product-type-simple"},"acf":[],"_links":{"self":[{"href":"https:\/\/www.huashunware.com\/de\/wp-json\/wp\/v2\/product\/433","targetHints":{"allow":["GET"]}}],"collection":[{"href":"https:\/\/www.huashunware.com\/de\/wp-json\/wp\/v2\/product"}],"about":[{"href":"https:\/\/www.huashunware.com\/de\/wp-json\/wp\/v2\/types\/product"}],"replies":[{"embeddable":true,"href":"https:\/\/www.huashunware.com\/de\/wp-json\/wp\/v2\/comments?post=433"}],"wp:featuredmedia":[{"embeddable":true,"href":"https:\/\/www.huashunware.com\/de\/wp-json\/wp\/v2\/media\/434"}],"wp:attachment":[{"href":"https:\/\/www.huashunware.com\/de\/wp-json\/wp\/v2\/media?parent=433"}],"wp:term":[{"taxonomy":"product_brand","embeddable":true,"href":"https:\/\/www.huashunware.com\/de\/wp-json\/wp\/v2\/product_brand?post=433"},{"taxonomy":"product_cat","embeddable":true,"href":"https:\/\/www.huashunware.com\/de\/wp-json\/wp\/v2\/product_cat?post=433"},{"taxonomy":"product_tag","embeddable":true,"href":"https:\/\/www.huashunware.com\/de\/wp-json\/wp\/v2\/product_tag?post=433"}],"curies":[{"name":"wp","href":"https:\/\/api.w.org\/{rel}","templated":true}]}}