{"id":438,"date":"2025-09-18T01:22:31","date_gmt":"2025-09-18T01:22:31","guid":{"rendered":"https:\/\/www.huashunware.com\/?post_type=product&#038;p=438"},"modified":"2025-09-18T02:23:04","modified_gmt":"2025-09-18T02:23:04","slug":"wholesale-kids-tableware-carrot-design-non-toxic-bpa-free-set","status":"publish","type":"product","link":"https:\/\/www.huashunware.com\/de\/produkt\/wholesale-kids-tableware-carrot-design-non-toxic-bpa-free-set\/","title":{"rendered":"Gro\u00dfhandel Kindergeschirr, Karotte Design ungiftig BPA-frei Set"},"content":{"rendered":"<div class=\"wp-block-columns is-layout-flex wp-container-core-columns-is-layout-9d6595d7 wp-block-columns-is-layout-flex\">\n<div class=\"wp-block-column is-layout-flow wp-block-column-is-layout-flow\">\n<h2 class=\"wp-block-heading\">Kindergeschirr Merkmale:<\/h2>\n\n\n\n<p><strong>Sicheres lebensmittelechtes Material:<\/strong> US-Standard-Silikon in Lebensmittelqualit\u00e4t, ungiftig und BPA-frei. Sorgt f\u00fcr eine sichere und gesunde Mahlzeit f\u00fcr Kinder.<\/p>\n\n\n\n<p><strong>Langlebiger rostfreier Stahl:<\/strong> Hochglanzpolierter Edelstahl mit glatten, abgerundeten Kanten. Schonend f\u00fcr Kinderm\u00fcnder, rostfrei und kratzfest.<\/p>\n\n\n\n<p><strong>Starke Saugleistung: <\/strong>Starker Saugfu\u00df, der fest auf glatten Oberfl\u00e4chen haftet. Anti-Rutsch, Anti-Flip, und Anti-Versch\u00fctten von Mahlzeiten.<\/p>\n\n\n\n<p><strong>Niedliches Karotten-Muster:<\/strong> Verspielte Teller und Utensilien in Karottenform ziehen die Aufmerksamkeit der Kinder auf sich. Macht die Mahlzeit angenehm und erleichtert die Selbstf\u00fctterung.<\/p>\n\n\n\n<p><strong>Gut f\u00fcr Gro\u00dfbestellungen:<\/strong> Beste Wahl f\u00fcr Kindertagesst\u00e4tten, Kinderg\u00e4rten und Gesch\u00e4fte. Kosteng\u00fcnstige Wahl f\u00fcr den Gro\u00dfeinkauf.<\/p>\n<\/div>\n\n\n\n<div class=\"wp-block-column is-layout-flow wp-block-column-is-layout-flow\">\n<figure class=\"wp-block-image size-full\"><img decoding=\"async\" width=\"3072\" height=\"3072\" src=\"https:\/\/www.huashunware.com\/wp-content\/uploads\/2025\/09\/Wholesale-Kids-Tableware-Carrot-Design-Non-Toxic-BPA-Free-Set1.webp\" alt=\"Gro\u00dfhandel Kindergeschirr, Karotte Design ungiftig BPA-frei Set1\" class=\"wp-image-439\" srcset=\"https:\/\/www.huashunware.com\/wp-content\/uploads\/2025\/09\/Wholesale-Kids-Tableware-Carrot-Design-Non-Toxic-BPA-Free-Set1.webp 3072w, https:\/\/www.huashunware.com\/wp-content\/uploads\/2025\/09\/Wholesale-Kids-Tableware-Carrot-Design-Non-Toxic-BPA-Free-Set1-300x300.webp 300w, https:\/\/www.huashunware.com\/wp-content\/uploads\/2025\/09\/Wholesale-Kids-Tableware-Carrot-Design-Non-Toxic-BPA-Free-Set1-150x150.webp 150w, https:\/\/www.huashunware.com\/wp-content\/uploads\/2025\/09\/Wholesale-Kids-Tableware-Carrot-Design-Non-Toxic-BPA-Free-Set1-768x768.webp 768w, https:\/\/www.huashunware.com\/wp-content\/uploads\/2025\/09\/Wholesale-Kids-Tableware-Carrot-Design-Non-Toxic-BPA-Free-Set1-1200x1200.webp 1200w, https:\/\/www.huashunware.com\/wp-content\/uploads\/2025\/09\/Wholesale-Kids-Tableware-Carrot-Design-Non-Toxic-BPA-Free-Set1-600x600.webp 600w, https:\/\/www.huashunware.com\/wp-content\/uploads\/2025\/09\/Wholesale-Kids-Tableware-Carrot-Design-Non-Toxic-BPA-Free-Set1-100x100.webp 100w\" sizes=\"(max-width: 3072px) 100vw, 3072px\" \/><\/figure>\n<\/div>\n<\/div>","protected":false},"excerpt":{"rendered":"<p data-start=\"68\" data-end=\"340\">Gro\u00dfhandel Kinder Geschirr mit niedlichen Karotte Design, von US-Standard-Lebensmittel-Silikon, ungiftig und BPA-frei gemacht. Verf\u00fcgt \u00fcber einen starken Saugfu\u00df, um Versch\u00fctten zu verhindern, perfekt f\u00fcr Kleinkinder, Kindertagesst\u00e4tten und Gro\u00dfauftr\u00e4ge.<\/p>\n<h2 class=\"brxe-product-title\">Gro\u00dfhandel Kinder Tableware Attribute:<\/h2>\n<table>\n<thead>\n<tr>\n<th style=\"text-align: center;\">Artikel<\/th>\n<th style=\"text-align: center;\">Gr\u00f6\u00dfe (L\u00d7B\u00d7H)<\/th>\n<th style=\"text-align: center;\">Gewicht<\/th>\n<\/tr>\n<\/thead>\n<tbody>\n<tr>\n<td>Box<\/td>\n<td>270 \u00d7 155 \u00d7 30 mm<\/td>\n<td>303.5 g<\/td>\n<\/tr>\n<tr>\n<td>Platte<\/td>\n<td>245 \u00d7 128 \u00d7 30 mm<\/td>\n<td>173.4 g<\/td>\n<\/tr>\n<tr>\n<td>Gabel<\/td>\n<td>112 \u00d7 27 \u00d7 18 mm<\/td>\n<td>28.2 g<\/td>\n<\/tr>\n<tr>\n<td>L\u00f6ffel<\/td>\n<td>112 \u00d7 27 \u00d7 18 mm<\/td>\n<td>32.8 g<\/td>\n<\/tr>\n<\/tbody>\n<\/table>\n<p><strong>MOQ: 96 St\u00fcck<\/strong><\/p>\n<h2 class=\"brxe-product-title\">Individuelles Kindergeschirr:<\/h2>\n<ul>\n<li data-start=\"79\" data-end=\"146\">\n<p data-start=\"81\" data-end=\"146\"><strong data-start=\"81\" data-end=\"92\">Beispiel:<\/strong> Kostenloses Muster zum Testen vor der Gro\u00dfbestellung verf\u00fcgbar<\/p>\n<\/li>\n<li data-start=\"147\" data-end=\"224\">\n<p data-start=\"149\" data-end=\"224\"><strong data-start=\"149\" data-end=\"176\">Kleine Auftr\u00e4ge mit Logo:<\/strong> Akzeptieren Sie kleine Mengen Bestellungen mit benutzerdefinierten Logo<\/p>\n<\/li>\n<li data-start=\"225\" data-end=\"302\">\n<p data-start=\"227\" data-end=\"302\"><strong data-start=\"227\" data-end=\"245\">Schnelle Lieferung:<\/strong> 4 Farben auf Lager, Bestellungen k\u00f6nnen innerhalb von 7 Tagen versandt werden<\/p>\n<\/li>\n<li data-start=\"303\" data-end=\"415\">\n<p data-start=\"305\" data-end=\"415\"><strong data-start=\"305\" data-end=\"340\">Verpackung und Logoanpassung:<\/strong> Unterst\u00fctzung von kundenspezifischen Logos auf der Verpackung; w\u00e4hlen Sie PET-Box, PVC-Box oder Geschenkbox<\/p>\n<\/li>\n<\/ul>","protected":false},"featured_media":439,"comment_status":"closed","ping_status":"closed","template":"","meta":{"_acf_changed":false},"product_brand":[],"product_cat":[19],"product_tag":[],"class_list":{"0":"post-438","1":"product","2":"type-product","3":"status-publish","4":"has-post-thumbnail","6":"product_cat-wholesale-kids-dinnerware","8":"first","9":"instock","10":"shipping-taxable","11":"product-type-simple"},"acf":[],"_links":{"self":[{"href":"https:\/\/www.huashunware.com\/de\/wp-json\/wp\/v2\/product\/438","targetHints":{"allow":["GET"]}}],"collection":[{"href":"https:\/\/www.huashunware.com\/de\/wp-json\/wp\/v2\/product"}],"about":[{"href":"https:\/\/www.huashunware.com\/de\/wp-json\/wp\/v2\/types\/product"}],"replies":[{"embeddable":true,"href":"https:\/\/www.huashunware.com\/de\/wp-json\/wp\/v2\/comments?post=438"}],"wp:featuredmedia":[{"embeddable":true,"href":"https:\/\/www.huashunware.com\/de\/wp-json\/wp\/v2\/media\/439"}],"wp:attachment":[{"href":"https:\/\/www.huashunware.com\/de\/wp-json\/wp\/v2\/media?parent=438"}],"wp:term":[{"taxonomy":"product_brand","embeddable":true,"href":"https:\/\/www.huashunware.com\/de\/wp-json\/wp\/v2\/product_brand?post=438"},{"taxonomy":"product_cat","embeddable":true,"href":"https:\/\/www.huashunware.com\/de\/wp-json\/wp\/v2\/product_cat?post=438"},{"taxonomy":"product_tag","embeddable":true,"href":"https:\/\/www.huashunware.com\/de\/wp-json\/wp\/v2\/product_tag?post=438"}],"curies":[{"name":"wp","href":"https:\/\/api.w.org\/{rel}","templated":true}]}}