{"id":442,"date":"2025-09-18T02:29:50","date_gmt":"2025-09-18T02:29:50","guid":{"rendered":"https:\/\/www.huashunware.com\/?post_type=product&#038;p=442"},"modified":"2025-09-18T02:43:04","modified_gmt":"2025-09-18T02:43:04","slug":"bulk-kid-plate-set-lovely-animal-plate-set-cute-panda-design-for-kids","status":"publish","type":"product","link":"https:\/\/www.huashunware.com\/de\/produkt\/bulk-kid-plate-set-lovely-animal-plate-set-cute-panda-design-for-kids\/","title":{"rendered":"Bulk Kid Teller Set, Lovely Animal Teller Set Cute Panda Design f\u00fcr Kinder"},"content":{"rendered":"<div class=\"wp-block-columns is-layout-flex wp-container-core-columns-is-layout-9d6595d7 wp-block-columns-is-layout-flex\">\n<div class=\"wp-block-column is-layout-flow wp-block-column-is-layout-flow\">\n<h2 class=\"wp-block-heading\">Kinderteller-Set Merkmale:<\/h2>\n\n\n\n<p><strong>Bezauberndes Panda-Design:<\/strong>Das niedliche Tellerset in Form eines Pandas zieht sofort die Aufmerksamkeit der Kinder auf sich und sorgt f\u00fcr Spa\u00df und Abwechslung bei den Mahlzeiten.<\/p>\n\n\n\n<p><strong>Gesunde und sichere Materialien:<\/strong>Hergestellt aus lebensmittelechtem, BPA-freiem Silikon und hochglanzpoliertem Edelstahl f\u00fcr garantierte Sicherheit und elterliches Vertrauen.<\/p>\n\n\n\n<p><strong>Kinderfreundliches Design:<\/strong>Abgerundete Kanten und glatte Oberfl\u00e4chen sind sanft zu kleinen H\u00e4nden und M\u00fcndern, aber robust f\u00fcr den t\u00e4glichen Gebrauch.<\/p>\n\n\n\n<p><strong>Anti-Rutsch-Saugfu\u00df:<\/strong>Der sichere Saugfu\u00df h\u00e4lt die Teller stabil, verhindert das Versch\u00fctten von Fl\u00fcssigkeiten und spart Zeit beim Aufr\u00e4umen - perfekt f\u00fcr viel besch\u00e4ftigte Eltern, die viel unterwegs sind.<\/p>\n\n\n\n<p><strong>Ideal f\u00fcr den Kauf in gro\u00dfen Mengen:<\/strong>Ideal f\u00fcr Kindertagesst\u00e4tten, Kinderg\u00e4rten und Gesch\u00e4fte, die h\u00fcbsches und praktisches Kindergeschirr in gro\u00dfen Mengen kaufen m\u00f6chten.<\/p>\n<\/div>\n\n\n\n<div class=\"wp-block-column is-layout-flow wp-block-column-is-layout-flow\">\n<figure class=\"wp-block-image size-full\"><img decoding=\"async\" width=\"3072\" height=\"3072\" src=\"https:\/\/www.huashunware.com\/wp-content\/uploads\/2025\/09\/Bulk-Kid-Plate-Set-Lovely-Animal-Plate-Set-Cute-Panda-Design-for-Kids2.webp\" alt=\"Bulk Kid Teller Set, Lovely Animal Teller Set Cute Panda Design f\u00fcr Kids2\" class=\"wp-image-444\" srcset=\"https:\/\/www.huashunware.com\/wp-content\/uploads\/2025\/09\/Bulk-Kid-Plate-Set-Lovely-Animal-Plate-Set-Cute-Panda-Design-for-Kids2.webp 3072w, https:\/\/www.huashunware.com\/wp-content\/uploads\/2025\/09\/Bulk-Kid-Plate-Set-Lovely-Animal-Plate-Set-Cute-Panda-Design-for-Kids2-300x300.webp 300w, https:\/\/www.huashunware.com\/wp-content\/uploads\/2025\/09\/Bulk-Kid-Plate-Set-Lovely-Animal-Plate-Set-Cute-Panda-Design-for-Kids2-150x150.webp 150w, https:\/\/www.huashunware.com\/wp-content\/uploads\/2025\/09\/Bulk-Kid-Plate-Set-Lovely-Animal-Plate-Set-Cute-Panda-Design-for-Kids2-768x768.webp 768w, https:\/\/www.huashunware.com\/wp-content\/uploads\/2025\/09\/Bulk-Kid-Plate-Set-Lovely-Animal-Plate-Set-Cute-Panda-Design-for-Kids2-1200x1200.webp 1200w, https:\/\/www.huashunware.com\/wp-content\/uploads\/2025\/09\/Bulk-Kid-Plate-Set-Lovely-Animal-Plate-Set-Cute-Panda-Design-for-Kids2-600x600.webp 600w, https:\/\/www.huashunware.com\/wp-content\/uploads\/2025\/09\/Bulk-Kid-Plate-Set-Lovely-Animal-Plate-Set-Cute-Panda-Design-for-Kids2-100x100.webp 100w\" sizes=\"(max-width: 3072px) 100vw, 3072px\" \/><\/figure>\n<\/div>\n<\/div>","protected":false},"excerpt":{"rendered":"<p data-start=\"68\" data-end=\"340\">Gro\u00dfes Kinderteller-Set mit bezauberndem Panda-Design, hergestellt aus BPA-freien, lebensmittelechten Materialien f\u00fcr sichere und lustige Essenszeiten. Perfekt f\u00fcr den t\u00e4glichen Gebrauch der Kinder und als Gro\u00dfeinkauf f\u00fcr Schulen, Kindertagesst\u00e4tten oder den Einzelhandel.<\/p>\n<h2 class=\"brxe-product-title\">Bulk Kid Teller Set Attribute:<\/h2>\n<table>\n<thead>\n<tr>\n<th style=\"text-align: center;\">Artikel<\/th>\n<th style=\"text-align: center;\">Gr\u00f6\u00dfe (L\u00d7B\u00d7H)<\/th>\n<th style=\"text-align: center;\">Gewicht<\/th>\n<\/tr>\n<\/thead>\n<tbody>\n<tr>\n<td>Box<\/td>\n<td>225 \u00d7 193 \u00d7 35 mm<\/td>\n<td>369.7 g<\/td>\n<\/tr>\n<tr>\n<td>Platte<\/td>\n<td>183 \u00d7 156 \u00d7 36 mm<\/td>\n<td>213.4 g<\/td>\n<\/tr>\n<tr>\n<td>Gabel<\/td>\n<td>97 \u00d7 32 \u00d7 30 mm<\/td>\n<td>44.3 g<\/td>\n<\/tr>\n<tr>\n<td>L\u00f6ffel<\/td>\n<td>97 \u00d7 32 \u00d7 30 mm<\/td>\n<td>48.7 g<\/td>\n<\/tr>\n<\/tbody>\n<\/table>\n<p><strong>MOQ: 96 St\u00fcck<\/strong><\/p>\n<h2 class=\"brxe-product-title\">Individuelles Kinderteller-Set:<\/h2>\n<ul>\n<li data-start=\"81\" data-end=\"148\">\n<p data-start=\"83\" data-end=\"148\"><strong data-start=\"83\" data-end=\"94\">Beispiel:<\/strong> Kostenloses Muster zum Testen vor der Gro\u00dfbestellung verf\u00fcgbar<\/p>\n<\/li>\n<li data-start=\"149\" data-end=\"226\">\n<p data-start=\"151\" data-end=\"226\"><strong data-start=\"151\" data-end=\"178\">Kleine Auftr\u00e4ge mit Logo:<\/strong> Akzeptieren Sie kleine Mengen Bestellungen mit benutzerdefinierten Logo<\/p>\n<\/li>\n<li data-start=\"227\" data-end=\"311\">\n<p data-start=\"229\" data-end=\"311\"><strong data-start=\"229\" data-end=\"247\">Schnelle Lieferung:<\/strong> Vorr\u00e4tige Artikel verf\u00fcgbar, Bestellungen k\u00f6nnen innerhalb von 7 Tagen versandt werden<\/p>\n<\/li>\n<li data-start=\"312\" data-end=\"424\">\n<p data-start=\"314\" data-end=\"424\"><strong data-start=\"314\" data-end=\"349\">Verpackung und Logoanpassung:<\/strong> Unterst\u00fctzung von kundenspezifischen Logos auf der Verpackung; w\u00e4hlen Sie PET-Box, PVC-Box oder Geschenkbox<\/p>\n<\/li>\n<\/ul>","protected":false},"featured_media":445,"comment_status":"closed","ping_status":"closed","template":"","meta":{"_acf_changed":false},"product_brand":[],"product_cat":[19],"product_tag":[],"class_list":{"0":"post-442","1":"product","2":"type-product","3":"status-publish","4":"has-post-thumbnail","6":"product_cat-wholesale-kids-dinnerware","8":"first","9":"instock","10":"shipping-taxable","11":"product-type-simple"},"acf":[],"_links":{"self":[{"href":"https:\/\/www.huashunware.com\/de\/wp-json\/wp\/v2\/product\/442","targetHints":{"allow":["GET"]}}],"collection":[{"href":"https:\/\/www.huashunware.com\/de\/wp-json\/wp\/v2\/product"}],"about":[{"href":"https:\/\/www.huashunware.com\/de\/wp-json\/wp\/v2\/types\/product"}],"replies":[{"embeddable":true,"href":"https:\/\/www.huashunware.com\/de\/wp-json\/wp\/v2\/comments?post=442"}],"wp:featuredmedia":[{"embeddable":true,"href":"https:\/\/www.huashunware.com\/de\/wp-json\/wp\/v2\/media\/445"}],"wp:attachment":[{"href":"https:\/\/www.huashunware.com\/de\/wp-json\/wp\/v2\/media?parent=442"}],"wp:term":[{"taxonomy":"product_brand","embeddable":true,"href":"https:\/\/www.huashunware.com\/de\/wp-json\/wp\/v2\/product_brand?post=442"},{"taxonomy":"product_cat","embeddable":true,"href":"https:\/\/www.huashunware.com\/de\/wp-json\/wp\/v2\/product_cat?post=442"},{"taxonomy":"product_tag","embeddable":true,"href":"https:\/\/www.huashunware.com\/de\/wp-json\/wp\/v2\/product_tag?post=442"}],"curies":[{"name":"wp","href":"https:\/\/api.w.org\/{rel}","templated":true}]}}