{"id":447,"date":"2025-09-18T03:09:53","date_gmt":"2025-09-18T03:09:53","guid":{"rendered":"https:\/\/www.huashunware.com\/?post_type=product&#038;p=447"},"modified":"2025-09-18T03:40:26","modified_gmt":"2025-09-18T03:40:26","slug":"plastic-food-storage-containers-with-lids-wholesale","status":"publish","type":"product","link":"https:\/\/www.huashunware.com\/de\/produkt\/plastic-food-storage-containers-with-lids-wholesale\/","title":{"rendered":"Lebensmittelbeh\u00e4lter aus Kunststoff mit Deckeln Gro\u00dfhandel"},"content":{"rendered":"<div class=\"wp-block-columns is-layout-flex wp-container-core-columns-is-layout-9d6595d7 wp-block-columns-is-layout-flex\">\n<div class=\"wp-block-column is-layout-flow wp-block-column-is-layout-flow\">\n<h2 class=\"wp-block-heading\">Lebensmittelbeh\u00e4lter aus Kunststoff mit Deckel Merkmale:<\/h2>\n\n\n\n<p><strong>Mikrowellengeeignet:<\/strong> Die aus hochwertigem, hitzebest\u00e4ndigem Kunststoff hergestellten Beh\u00e4lter sind ideal f\u00fcr die Mikrowelle geeignet. Ideal zum schnellen Aufw\u00e4rmen von Speisen, ohne dass man sich Sorgen machen muss, dass sie sich verziehen oder schmelzen.<\/p>\n\n\n\n<p><strong>Luftdichte Abdichtung: <\/strong>Verf\u00fcgt \u00fcber ein robustes Schnallenverschluss-Design mit einem zus\u00e4tzlichen Silikonring, der f\u00fcr einen luftdichten Verschluss sorgt. H\u00e4lt Lebensmittel l\u00e4nger frisch und sch\u00fctzt sie vor Versch\u00fctten, wenn sie gelagert werden oder unterwegs sind.<\/p>\n\n\n\n<p><strong>Langlebig und wiederverwendbar: <\/strong>Hergestellt aus robustem, BPA-freiem Kunststoff, der dem normalen Gebrauch standh\u00e4lt. Unempfindlich gegen Risse, Verbiegungen und Verformungen, ideal f\u00fcr den l\u00e4ngeren Gebrauch.<\/p>\n\n\n\n<p><strong>Stapelbares Design: <\/strong>Das intelligente, stapelbare Design erleichtert die Organisation in K\u00fcchenschr\u00e4nken, K\u00fchlschr\u00e4nken oder Vorratskammern. Maximiert den Stauraum und sorgt f\u00fcr Ordnung in Ihrer K\u00fcche.<\/p>\n\n\n\n<p><strong>Gro\u00dfhandelsfreundlich: <\/strong>Ideal f\u00fcr Gro\u00dfeink\u00e4ufe, Catering, Restaurants und Einzelh\u00e4ndler. Bietet eine kosteng\u00fcnstige L\u00f6sung f\u00fcr die Lagerung von Lebensmitteln in gro\u00dfen Mengen.<\/p>\n<\/div>\n\n\n\n<div class=\"wp-block-column is-layout-flow wp-block-column-is-layout-flow\">\n<figure class=\"wp-block-image size-full\"><img decoding=\"async\" width=\"3072\" height=\"3072\" src=\"https:\/\/www.huashunware.com\/wp-content\/uploads\/2025\/09\/Plastic-Food-Storage-Containers-with-Lids-Wholesale2.webp\" alt=\"Kunststoff-Beh\u00e4lter f\u00fcr Lebensmittel mit Deckel Gro\u00dfhandel2\" class=\"wp-image-449\" srcset=\"https:\/\/www.huashunware.com\/wp-content\/uploads\/2025\/09\/Plastic-Food-Storage-Containers-with-Lids-Wholesale2.webp 3072w, https:\/\/www.huashunware.com\/wp-content\/uploads\/2025\/09\/Plastic-Food-Storage-Containers-with-Lids-Wholesale2-300x300.webp 300w, https:\/\/www.huashunware.com\/wp-content\/uploads\/2025\/09\/Plastic-Food-Storage-Containers-with-Lids-Wholesale2-150x150.webp 150w, https:\/\/www.huashunware.com\/wp-content\/uploads\/2025\/09\/Plastic-Food-Storage-Containers-with-Lids-Wholesale2-768x768.webp 768w, https:\/\/www.huashunware.com\/wp-content\/uploads\/2025\/09\/Plastic-Food-Storage-Containers-with-Lids-Wholesale2-1200x1200.webp 1200w, https:\/\/www.huashunware.com\/wp-content\/uploads\/2025\/09\/Plastic-Food-Storage-Containers-with-Lids-Wholesale2-600x600.webp 600w, https:\/\/www.huashunware.com\/wp-content\/uploads\/2025\/09\/Plastic-Food-Storage-Containers-with-Lids-Wholesale2-100x100.webp 100w\" sizes=\"(max-width: 3072px) 100vw, 3072px\" \/><\/figure>\n<\/div>\n<\/div>","protected":false},"excerpt":{"rendered":"<p data-start=\"68\" data-end=\"340\">Kunststoffbeh\u00e4lter zur Aufbewahrung von Lebensmitteln mit Deckel im Gro\u00dfhandel sind mikrowellengeeignet, luftdicht und aus langlebigem, BPA-freiem Kunststoff hergestellt. Perfekt, um Lebensmittel l\u00e4nger frisch zu halten, K\u00fcchen zu organisieren und ideal f\u00fcr Gro\u00dfbestellungen, Catering oder den Einzelhandel.<\/p>\n<h2 class=\"brxe-product-title\">Kunststoff-Beh\u00e4lter f\u00fcr Lebensmittel mit Deckel Gro\u00dfhandel Attribute:<\/h2>\n<table>\n<thead>\n<tr>\n<th>Gr\u00f6\u00dfe<\/th>\n<th>Abmessungen (L \u00d7 B)<\/th>\n<\/tr>\n<\/thead>\n<tbody>\n<tr>\n<td>S<\/td>\n<td>13 \u00d7 7 cm<\/td>\n<\/tr>\n<tr>\n<td>M<\/td>\n<td>15,8 \u00d7 8 cm<\/td>\n<\/tr>\n<tr>\n<td>L<\/td>\n<td>18,7 \u00d7 9,4 cm<\/td>\n<\/tr>\n<\/tbody>\n<\/table>\n<p><strong>MOQ: 40 St\u00fcck<\/strong><\/p>\n<h2 class=\"brxe-product-title\">Individuelle Kunststoffbeh\u00e4lter f\u00fcr Lebensmittel mit Deckel:<\/h2>\n<ul>\n<li data-start=\"50\" data-end=\"105\">\n<p data-start=\"52\" data-end=\"105\"><strong data-start=\"52\" data-end=\"63\">Beispiel:<\/strong> Kostenloses Muster vor Gro\u00dfbestellung verf\u00fcgbar<\/p>\n<\/li>\n<li data-start=\"106\" data-end=\"172\">\n<p data-start=\"108\" data-end=\"172\"><strong data-start=\"108\" data-end=\"126\">Schnelle Lieferung:<\/strong> Auf Lager befindliche Artikel k\u00f6nnen innerhalb von 7 Tagen versandt werden.<\/p>\n<\/li>\n<\/ul>","protected":false},"featured_media":451,"comment_status":"closed","ping_status":"closed","template":"","meta":{"_acf_changed":false},"product_brand":[],"product_cat":[21,25],"product_tag":[],"class_list":{"0":"post-447","1":"product","2":"type-product","3":"status-publish","4":"has-post-thumbnail","6":"product_cat-plastic-household-products-wholesale","7":"product_cat-wholesale-food-storage-containers","9":"first","10":"instock","11":"shipping-taxable","12":"product-type-simple"},"acf":[],"_links":{"self":[{"href":"https:\/\/www.huashunware.com\/de\/wp-json\/wp\/v2\/product\/447","targetHints":{"allow":["GET"]}}],"collection":[{"href":"https:\/\/www.huashunware.com\/de\/wp-json\/wp\/v2\/product"}],"about":[{"href":"https:\/\/www.huashunware.com\/de\/wp-json\/wp\/v2\/types\/product"}],"replies":[{"embeddable":true,"href":"https:\/\/www.huashunware.com\/de\/wp-json\/wp\/v2\/comments?post=447"}],"wp:featuredmedia":[{"embeddable":true,"href":"https:\/\/www.huashunware.com\/de\/wp-json\/wp\/v2\/media\/451"}],"wp:attachment":[{"href":"https:\/\/www.huashunware.com\/de\/wp-json\/wp\/v2\/media?parent=447"}],"wp:term":[{"taxonomy":"product_brand","embeddable":true,"href":"https:\/\/www.huashunware.com\/de\/wp-json\/wp\/v2\/product_brand?post=447"},{"taxonomy":"product_cat","embeddable":true,"href":"https:\/\/www.huashunware.com\/de\/wp-json\/wp\/v2\/product_cat?post=447"},{"taxonomy":"product_tag","embeddable":true,"href":"https:\/\/www.huashunware.com\/de\/wp-json\/wp\/v2\/product_tag?post=447"}],"curies":[{"name":"wp","href":"https:\/\/api.w.org\/{rel}","templated":true}]}}