{"id":453,"date":"2025-09-18T03:41:51","date_gmt":"2025-09-18T03:41:51","guid":{"rendered":"https:\/\/www.huashunware.com\/?post_type=product&#038;p=453"},"modified":"2025-09-18T06:03:02","modified_gmt":"2025-09-18T06:03:02","slug":"bulk-food-storage-containers-with-lids-stackable-design","status":"publish","type":"product","link":"https:\/\/www.huashunware.com\/de\/produkt\/bulk-food-storage-containers-with-lids-stackable-design\/","title":{"rendered":"Bulk Food Storage Container mit Deckel Stapelbar Design"},"content":{"rendered":"<div class=\"wp-block-columns is-layout-flex wp-container-core-columns-is-layout-9d6595d7 wp-block-columns-is-layout-flex\">\n<div class=\"wp-block-column is-layout-flow wp-block-column-is-layout-flow\">\n<h2 class=\"wp-block-heading\">Lebensmittelbeh\u00e4lter mit Deckeln Merkmale:<\/h2>\n\n\n\n<p><strong>Mikrowellengeeignet:<\/strong> Sie bestehen aus hochwertigem, hitzebest\u00e4ndigem Kunststoff und sind mikrowellengeeignet. Erhitzen Sie Lebensmittel ohne das Risiko einer Verformung.<\/p>\n\n\n\n<p><strong>Luftdicht und auslaufsicher:<\/strong> Ausgestattet mit Schnallenverschluss-Deckeln und Silikondichtungen, die eine luftdichte Abdichtung gew\u00e4hrleisten. H\u00e4lt Lebensmittel l\u00e4nger frisch und verhindert das Auslaufen beim Transport oder bei der Lagerung.<\/p>\n\n\n\n<p><strong>Langlebig und wiederverwendbar:<\/strong> Hergestellt aus stabilem, BPA-freiem Kunststoff, der wiederholtem Gebrauch standh\u00e4lt. Widersteht Rissen, Biegungen und Verformungen bei l\u00e4ngerem Gebrauch.<\/p>\n\n\n\n<p><strong>Stapelbares Design:<\/strong> Das geniale stapelbare Design erm\u00f6glicht eine m\u00fchelose Aufbewahrung in K\u00fcchenschr\u00e4nken, K\u00fchlschr\u00e4nken oder Vorratskammern. Bietet platzsparende Vorteile und h\u00e4lt Ihre K\u00fcche sauber und organisiert.<\/p>\n\n\n\n<p><strong>Gro\u00dfhandelsfreundlich:<\/strong> Ideal f\u00fcr Gro\u00dfbestellungen, Restaurants, Catering-Unternehmen oder den Einzelhandel. Bietet die g\u00fcnstigste L\u00f6sung f\u00fcr die Lagerung von Lebensmitteln in gro\u00dfen Mengen.<\/p>\n<\/div>\n\n\n\n<div class=\"wp-block-column is-layout-flow wp-block-column-is-layout-flow\">\n<figure class=\"wp-block-image size-full\"><img decoding=\"async\" width=\"3072\" height=\"3072\" src=\"https:\/\/www.huashunware.com\/wp-content\/uploads\/2025\/09\/Bulk-Food-Storage-Containers-with-Lids-Stackable-Design3.webp\" alt=\"Vorratsbeh\u00e4lter f\u00fcr Lebensmittel mit Deckel Stapelbares Design3\" class=\"wp-image-456\" srcset=\"https:\/\/www.huashunware.com\/wp-content\/uploads\/2025\/09\/Bulk-Food-Storage-Containers-with-Lids-Stackable-Design3.webp 3072w, https:\/\/www.huashunware.com\/wp-content\/uploads\/2025\/09\/Bulk-Food-Storage-Containers-with-Lids-Stackable-Design3-300x300.webp 300w, https:\/\/www.huashunware.com\/wp-content\/uploads\/2025\/09\/Bulk-Food-Storage-Containers-with-Lids-Stackable-Design3-150x150.webp 150w, https:\/\/www.huashunware.com\/wp-content\/uploads\/2025\/09\/Bulk-Food-Storage-Containers-with-Lids-Stackable-Design3-768x768.webp 768w, https:\/\/www.huashunware.com\/wp-content\/uploads\/2025\/09\/Bulk-Food-Storage-Containers-with-Lids-Stackable-Design3-1200x1200.webp 1200w, https:\/\/www.huashunware.com\/wp-content\/uploads\/2025\/09\/Bulk-Food-Storage-Containers-with-Lids-Stackable-Design3-600x600.webp 600w, https:\/\/www.huashunware.com\/wp-content\/uploads\/2025\/09\/Bulk-Food-Storage-Containers-with-Lids-Stackable-Design3-100x100.webp 100w\" sizes=\"(max-width: 3072px) 100vw, 3072px\" \/><\/figure>\n<\/div>\n<\/div>","protected":false},"excerpt":{"rendered":"<p data-start=\"68\" data-end=\"340\">Die Lebensmittelbeh\u00e4lter mit Deckel sind stapelbar und verf\u00fcgen \u00fcber einen luftdichten Schnappverschluss mit Silikondichtung. Sie sind mikrowellengeeignet und langlebig und eignen sich perfekt, um Lebensmittel l\u00e4nger frisch zu halten, und sind ideal f\u00fcr Gro\u00dfbestellungen, Catering oder den Einzelhandel.<\/p>\n<h2 class=\"brxe-product-title\">Vorratsbeh\u00e4lter f\u00fcr Lebensmittel mit Deckeln Attribute:<\/h2>\n<table>\n<thead>\n<tr>\n<th style=\"text-align: center;\">Gr\u00f6\u00dfe<\/th>\n<th style=\"text-align: center;\">Abmessungen (L \u00d7 B \u00d7 H)<\/th>\n<\/tr>\n<\/thead>\n<tbody>\n<tr>\n<td>S<\/td>\n<td>21 \u00d7 15,3 \u00d7 10,2 cm<\/td>\n<\/tr>\n<tr>\n<td>M<\/td>\n<td>25 \u00d7 18,2 \u00d7 11,3 cm<\/td>\n<\/tr>\n<tr>\n<td>L<\/td>\n<td>28,5 \u00d7 21,3 \u00d7 12,6 cm<\/td>\n<\/tr>\n<\/tbody>\n<\/table>\n<p><strong>MOQ: 60 St\u00fcck<\/strong><\/p>\n<h2 class=\"brxe-product-title\">Lebensmittelbeh\u00e4lter mit Deckeln vorr\u00e4tig halten:<\/h2>\n<ul>\n<li data-start=\"63\" data-end=\"118\">\n<p data-start=\"65\" data-end=\"118\"><strong data-start=\"65\" data-end=\"76\">Beispiel:<\/strong> Kostenloses Muster vor Gro\u00dfbestellung verf\u00fcgbar<\/p>\n<\/li>\n<li data-start=\"119\" data-end=\"185\">\n<p data-start=\"121\" data-end=\"185\"><strong data-start=\"121\" data-end=\"139\">Schnelle Lieferung:<\/strong> Auf Lager befindliche Artikel k\u00f6nnen innerhalb von 7 Tagen versandt werden.<\/p>\n<\/li>\n<li data-start=\"186\" data-end=\"255\">\n<p data-start=\"188\" data-end=\"255\"><strong data-start=\"188\" data-end=\"206\">Luftdichte Abdichtung:<\/strong> Sicherer Verschluss h\u00e4lt Lebensmittel l\u00e4nger frisch<\/p>\n<\/li>\n<\/ul>","protected":false},"featured_media":454,"comment_status":"closed","ping_status":"closed","template":"","meta":{"_acf_changed":false},"product_brand":[],"product_cat":[21,25],"product_tag":[],"class_list":{"0":"post-453","1":"product","2":"type-product","3":"status-publish","4":"has-post-thumbnail","6":"product_cat-plastic-household-products-wholesale","7":"product_cat-wholesale-food-storage-containers","9":"first","10":"instock","11":"shipping-taxable","12":"product-type-simple"},"acf":[],"_links":{"self":[{"href":"https:\/\/www.huashunware.com\/de\/wp-json\/wp\/v2\/product\/453","targetHints":{"allow":["GET"]}}],"collection":[{"href":"https:\/\/www.huashunware.com\/de\/wp-json\/wp\/v2\/product"}],"about":[{"href":"https:\/\/www.huashunware.com\/de\/wp-json\/wp\/v2\/types\/product"}],"replies":[{"embeddable":true,"href":"https:\/\/www.huashunware.com\/de\/wp-json\/wp\/v2\/comments?post=453"}],"wp:featuredmedia":[{"embeddable":true,"href":"https:\/\/www.huashunware.com\/de\/wp-json\/wp\/v2\/media\/454"}],"wp:attachment":[{"href":"https:\/\/www.huashunware.com\/de\/wp-json\/wp\/v2\/media?parent=453"}],"wp:term":[{"taxonomy":"product_brand","embeddable":true,"href":"https:\/\/www.huashunware.com\/de\/wp-json\/wp\/v2\/product_brand?post=453"},{"taxonomy":"product_cat","embeddable":true,"href":"https:\/\/www.huashunware.com\/de\/wp-json\/wp\/v2\/product_cat?post=453"},{"taxonomy":"product_tag","embeddable":true,"href":"https:\/\/www.huashunware.com\/de\/wp-json\/wp\/v2\/product_tag?post=453"}],"curies":[{"name":"wp","href":"https:\/\/api.w.org\/{rel}","templated":true}]}}