{"id":459,"date":"2025-09-18T06:27:56","date_gmt":"2025-09-18T06:27:56","guid":{"rendered":"https:\/\/www.huashunware.com\/?post_type=product&#038;p=459"},"modified":"2025-09-18T06:51:27","modified_gmt":"2025-09-18T06:51:27","slug":"wholesale-food-storage-container-with-strainer-for-bulk-orders","status":"publish","type":"product","link":"https:\/\/www.huashunware.com\/de\/produkt\/wholesale-food-storage-container-with-strainer-for-bulk-orders\/","title":{"rendered":"Gro\u00dfhandel Lebensmittel Lagerung Container mit Sieb f\u00fcr Gro\u00dfbestellungen"},"content":{"rendered":"<div class=\"wp-block-columns is-layout-flex wp-container-core-columns-is-layout-9d6595d7 wp-block-columns-is-layout-flex\">\n<div class=\"wp-block-column is-layout-flow wp-block-column-is-layout-flow\">\n<h2 class=\"wp-block-heading\">Lebensmittelbeh\u00e4lter mit Sieb Merkmale:<\/h2>\n\n\n\n<p><strong>Lebensmittelgeeignetes Material: <\/strong>Hergestellt aus hochwertigem, BPA-freiem, lebensmittelechtem PP-Material, das die Sicherheit bei der Lagerung von Obst, Gem\u00fcse und anderen Lebensmitteln gew\u00e4hrleistet. Geeignet f\u00fcr Haushalte, Restaurants und Catering.<\/p>\n\n\n\n<p><strong>Einfaches Siebdesign: <\/strong>Mit integriertem Abtropfkorb, der das Waschen und Abtropfen von Gem\u00fcse und Obst erleichtert. Bequem bei der Zubereitung von Mahlzeiten und garantiert die Sauberkeit und Frische der Lebensmittel.<\/p>\n\n\n\n<p><strong>Tragbar und leicht zu bewegen:<\/strong> Ausgestattet mit einem stabilen Tragegriff f\u00fcr den einfachen Transport, ideal f\u00fcr Picknicks im Freien, Campingausfl\u00fcge oder sogar f\u00fcr die K\u00fcche. Leicht im Gewicht, aber robust genug f\u00fcr eine einfache Handhabung.<\/p>\n\n\n\n<p><strong>Langlebig und wiederverwendbar:<\/strong> Hergestellt aus hochwertigem, strapazierf\u00e4higem Kunststoff, der sich nicht verbiegen oder verziehen kann. Konzipiert f\u00fcr den wiederholten t\u00e4glichen Gebrauch, ideal f\u00fcr Wohnk\u00fcchen oder Restaurants.<\/p>\n\n\n\n<p><strong>Gro\u00dfhandel &amp; Bulk Friendly: <\/strong>Ideal f\u00fcr Gro\u00dfbestellungen, Restaurants, Catering-Unternehmen oder Einzelhandelsgesch\u00e4fte. Eine kosteneffiziente, praktische Option f\u00fcr die Aufbewahrung von Lebensmitteln in gro\u00dfen Mengen in hervorragender Qualit\u00e4t.<\/p>\n<\/div>\n\n\n\n<div class=\"wp-block-column is-layout-flow wp-block-column-is-layout-flow\">\n<figure class=\"wp-block-image size-full\"><img decoding=\"async\" width=\"3072\" height=\"3072\" src=\"https:\/\/www.huashunware.com\/wp-content\/uploads\/2025\/09\/Bulk-Food-Storage-Containers-with-Lids-Stackable-Design2-1.webp\" alt=\"Vorratsbeh\u00e4lter f\u00fcr Lebensmittel mit Deckel Stapelbares Design2\" class=\"wp-image-461\" srcset=\"https:\/\/www.huashunware.com\/wp-content\/uploads\/2025\/09\/Bulk-Food-Storage-Containers-with-Lids-Stackable-Design2-1.webp 3072w, https:\/\/www.huashunware.com\/wp-content\/uploads\/2025\/09\/Bulk-Food-Storage-Containers-with-Lids-Stackable-Design2-1-300x300.webp 300w, https:\/\/www.huashunware.com\/wp-content\/uploads\/2025\/09\/Bulk-Food-Storage-Containers-with-Lids-Stackable-Design2-1-150x150.webp 150w, https:\/\/www.huashunware.com\/wp-content\/uploads\/2025\/09\/Bulk-Food-Storage-Containers-with-Lids-Stackable-Design2-1-768x768.webp 768w, https:\/\/www.huashunware.com\/wp-content\/uploads\/2025\/09\/Bulk-Food-Storage-Containers-with-Lids-Stackable-Design2-1-1200x1200.webp 1200w, https:\/\/www.huashunware.com\/wp-content\/uploads\/2025\/09\/Bulk-Food-Storage-Containers-with-Lids-Stackable-Design2-1-600x600.webp 600w, https:\/\/www.huashunware.com\/wp-content\/uploads\/2025\/09\/Bulk-Food-Storage-Containers-with-Lids-Stackable-Design2-1-100x100.webp 100w\" sizes=\"(max-width: 3072px) 100vw, 3072px\" \/><\/figure>\n<\/div>\n<\/div>","protected":false},"excerpt":{"rendered":"<p data-start=\"68\" data-end=\"340\">Der Gro\u00dfhandelsbeh\u00e4lter f\u00fcr Lebensmittel mit Sieb verf\u00fcgt \u00fcber einen eingebauten Abtropfkorb und einen stabilen Tragegriff, der das Waschen und den Transport von Obst und Gem\u00fcse erleichtert. Aus lebensmittelechtem PP-Material hergestellt, ist er langlebig, sicher und ideal f\u00fcr Gro\u00dfbestellungen, Restaurants oder den Hausgebrauch.<\/p>\n<h2 class=\"brxe-product-title\">Gro\u00dfhandel Lebensmittel Lagerung Container mit Sieb Attribute:<\/h2>\n<table>\n<thead>\n<tr>\n<th style=\"text-align: center;\">Gr\u00f6\u00dfe<\/th>\n<th style=\"text-align: center;\">Abmessungen (L \u00d7 B \u00d7 H)<\/th>\n<\/tr>\n<\/thead>\n<tbody>\n<tr>\n<td>S<\/td>\n<td>21 \u00d7 15,3 \u00d7 10,2 cm<\/td>\n<\/tr>\n<tr>\n<td>M<\/td>\n<td>25 \u00d7 18,2 \u00d7 11,3 cm<\/td>\n<\/tr>\n<tr>\n<td>L<\/td>\n<td>28,5 \u00d7 21,3 \u00d7 12,6 cm<\/td>\n<\/tr>\n<\/tbody>\n<\/table>\n<p><strong>MOQ: 20 St\u00fcck<\/strong><\/p>\n<h2 class=\"brxe-product-title\">Vorratsbeh\u00e4lter f\u00fcr Lebensmittel mit Sieb:<\/h2>\n<ul>\n<li data-start=\"63\" data-end=\"118\">\n<p data-start=\"65\" data-end=\"118\"><strong data-start=\"65\" data-end=\"76\">Beispiel:<\/strong> Kostenloses Muster vor Gro\u00dfbestellung verf\u00fcgbar<\/p>\n<\/li>\n<li data-start=\"119\" data-end=\"185\">\n<p data-start=\"121\" data-end=\"185\"><strong data-start=\"121\" data-end=\"139\">Schnelle Lieferung:<\/strong> Auf Lager befindliche Artikel k\u00f6nnen innerhalb von 7 Tagen versandt werden.<\/p>\n<\/li>\n<li data-start=\"186\" data-end=\"255\">\n<p data-start=\"188\" data-end=\"255\"><strong data-start=\"188\" data-end=\"206\">Luftdichte Abdichtung:<\/strong> Sicherer Verschluss h\u00e4lt Lebensmittel l\u00e4nger frisch<\/p>\n<\/li>\n<\/ul>","protected":false},"featured_media":464,"comment_status":"closed","ping_status":"closed","template":"","meta":{"_acf_changed":false},"product_brand":[],"product_cat":[21,25],"product_tag":[],"class_list":{"0":"post-459","1":"product","2":"type-product","3":"status-publish","4":"has-post-thumbnail","6":"product_cat-plastic-household-products-wholesale","7":"product_cat-wholesale-food-storage-containers","9":"first","10":"instock","11":"shipping-taxable","12":"product-type-simple"},"acf":[],"_links":{"self":[{"href":"https:\/\/www.huashunware.com\/de\/wp-json\/wp\/v2\/product\/459","targetHints":{"allow":["GET"]}}],"collection":[{"href":"https:\/\/www.huashunware.com\/de\/wp-json\/wp\/v2\/product"}],"about":[{"href":"https:\/\/www.huashunware.com\/de\/wp-json\/wp\/v2\/types\/product"}],"replies":[{"embeddable":true,"href":"https:\/\/www.huashunware.com\/de\/wp-json\/wp\/v2\/comments?post=459"}],"wp:featuredmedia":[{"embeddable":true,"href":"https:\/\/www.huashunware.com\/de\/wp-json\/wp\/v2\/media\/464"}],"wp:attachment":[{"href":"https:\/\/www.huashunware.com\/de\/wp-json\/wp\/v2\/media?parent=459"}],"wp:term":[{"taxonomy":"product_brand","embeddable":true,"href":"https:\/\/www.huashunware.com\/de\/wp-json\/wp\/v2\/product_brand?post=459"},{"taxonomy":"product_cat","embeddable":true,"href":"https:\/\/www.huashunware.com\/de\/wp-json\/wp\/v2\/product_cat?post=459"},{"taxonomy":"product_tag","embeddable":true,"href":"https:\/\/www.huashunware.com\/de\/wp-json\/wp\/v2\/product_tag?post=459"}],"curies":[{"name":"wp","href":"https:\/\/api.w.org\/{rel}","templated":true}]}}