{"id":473,"date":"2025-09-18T07:48:24","date_gmt":"2025-09-18T07:48:24","guid":{"rendered":"https:\/\/www.huashunware.com\/?post_type=product&#038;p=473"},"modified":"2025-09-18T07:59:25","modified_gmt":"2025-09-18T07:59:25","slug":"wholesale-flour-sifter-cup-small-size-flour-sieve","status":"publish","type":"product","link":"https:\/\/www.huashunware.com\/de\/produkt\/wholesale-flour-sifter-cup-small-size-flour-sieve\/","title":{"rendered":"Gro\u00dfhandel Mehlsieb Tasse kleine Gr\u00f6\u00dfe Mehlsieb"},"content":{"rendered":"<div class=\"wp-block-columns is-layout-flex wp-container-core-columns-is-layout-9d6595d7 wp-block-columns-is-layout-flex\">\n<div class=\"wp-block-column is-layout-flow wp-block-column-is-layout-flow\">\n<h2 class=\"wp-block-heading\">Mehlsiebbecher Merkmale:<\/h2>\n\n\n\n<p><strong>Langlebige Konstruktion aus verdicktem Metall\uff1a<\/strong> Dieses aus verst\u00e4rktem Metall gefertigte Sieb ist so konzipiert, dass es Tag f\u00fcr Tag eingesetzt werden kann, ohne sich zu verbiegen oder zu verziehen. Seine robuste Bauweise gew\u00e4hrleistet langfristige Zuverl\u00e4ssigkeit und macht es perfekt f\u00fcr h\u00e4ufige Backvorg\u00e4nge zu Hause.<\/p>\n\n\n\n<p><strong>Hochwertiger Edelstahl in Lebensmittelqualit\u00e4t: <\/strong>Das vollst\u00e4ndig aus lebensmittelechtem Edelstahl gefertigte Sieb verhindert die Verunreinigung Ihrer Zutaten und ist zudem rostfrei. Sie k\u00f6nnen es getrost f\u00fcr alle Arten von Mehl und Trockengut verwenden.<\/p>\n\n\n\n<p><strong>Hochglanzpolierte, elegante Oberfl\u00e4che<\/strong>\uff1aDie glatte, spiegelnde Oberfl\u00e4che sieht nicht nur in jeder K\u00fcche schick aus, sondern ist auch leicht zu reinigen. Mehl und Ablagerungen lassen sich m\u00fchelos entfernen, was Zeit und M\u00fche spart.<\/p>\n\n\n\n<p><strong>Verstaubare, kompakte Gr\u00f6\u00dfe f\u00fcr Pr\u00e4zision\uff1a<\/strong>Dieses Sieb ist ideal f\u00fcr kleine Mengen und erm\u00f6glicht es Ihnen, Mehl genau abzumessen und zu sieben, um jedes Mal gleichm\u00e4\u00dfige Backergebnisse zu erzielen. Dank seiner verstaubaren, kompakten Gr\u00f6\u00dfe passt es problemlos in jede K\u00fcche.<\/p>\n\n\n\n<p><strong>Wartungsfreundlichkeit und Langlebigkeit\uff1a<\/strong>Das verschlei\u00dffeste und korrosionsbest\u00e4ndige Sieb ist sp\u00fclmaschinenfest und leicht zu pflegen. Ein zuverl\u00e4ssiges Werkzeug, das Sie jahrelang begleiten wird, ohne Kompromisse bei der Qualit\u00e4t einzugehen.<\/p>\n<\/div>\n\n\n\n<div class=\"wp-block-column is-layout-flow wp-block-column-is-layout-flow\">\n<figure class=\"wp-block-image size-full\"><img decoding=\"async\" width=\"870\" height=\"870\" src=\"https:\/\/www.huashunware.com\/wp-content\/uploads\/2025\/09\/Wholesale-Flour-Sifter-Cup-Small-Size-Flour-Sieve2.webp\" alt=\"Gro\u00dfhandel Mehlsieb Tasse kleine Gr\u00f6\u00dfe Mehlsieb2\" class=\"wp-image-475\" srcset=\"https:\/\/www.huashunware.com\/wp-content\/uploads\/2025\/09\/Wholesale-Flour-Sifter-Cup-Small-Size-Flour-Sieve2.webp 870w, https:\/\/www.huashunware.com\/wp-content\/uploads\/2025\/09\/Wholesale-Flour-Sifter-Cup-Small-Size-Flour-Sieve2-300x300.webp 300w, https:\/\/www.huashunware.com\/wp-content\/uploads\/2025\/09\/Wholesale-Flour-Sifter-Cup-Small-Size-Flour-Sieve2-150x150.webp 150w, https:\/\/www.huashunware.com\/wp-content\/uploads\/2025\/09\/Wholesale-Flour-Sifter-Cup-Small-Size-Flour-Sieve2-768x768.webp 768w, https:\/\/www.huashunware.com\/wp-content\/uploads\/2025\/09\/Wholesale-Flour-Sifter-Cup-Small-Size-Flour-Sieve2-600x600.webp 600w, https:\/\/www.huashunware.com\/wp-content\/uploads\/2025\/09\/Wholesale-Flour-Sifter-Cup-Small-Size-Flour-Sieve2-100x100.webp 100w\" sizes=\"(max-width: 870px) 100vw, 870px\" \/><\/figure>\n<\/div>\n<\/div>","protected":false},"excerpt":{"rendered":"<p data-start=\"68\" data-end=\"340\">Gro\u00dfhandel Mehlsieb Tasse kleine Gr\u00f6\u00dfe Mehlsieb ist ein kompaktes, langlebig und elegant K\u00fcche Werkzeug aus verdickten Lebensmittel-Edelstahl hergestellt. Seine hochglanzpolierte Oberfl\u00e4che sorgt f\u00fcr eine einfache Reinigung, w\u00e4hrend die pr\u00e4zise kleine Gr\u00f6\u00dfe es perfekt f\u00fcr das Backen zu Hause und kleine Mengen Mehl macht.<\/p>\n<h2 class=\"brxe-product-title\">Gro\u00dfhandel Mehlsieb Tasse Attribute:<\/h2>\n<table>\n<thead>\n<tr>\n<th style=\"text-align: center;\">Attribut<\/th>\n<th style=\"text-align: center;\">Spezifikation<\/th>\n<\/tr>\n<\/thead>\n<tbody>\n<tr>\n<td>Gewicht<\/td>\n<td>102.5 g<\/td>\n<\/tr>\n<tr>\n<td>Gr\u00f6\u00dfe<\/td>\n<td>\u00d88 \u00d7 8,9 cm (H)<\/td>\n<\/tr>\n<\/tbody>\n<\/table>\n<p><strong>MOQ: 96 St\u00fcck<\/strong><\/p>\n<h2 class=\"brxe-product-title\">Kundenspezifische Mehlsiebtasse:<\/h2>\n<ul>\n<li data-start=\"36\" data-end=\"91\">\n<p data-start=\"38\" data-end=\"91\"><strong data-start=\"38\" data-end=\"49\">Beispiel:<\/strong> Kostenloses Muster vor Gro\u00dfbestellung verf\u00fcgbar<\/p>\n<\/li>\n<li data-start=\"92\" data-end=\"158\">\n<p data-start=\"94\" data-end=\"158\"><strong data-start=\"94\" data-end=\"112\">Schnelle Lieferung:<\/strong> Auf Lager befindliche Artikel k\u00f6nnen innerhalb von 7 Tagen versandt werden.<\/p>\n<\/li>\n<li data-start=\"159\" data-end=\"274\">\n<p data-start=\"161\" data-end=\"274\"><strong data-start=\"161\" data-end=\"182\">Kundenspezifische Verpackung:<\/strong> Unterst\u00fctzung von kundenspezifischen Logos und verschiedenen Verpackungsoptionen wie PET-Box, PVC-Box oder Geschenkbox<\/p>\n<\/li>\n<\/ul>","protected":false},"featured_media":474,"comment_status":"closed","ping_status":"closed","template":"","meta":{"_acf_changed":false},"product_brand":[],"product_cat":[20,23],"product_tag":[],"class_list":{"0":"post-473","1":"product","2":"type-product","3":"status-publish","4":"has-post-thumbnail","6":"product_cat-wholesale-kitchen-utensils","7":"product_cat-wholesale-stainless-steel-flour-sifter","9":"first","10":"instock","11":"shipping-taxable","12":"product-type-simple"},"acf":[],"_links":{"self":[{"href":"https:\/\/www.huashunware.com\/de\/wp-json\/wp\/v2\/product\/473","targetHints":{"allow":["GET"]}}],"collection":[{"href":"https:\/\/www.huashunware.com\/de\/wp-json\/wp\/v2\/product"}],"about":[{"href":"https:\/\/www.huashunware.com\/de\/wp-json\/wp\/v2\/types\/product"}],"replies":[{"embeddable":true,"href":"https:\/\/www.huashunware.com\/de\/wp-json\/wp\/v2\/comments?post=473"}],"wp:featuredmedia":[{"embeddable":true,"href":"https:\/\/www.huashunware.com\/de\/wp-json\/wp\/v2\/media\/474"}],"wp:attachment":[{"href":"https:\/\/www.huashunware.com\/de\/wp-json\/wp\/v2\/media?parent=473"}],"wp:term":[{"taxonomy":"product_brand","embeddable":true,"href":"https:\/\/www.huashunware.com\/de\/wp-json\/wp\/v2\/product_brand?post=473"},{"taxonomy":"product_cat","embeddable":true,"href":"https:\/\/www.huashunware.com\/de\/wp-json\/wp\/v2\/product_cat?post=473"},{"taxonomy":"product_tag","embeddable":true,"href":"https:\/\/www.huashunware.com\/de\/wp-json\/wp\/v2\/product_tag?post=473"}],"curies":[{"name":"wp","href":"https:\/\/api.w.org\/{rel}","templated":true}]}}