{"id":477,"date":"2025-09-18T07:59:37","date_gmt":"2025-09-18T07:59:37","guid":{"rendered":"https:\/\/www.huashunware.com\/?post_type=product&#038;p=477"},"modified":"2025-09-18T08:05:35","modified_gmt":"2025-09-18T08:05:35","slug":"custom-flour-sifter-cup-middle-size-flour-sieve","status":"publish","type":"product","link":"https:\/\/www.huashunware.com\/de\/produkt\/custom-flour-sifter-cup-middle-size-flour-sieve\/","title":{"rendered":"Benutzerdefinierte Mehlsieb Tasse mittlere Gr\u00f6\u00dfe Mehlsieb"},"content":{"rendered":"<div class=\"wp-block-columns is-layout-flex wp-container-core-columns-is-layout-9d6595d7 wp-block-columns-is-layout-flex\">\n<div class=\"wp-block-column is-layout-flow wp-block-column-is-layout-flow\">\n<h2 class=\"wp-block-heading\">Mehlsiebbecher Merkmale:<\/h2>\n\n\n\n<p><strong>Verdicktes Metall f\u00fcr dauerhafte Best\u00e4ndigkeit\uff1a<\/strong>Dieses Sieb wurde speziell entwickelt, um Beulen, Verformungen und rauer Behandlung standzuhalten, und verliert im Laufe der Zeit weder Form noch Funktion. Perfekt f\u00fcr regelm\u00e4\u00dfiges Backen zu Hause und leichte gewerbliche Nutzung.<\/p>\n\n\n\n<p><strong>Sicherer Edelstahl in Lebensmittelqualit\u00e4t\uff1a<\/strong>Jedes Teil des Siebs ist aus lebensmittelechtem Edelstahl gefertigt, damit Ihre Zutaten keimfrei und frei von Verunreinigungen bleiben.<\/p>\n\n\n\n<p><strong>Hochglanzpolierte, gl\u00e4nzende Oberfl\u00e4che\uff1a<\/strong> Die glatte Oberfl\u00e4che bietet nicht nur ein professionelles, gl\u00e4nzendes Erscheinungsbild, sondern ist auch einfach und schnell zu reinigen und zu pflegen.<\/p>\n\n\n\n<p><strong>Mittlere Gr\u00f6\u00dfe f\u00fcr bequemes Backen\uff1a<\/strong>Genau die richtige Gr\u00f6\u00dfe f\u00fcr all Ihre Backbed\u00fcrfnisse, von Kuchen und Geb\u00e4ck bis hin zu Muffins und Brot, mit der perfekten Balance aus Effizienz und Pr\u00e4zision.<\/p>\n\n\n\n<p><strong>Sanfte, gleichm\u00e4\u00dfige Sichtung f\u00fcr zuverl\u00e4ssige Ergebnisse\uff1a<\/strong>Das sorgf\u00e4ltig konstruierte Sieb l\u00e4sst das Mehl zuverl\u00e4ssig und klumpenfrei hindurch und sorgt f\u00fcr die ideale Textur f\u00fcr alle Ihre Rezepte.<\/p>\n<\/div>\n\n\n\n<div class=\"wp-block-column is-layout-flow wp-block-column-is-layout-flow\">\n<figure class=\"wp-block-image size-full\"><img decoding=\"async\" width=\"951\" height=\"951\" src=\"https:\/\/www.huashunware.com\/wp-content\/uploads\/2025\/09\/Custom-Flour-Sifter-Cup-Middle-Size-Flour-Sieve2.webp\" alt=\"Benutzerdefinierte Mehlsieb Tasse mittlere Gr\u00f6\u00dfe Mehlsieb2\" class=\"wp-image-479\" srcset=\"https:\/\/www.huashunware.com\/wp-content\/uploads\/2025\/09\/Custom-Flour-Sifter-Cup-Middle-Size-Flour-Sieve2.webp 951w, https:\/\/www.huashunware.com\/wp-content\/uploads\/2025\/09\/Custom-Flour-Sifter-Cup-Middle-Size-Flour-Sieve2-300x300.webp 300w, https:\/\/www.huashunware.com\/wp-content\/uploads\/2025\/09\/Custom-Flour-Sifter-Cup-Middle-Size-Flour-Sieve2-150x150.webp 150w, https:\/\/www.huashunware.com\/wp-content\/uploads\/2025\/09\/Custom-Flour-Sifter-Cup-Middle-Size-Flour-Sieve2-768x768.webp 768w, https:\/\/www.huashunware.com\/wp-content\/uploads\/2025\/09\/Custom-Flour-Sifter-Cup-Middle-Size-Flour-Sieve2-600x600.webp 600w, https:\/\/www.huashunware.com\/wp-content\/uploads\/2025\/09\/Custom-Flour-Sifter-Cup-Middle-Size-Flour-Sieve2-100x100.webp 100w\" sizes=\"(max-width: 951px) 100vw, 951px\" \/><\/figure>\n<\/div>\n<\/div>","protected":false},"excerpt":{"rendered":"<p data-start=\"2747\" data-end=\"3047\">Die benutzerdefinierte Mehlsiebtasse mittlerer Gr\u00f6\u00dfe kombiniert Haltbarkeit, Hygiene und Eleganz. Seine mittlere Gr\u00f6\u00dfe eignet sich perfekt f\u00fcr die t\u00e4glichen Backaufgaben und sorgt jedes Mal f\u00fcr glattes, gleichm\u00e4\u00dfiges Mehl. Verdickter Edelstahl gew\u00e4hrleistet eine lange Lebensdauer bei minimaler Wartung.<\/p>\n<h2 class=\"brxe-product-title\">Gro\u00dfhandel Mehlsieb Tasse Attribute:<\/h2>\n<table>\n<thead>\n<tr>\n<th style=\"text-align: center;\">Attribut<\/th>\n<th style=\"text-align: center;\">Spezifikation<\/th>\n<\/tr>\n<\/thead>\n<tbody>\n<tr>\n<td>Gewicht<\/td>\n<td>208 g<\/td>\n<\/tr>\n<tr>\n<td>Gr\u00f6\u00dfe<\/td>\n<td>\u00d89,4 \u00d7 12,8 cm (H)<\/td>\n<\/tr>\n<\/tbody>\n<\/table>\n<p><strong>MOQ: 72 St\u00fcck<\/strong><\/p>\n<h2 class=\"brxe-product-title\">Kundenspezifische Mehlsiebtasse:<\/h2>\n<ul>\n<li data-start=\"36\" data-end=\"91\">\n<p data-start=\"38\" data-end=\"91\"><strong data-start=\"38\" data-end=\"49\">Beispiel:<\/strong> Kostenloses Muster vor Gro\u00dfbestellung verf\u00fcgbar<\/p>\n<\/li>\n<li data-start=\"92\" data-end=\"158\">\n<p data-start=\"94\" data-end=\"158\"><strong data-start=\"94\" data-end=\"112\">Schnelle Lieferung:<\/strong> Auf Lager befindliche Artikel k\u00f6nnen innerhalb von 7 Tagen versandt werden.<\/p>\n<\/li>\n<li data-start=\"159\" data-end=\"274\">\n<p data-start=\"161\" data-end=\"274\"><strong data-start=\"161\" data-end=\"182\">Kundenspezifische Verpackung:<\/strong> Unterst\u00fctzung von kundenspezifischen Logos und verschiedenen Verpackungsoptionen wie PET-Box, PVC-Box oder Geschenkbox<\/p>\n<\/li>\n<\/ul>","protected":false},"featured_media":478,"comment_status":"closed","ping_status":"closed","template":"","meta":{"_acf_changed":false},"product_brand":[],"product_cat":[20,23],"product_tag":[],"class_list":{"0":"post-477","1":"product","2":"type-product","3":"status-publish","4":"has-post-thumbnail","6":"product_cat-wholesale-kitchen-utensils","7":"product_cat-wholesale-stainless-steel-flour-sifter","9":"first","10":"instock","11":"shipping-taxable","12":"product-type-simple"},"acf":[],"_links":{"self":[{"href":"https:\/\/www.huashunware.com\/de\/wp-json\/wp\/v2\/product\/477","targetHints":{"allow":["GET"]}}],"collection":[{"href":"https:\/\/www.huashunware.com\/de\/wp-json\/wp\/v2\/product"}],"about":[{"href":"https:\/\/www.huashunware.com\/de\/wp-json\/wp\/v2\/types\/product"}],"replies":[{"embeddable":true,"href":"https:\/\/www.huashunware.com\/de\/wp-json\/wp\/v2\/comments?post=477"}],"wp:featuredmedia":[{"embeddable":true,"href":"https:\/\/www.huashunware.com\/de\/wp-json\/wp\/v2\/media\/478"}],"wp:attachment":[{"href":"https:\/\/www.huashunware.com\/de\/wp-json\/wp\/v2\/media?parent=477"}],"wp:term":[{"taxonomy":"product_brand","embeddable":true,"href":"https:\/\/www.huashunware.com\/de\/wp-json\/wp\/v2\/product_brand?post=477"},{"taxonomy":"product_cat","embeddable":true,"href":"https:\/\/www.huashunware.com\/de\/wp-json\/wp\/v2\/product_cat?post=477"},{"taxonomy":"product_tag","embeddable":true,"href":"https:\/\/www.huashunware.com\/de\/wp-json\/wp\/v2\/product_tag?post=477"}],"curies":[{"name":"wp","href":"https:\/\/api.w.org\/{rel}","templated":true}]}}