{"id":481,"date":"2025-09-18T08:06:12","date_gmt":"2025-09-18T08:06:12","guid":{"rendered":"https:\/\/www.huashunware.com\/?post_type=product&#038;p=481"},"modified":"2025-09-18T08:15:40","modified_gmt":"2025-09-18T08:15:40","slug":"bulk-flour-sieve-cup-large-size-flour-sieve","status":"publish","type":"product","link":"https:\/\/www.huashunware.com\/de\/produkt\/bulk-flour-sieve-cup-large-size-flour-sieve\/","title":{"rendered":"Bulk Mehlsieb Cup Gro\u00dfes Mehlsieb"},"content":{"rendered":"<div class=\"wp-block-columns is-layout-flex wp-container-core-columns-is-layout-9d6595d7 wp-block-columns-is-layout-flex\">\n<div class=\"wp-block-column is-layout-flow wp-block-column-is-layout-flow\">\n<h2 class=\"wp-block-heading\">Mehlsiebbecher Merkmale:<\/h2>\n\n\n\n<p><strong>Extradickes Metall f\u00fcr hohe Beanspruchung:<\/strong>Dieses aus dickem, verst\u00e4rktem Metall gefertigte Sieb h\u00e4lt gro\u00dfen Mengen Mehl und starker Beanspruchung stand, ohne zu verbiegen oder zu brechen. Die ideale Option f\u00fcr den kommerziellen Einsatz und ernsthafte Heimb\u00e4cker.<\/p>\n\n\n\n<p><strong>Premium-Edelstahl in Lebensmittelqualit\u00e4t:<\/strong>Aus hochwertigem Edelstahl gefertigt, ist er gesund, langlebig sowie rost- und korrosionsbest\u00e4ndig und h\u00e4lt Ihre Zutaten sauber und gesund.<\/p>\n\n\n\n<p><strong>Hochglanzpolierte professionelle Ausf\u00fchrung:<\/strong>Die leicht abwischbare, glatte Oberfl\u00e4che verleiht der K\u00fcche Eleganz und erm\u00f6glicht eine m\u00fchelose Reinigung im Handumdrehen - eine Wohltat bei chaotischen Backzeiten.<\/p>\n\n\n\n<p><strong>Reichlich Platz zum Backen in gro\u00dfen Mengen:<\/strong>Sein gro\u00dfes Fassungsverm\u00f6gen erm\u00f6glicht das m\u00fchelose Sieben von riesigen Mehlmengen, ideal f\u00fcr B\u00e4ckereien, Restaurants oder Familienessen. Spart M\u00fche und Vorbereitungszeit.<\/p>\n\n\n\n<p><strong>Geringer Wartungsaufwand und lange Lebensdauer\uff1a<\/strong>Langlebig, widersteht es st\u00e4ndiger starker Beanspruchung und Abnutzung und bleibt Jahr f\u00fcr Jahr poliert. Eine gute Wahl f\u00fcr das t\u00e4gliche Backen bei hoher Beanspruchung.<\/p>\n<\/div>\n\n\n\n<div class=\"wp-block-column is-layout-flow wp-block-column-is-layout-flow\">\n<figure class=\"wp-block-image size-full\"><img decoding=\"async\" width=\"816\" height=\"816\" src=\"https:\/\/www.huashunware.com\/wp-content\/uploads\/2025\/09\/Bulk-Flour-Sieve-Cup-Large-Size-Flour-Sieve1-1.webp\" alt=\"Gro\u00dfes Mehlsieb Cup Large Size Mehlsieb1\" class=\"wp-image-484\" srcset=\"https:\/\/www.huashunware.com\/wp-content\/uploads\/2025\/09\/Bulk-Flour-Sieve-Cup-Large-Size-Flour-Sieve1-1.webp 816w, https:\/\/www.huashunware.com\/wp-content\/uploads\/2025\/09\/Bulk-Flour-Sieve-Cup-Large-Size-Flour-Sieve1-1-300x300.webp 300w, https:\/\/www.huashunware.com\/wp-content\/uploads\/2025\/09\/Bulk-Flour-Sieve-Cup-Large-Size-Flour-Sieve1-1-150x150.webp 150w, https:\/\/www.huashunware.com\/wp-content\/uploads\/2025\/09\/Bulk-Flour-Sieve-Cup-Large-Size-Flour-Sieve1-1-768x768.webp 768w, https:\/\/www.huashunware.com\/wp-content\/uploads\/2025\/09\/Bulk-Flour-Sieve-Cup-Large-Size-Flour-Sieve1-1-600x600.webp 600w, https:\/\/www.huashunware.com\/wp-content\/uploads\/2025\/09\/Bulk-Flour-Sieve-Cup-Large-Size-Flour-Sieve1-1-100x100.webp 100w\" sizes=\"(max-width: 816px) 100vw, 816px\" \/><\/figure>\n<\/div>\n<\/div>","protected":false},"excerpt":{"rendered":"<p data-start=\"2747\" data-end=\"3047\">Die gro\u00dfe Mehlsiebtasse ist ein langlebiges, leistungsstarkes K\u00fcchenger\u00e4t aus extra dickem, lebensmittelechtem Edelstahl. Die hochglanzpolierte Oberfl\u00e4che sorgt f\u00fcr eine einfache Reinigung und ein professionelles Erscheinungsbild und eignet sich perfekt zum Sieben von gro\u00dfen Mengen und f\u00fcr gleichm\u00e4\u00dfige Backergebnisse.<\/p>\n<h2 class=\"brxe-product-title\">Sch\u00fcttgut Mehlsieb Tasse Attribute:<\/h2>\n<table>\n<thead>\n<tr>\n<th style=\"text-align: center;\">Attribut<\/th>\n<th style=\"text-align: center;\">Spezifikation<\/th>\n<\/tr>\n<\/thead>\n<tbody>\n<tr>\n<td>Gewicht<\/td>\n<td>263.5 g<\/td>\n<\/tr>\n<tr>\n<td>Gr\u00f6\u00dfe<\/td>\n<td>\u00d811,8 \u00d7 12,8 cm (H)<\/td>\n<\/tr>\n<\/tbody>\n<\/table>\n<p><strong>MOQ:36St\u00fcck<\/strong><\/p>\n<h2 class=\"brxe-product-title\">Kundenspezifische Mehlsiebtasse:<\/h2>\n<ul>\n<li data-start=\"36\" data-end=\"91\">\n<p data-start=\"38\" data-end=\"91\"><strong data-start=\"38\" data-end=\"49\">Beispiel:<\/strong> Kostenloses Muster vor Gro\u00dfbestellung verf\u00fcgbar<\/p>\n<\/li>\n<li data-start=\"92\" data-end=\"158\">\n<p data-start=\"94\" data-end=\"158\"><strong data-start=\"94\" data-end=\"112\">Schnelle Lieferung:<\/strong> Auf Lager befindliche Artikel k\u00f6nnen innerhalb von 7 Tagen versandt werden.<\/p>\n<\/li>\n<li data-start=\"159\" data-end=\"274\">\n<p data-start=\"161\" data-end=\"274\"><strong data-start=\"161\" data-end=\"182\">Kundenspezifische Verpackung:<\/strong> Unterst\u00fctzung von kundenspezifischen Logos und verschiedenen Verpackungsoptionen wie PET-Box, PVC-Box oder Geschenkbox<\/p>\n<\/li>\n<\/ul>","protected":false},"featured_media":485,"comment_status":"closed","ping_status":"closed","template":"","meta":{"_acf_changed":false},"product_brand":[],"product_cat":[20,23],"product_tag":[],"class_list":{"0":"post-481","1":"product","2":"type-product","3":"status-publish","4":"has-post-thumbnail","6":"product_cat-wholesale-kitchen-utensils","7":"product_cat-wholesale-stainless-steel-flour-sifter","9":"first","10":"instock","11":"shipping-taxable","12":"product-type-simple"},"acf":[],"_links":{"self":[{"href":"https:\/\/www.huashunware.com\/de\/wp-json\/wp\/v2\/product\/481","targetHints":{"allow":["GET"]}}],"collection":[{"href":"https:\/\/www.huashunware.com\/de\/wp-json\/wp\/v2\/product"}],"about":[{"href":"https:\/\/www.huashunware.com\/de\/wp-json\/wp\/v2\/types\/product"}],"replies":[{"embeddable":true,"href":"https:\/\/www.huashunware.com\/de\/wp-json\/wp\/v2\/comments?post=481"}],"wp:featuredmedia":[{"embeddable":true,"href":"https:\/\/www.huashunware.com\/de\/wp-json\/wp\/v2\/media\/485"}],"wp:attachment":[{"href":"https:\/\/www.huashunware.com\/de\/wp-json\/wp\/v2\/media?parent=481"}],"wp:term":[{"taxonomy":"product_brand","embeddable":true,"href":"https:\/\/www.huashunware.com\/de\/wp-json\/wp\/v2\/product_brand?post=481"},{"taxonomy":"product_cat","embeddable":true,"href":"https:\/\/www.huashunware.com\/de\/wp-json\/wp\/v2\/product_cat?post=481"},{"taxonomy":"product_tag","embeddable":true,"href":"https:\/\/www.huashunware.com\/de\/wp-json\/wp\/v2\/product_tag?post=481"}],"curies":[{"name":"wp","href":"https:\/\/api.w.org\/{rel}","templated":true}]}}