{"id":487,"date":"2025-09-18T08:26:48","date_gmt":"2025-09-18T08:26:48","guid":{"rendered":"https:\/\/www.huashunware.com\/?post_type=product&#038;p=487"},"modified":"2025-09-18T08:34:17","modified_gmt":"2025-09-18T08:34:17","slug":"wholesale-stainless-steel-ice-cube-tray","status":"publish","type":"product","link":"https:\/\/www.huashunware.com\/de\/produkt\/wholesale-stainless-steel-ice-cube-tray\/","title":{"rendered":"Gro\u00dfhandel Edelstahl Eisw\u00fcrfelschale"},"content":{"rendered":"<div class=\"wp-block-columns is-layout-flex wp-container-core-columns-is-layout-9d6595d7 wp-block-columns-is-layout-flex\">\n<div class=\"wp-block-column is-layout-flow wp-block-column-is-layout-flow\">\n<h2 class=\"wp-block-heading\">Eisw\u00fcrfelschale aus Edelstahl Merkmale:<\/h2>\n\n\n\n<p><strong>Langlebige Konstruktion aus verdicktem Metall\uff1a<\/strong>Dieser Eisw\u00fcrfelbeh\u00e4lter aus verst\u00e4rktem Edelstahl l\u00e4sst sich nicht verbiegen oder verformen und h\u00e4lt so auch starker Beanspruchung im K\u00fcchenalltag stand.<\/p>\n\n\n\n<p><strong>Lebensmittelgeeigneter Edelstahl\uff1a<\/strong>Diese Schale ist silikonfrei und besteht aus sicherem, ungiftigem Edelstahl. Sie liefert hygienische Eisw\u00fcrfel f\u00fcr Getr\u00e4nke und die Zubereitung von Speisen.<\/p>\n\n\n\n<p><strong>Hochglanzpolierte gl\u00e4nzende Oberfl\u00e4che\uff1a<\/strong>Die spiegelglatte, gl\u00e4nzende Oberfl\u00e4che sieht nicht nur extravagant aus, sondern verhindert auch das Festkleben, so dass sich die W\u00fcrfel m\u00fchelos entnehmen lassen.<\/p>\n\n\n\n<p><strong>Wiederverwendbar und umweltfreundlich\uff1a<\/strong>Im Gegensatz zu Kunststofftabletts ist dieses Edelstahltablett f\u00fcr die Wiederverwendung geeignet, wodurch weniger Abfall anf\u00e4llt, ohne dass die Haltbarkeit beeintr\u00e4chtigt wird.<\/p>\n\n\n\n<p><strong>Einfache Wartung und Reinigung\uff1a<\/strong>Dieses rostfreie und sp\u00fclmaschinenfeste Tablett ist einfach zu reinigen und macht Ihre K\u00fcche mit minimalem Aufwand sauber.<\/p>\n<\/div>\n\n\n\n<div class=\"wp-block-column is-layout-flow wp-block-column-is-layout-flow\">\n<figure class=\"wp-block-image size-full\"><img decoding=\"async\" width=\"2500\" height=\"2500\" src=\"https:\/\/www.huashunware.com\/wp-content\/uploads\/2025\/09\/Wholesale-Stainless-Steel-Ice-Cube-Tray1.webp\" alt=\"Gro\u00dfhandel Edelstahl Eisw\u00fcrfelbereiter1\" class=\"wp-image-488\" srcset=\"https:\/\/www.huashunware.com\/wp-content\/uploads\/2025\/09\/Wholesale-Stainless-Steel-Ice-Cube-Tray1.webp 2500w, https:\/\/www.huashunware.com\/wp-content\/uploads\/2025\/09\/Wholesale-Stainless-Steel-Ice-Cube-Tray1-300x300.webp 300w, https:\/\/www.huashunware.com\/wp-content\/uploads\/2025\/09\/Wholesale-Stainless-Steel-Ice-Cube-Tray1-150x150.webp 150w, https:\/\/www.huashunware.com\/wp-content\/uploads\/2025\/09\/Wholesale-Stainless-Steel-Ice-Cube-Tray1-768x768.webp 768w, https:\/\/www.huashunware.com\/wp-content\/uploads\/2025\/09\/Wholesale-Stainless-Steel-Ice-Cube-Tray1-1200x1200.webp 1200w, https:\/\/www.huashunware.com\/wp-content\/uploads\/2025\/09\/Wholesale-Stainless-Steel-Ice-Cube-Tray1-600x600.webp 600w, https:\/\/www.huashunware.com\/wp-content\/uploads\/2025\/09\/Wholesale-Stainless-Steel-Ice-Cube-Tray1-100x100.webp 100w\" sizes=\"(max-width: 2500px) 100vw, 2500px\" \/><\/figure>\n<\/div>\n<\/div>","protected":false},"excerpt":{"rendered":"<p data-start=\"2747\" data-end=\"3047\">Der Gro\u00dfhandelseisw\u00fcrfelbeh\u00e4lter aus Edelstahl besteht aus verdicktem, lebensmittelechtem Edelstahl mit einer hochglanzpolierten Oberfl\u00e4che, die f\u00fcr Langlebigkeit und eine einfache Eisabgabe sorgt. Das robuste Design gew\u00e4hrleistet eine lange Lebensdauer, w\u00e4hrend das umweltfreundliche und leicht zu reinigende Material es zu einer zuverl\u00e4ssigen Erg\u00e4nzung f\u00fcr jede K\u00fcche macht.<\/p>\n<h2 class=\"brxe-product-title\">Gro\u00dfhandel Edelstahl Eisw\u00fcrfelschale Attribute:<\/h2>\n<table>\n<thead>\n<tr>\n<th style=\"text-align: center;\">Attribut<\/th>\n<th style=\"text-align: center;\">Spezifikation<\/th>\n<\/tr>\n<\/thead>\n<tbody>\n<tr>\n<td>Gewicht<\/td>\n<td>515 g<\/td>\n<\/tr>\n<tr>\n<td>Gr\u00f6\u00dfe<\/td>\n<td>28 \u00d7 12 \u00d7 4,5 cm (L \u00d7 B \u00d7 H)<\/td>\n<\/tr>\n<\/tbody>\n<\/table>\n<p><strong>MOQ:24St\u00fcck<\/strong><\/p>\n<h2 class=\"brxe-product-title\">Individueller Eisw\u00fcrfelbeh\u00e4lter aus Edelstahl:<\/h2>\n<ul>\n<li data-start=\"16\" data-end=\"71\">\n<p data-start=\"18\" data-end=\"71\"><strong data-start=\"18\" data-end=\"29\">Beispiel:<\/strong> Kostenloses Muster vor Gro\u00dfbestellung verf\u00fcgbar<\/p>\n<\/li>\n<li data-start=\"72\" data-end=\"138\">\n<p data-start=\"74\" data-end=\"138\"><strong data-start=\"74\" data-end=\"92\">Schnelle Lieferung:<\/strong> Auf Lager befindliche Artikel k\u00f6nnen innerhalb von 7 Tagen versandt werden.<\/p>\n<\/li>\n<li data-start=\"139\" data-end=\"254\">\n<p data-start=\"141\" data-end=\"254\"><strong data-start=\"141\" data-end=\"162\">Kundenspezifische Verpackung:<\/strong> Unterst\u00fctzung von kundenspezifischen Logos und verschiedenen Verpackungsoptionen wie PET-Box, PVC-Box oder Geschenkbox<\/p>\n<\/li>\n<\/ul>","protected":false},"featured_media":489,"comment_status":"closed","ping_status":"closed","template":"","meta":{"_acf_changed":false},"product_brand":[],"product_cat":[20,24],"product_tag":[],"class_list":{"0":"post-487","1":"product","2":"type-product","3":"status-publish","4":"has-post-thumbnail","6":"product_cat-wholesale-kitchen-utensils","7":"product_cat-wholesale-stainless-steel-ice-cube-trays","9":"first","10":"instock","11":"shipping-taxable","12":"product-type-simple"},"acf":[],"_links":{"self":[{"href":"https:\/\/www.huashunware.com\/de\/wp-json\/wp\/v2\/product\/487","targetHints":{"allow":["GET"]}}],"collection":[{"href":"https:\/\/www.huashunware.com\/de\/wp-json\/wp\/v2\/product"}],"about":[{"href":"https:\/\/www.huashunware.com\/de\/wp-json\/wp\/v2\/types\/product"}],"replies":[{"embeddable":true,"href":"https:\/\/www.huashunware.com\/de\/wp-json\/wp\/v2\/comments?post=487"}],"wp:featuredmedia":[{"embeddable":true,"href":"https:\/\/www.huashunware.com\/de\/wp-json\/wp\/v2\/media\/489"}],"wp:attachment":[{"href":"https:\/\/www.huashunware.com\/de\/wp-json\/wp\/v2\/media?parent=487"}],"wp:term":[{"taxonomy":"product_brand","embeddable":true,"href":"https:\/\/www.huashunware.com\/de\/wp-json\/wp\/v2\/product_brand?post=487"},{"taxonomy":"product_cat","embeddable":true,"href":"https:\/\/www.huashunware.com\/de\/wp-json\/wp\/v2\/product_cat?post=487"},{"taxonomy":"product_tag","embeddable":true,"href":"https:\/\/www.huashunware.com\/de\/wp-json\/wp\/v2\/product_tag?post=487"}],"curies":[{"name":"wp","href":"https:\/\/api.w.org\/{rel}","templated":true}]}}