{"id":725,"date":"2025-10-08T07:33:12","date_gmt":"2025-10-08T07:21:49","guid":{"rendered":"https:\/\/www.huashunware.com\/?post_type=product&#038;p=725"},"modified":"2026-02-05T08:35:27","modified_gmt":"2026-02-05T08:35:27","slug":"bulk-plastic-handle-flatware-set","status":"publish","type":"product","link":"https:\/\/www.huashunware.com\/de\/produkt\/bulk-plastic-handle-flatware-set\/","title":{"rendered":"Bulk Kunststoffgriff Besteck Set langlebig Besteck f\u00fcr Haus &amp; Restaurant"},"content":{"rendered":"<div class=\"wp-block-columns is-layout-flex wp-container-core-columns-is-layout-9d6595d7 wp-block-columns-is-layout-flex\">\n<div class=\"wp-block-column is-layout-flow wp-block-column-is-layout-flow\">\n<h2 class=\"wp-block-heading\">Bulk Plastikgriff Besteck Set Eigenschaften:<\/h2>\n\n\n\n<p><strong>Hochwertige Konstruktion aus 18\/0-Edelstahl<\/strong><br>Dieses Besteckset aus robustem, hochwertigem 18\/0-Edelstahl, der rostfrei, korrosionsbest\u00e4ndig und verf\u00e4rbungsfrei ist, entspricht den Lebensmittelvorschriften der EU und der USA und bietet eine lange Lebensdauer und Sicherheit f\u00fcr den t\u00e4glichen Gebrauch.<\/p>\n\n\n\n<p><strong>Raffinierte spiegelpolierte Oberfl\u00e4che<\/strong><br>Die glatte, spiegelpolierte Oberfl\u00e4che und die scharf geschliffene, aber sichere Kante jedes St\u00fccks sorgen f\u00fcr einen luxuri\u00f6sen, hochwertigen Glanz und ein elegantes Erscheinungsbild, das jedem gedeckten Tisch - ob bei einem zwanglosen Abendessen oder einer feinen Mahlzeit - gehobene Raffinesse verleiht.<\/p>\n\n\n\n<p><strong>Komfortabler Kunststoffgriff<\/strong><br>Der ergonomische Kunststoffgriff bietet einen festen, rutschfesten Griff, der angenehm in der Hand liegt und den Genuss jeder Mahlzeit erh\u00f6ht, w\u00e4hrend er gleichzeitig einen eleganten, modernen Look auf Ihren Tisch bringt.<\/p>\n\n\n\n<p><strong>Praktische Verpackung f\u00fcr den Einzelhandel<\/strong><br>Die durchdachte Verpackung verf\u00fcgt \u00fcber einen integrierten Griff, der das Tragen, Ausstellen und Verkaufen im Supermarkt erleichtert - oder das Verschenken als fertige Geschenkm\u00f6glichkeit f\u00fcr Einweihungen, Feiertage oder besondere Anl\u00e4sse.<\/p>\n\n\n\n<p><strong>Vielseitig f\u00fcr private und gewerbliche Nutzung<\/strong><br>Dieses Besteck ist sowohl funktional als auch attraktiv und eignet sich perfekt f\u00fcr den Einsatz in Restaurants, bei Catering-Veranstaltungen und f\u00fcr das t\u00e4gliche Essen mit der Familie. Es ist eine elegante und stilvolle Wahl f\u00fcr jeden gedeckten Tisch.<\/p>\n<\/div>\n\n\n\n<div class=\"wp-block-column is-layout-flow wp-block-column-is-layout-flow\">\n<figure class=\"wp-block-image size-full\"><img decoding=\"async\" width=\"1536\" height=\"1536\" src=\"https:\/\/www.huashunware.com\/wp-content\/uploads\/2025\/10\/Bulk-Plastic-Handle-Flatware-Set-1.webp\" alt=\"Bulk-Bestecksatz mit Kunststoffgriffen\" class=\"wp-image-1302\" srcset=\"https:\/\/www.huashunware.com\/wp-content\/uploads\/2025\/10\/Bulk-Plastic-Handle-Flatware-Set-1.webp 1536w, https:\/\/www.huashunware.com\/wp-content\/uploads\/2025\/10\/Bulk-Plastic-Handle-Flatware-Set-1-300x300.webp 300w, https:\/\/www.huashunware.com\/wp-content\/uploads\/2025\/10\/Bulk-Plastic-Handle-Flatware-Set-1-150x150.webp 150w, https:\/\/www.huashunware.com\/wp-content\/uploads\/2025\/10\/Bulk-Plastic-Handle-Flatware-Set-1-768x768.webp 768w, https:\/\/www.huashunware.com\/wp-content\/uploads\/2025\/10\/Bulk-Plastic-Handle-Flatware-Set-1-12x12.webp 12w, https:\/\/www.huashunware.com\/wp-content\/uploads\/2025\/10\/Bulk-Plastic-Handle-Flatware-Set-1-1200x1200.webp 1200w, https:\/\/www.huashunware.com\/wp-content\/uploads\/2025\/10\/Bulk-Plastic-Handle-Flatware-Set-1-600x600.webp 600w, https:\/\/www.huashunware.com\/wp-content\/uploads\/2025\/10\/Bulk-Plastic-Handle-Flatware-Set-1-100x100.webp 100w\" sizes=\"(max-width: 1536px) 100vw, 1536px\" \/><\/figure>\n\n\n\n<figure class=\"wp-block-image size-full\"><img decoding=\"async\" width=\"3072\" height=\"3072\" src=\"https:\/\/www.huashunware.com\/wp-content\/uploads\/2025\/10\/Bulk-Plastic-Handle-Flatware-Set-Durable-Cutlery-for-Home-Restaurant2.webp\" alt=\"Bulk Kunststoffgriff Besteck Set langlebig Besteck f\u00fcr Haus &amp; Restaurant2\" class=\"wp-image-727\" srcset=\"https:\/\/www.huashunware.com\/wp-content\/uploads\/2025\/10\/Bulk-Plastic-Handle-Flatware-Set-Durable-Cutlery-for-Home-Restaurant2.webp 3072w, https:\/\/www.huashunware.com\/wp-content\/uploads\/2025\/10\/Bulk-Plastic-Handle-Flatware-Set-Durable-Cutlery-for-Home-Restaurant2-300x300.webp 300w, https:\/\/www.huashunware.com\/wp-content\/uploads\/2025\/10\/Bulk-Plastic-Handle-Flatware-Set-Durable-Cutlery-for-Home-Restaurant2-150x150.webp 150w, https:\/\/www.huashunware.com\/wp-content\/uploads\/2025\/10\/Bulk-Plastic-Handle-Flatware-Set-Durable-Cutlery-for-Home-Restaurant2-768x768.webp 768w, https:\/\/www.huashunware.com\/wp-content\/uploads\/2025\/10\/Bulk-Plastic-Handle-Flatware-Set-Durable-Cutlery-for-Home-Restaurant2-12x12.webp 12w, https:\/\/www.huashunware.com\/wp-content\/uploads\/2025\/10\/Bulk-Plastic-Handle-Flatware-Set-Durable-Cutlery-for-Home-Restaurant2-1200x1200.webp 1200w, https:\/\/www.huashunware.com\/wp-content\/uploads\/2025\/10\/Bulk-Plastic-Handle-Flatware-Set-Durable-Cutlery-for-Home-Restaurant2-600x600.webp 600w, https:\/\/www.huashunware.com\/wp-content\/uploads\/2025\/10\/Bulk-Plastic-Handle-Flatware-Set-Durable-Cutlery-for-Home-Restaurant2-100x100.webp 100w\" sizes=\"(max-width: 3072px) 100vw, 3072px\" \/><\/figure>\n<\/div>\n<\/div>","protected":false},"excerpt":{"rendered":"<p>Das robuste Besteck mit Kunststoffgriff f\u00fcr Haushalt und Restaurant kombiniert die St\u00e4rke von hochwertigem Edelstahl mit ergonomischem Komfort und modernem Stil. Hochglanzpoliert f\u00fcr einen raffinierten Glanz, ist es ideal f\u00fcr die t\u00e4gliche K\u00fcche und den professionellen Einsatz in der Gastronomie. Willkommen, uns zu kontaktieren\uff01<\/p>\n<h2 class=\"brxe-product-title\">Bulk Kunststoff Griff Besteck Set Attribute:<\/h2>\n<table>\n<thead>\n<tr>\n<th>Artikel<\/th>\n<th>Gewicht (g)<\/th>\n<th>L\u00e4nge (cm)<\/th>\n<th>Breite (cm)<\/th>\n<th>Dicke (mm)<\/th>\n<\/tr>\n<\/thead>\n<tbody>\n<tr>\n<td><strong>Messer<\/strong><\/td>\n<td>32<\/td>\n<td>21.5<\/td>\n<td>2.0<\/td>\n<td>2<\/td>\n<\/tr>\n<tr>\n<td><strong>Gabel<\/strong><\/td>\n<td>30<\/td>\n<td>21.5<\/td>\n<td>2.5<\/td>\n<td>2<\/td>\n<\/tr>\n<tr>\n<td><strong>L\u00f6ffel<\/strong><\/td>\n<td>36.5<\/td>\n<td>20.0<\/td>\n<td>4.3<\/td>\n<td>2<\/td>\n<\/tr>\n<tr>\n<td><strong>Teel\u00f6ffel<\/strong><\/td>\n<td>19<\/td>\n<td>15.6<\/td>\n<td>3.2<\/td>\n<td>2<\/td>\n<\/tr>\n<\/tbody>\n<\/table>\n<h2>Individuelles Kunststoffgriff-Besteck-Set\uff1a<\/h2>\n<ul>\n<li data-pm-slice=\"1 1 []\"><strong>Kostenlose Probe: <\/strong>Bevor Sie eine Gro\u00dfbestellung aufgeben, k\u00f6nnen Sie ein kostenloses Muster anfordern.<\/li>\n<li><strong>Verpackung und Logoanpassung:<\/strong> Wir k\u00f6nnen ein individuelles Logo auf der Verpackung anbringen und verschiedene Verpackungsoptionen verwenden, z. B. eine PET-Box, eine PVC-Box oder eine Geschenkbox.<\/li>\n<li><strong>Logo auf Metall und Griff:<\/strong> Akzeptieren Laser-Logo und gravierte Logo auf dem Metall; akzeptieren gedruckte Logo auf dem Griff.<\/li>\n<li><strong>Optionen f\u00fcr Oberfl\u00e4che und Grifffarbe:<\/strong> Vergoldung akzeptieren oder die Farbe des Griffs nach Bedarf \u00e4ndern<\/li>\n<\/ul>","protected":false},"featured_media":726,"comment_status":"closed","ping_status":"closed","template":"","meta":{"_acf_changed":true},"product_brand":[],"product_cat":[18,26],"product_tag":[],"class_list":{"0":"post-725","1":"product","2":"type-product","3":"status-publish","4":"has-post-thumbnail","6":"product_cat-cutlery-set-wholesale","7":"product_cat-plastic-handle-flatware-set","9":"first","10":"instock","11":"shipping-taxable","12":"product-type-simple"},"acf":[],"_links":{"self":[{"href":"https:\/\/www.huashunware.com\/de\/wp-json\/wp\/v2\/product\/725","targetHints":{"allow":["GET"]}}],"collection":[{"href":"https:\/\/www.huashunware.com\/de\/wp-json\/wp\/v2\/product"}],"about":[{"href":"https:\/\/www.huashunware.com\/de\/wp-json\/wp\/v2\/types\/product"}],"replies":[{"embeddable":true,"href":"https:\/\/www.huashunware.com\/de\/wp-json\/wp\/v2\/comments?post=725"}],"wp:featuredmedia":[{"embeddable":true,"href":"https:\/\/www.huashunware.com\/de\/wp-json\/wp\/v2\/media\/726"}],"wp:attachment":[{"href":"https:\/\/www.huashunware.com\/de\/wp-json\/wp\/v2\/media?parent=725"}],"wp:term":[{"taxonomy":"product_brand","embeddable":true,"href":"https:\/\/www.huashunware.com\/de\/wp-json\/wp\/v2\/product_brand?post=725"},{"taxonomy":"product_cat","embeddable":true,"href":"https:\/\/www.huashunware.com\/de\/wp-json\/wp\/v2\/product_cat?post=725"},{"taxonomy":"product_tag","embeddable":true,"href":"https:\/\/www.huashunware.com\/de\/wp-json\/wp\/v2\/product_tag?post=725"}],"curies":[{"name":"wp","href":"https:\/\/api.w.org\/{rel}","templated":true}]}}