{"id":729,"date":"2025-10-08T08:04:34","date_gmt":"2025-10-08T07:56:31","guid":{"rendered":"https:\/\/www.huashunware.com\/?post_type=product&#038;p=729"},"modified":"2026-02-05T08:41:38","modified_gmt":"2026-02-05T08:41:38","slug":"custom-plastic-handle-flatware-set","status":"publish","type":"product","link":"https:\/\/www.huashunware.com\/de\/produkt\/custom-plastic-handle-flatware-set\/","title":{"rendered":"Individuelles Kunststoffgriff-Besteck mit elegantem Design f\u00fcr die moderne K\u00fcche"},"content":{"rendered":"<div class=\"wp-block-columns is-layout-flex wp-container-core-columns-is-layout-9d6595d7 wp-block-columns-is-layout-flex\">\n<div class=\"wp-block-column is-layout-flow wp-block-column-is-layout-flow\">\n<h2 class=\"wp-block-heading\">Individuelles Kunststoffgriff-Besteck-Set Merkmale:<\/h2>\n\n\n\n<p><strong>Hochwertiger 18\/0-Edelstahl<\/strong><br>Hergestellt aus robustem 18\/0-Edelstahl, der rost- und korrosionsbest\u00e4ndig ist und nicht ausbleicht. Er entspricht den EU- und US-amerikanischen Lebensmittelsicherheitsstandards und bietet eine lange Lebensdauer.<\/p>\n\n\n\n<p><strong>Modernes und elegantes Design<\/strong><br>Mit seinem schlichten und eleganten Aussehen, das sich ideal f\u00fcr moderne Esszimmer eignet, ist dieses Set eines der meistverkauften Produkte auf dem EU-Markt.<\/p>\n\n\n\n<p><strong>Komfortabler Kunststoffgriff<\/strong><br>Ergonomischer Kunststoffgriff, der bequem und sicher in der Hand liegt und Funktion mit Sch\u00f6nheit verbindet.<\/p>\n\n\n\n<p><strong>Extrem langlebig und einfach zu reinigen<\/strong><br>Die spiegelnde Oberfl\u00e4che gl\u00e4nzt auch nach regelm\u00e4\u00dfigem Waschen; sp\u00fclmaschinenfest und kratzfest f\u00fcr den einfachen t\u00e4glichen Gebrauch.<\/p>\n\n\n\n<p><strong>Perfekt f\u00fcr den Einsatz zu Hause und im Restaurant<\/strong><br>Ideal f\u00fcr Familienmahlzeiten, aber auch f\u00fcr die kommerzielle Bewirtung - eine Kombination aus Stil, Langlebigkeit und Nutzbarkeit f\u00fcr jeden Zweck.<\/p>\n<\/div>\n\n\n\n<div class=\"wp-block-column is-layout-flow wp-block-column-is-layout-flow\">\n<figure class=\"wp-block-image size-full\"><img decoding=\"async\" width=\"1728\" height=\"1728\" src=\"https:\/\/www.huashunware.com\/wp-content\/uploads\/2025\/10\/Custom-Plastic-Handle-Flatware-Set-with-Elegant-Design-for-Modern-Dining-1.webp\" alt=\"Individuelles Kunststoffgriff-Besteck mit elegantem Design f\u00fcr die moderne K\u00fcche\" class=\"wp-image-1304\" srcset=\"https:\/\/www.huashunware.com\/wp-content\/uploads\/2025\/10\/Custom-Plastic-Handle-Flatware-Set-with-Elegant-Design-for-Modern-Dining-1.webp 1728w, https:\/\/www.huashunware.com\/wp-content\/uploads\/2025\/10\/Custom-Plastic-Handle-Flatware-Set-with-Elegant-Design-for-Modern-Dining-1-300x300.webp 300w, https:\/\/www.huashunware.com\/wp-content\/uploads\/2025\/10\/Custom-Plastic-Handle-Flatware-Set-with-Elegant-Design-for-Modern-Dining-1-150x150.webp 150w, https:\/\/www.huashunware.com\/wp-content\/uploads\/2025\/10\/Custom-Plastic-Handle-Flatware-Set-with-Elegant-Design-for-Modern-Dining-1-768x768.webp 768w, https:\/\/www.huashunware.com\/wp-content\/uploads\/2025\/10\/Custom-Plastic-Handle-Flatware-Set-with-Elegant-Design-for-Modern-Dining-1-12x12.webp 12w, https:\/\/www.huashunware.com\/wp-content\/uploads\/2025\/10\/Custom-Plastic-Handle-Flatware-Set-with-Elegant-Design-for-Modern-Dining-1-1200x1200.webp 1200w, https:\/\/www.huashunware.com\/wp-content\/uploads\/2025\/10\/Custom-Plastic-Handle-Flatware-Set-with-Elegant-Design-for-Modern-Dining-1-600x600.webp 600w, https:\/\/www.huashunware.com\/wp-content\/uploads\/2025\/10\/Custom-Plastic-Handle-Flatware-Set-with-Elegant-Design-for-Modern-Dining-1-100x100.webp 100w\" sizes=\"(max-width: 1728px) 100vw, 1728px\" \/><\/figure>\n\n\n\n<figure class=\"wp-block-image size-full\"><img decoding=\"async\" width=\"3072\" height=\"3072\" src=\"https:\/\/www.huashunware.com\/wp-content\/uploads\/2025\/10\/Custom-Plastic-Handle-Flatware-Set-with-Elegant-Design-for-Modern-Dining.webp\" alt=\"Individuelles Kunststoffgriff-Besteck mit elegantem Design f\u00fcr die moderne K\u00fcche\" class=\"wp-image-730\" srcset=\"https:\/\/www.huashunware.com\/wp-content\/uploads\/2025\/10\/Custom-Plastic-Handle-Flatware-Set-with-Elegant-Design-for-Modern-Dining.webp 3072w, https:\/\/www.huashunware.com\/wp-content\/uploads\/2025\/10\/Custom-Plastic-Handle-Flatware-Set-with-Elegant-Design-for-Modern-Dining-300x300.webp 300w, https:\/\/www.huashunware.com\/wp-content\/uploads\/2025\/10\/Custom-Plastic-Handle-Flatware-Set-with-Elegant-Design-for-Modern-Dining-150x150.webp 150w, https:\/\/www.huashunware.com\/wp-content\/uploads\/2025\/10\/Custom-Plastic-Handle-Flatware-Set-with-Elegant-Design-for-Modern-Dining-768x768.webp 768w, https:\/\/www.huashunware.com\/wp-content\/uploads\/2025\/10\/Custom-Plastic-Handle-Flatware-Set-with-Elegant-Design-for-Modern-Dining-12x12.webp 12w, https:\/\/www.huashunware.com\/wp-content\/uploads\/2025\/10\/Custom-Plastic-Handle-Flatware-Set-with-Elegant-Design-for-Modern-Dining-1200x1200.webp 1200w, https:\/\/www.huashunware.com\/wp-content\/uploads\/2025\/10\/Custom-Plastic-Handle-Flatware-Set-with-Elegant-Design-for-Modern-Dining-600x600.webp 600w, https:\/\/www.huashunware.com\/wp-content\/uploads\/2025\/10\/Custom-Plastic-Handle-Flatware-Set-with-Elegant-Design-for-Modern-Dining-100x100.webp 100w\" sizes=\"(max-width: 3072px) 100vw, 3072px\" \/><\/figure>\n<\/div>\n<\/div>","protected":false},"excerpt":{"rendered":"<p>Das ma\u00dfgeschneiderte Besteckset mit Kunststoffgriff und elegantem Design f\u00fcr die moderne K\u00fcche bietet eine raffinierte Kombination aus moderner Schlichtheit und dauerhafter Haltbarkeit. Das Besteck aus hochwertigem 18\/0-Edelstahl mit komfortablem Kunststoffgriff ist eine stilvolle und praktische Wahl f\u00fcr die t\u00e4gliche K\u00fcche oder den professionellen Einsatz. Willkommen, uns zu kontaktieren\uff01<\/p>\n<h2 class=\"brxe-product-title\">Benutzerdefinierte Kunststoffgriff Besteck Set Attribute:<\/h2>\n<table>\n<thead>\n<tr>\n<th>Utensilien<\/th>\n<th>Gewicht (g)<\/th>\n<th>L\u00e4nge (cm)<\/th>\n<th>Breite (cm)<\/th>\n<th>Dicke (mm)<\/th>\n<\/tr>\n<\/thead>\n<tbody>\n<tr>\n<td>Messer<\/td>\n<td>38<\/td>\n<td>22.5<\/td>\n<td>1.8<\/td>\n<td>1.8<\/td>\n<\/tr>\n<tr>\n<td>Gabel<\/td>\n<td>30<\/td>\n<td>21.5<\/td>\n<td>2.5<\/td>\n<td>1.8<\/td>\n<\/tr>\n<tr>\n<td>L\u00f6ffel<\/td>\n<td>36.5<\/td>\n<td>20<\/td>\n<td>4.3<\/td>\n<td>1.8<\/td>\n<\/tr>\n<tr>\n<td>Teel\u00f6ffel<\/td>\n<td>19<\/td>\n<td>15.6<\/td>\n<td>3.2<\/td>\n<td>1.8<\/td>\n<\/tr>\n<\/tbody>\n<\/table>\n<h2>Individuelles Kunststoffgriff-Besteck-Set\uff1a<\/h2>\n<ul>\n<li data-pm-slice=\"1 1 []\"><strong>Kostenlose Probe: <\/strong>Bevor Sie eine Gro\u00dfbestellung aufgeben, k\u00f6nnen Sie ein kostenloses Muster anfordern.<\/li>\n<li><strong>Verpackung und Logoanpassung:<\/strong> Wir k\u00f6nnen ein individuelles Logo auf der Verpackung anbringen und verschiedene Verpackungsoptionen verwenden, z. B. eine PET-Box, eine PVC-Box oder eine Geschenkbox.<\/li>\n<li><strong>Logo auf Metall und Griff:<\/strong> Akzeptieren Laser-Logo und gravierte Logo auf dem Metall; akzeptieren gedruckte Logo auf dem Griff.<\/li>\n<li><strong>Optionen f\u00fcr Oberfl\u00e4che und Grifffarbe:<\/strong> Vergoldung akzeptieren oder die Farbe des Griffs nach Bedarf \u00e4ndern<\/li>\n<\/ul>","protected":false},"featured_media":730,"comment_status":"closed","ping_status":"closed","template":"","meta":{"_acf_changed":true},"product_brand":[],"product_cat":[18,26],"product_tag":[],"class_list":{"0":"post-729","1":"product","2":"type-product","3":"status-publish","4":"has-post-thumbnail","6":"product_cat-cutlery-set-wholesale","7":"product_cat-plastic-handle-flatware-set","9":"first","10":"instock","11":"shipping-taxable","12":"product-type-simple"},"acf":[],"_links":{"self":[{"href":"https:\/\/www.huashunware.com\/de\/wp-json\/wp\/v2\/product\/729","targetHints":{"allow":["GET"]}}],"collection":[{"href":"https:\/\/www.huashunware.com\/de\/wp-json\/wp\/v2\/product"}],"about":[{"href":"https:\/\/www.huashunware.com\/de\/wp-json\/wp\/v2\/types\/product"}],"replies":[{"embeddable":true,"href":"https:\/\/www.huashunware.com\/de\/wp-json\/wp\/v2\/comments?post=729"}],"wp:featuredmedia":[{"embeddable":true,"href":"https:\/\/www.huashunware.com\/de\/wp-json\/wp\/v2\/media\/730"}],"wp:attachment":[{"href":"https:\/\/www.huashunware.com\/de\/wp-json\/wp\/v2\/media?parent=729"}],"wp:term":[{"taxonomy":"product_brand","embeddable":true,"href":"https:\/\/www.huashunware.com\/de\/wp-json\/wp\/v2\/product_brand?post=729"},{"taxonomy":"product_cat","embeddable":true,"href":"https:\/\/www.huashunware.com\/de\/wp-json\/wp\/v2\/product_cat?post=729"},{"taxonomy":"product_tag","embeddable":true,"href":"https:\/\/www.huashunware.com\/de\/wp-json\/wp\/v2\/product_tag?post=729"}],"curies":[{"name":"wp","href":"https:\/\/api.w.org\/{rel}","templated":true}]}}