{"id":734,"date":"2025-10-09T09:09:43","date_gmt":"2025-10-09T09:00:22","guid":{"rendered":"https:\/\/www.huashunware.com\/?post_type=product&#038;p=734"},"modified":"2025-10-09T09:11:01","modified_gmt":"2025-10-09T09:11:01","slug":"wholesale-kids-dinnerware-sets-mushroom-kids-plate-set","status":"publish","type":"product","link":"https:\/\/www.huashunware.com\/de\/produkt\/wholesale-kids-dinnerware-sets-mushroom-kids-plate-set\/","title":{"rendered":"Gro\u00dfhandel Kinder Essgeschirr Sets Pilz Kinder Teller Set"},"content":{"rendered":"<div class=\"wp-block-columns is-layout-flex wp-container-core-columns-is-layout-9d6595d7 wp-block-columns-is-layout-flex\">\n<div class=\"wp-block-column is-layout-flow wp-block-column-is-layout-flow\">\n<h2 class=\"wp-block-heading\">Gro\u00dfhandel Kinder Essgeschirr Sets Features:<\/h2>\n\n\n\n<p><strong>Sichere und ungiftige Materialien:<\/strong> Hergestellt aus lebensmittelechtem Silikon nach US-Standard, 100% BPA-frei, ungiftig und sanft f\u00fcr den t\u00e4glichen Gebrauch durch Kinder.<\/p>\n\n\n\n<p><strong>Langlebige Utensilien aus rostfreiem Stahl:<\/strong> Die hochglanzpolierte Oberfl\u00e4che mit abgerundeten Kanten sorgt f\u00fcr einen sanften und sicheren Kontakt mit den H\u00e4nden und dem Mund von Kleinkindern.<\/p>\n\n\n\n<p><strong>Starke Saugbasis:<\/strong> L\u00e4sst sich fest auf jeder glatten Oberfl\u00e4che anbringen, um ein Ausrutschen, Umkippen oder versehentliches Versch\u00fctten w\u00e4hrend des Essens zu verhindern.<\/p>\n\n\n\n<p><strong>Bezauberndes Pilzdesign:<\/strong> Die niedliche und verspielte Pilzform zieht die Aufmerksamkeit der Kinder auf sich und macht die Selbstf\u00fctterung zum Vergn\u00fcgen.<\/p>\n\n\n\n<p><strong>Leicht zu reinigen und langlebig:<\/strong> Sie sind sp\u00fclmaschinenfest, schmutzabweisend und f\u00fcr den t\u00e4glichen Gebrauch in Haushalten, Kinderg\u00e4rten oder Restaurants geeignet.<\/p>\n<\/div>\n\n\n\n<div class=\"wp-block-column is-layout-flow wp-block-column-is-layout-flow\">\n<figure class=\"wp-block-image size-full\"><img decoding=\"async\" width=\"3072\" height=\"3072\" src=\"https:\/\/www.huashunware.com\/wp-content\/uploads\/2025\/10\/Wholesale-Kids-Dinnerware-Sets-Mushroom-Kids-Plate-Set1.webp\" alt=\"Gro\u00dfhandel Kinder Geschirr Sets Pilz Kinder Teller Set1\" class=\"wp-image-735\" srcset=\"https:\/\/www.huashunware.com\/wp-content\/uploads\/2025\/10\/Wholesale-Kids-Dinnerware-Sets-Mushroom-Kids-Plate-Set1.webp 3072w, https:\/\/www.huashunware.com\/wp-content\/uploads\/2025\/10\/Wholesale-Kids-Dinnerware-Sets-Mushroom-Kids-Plate-Set1-300x300.webp 300w, https:\/\/www.huashunware.com\/wp-content\/uploads\/2025\/10\/Wholesale-Kids-Dinnerware-Sets-Mushroom-Kids-Plate-Set1-150x150.webp 150w, https:\/\/www.huashunware.com\/wp-content\/uploads\/2025\/10\/Wholesale-Kids-Dinnerware-Sets-Mushroom-Kids-Plate-Set1-768x768.webp 768w, https:\/\/www.huashunware.com\/wp-content\/uploads\/2025\/10\/Wholesale-Kids-Dinnerware-Sets-Mushroom-Kids-Plate-Set1-12x12.webp 12w, https:\/\/www.huashunware.com\/wp-content\/uploads\/2025\/10\/Wholesale-Kids-Dinnerware-Sets-Mushroom-Kids-Plate-Set1-1200x1200.webp 1200w, https:\/\/www.huashunware.com\/wp-content\/uploads\/2025\/10\/Wholesale-Kids-Dinnerware-Sets-Mushroom-Kids-Plate-Set1-600x600.webp 600w, https:\/\/www.huashunware.com\/wp-content\/uploads\/2025\/10\/Wholesale-Kids-Dinnerware-Sets-Mushroom-Kids-Plate-Set1-100x100.webp 100w\" sizes=\"(max-width: 3072px) 100vw, 3072px\" \/><\/figure>\n<\/div>\n<\/div>","protected":false},"excerpt":{"rendered":"<p data-start=\"68\" data-end=\"340\">Gro\u00dfhandel Kinder Geschirr setzt Pilz Kinder Teller-Set ist sicher, langlebig und Spa\u00df f\u00fcr Kinder. Es besteht aus lebensmittelechtem Silikon und rostfreiem Stahl, ist BPA-frei und ungiftig. Der starke Saugfu\u00df verhindert ein Verrutschen, und das niedliche Pilzdesign macht die Mahlzeit zum Vergn\u00fcgen.<\/p>\n<h2 class=\"brxe-product-title\">Gro\u00dfhandel Kinder Essgeschirr Sets Attribute:<\/h2>\n<table>\n<thead>\n<tr>\n<th align=\"left\">Artikel<\/th>\n<th align=\"left\">Gr\u00f6\u00dfe (mm)<\/th>\n<th align=\"left\">Gewicht (g)<\/th>\n<\/tr>\n<\/thead>\n<tbody>\n<tr>\n<td align=\"left\">Box<\/td>\n<td align=\"left\">230 \u00d7 210 \u00d7 35<\/td>\n<td align=\"left\">390.7<\/td>\n<\/tr>\n<tr>\n<td align=\"left\">Platte<\/td>\n<td align=\"left\">197 \u00d7 183 \u00d7 33<\/td>\n<td align=\"left\">229.4<\/td>\n<\/tr>\n<tr>\n<td align=\"left\">Gabel<\/td>\n<td align=\"left\">108 \u00d7 36 \u00d7 21<\/td>\n<td align=\"left\">36.4<\/td>\n<\/tr>\n<tr>\n<td align=\"left\">L\u00f6ffel<\/td>\n<td align=\"left\">108 \u00d7 36 \u00d7 21<\/td>\n<td align=\"left\">41.2<\/td>\n<\/tr>\n<\/tbody>\n<\/table>\n<p><strong data-start=\"296\" data-end=\"304\">MOQ:<\/strong> 96 St\u00fcck<\/p>\n<h2 class=\"brxe-product-title\">Individuelle Kindergeschirr-Sets :<\/h2>\n<ul>\n<li data-start=\"76\" data-end=\"143\">\n<p data-start=\"78\" data-end=\"143\"><strong data-start=\"78\" data-end=\"89\">Beispiel:<\/strong> Kostenloses Muster zum Testen vor der Gro\u00dfbestellung verf\u00fcgbar<\/p>\n<\/li>\n<li data-start=\"144\" data-end=\"221\">\n<p data-start=\"146\" data-end=\"221\"><strong data-start=\"146\" data-end=\"173\">Kleine Auftr\u00e4ge mit Logo:<\/strong> Akzeptieren Sie kleine Mengen Bestellungen mit benutzerdefinierten Logo<\/p>\n<\/li>\n<li data-start=\"222\" data-end=\"288\">\n<p data-start=\"224\" data-end=\"288\"><strong data-start=\"224\" data-end=\"242\">Schnelle Lieferung:<\/strong> Auf Lager befindliche Artikel k\u00f6nnen innerhalb von 7 Tagen versandt werden.<\/p>\n<\/li>\n<li data-start=\"289\" data-end=\"401\">\n<p data-start=\"291\" data-end=\"401\"><strong data-start=\"291\" data-end=\"326\">Verpackung und Logoanpassung:<\/strong> Unterst\u00fctzung von kundenspezifischen Logos auf der Verpackung; w\u00e4hlen Sie PET-Box, PVC-Box oder Geschenkbox<\/p>\n<\/li>\n<\/ul>","protected":false},"featured_media":737,"comment_status":"closed","ping_status":"closed","template":"","meta":{"_acf_changed":false},"product_brand":[],"product_cat":[19],"product_tag":[],"class_list":{"0":"post-734","1":"product","2":"type-product","3":"status-publish","4":"has-post-thumbnail","6":"product_cat-wholesale-kids-dinnerware","8":"first","9":"instock","10":"shipping-taxable","11":"product-type-simple"},"acf":[],"_links":{"self":[{"href":"https:\/\/www.huashunware.com\/de\/wp-json\/wp\/v2\/product\/734","targetHints":{"allow":["GET"]}}],"collection":[{"href":"https:\/\/www.huashunware.com\/de\/wp-json\/wp\/v2\/product"}],"about":[{"href":"https:\/\/www.huashunware.com\/de\/wp-json\/wp\/v2\/types\/product"}],"replies":[{"embeddable":true,"href":"https:\/\/www.huashunware.com\/de\/wp-json\/wp\/v2\/comments?post=734"}],"wp:featuredmedia":[{"embeddable":true,"href":"https:\/\/www.huashunware.com\/de\/wp-json\/wp\/v2\/media\/737"}],"wp:attachment":[{"href":"https:\/\/www.huashunware.com\/de\/wp-json\/wp\/v2\/media?parent=734"}],"wp:term":[{"taxonomy":"product_brand","embeddable":true,"href":"https:\/\/www.huashunware.com\/de\/wp-json\/wp\/v2\/product_brand?post=734"},{"taxonomy":"product_cat","embeddable":true,"href":"https:\/\/www.huashunware.com\/de\/wp-json\/wp\/v2\/product_cat?post=734"},{"taxonomy":"product_tag","embeddable":true,"href":"https:\/\/www.huashunware.com\/de\/wp-json\/wp\/v2\/product_tag?post=734"}],"curies":[{"name":"wp","href":"https:\/\/api.w.org\/{rel}","templated":true}]}}