{"id":741,"date":"2025-10-09T09:22:10","date_gmt":"2025-10-09T09:13:34","guid":{"rendered":"https:\/\/www.huashunware.com\/?post_type=product&#038;p=741"},"modified":"2025-10-09T09:22:57","modified_gmt":"2025-10-09T09:22:57","slug":"bulk-kids-tableware-with-cute-penguin-design","status":"publish","type":"product","link":"https:\/\/www.huashunware.com\/de\/produkt\/bulk-kids-tableware-with-cute-penguin-design\/","title":{"rendered":"Bulk-Kindergeschirr mit niedlichem Pinguin-Design"},"content":{"rendered":"<div class=\"wp-block-columns is-layout-flex wp-container-core-columns-is-layout-9d6595d7 wp-block-columns-is-layout-flex\">\n<div class=\"wp-block-column is-layout-flow wp-block-column-is-layout-flow\">\n<h2 class=\"wp-block-heading\">Bulk Kindergeschirr Eigenschaften:<\/h2>\n\n\n\n<p><strong>Hochwertiges lebensmittelechtes Silikon:<\/strong> Hergestellt aus BPA-freiem Silikon nach US-Standard, das weich, geruchsneutral und sanft zu kleinen H\u00e4nden und M\u00fcndern ist.<\/p>\n\n\n\n<p><strong>Kinderfreundlicher Edelstahl:<\/strong> Die glatten, polierten Utensilien aus Edelstahl sind f\u00fcr eine sichere Selbstf\u00fctterung und einen einfachen Griff konzipiert.<\/p>\n\n\n\n<p><strong>Stay-Put-Saugfu\u00df:<\/strong> Ein leistungsstarker Saugfu\u00df h\u00e4lt den Teller auf jeder ebenen Oberfl\u00e4che fest und verhindert so, dass etwas versch\u00fcttet wird.<\/p>\n\n\n\n<p><strong>Verspieltes Pinguin-Erscheinungsbild:<\/strong> Die auff\u00e4llige Pinguinform macht das Essen zu einem unterhaltsamen und spannenden Erlebnis f\u00fcr Kinder.<\/p>\n\n\n\n<p><strong>Bequem und langlebig:<\/strong> Leicht, langlebig und sp\u00fclmaschinenfest f\u00fcr eine schnelle Reinigung - perfekt f\u00fcr Familien, Vorschulen und Restaurants.<\/p>\n<\/div>\n\n\n\n<div class=\"wp-block-column is-layout-flow wp-block-column-is-layout-flow\">\n<figure class=\"wp-block-image size-full\"><img decoding=\"async\" width=\"3072\" height=\"3072\" src=\"https:\/\/www.huashunware.com\/wp-content\/uploads\/2025\/10\/Bulk-Kids-Tableware-with-Cute-Penguin-Design2.webp\" alt=\"Bulk Kindergeschirr mit niedlichem Pinguin-Design2\" class=\"wp-image-743\" srcset=\"https:\/\/www.huashunware.com\/wp-content\/uploads\/2025\/10\/Bulk-Kids-Tableware-with-Cute-Penguin-Design2.webp 3072w, https:\/\/www.huashunware.com\/wp-content\/uploads\/2025\/10\/Bulk-Kids-Tableware-with-Cute-Penguin-Design2-300x300.webp 300w, https:\/\/www.huashunware.com\/wp-content\/uploads\/2025\/10\/Bulk-Kids-Tableware-with-Cute-Penguin-Design2-150x150.webp 150w, https:\/\/www.huashunware.com\/wp-content\/uploads\/2025\/10\/Bulk-Kids-Tableware-with-Cute-Penguin-Design2-768x768.webp 768w, https:\/\/www.huashunware.com\/wp-content\/uploads\/2025\/10\/Bulk-Kids-Tableware-with-Cute-Penguin-Design2-12x12.webp 12w, https:\/\/www.huashunware.com\/wp-content\/uploads\/2025\/10\/Bulk-Kids-Tableware-with-Cute-Penguin-Design2-1200x1200.webp 1200w, https:\/\/www.huashunware.com\/wp-content\/uploads\/2025\/10\/Bulk-Kids-Tableware-with-Cute-Penguin-Design2-600x600.webp 600w, https:\/\/www.huashunware.com\/wp-content\/uploads\/2025\/10\/Bulk-Kids-Tableware-with-Cute-Penguin-Design2-100x100.webp 100w\" sizes=\"(max-width: 3072px) 100vw, 3072px\" \/><\/figure>\n<\/div>\n<\/div>","protected":false},"excerpt":{"rendered":"<p data-start=\"68\" data-end=\"340\">Das Kindergeschirr mit dem niedlichen Pinguindesign ist sicher, BPA-frei und ungiftig. Der starke Saugfu\u00df verhindert das Versch\u00fctten von Fl\u00fcssigkeiten, und das niedliche Pinguindesign sorgt f\u00fcr Spa\u00df bei den Mahlzeiten - ideal f\u00fcr Schulen, Restaurants oder Gro\u00dfbestellungen.<\/p>\n<h2 class=\"brxe-product-title\">Gro\u00dfhandel Kinder Essgeschirr Sets Attribute:<\/h2>\n<table>\n<thead>\n<tr>\n<th align=\"left\">Artikel<\/th>\n<th align=\"left\">Gr\u00f6\u00dfe (mm)<\/th>\n<th align=\"left\">Gewicht (g)<\/th>\n<\/tr>\n<\/thead>\n<tbody>\n<tr>\n<td align=\"left\">Box<\/td>\n<td align=\"left\">228 \u00d7 192 \u00d7 35<\/td>\n<td align=\"left\">349<\/td>\n<\/tr>\n<tr>\n<td align=\"left\">Platte<\/td>\n<td align=\"left\">200 \u00d7 165 \u00d7 28<\/td>\n<td align=\"left\">194<\/td>\n<\/tr>\n<tr>\n<td align=\"left\">Gabel<\/td>\n<td align=\"left\">99 \u00d7 38 \u00d7 22<\/td>\n<td align=\"left\">36.2<\/td>\n<\/tr>\n<tr>\n<td align=\"left\">L\u00f6ffel<\/td>\n<td align=\"left\">99 \u00d7 38 \u00d7 22<\/td>\n<td align=\"left\">39.3<\/td>\n<\/tr>\n<\/tbody>\n<\/table>\n<p><strong data-start=\"296\" data-end=\"304\">MOQ:<\/strong> 96 St\u00fcck<\/p>\n<h2 class=\"brxe-product-title\">Individuelle Kindergeschirr-Sets :<\/h2>\n<ul>\n<li data-start=\"76\" data-end=\"143\">\n<p data-start=\"78\" data-end=\"143\"><strong data-start=\"78\" data-end=\"89\">Beispiel:<\/strong> Kostenloses Muster zum Testen vor der Gro\u00dfbestellung verf\u00fcgbar<\/p>\n<\/li>\n<li data-start=\"144\" data-end=\"221\">\n<p data-start=\"146\" data-end=\"221\"><strong data-start=\"146\" data-end=\"173\">Kleine Auftr\u00e4ge mit Logo:<\/strong> Akzeptieren Sie kleine Mengen Bestellungen mit benutzerdefinierten Logo<\/p>\n<\/li>\n<li data-start=\"222\" data-end=\"288\">\n<p data-start=\"224\" data-end=\"288\"><strong data-start=\"224\" data-end=\"242\">Schnelle Lieferung:<\/strong> Auf Lager befindliche Artikel k\u00f6nnen innerhalb von 7 Tagen versandt werden.<\/p>\n<\/li>\n<li data-start=\"289\" data-end=\"401\">\n<p data-start=\"291\" data-end=\"401\"><strong data-start=\"291\" data-end=\"326\">Verpackung und Logoanpassung:<\/strong> Unterst\u00fctzung von kundenspezifischen Logos auf der Verpackung; w\u00e4hlen Sie PET-Box, PVC-Box oder Geschenkbox<\/p>\n<\/li>\n<\/ul>","protected":false},"featured_media":742,"comment_status":"closed","ping_status":"closed","template":"","meta":{"_acf_changed":false},"product_brand":[],"product_cat":[19],"product_tag":[],"class_list":{"0":"post-741","1":"product","2":"type-product","3":"status-publish","4":"has-post-thumbnail","6":"product_cat-wholesale-kids-dinnerware","8":"first","9":"instock","10":"shipping-taxable","11":"product-type-simple"},"acf":[],"_links":{"self":[{"href":"https:\/\/www.huashunware.com\/de\/wp-json\/wp\/v2\/product\/741","targetHints":{"allow":["GET"]}}],"collection":[{"href":"https:\/\/www.huashunware.com\/de\/wp-json\/wp\/v2\/product"}],"about":[{"href":"https:\/\/www.huashunware.com\/de\/wp-json\/wp\/v2\/types\/product"}],"replies":[{"embeddable":true,"href":"https:\/\/www.huashunware.com\/de\/wp-json\/wp\/v2\/comments?post=741"}],"wp:featuredmedia":[{"embeddable":true,"href":"https:\/\/www.huashunware.com\/de\/wp-json\/wp\/v2\/media\/742"}],"wp:attachment":[{"href":"https:\/\/www.huashunware.com\/de\/wp-json\/wp\/v2\/media?parent=741"}],"wp:term":[{"taxonomy":"product_brand","embeddable":true,"href":"https:\/\/www.huashunware.com\/de\/wp-json\/wp\/v2\/product_brand?post=741"},{"taxonomy":"product_cat","embeddable":true,"href":"https:\/\/www.huashunware.com\/de\/wp-json\/wp\/v2\/product_cat?post=741"},{"taxonomy":"product_tag","embeddable":true,"href":"https:\/\/www.huashunware.com\/de\/wp-json\/wp\/v2\/product_tag?post=741"}],"curies":[{"name":"wp","href":"https:\/\/api.w.org\/{rel}","templated":true}]}}