{"id":747,"date":"2025-10-15T06:34:42","date_gmt":"2025-10-15T06:17:52","guid":{"rendered":"https:\/\/www.huashunware.com\/?post_type=product&#038;p=747"},"modified":"2026-02-05T02:43:50","modified_gmt":"2026-02-05T02:43:50","slug":"plastic-handle-flatware-set-in-bulk","status":"publish","type":"product","link":"https:\/\/www.huashunware.com\/de\/produkt\/plastic-handle-flatware-set-in-bulk\/","title":{"rendered":"Kunststoffgriff-Bestecksatz in loser Sch\u00fcttung Erschwingliches, hochwertiges Einweg-Besteck"},"content":{"rendered":"<div class=\"wp-block-columns is-layout-flex wp-container-core-columns-is-layout-9d6595d7 wp-block-columns-is-layout-flex\">\n<div class=\"wp-block-column is-layout-flow wp-block-column-is-layout-flow\">\n<h2 class=\"wp-block-heading\">Kunststoffgriff-Bestecksatz in gro\u00dfen Mengen Merkmale:<\/h2>\n\n\n\n<p><strong>Schlanke &amp; stilvolle Form <\/strong>\uff1a<br>Ein schlankes, modernes Design, das sowohl stilvoll als auch anpassungsf\u00e4hig ist und sich perfekt f\u00fcr zwanglose Abendessen, formelle Dinnerpartys oder gro\u00dfe Versammlungen eignet, die in jeder Umgebung einen Hauch von Eleganz hervorrufen.<\/p>\n\n\n\n<p><strong>Hochwertiger 18\/0-Edelstahl \uff1a<\/strong><br>Hergestellt aus hochwertigem Edelstahl, der den strengen Vorschriften der EU und der USA entspricht, was Sicherheit, Langlebigkeit und eine gl\u00e4nzende, rost- und korrosionsbest\u00e4ndige Oberfl\u00e4che gew\u00e4hrleistet.<\/p>\n\n\n\n<p><strong>Langlebige und haltbare Konstruktion \uff1a<\/strong><br>Dank der robusten und langlebigen Konstruktion kann dieses Besteck auch bei h\u00e4ufigem Gebrauch oder l\u00e4ngeren Veranstaltungen verwendet werden, ohne zu verbiegen oder zu zerbrechen, und bietet jedes Mal ein hochwertiges Esserlebnis.<\/p>\n\n\n\n<p><strong>Einfache Gro\u00dfverpackung \uff1a<\/strong><br>In gro\u00dfen Mengen verpackt, ideal f\u00fcr Restaurants, Catering-Unternehmen, Partys und Veranstaltungen, bei denen Qualit\u00e4t und Quantit\u00e4t entscheidend sind.<\/p>\n\n\n\n<p><strong>Einfache und erschwingliche Bereinigung <\/strong>\uff1a<br>Kombiniert die Eleganz von rostfreiem Stahl mit der praktischen Wegwerfbarkeit von Besteck und bietet eine budgetfreundliche Wahl, ohne auf Stil oder Qualit\u00e4t zu verzichten.<\/p>\n<\/div>\n\n\n\n<div class=\"wp-block-column is-layout-flow wp-block-column-is-layout-flow\">\n<figure class=\"wp-block-image size-full\"><img decoding=\"async\" width=\"3686\" height=\"3686\" src=\"https:\/\/www.huashunware.com\/wp-content\/uploads\/2025\/10\/Plastic-Handle-Flatware-Set-in-Bulk-Affordable-High-Quality-Disposable-Flatware1.webp\" alt=\"Kunststoffgriff-Bestecksatz in gro\u00dfen Mengen Erschwingliches, hochwertiges Einwegbesteck1\" class=\"wp-image-1220\" srcset=\"https:\/\/www.huashunware.com\/wp-content\/uploads\/2025\/10\/Plastic-Handle-Flatware-Set-in-Bulk-Affordable-High-Quality-Disposable-Flatware1.webp 3686w, https:\/\/www.huashunware.com\/wp-content\/uploads\/2025\/10\/Plastic-Handle-Flatware-Set-in-Bulk-Affordable-High-Quality-Disposable-Flatware1-300x300.webp 300w, https:\/\/www.huashunware.com\/wp-content\/uploads\/2025\/10\/Plastic-Handle-Flatware-Set-in-Bulk-Affordable-High-Quality-Disposable-Flatware1-150x150.webp 150w, https:\/\/www.huashunware.com\/wp-content\/uploads\/2025\/10\/Plastic-Handle-Flatware-Set-in-Bulk-Affordable-High-Quality-Disposable-Flatware1-768x768.webp 768w, https:\/\/www.huashunware.com\/wp-content\/uploads\/2025\/10\/Plastic-Handle-Flatware-Set-in-Bulk-Affordable-High-Quality-Disposable-Flatware1-12x12.webp 12w, https:\/\/www.huashunware.com\/wp-content\/uploads\/2025\/10\/Plastic-Handle-Flatware-Set-in-Bulk-Affordable-High-Quality-Disposable-Flatware1-1200x1200.webp 1200w, https:\/\/www.huashunware.com\/wp-content\/uploads\/2025\/10\/Plastic-Handle-Flatware-Set-in-Bulk-Affordable-High-Quality-Disposable-Flatware1-600x600.webp 600w, https:\/\/www.huashunware.com\/wp-content\/uploads\/2025\/10\/Plastic-Handle-Flatware-Set-in-Bulk-Affordable-High-Quality-Disposable-Flatware1-100x100.webp 100w\" sizes=\"(max-width: 3686px) 100vw, 3686px\" \/><\/figure>\n\n\n\n<figure class=\"wp-block-image size-full\"><img decoding=\"async\" width=\"3072\" height=\"3072\" src=\"https:\/\/www.huashunware.com\/wp-content\/uploads\/2025\/10\/Plastic-Handle-Flatware-Set-in-Bulk2.webp\" alt=\"Kunststoffgriff-Bestecksatz in Bulk2\" class=\"wp-image-749\" srcset=\"https:\/\/www.huashunware.com\/wp-content\/uploads\/2025\/10\/Plastic-Handle-Flatware-Set-in-Bulk2.webp 3072w, https:\/\/www.huashunware.com\/wp-content\/uploads\/2025\/10\/Plastic-Handle-Flatware-Set-in-Bulk2-300x300.webp 300w, https:\/\/www.huashunware.com\/wp-content\/uploads\/2025\/10\/Plastic-Handle-Flatware-Set-in-Bulk2-150x150.webp 150w, https:\/\/www.huashunware.com\/wp-content\/uploads\/2025\/10\/Plastic-Handle-Flatware-Set-in-Bulk2-768x768.webp 768w, https:\/\/www.huashunware.com\/wp-content\/uploads\/2025\/10\/Plastic-Handle-Flatware-Set-in-Bulk2-12x12.webp 12w, https:\/\/www.huashunware.com\/wp-content\/uploads\/2025\/10\/Plastic-Handle-Flatware-Set-in-Bulk2-1200x1200.webp 1200w, https:\/\/www.huashunware.com\/wp-content\/uploads\/2025\/10\/Plastic-Handle-Flatware-Set-in-Bulk2-600x600.webp 600w, https:\/\/www.huashunware.com\/wp-content\/uploads\/2025\/10\/Plastic-Handle-Flatware-Set-in-Bulk2-100x100.webp 100w\" sizes=\"(max-width: 3072px) 100vw, 3072px\" \/><\/figure>\n<\/div>\n<\/div>","protected":false},"excerpt":{"rendered":"<p>Dieses preisg\u00fcnstige, hochwertige Einwegbesteck mit Kunststoffgriffen kombiniert ein elegantes, schlankes Design mit langlebigem 18\/0-Edelstahl, der die EU- und USA-Normen erf\u00fcllt. Perfekt f\u00fcr Partys, Catering oder den t\u00e4glichen Gebrauch, bietet es Stil, Qualit\u00e4t und Komfort in einem. Willkommen, uns zu kontaktieren\uff01<\/p>\n<h2 class=\"brxe-product-title\">Kunststoffgriff-Bestecksatz in Bulk Attribute:<\/h2>\n<table>\n<thead>\n<tr>\n<th>Artikel<\/th>\n<th>Gewicht<\/th>\n<th>Gr\u00f6\u00dfe (cm)L*B<\/th>\n<\/tr>\n<\/thead>\n<tbody>\n<tr>\n<td>Messer<\/td>\n<td>26.5 g<\/td>\n<td>22.5 \u00d7 2<\/td>\n<\/tr>\n<tr>\n<td>Gabel<\/td>\n<td>26 g<\/td>\n<td>20 \u00d7 3<\/td>\n<\/tr>\n<tr>\n<td>L\u00f6ffel<\/td>\n<td>33 g<\/td>\n<td>20 \u00d7 4<\/td>\n<\/tr>\n<tr>\n<td>Teel\u00f6ffel<\/td>\n<td>18.5 g<\/td>\n<td>14.5 \u00d7 2.5<\/td>\n<\/tr>\n<\/tbody>\n<\/table>\n<h2>Individuelles Kunststoffgriff-Besteck-Set\uff1a<\/h2>\n<ul>\n<li data-start=\"43\" data-end=\"121\"><strong data-start=\"43\" data-end=\"59\">Kostenlose Probe:<\/strong> Bevor Sie eine Gro\u00dfbestellung aufgeben, k\u00f6nnen Sie ein kostenloses Muster anfordern.<\/li>\n<li data-start=\"123\" data-end=\"277\"><strong data-start=\"123\" data-end=\"158\">Verpackung und Logoanpassung:<\/strong> Wir unterst\u00fctzen kundenspezifische Logos auf der Verpackung und bieten verschiedene Verpackungsoptionen an, wie z. B. PET-Box, PVC-Box oder Geschenkbox.<\/li>\n<li data-start=\"279\" data-end=\"386\"><strong data-start=\"279\" data-end=\"306\">Logo auf Metall und Griff:<\/strong> Akzeptieren Sie gelaserte oder gravierte Logos auf dem Metall und gedruckte Logos auf dem Griff.<\/li>\n<li data-start=\"388\" data-end=\"485\"><strong data-start=\"388\" data-end=\"422\">Optionen f\u00fcr Oberfl\u00e4che und Grifffarbe:<\/strong> Vergoldung oder kundenspezifische Grifffarben nach Bedarf m\u00f6glich.<\/li>\n<\/ul>","protected":false},"featured_media":748,"comment_status":"closed","ping_status":"closed","template":"","meta":{"_acf_changed":true},"product_brand":[],"product_cat":[18,26],"product_tag":[],"class_list":{"0":"post-747","1":"product","2":"type-product","3":"status-publish","4":"has-post-thumbnail","6":"product_cat-cutlery-set-wholesale","7":"product_cat-plastic-handle-flatware-set","9":"first","10":"instock","11":"shipping-taxable","12":"product-type-simple"},"acf":[],"_links":{"self":[{"href":"https:\/\/www.huashunware.com\/de\/wp-json\/wp\/v2\/product\/747","targetHints":{"allow":["GET"]}}],"collection":[{"href":"https:\/\/www.huashunware.com\/de\/wp-json\/wp\/v2\/product"}],"about":[{"href":"https:\/\/www.huashunware.com\/de\/wp-json\/wp\/v2\/types\/product"}],"replies":[{"embeddable":true,"href":"https:\/\/www.huashunware.com\/de\/wp-json\/wp\/v2\/comments?post=747"}],"wp:featuredmedia":[{"embeddable":true,"href":"https:\/\/www.huashunware.com\/de\/wp-json\/wp\/v2\/media\/748"}],"wp:attachment":[{"href":"https:\/\/www.huashunware.com\/de\/wp-json\/wp\/v2\/media?parent=747"}],"wp:term":[{"taxonomy":"product_brand","embeddable":true,"href":"https:\/\/www.huashunware.com\/de\/wp-json\/wp\/v2\/product_brand?post=747"},{"taxonomy":"product_cat","embeddable":true,"href":"https:\/\/www.huashunware.com\/de\/wp-json\/wp\/v2\/product_cat?post=747"},{"taxonomy":"product_tag","embeddable":true,"href":"https:\/\/www.huashunware.com\/de\/wp-json\/wp\/v2\/product_tag?post=747"}],"curies":[{"name":"wp","href":"https:\/\/api.w.org\/{rel}","templated":true}]}}