{"id":752,"date":"2025-10-15T06:59:00","date_gmt":"2025-10-15T06:48:16","guid":{"rendered":"https:\/\/www.huashunware.com\/?post_type=product&#038;p=752"},"modified":"2026-02-05T02:39:06","modified_gmt":"2026-02-05T02:39:06","slug":"wholesale-stainless-steel-flatware-sets-with-clip-handle","status":"publish","type":"product","link":"https:\/\/www.huashunware.com\/de\/produkt\/wholesale-stainless-steel-flatware-sets-with-clip-handle\/","title":{"rendered":"Gro\u00dfhandel Edelstahl-Besteck-Sets mit Clip-Griff"},"content":{"rendered":"<div class=\"wp-block-columns is-layout-flex wp-container-core-columns-is-layout-9d6595d7 wp-block-columns-is-layout-flex\">\n<div class=\"wp-block-column is-layout-flow wp-block-column-is-layout-flow\">\n<h2 class=\"wp-block-heading\">Gro\u00dfhandel Edelstahl Besteck Sets Eigenschaften:<\/h2>\n\n\n\n<p><strong>Innovatives Design mit Aufh\u00e4ngel\u00f6chern<\/strong> Mit einem funktionellen Aufh\u00e4ngeloch am Ende jedes Stiels, das sich perfekt f\u00fcr die organisierte Aufbewahrung, das schnelle Trocknen und die kreative Pr\u00e4sentation im Einzelhandel eignet.<\/p>\n\n\n\n<p><strong>Hochgl\u00e4nzendes, lebhaftes Finish<\/strong> Die Griffe sind mit einer hochwertigen, gl\u00e4nzenden Beschichtung versehen, die eine glatte, schmutzabweisende Oberfl\u00e4che und eine moderne, polierte \u00c4sthetik bietet.<\/p>\n\n\n\n<p><strong>18\/0 Edelstahl Pr\u00e4zision<\/strong> Hergestellt aus hochwertigem Edelstahl 18\/0, ist das Set rostfrei, langlebig und hat einen brillanten, spiegelnden Glanz.<\/p>\n\n\n\n<p><strong>Regalfertige 24-teilige Geschenkbox<\/strong> Wird in einer professionellen \"Set 24 Pezzi\"-Schaufensterbox geliefert, die speziell f\u00fcr europ\u00e4ische Einzelhandelsketten und die Anforderungen von Superm\u00e4rkten an die Auslage konzipiert wurde.<\/p>\n\n\n\n<p><strong>Komfort-Griff Ergonomie<\/strong> Die leichte, stromlinienf\u00f6rmige Griffform ist so konzipiert, dass sie sich ausgewogen anf\u00fchlt und sowohl f\u00fcr allt\u00e4gliche Familienmahlzeiten als auch f\u00fcr Catering-Services geeignet ist.<\/p>\n\n\n\n<p><strong>Direkte Fabrik OEM\/ODM-L\u00f6sungen<\/strong> Es sind vollst\u00e4ndig anpassbare Grifffarben und lasergravierte Branding-Optionen erh\u00e4ltlich, mit denen Sie die Sets an Ihre lokalen Markttrends anpassen k\u00f6nnen.<\/p>\n<\/div>\n\n\n\n<div class=\"wp-block-column is-vertically-aligned-center is-layout-flow wp-block-column-is-layout-flow\">\n<figure class=\"wp-block-image size-full is-resized\"><img decoding=\"async\" width=\"3686\" height=\"3686\" src=\"https:\/\/www.huashunware.com\/wp-content\/uploads\/2025\/10\/Wholesale-Stainless-Steel-Flatware-Sets-with-Clip-Handle-1.webp\" alt=\"Gro\u00dfhandel Edelstahl-Besteck-Sets mit Clip-Griff\" class=\"wp-image-1291\" style=\"width:261px;height:auto\" srcset=\"https:\/\/www.huashunware.com\/wp-content\/uploads\/2025\/10\/Wholesale-Stainless-Steel-Flatware-Sets-with-Clip-Handle-1.webp 3686w, https:\/\/www.huashunware.com\/wp-content\/uploads\/2025\/10\/Wholesale-Stainless-Steel-Flatware-Sets-with-Clip-Handle-1-300x300.webp 300w, https:\/\/www.huashunware.com\/wp-content\/uploads\/2025\/10\/Wholesale-Stainless-Steel-Flatware-Sets-with-Clip-Handle-1-150x150.webp 150w, https:\/\/www.huashunware.com\/wp-content\/uploads\/2025\/10\/Wholesale-Stainless-Steel-Flatware-Sets-with-Clip-Handle-1-768x768.webp 768w, https:\/\/www.huashunware.com\/wp-content\/uploads\/2025\/10\/Wholesale-Stainless-Steel-Flatware-Sets-with-Clip-Handle-1-12x12.webp 12w, https:\/\/www.huashunware.com\/wp-content\/uploads\/2025\/10\/Wholesale-Stainless-Steel-Flatware-Sets-with-Clip-Handle-1-1200x1200.webp 1200w, https:\/\/www.huashunware.com\/wp-content\/uploads\/2025\/10\/Wholesale-Stainless-Steel-Flatware-Sets-with-Clip-Handle-1-600x600.webp 600w, https:\/\/www.huashunware.com\/wp-content\/uploads\/2025\/10\/Wholesale-Stainless-Steel-Flatware-Sets-with-Clip-Handle-1-100x100.webp 100w\" sizes=\"(max-width: 3686px) 100vw, 3686px\" \/><\/figure>\n\n\n\n<figure class=\"wp-block-image size-full is-resized\"><img decoding=\"async\" width=\"3072\" height=\"3072\" src=\"https:\/\/www.huashunware.com\/wp-content\/uploads\/2025\/10\/Wholesale-Stainless-Steel-Flatware-Sets-with-Clip-Handle1.webp\" alt=\"Gro\u00dfhandel Edelstahl-Besteck-Sets mit Clip Handle1\" class=\"wp-image-753\" style=\"width:264px;height:auto\" srcset=\"https:\/\/www.huashunware.com\/wp-content\/uploads\/2025\/10\/Wholesale-Stainless-Steel-Flatware-Sets-with-Clip-Handle1.webp 3072w, https:\/\/www.huashunware.com\/wp-content\/uploads\/2025\/10\/Wholesale-Stainless-Steel-Flatware-Sets-with-Clip-Handle1-300x300.webp 300w, https:\/\/www.huashunware.com\/wp-content\/uploads\/2025\/10\/Wholesale-Stainless-Steel-Flatware-Sets-with-Clip-Handle1-150x150.webp 150w, https:\/\/www.huashunware.com\/wp-content\/uploads\/2025\/10\/Wholesale-Stainless-Steel-Flatware-Sets-with-Clip-Handle1-768x768.webp 768w, https:\/\/www.huashunware.com\/wp-content\/uploads\/2025\/10\/Wholesale-Stainless-Steel-Flatware-Sets-with-Clip-Handle1-12x12.webp 12w, https:\/\/www.huashunware.com\/wp-content\/uploads\/2025\/10\/Wholesale-Stainless-Steel-Flatware-Sets-with-Clip-Handle1-1200x1200.webp 1200w, https:\/\/www.huashunware.com\/wp-content\/uploads\/2025\/10\/Wholesale-Stainless-Steel-Flatware-Sets-with-Clip-Handle1-600x600.webp 600w, https:\/\/www.huashunware.com\/wp-content\/uploads\/2025\/10\/Wholesale-Stainless-Steel-Flatware-Sets-with-Clip-Handle1-100x100.webp 100w\" sizes=\"(max-width: 3072px) 100vw, 3072px\" \/><\/figure>\n<\/div>\n<\/div>","protected":false},"excerpt":{"rendered":"<p>Gro\u00dfhandels-Edelstahlbesteck-Sets mit Clip-Griff kombinieren zeitloses Design, erstklassige Qualit\u00e4t und Flexibilit\u00e4t. Dieses elegante Set eignet sich perfekt f\u00fcr den Online- und lokalen Verkauf und bietet dauerhafte Haltbarkeit und Stil.<\/p>\n<h2 class=\"brxe-product-title\">Gro\u00dfhandel Edelstahl Besteck Sets Attribute:<\/h2>\n<table>\n<thead>\n<tr>\n<th>Artikel<\/th>\n<th>Gewicht<\/th>\n<th>Gr\u00f6\u00dfe (cm) (L \u00d7 B)<\/th>\n<th>Dicke<\/th>\n<\/tr>\n<\/thead>\n<tbody>\n<tr>\n<td>Messer<\/td>\n<td>27 g<\/td>\n<td>22 \u00d7 1.4<\/td>\n<td>2 mm<\/td>\n<\/tr>\n<tr>\n<td>Gabel<\/td>\n<td>30 g<\/td>\n<td>21.5 \u00d7 2.5<\/td>\n<td>2 mm<\/td>\n<\/tr>\n<tr>\n<td>L\u00f6ffel<\/td>\n<td>36.5 g<\/td>\n<td>20.5 \u00d7 4.6<\/td>\n<td>2 mm<\/td>\n<\/tr>\n<tr>\n<td>Teel\u00f6ffel<\/td>\n<td>19 g<\/td>\n<td>14.5 \u00d7 3.2<\/td>\n<td>2 mm<\/td>\n<\/tr>\n<\/tbody>\n<\/table>\n<h2>Kundenspezifische Edelstahl-Besteck-Sets\uff1a<\/h2>\n<ul>\n<li data-start=\"43\" data-end=\"121\"><strong data-start=\"43\" data-end=\"59\">Kostenlose Probe:<\/strong> Bevor Sie eine Gro\u00dfbestellung aufgeben, k\u00f6nnen Sie ein kostenloses Muster anfordern.<\/li>\n<li data-start=\"123\" data-end=\"277\"><strong data-start=\"123\" data-end=\"158\">Verpackung und Logoanpassung:<\/strong> Wir unterst\u00fctzen kundenspezifische Logos auf der Verpackung und bieten verschiedene Verpackungsoptionen an, wie z. B. PET-Box, PVC-Box oder Geschenkbox.<\/li>\n<li data-start=\"279\" data-end=\"386\"><strong data-start=\"279\" data-end=\"306\">Logo auf Metall und Griff:<\/strong> Akzeptieren Sie gelaserte oder gravierte Logos auf dem Metall und gedruckte Logos auf dem Griff.<\/li>\n<li data-start=\"388\" data-end=\"485\"><strong data-start=\"388\" data-end=\"422\">Optionen f\u00fcr Oberfl\u00e4che und Grifffarbe:<\/strong> Vergoldung oder kundenspezifische Grifffarben nach Bedarf m\u00f6glich.<\/li>\n<\/ul>","protected":false},"featured_media":754,"comment_status":"closed","ping_status":"closed","template":"","meta":{"_acf_changed":false},"product_brand":[],"product_cat":[18,26],"product_tag":[],"class_list":{"0":"post-752","1":"product","2":"type-product","3":"status-publish","4":"has-post-thumbnail","6":"product_cat-cutlery-set-wholesale","7":"product_cat-plastic-handle-flatware-set","9":"first","10":"instock","11":"shipping-taxable","12":"product-type-simple"},"acf":[],"_links":{"self":[{"href":"https:\/\/www.huashunware.com\/de\/wp-json\/wp\/v2\/product\/752","targetHints":{"allow":["GET"]}}],"collection":[{"href":"https:\/\/www.huashunware.com\/de\/wp-json\/wp\/v2\/product"}],"about":[{"href":"https:\/\/www.huashunware.com\/de\/wp-json\/wp\/v2\/types\/product"}],"replies":[{"embeddable":true,"href":"https:\/\/www.huashunware.com\/de\/wp-json\/wp\/v2\/comments?post=752"}],"wp:featuredmedia":[{"embeddable":true,"href":"https:\/\/www.huashunware.com\/de\/wp-json\/wp\/v2\/media\/754"}],"wp:attachment":[{"href":"https:\/\/www.huashunware.com\/de\/wp-json\/wp\/v2\/media?parent=752"}],"wp:term":[{"taxonomy":"product_brand","embeddable":true,"href":"https:\/\/www.huashunware.com\/de\/wp-json\/wp\/v2\/product_brand?post=752"},{"taxonomy":"product_cat","embeddable":true,"href":"https:\/\/www.huashunware.com\/de\/wp-json\/wp\/v2\/product_cat?post=752"},{"taxonomy":"product_tag","embeddable":true,"href":"https:\/\/www.huashunware.com\/de\/wp-json\/wp\/v2\/product_tag?post=752"}],"curies":[{"name":"wp","href":"https:\/\/api.w.org\/{rel}","templated":true}]}}