{"id":758,"date":"2025-10-15T07:32:00","date_gmt":"2025-10-15T07:20:48","guid":{"rendered":"https:\/\/www.huashunware.com\/?post_type=product&#038;p=758"},"modified":"2026-02-05T02:25:12","modified_gmt":"2026-02-05T02:25:12","slug":"wholesale-18-10-cutlery-set-stainless-steel-factory-price","status":"publish","type":"product","link":"https:\/\/www.huashunware.com\/de\/produkt\/wholesale-18-10-cutlery-set-stainless-steel-factory-price\/","title":{"rendered":"Gro\u00dfhandel 18\/0 Besteck Set Edelstahl Fabrik Preis"},"content":{"rendered":"<div class=\"wp-block-columns is-layout-flex wp-container-core-columns-is-layout-9d6595d7 wp-block-columns-is-layout-flex\">\n<div class=\"wp-block-column is-layout-flow wp-block-column-is-layout-flow\">\n<h2 class=\"wp-block-heading\">Gro\u00dfhandel 18\/0 Besteck Set Eigenschaften:<\/h2>\n\n\n\n<p><strong>Stahl der Industriequalit\u00e4t 18\/0 Konsistenz<\/strong> Hergestellt aus hochwertigem 18\/0-Edelstahl mit streng kontrollierter Dicke und Gewicht (z. B. Tafell\u00f6ffel mit 2,0 mm\/26 g), wodurch eine einheitliche Qualit\u00e4t bei jeder Gro\u00dflieferung gew\u00e4hrleistet ist.<\/p>\n\n\n\n<p><strong>Glatte, matte \"Soft-Touch\"-\u00c4sthetik<\/strong> Die Griffe sind in einem raffinierten, matten Violett gehalten und bieten einen modernen Soft-Touch-Look, der normales Silberbesteck in eine hochwertige Designerkollektion verwandelt.<\/p>\n\n\n\n<p><strong>Pr\u00e4zisionsgefertigte Spiegelzinken und Klingen<\/strong> Unsere hochglanzpolierten K\u00f6pfe sind nicht nur gl\u00e4nzend, sondern verf\u00fcgen auch \u00fcber sorgf\u00e4ltig abgerundete Gabelzinken und scharfe, gezahnte Messerkanten f\u00fcr eine professionelle Leistung.<\/p>\n\n\n\n<p><strong>Kompakte 24-teilige \"Display-Ready\"-Box<\/strong> Die f\u00fcr maximale Regaleffizienz konzipierte 24-teilige Einzelhandelsschachtel verf\u00fcgt \u00fcber ein extragro\u00dfes Sichtfenster, so dass sich die hochwertige Verarbeitung des Produkts von selbst verkauft.<\/p>\n\n\n\n<p><strong>Hitzebest\u00e4ndige Griffverklebung<\/strong> Unser spezielles Klebeverfahren sorgt daf\u00fcr, dass die farbigen Griffe felsenfest und lichtecht bleiben, selbst wenn sie dem Hochtemperaturdampf gewerblicher Geschirrsp\u00fcler ausgesetzt sind.<\/p>\n\n\n\n<p><strong>Vollst\u00e4ndige OEM-F\u00e4higkeit im Werk<\/strong> Nutzen Sie die Produktionslinien von Huashun f\u00fcr eine vollst\u00e4ndige Individualisierung: von der Laser\u00e4tzung Ihres Logos auf dem 18\/0-Stahl bis hin zur Erstellung ma\u00dfgeschneiderter Grifffarben f\u00fcr saisonale Werbeaktionen.<\/p>\n<\/div>\n\n\n\n<div class=\"wp-block-column is-vertically-aligned-center is-layout-flow wp-block-column-is-layout-flow\">\n<figure class=\"wp-block-image size-full is-resized\"><img decoding=\"async\" width=\"3686\" height=\"3686\" src=\"https:\/\/www.huashunware.com\/wp-content\/uploads\/2025\/10\/Wholesale-180-Cutlery-Set-Stainless-Steel-Factory-Price-1.webp\" alt=\"Gro\u00dfhandel 18:0 Besteck Set Edelstahl Fabrik Preis\" class=\"wp-image-1288\" style=\"width:261px;height:auto\" srcset=\"https:\/\/www.huashunware.com\/wp-content\/uploads\/2025\/10\/Wholesale-180-Cutlery-Set-Stainless-Steel-Factory-Price-1.webp 3686w, https:\/\/www.huashunware.com\/wp-content\/uploads\/2025\/10\/Wholesale-180-Cutlery-Set-Stainless-Steel-Factory-Price-1-300x300.webp 300w, https:\/\/www.huashunware.com\/wp-content\/uploads\/2025\/10\/Wholesale-180-Cutlery-Set-Stainless-Steel-Factory-Price-1-150x150.webp 150w, https:\/\/www.huashunware.com\/wp-content\/uploads\/2025\/10\/Wholesale-180-Cutlery-Set-Stainless-Steel-Factory-Price-1-768x768.webp 768w, https:\/\/www.huashunware.com\/wp-content\/uploads\/2025\/10\/Wholesale-180-Cutlery-Set-Stainless-Steel-Factory-Price-1-12x12.webp 12w, https:\/\/www.huashunware.com\/wp-content\/uploads\/2025\/10\/Wholesale-180-Cutlery-Set-Stainless-Steel-Factory-Price-1-1200x1200.webp 1200w, https:\/\/www.huashunware.com\/wp-content\/uploads\/2025\/10\/Wholesale-180-Cutlery-Set-Stainless-Steel-Factory-Price-1-600x600.webp 600w, https:\/\/www.huashunware.com\/wp-content\/uploads\/2025\/10\/Wholesale-180-Cutlery-Set-Stainless-Steel-Factory-Price-1-100x100.webp 100w\" sizes=\"(max-width: 3686px) 100vw, 3686px\" \/><\/figure>\n\n\n\n<figure class=\"wp-block-image size-full is-resized\"><img decoding=\"async\" width=\"3072\" height=\"3072\" src=\"https:\/\/www.huashunware.com\/wp-content\/uploads\/2025\/10\/Wholesale-1810-Cutlery-Set3.webp\" alt=\"Gro\u00dfhandel 18\/0 Besteck Set3\" class=\"wp-image-761\" style=\"width:264px;height:auto\" srcset=\"https:\/\/www.huashunware.com\/wp-content\/uploads\/2025\/10\/Wholesale-1810-Cutlery-Set3.webp 3072w, https:\/\/www.huashunware.com\/wp-content\/uploads\/2025\/10\/Wholesale-1810-Cutlery-Set3-300x300.webp 300w, https:\/\/www.huashunware.com\/wp-content\/uploads\/2025\/10\/Wholesale-1810-Cutlery-Set3-150x150.webp 150w, https:\/\/www.huashunware.com\/wp-content\/uploads\/2025\/10\/Wholesale-1810-Cutlery-Set3-768x768.webp 768w, https:\/\/www.huashunware.com\/wp-content\/uploads\/2025\/10\/Wholesale-1810-Cutlery-Set3-12x12.webp 12w, https:\/\/www.huashunware.com\/wp-content\/uploads\/2025\/10\/Wholesale-1810-Cutlery-Set3-1200x1200.webp 1200w, https:\/\/www.huashunware.com\/wp-content\/uploads\/2025\/10\/Wholesale-1810-Cutlery-Set3-600x600.webp 600w, https:\/\/www.huashunware.com\/wp-content\/uploads\/2025\/10\/Wholesale-1810-Cutlery-Set3-100x100.webp 100w\" sizes=\"(max-width: 3072px) 100vw, 3072px\" \/><\/figure>\n<\/div>\n<\/div>\n\n\n\n<p><\/p>","protected":false},"excerpt":{"rendered":"<p>Gro\u00dfhandel 18\/0 Besteck Set Edelstahl Fabrikpreis bietet dauerhafte Qualit\u00e4t, elegantes Design und unschlagbaren Wert. Mit einem komfortablen, breiten Griff und Premium-Edelstahl bauen, ist es perfekt f\u00fcr jede Mahlzeit Einstellung.<\/p>\n<h2>Gro\u00dfhandel 18\/0 Besteck Set Attribute:<\/h2>\n<table>\n<thead>\n<tr>\n<th>Artikel<\/th>\n<th>Gewicht<\/th>\n<th>Gr\u00f6\u00dfe (cm) (L \u00d7 B)<\/th>\n<th>Dicke<\/th>\n<\/tr>\n<\/thead>\n<tbody>\n<tr>\n<td>Messer<\/td>\n<td>25.5 g<\/td>\n<td>22 \u00d7 1.7<\/td>\n<td>2 mm<\/td>\n<\/tr>\n<tr>\n<td>Gabel<\/td>\n<td>26.5 g<\/td>\n<td>19.5 \u00d7 2.4<\/td>\n<td>2 mm<\/td>\n<\/tr>\n<tr>\n<td>L\u00f6ffel<\/td>\n<td>35 g<\/td>\n<td>20 \u00d7 4<\/td>\n<td>2 mm<\/td>\n<\/tr>\n<tr>\n<td>Teel\u00f6ffel<\/td>\n<td>-<\/td>\n<td>14 \u00d7 2.3<\/td>\n<td>2 mm<\/td>\n<\/tr>\n<\/tbody>\n<\/table>\n<h2>Kundenspezifisches 18\/0-Besteck\uff1a<\/h2>\n<ul>\n<li data-start=\"43\" data-end=\"121\"><strong data-start=\"43\" data-end=\"59\">Kostenlose Probe:<\/strong> Vor einer Gro\u00dfbestellung kann ein kostenloses Muster zur Verf\u00fcgung gestellt werden.<\/li>\n<li data-start=\"123\" data-end=\"277\"><strong data-start=\"123\" data-end=\"158\">Verpackung und Logoanpassung:<\/strong> Wir unterst\u00fctzen kundenspezifische Logos auf der Verpackung und bieten verschiedene Verpackungsoptionen an, wie z. B. PET-Box, PVC-Box oder Geschenkbox.<\/li>\n<li data-start=\"279\" data-end=\"386\"><strong data-start=\"279\" data-end=\"306\">Logo auf Metall und Griff:<\/strong> Akzeptieren Sie gelaserte oder gravierte Logos auf dem Metall und gedruckte Logos auf dem Griff.<\/li>\n<li data-start=\"388\" data-end=\"485\"><strong data-start=\"388\" data-end=\"422\">Optionen f\u00fcr Oberfl\u00e4che und Grifffarbe:<\/strong> Vergoldung oder kundenspezifische Grifffarben nach Bedarf m\u00f6glich.<\/li>\n<\/ul>","protected":false},"featured_media":759,"comment_status":"closed","ping_status":"closed","template":"","meta":{"_acf_changed":true},"product_brand":[],"product_cat":[18,26],"product_tag":[],"class_list":{"0":"post-758","1":"product","2":"type-product","3":"status-publish","4":"has-post-thumbnail","6":"product_cat-cutlery-set-wholesale","7":"product_cat-plastic-handle-flatware-set","9":"first","10":"instock","11":"shipping-taxable","12":"product-type-simple"},"acf":[],"_links":{"self":[{"href":"https:\/\/www.huashunware.com\/de\/wp-json\/wp\/v2\/product\/758","targetHints":{"allow":["GET"]}}],"collection":[{"href":"https:\/\/www.huashunware.com\/de\/wp-json\/wp\/v2\/product"}],"about":[{"href":"https:\/\/www.huashunware.com\/de\/wp-json\/wp\/v2\/types\/product"}],"replies":[{"embeddable":true,"href":"https:\/\/www.huashunware.com\/de\/wp-json\/wp\/v2\/comments?post=758"}],"wp:featuredmedia":[{"embeddable":true,"href":"https:\/\/www.huashunware.com\/de\/wp-json\/wp\/v2\/media\/759"}],"wp:attachment":[{"href":"https:\/\/www.huashunware.com\/de\/wp-json\/wp\/v2\/media?parent=758"}],"wp:term":[{"taxonomy":"product_brand","embeddable":true,"href":"https:\/\/www.huashunware.com\/de\/wp-json\/wp\/v2\/product_brand?post=758"},{"taxonomy":"product_cat","embeddable":true,"href":"https:\/\/www.huashunware.com\/de\/wp-json\/wp\/v2\/product_cat?post=758"},{"taxonomy":"product_tag","embeddable":true,"href":"https:\/\/www.huashunware.com\/de\/wp-json\/wp\/v2\/product_tag?post=758"}],"curies":[{"name":"wp","href":"https:\/\/api.w.org\/{rel}","templated":true}]}}