{"id":766,"date":"2025-10-15T08:24:54","date_gmt":"2025-10-15T08:14:16","guid":{"rendered":"https:\/\/www.huashunware.com\/?post_type=product&#038;p=766"},"modified":"2026-02-05T02:13:42","modified_gmt":"2026-02-05T02:13:42","slug":"wholesale-cutlery-set-stainless-steel-portuguese-flatware","status":"publish","type":"product","link":"https:\/\/www.huashunware.com\/de\/produkt\/wholesale-cutlery-set-stainless-steel-portuguese-flatware\/","title":{"rendered":"Gro\u00dfhandel Besteck Set Hersteller | Huashun 24pc Besteck"},"content":{"rendered":"<div class=\"wp-block-columns is-layout-flex wp-container-core-columns-is-layout-9d6595d7 wp-block-columns-is-layout-flex\">\n<div class=\"wp-block-column is-layout-flow wp-block-column-is-layout-flow\">\n<h2 class=\"wp-block-heading\">Gro\u00dfhandel Besteck Set Features:<\/h2>\n\n\n\n<p><strong>Premium-Edelstahl 18\/0<\/strong> Das aus hochwertigem Edelstahl 18\/0 gefertigte Besteck ist rostfrei, langlebig und entspricht den internationalen Standards f\u00fcr Lebensmittelsicherheit.<\/p>\n\n\n\n<p><strong>Moderne matte Griffe nach Ma\u00df<\/strong> haben eine schicke, matte Oberfl\u00e4che in leuchtenden Farben (wie das abgebildete elegante Lila) und bieten einen bequemen, rutschfesten Griff f\u00fcr den privaten und gewerblichen Gebrauch.<\/p>\n\n\n\n<p><strong>Hochglanz-Spiegelpolitur<\/strong> Die K\u00f6pfe sind pr\u00e4zise auf Hochglanz poliert und gew\u00e4hrleisten glatte, abgerundete Kanten f\u00fcr ein sicheres und gehobenes Esserlebnis.<\/p>\n\n\n\n<p><strong>Verkaufsfertige 24-teilige Geschenkbox<\/strong> Jede <strong>Gro\u00dfhandel Besteck Set<\/strong> wird in einem professionellen 24-teiligen Displaykarton geliefert, der f\u00fcr die Attraktivit\u00e4t von Einzelhandelsregalen und den einfachen Transport optimiert ist.<\/p>\n\n\n\n<p><strong>Langlebig und sp\u00fclmaschinenfest<\/strong> Die Griffe sind so konstruiert, dass sie der t\u00e4glichen Beanspruchung standhalten, und die Oberfl\u00e4che bleibt auch nach der Maschinenw\u00e4sche bei hohen Temperaturen poliert.<\/p>\n\n\n\n<p><strong>Vollst\u00e4ndige OEM- und Anpassungsl\u00f6sungen<\/strong> Wir unterst\u00fctzen benutzerdefinierte Pantone-Farben, lasergravierte Logos und ma\u00dfgeschneiderte Verpackungen, um Ihnen zu helfen, eine einzigartige Marke auf Ihrem lokalen Markt aufzubauen.<\/p>\n<\/div>\n\n\n\n<div class=\"wp-block-column is-vertically-aligned-center is-layout-flow wp-block-column-is-layout-flow\">\n<figure class=\"wp-block-image size-full is-resized\"><img decoding=\"async\" width=\"1536\" height=\"1536\" src=\"https:\/\/www.huashunware.com\/wp-content\/uploads\/2025\/10\/Wholesale-Cutlery-Set-Stainless-Steel-Gold-Cutlery-Wholesale1.webp\" alt=\"Gro\u00dfhandel Besteck Set Edelstahl Gold Besteck Gro\u00dfhandel1\" class=\"wp-image-1212\" style=\"width:261px;height:auto\" srcset=\"https:\/\/www.huashunware.com\/wp-content\/uploads\/2025\/10\/Wholesale-Cutlery-Set-Stainless-Steel-Gold-Cutlery-Wholesale1.webp 1536w, https:\/\/www.huashunware.com\/wp-content\/uploads\/2025\/10\/Wholesale-Cutlery-Set-Stainless-Steel-Gold-Cutlery-Wholesale1-300x300.webp 300w, https:\/\/www.huashunware.com\/wp-content\/uploads\/2025\/10\/Wholesale-Cutlery-Set-Stainless-Steel-Gold-Cutlery-Wholesale1-150x150.webp 150w, https:\/\/www.huashunware.com\/wp-content\/uploads\/2025\/10\/Wholesale-Cutlery-Set-Stainless-Steel-Gold-Cutlery-Wholesale1-768x768.webp 768w, https:\/\/www.huashunware.com\/wp-content\/uploads\/2025\/10\/Wholesale-Cutlery-Set-Stainless-Steel-Gold-Cutlery-Wholesale1-12x12.webp 12w, https:\/\/www.huashunware.com\/wp-content\/uploads\/2025\/10\/Wholesale-Cutlery-Set-Stainless-Steel-Gold-Cutlery-Wholesale1-1200x1200.webp 1200w, https:\/\/www.huashunware.com\/wp-content\/uploads\/2025\/10\/Wholesale-Cutlery-Set-Stainless-Steel-Gold-Cutlery-Wholesale1-600x600.webp 600w, https:\/\/www.huashunware.com\/wp-content\/uploads\/2025\/10\/Wholesale-Cutlery-Set-Stainless-Steel-Gold-Cutlery-Wholesale1-100x100.webp 100w\" sizes=\"(max-width: 1536px) 100vw, 1536px\" \/><\/figure>\n\n\n\n<figure class=\"wp-block-image size-full is-resized\"><img decoding=\"async\" width=\"3072\" height=\"3072\" src=\"https:\/\/www.huashunware.com\/wp-content\/uploads\/2025\/10\/Wholesale-Cutlery-Set-Stainless-Steel-Portuguese-Flatware2.webp\" alt=\"Gro\u00dfhandel Besteck Set Edelstahl Portugiesisch Flatware2\" class=\"wp-image-768\" style=\"width:264px;height:auto\" srcset=\"https:\/\/www.huashunware.com\/wp-content\/uploads\/2025\/10\/Wholesale-Cutlery-Set-Stainless-Steel-Portuguese-Flatware2.webp 3072w, https:\/\/www.huashunware.com\/wp-content\/uploads\/2025\/10\/Wholesale-Cutlery-Set-Stainless-Steel-Portuguese-Flatware2-300x300.webp 300w, https:\/\/www.huashunware.com\/wp-content\/uploads\/2025\/10\/Wholesale-Cutlery-Set-Stainless-Steel-Portuguese-Flatware2-150x150.webp 150w, https:\/\/www.huashunware.com\/wp-content\/uploads\/2025\/10\/Wholesale-Cutlery-Set-Stainless-Steel-Portuguese-Flatware2-768x768.webp 768w, https:\/\/www.huashunware.com\/wp-content\/uploads\/2025\/10\/Wholesale-Cutlery-Set-Stainless-Steel-Portuguese-Flatware2-12x12.webp 12w, https:\/\/www.huashunware.com\/wp-content\/uploads\/2025\/10\/Wholesale-Cutlery-Set-Stainless-Steel-Portuguese-Flatware2-1200x1200.webp 1200w, https:\/\/www.huashunware.com\/wp-content\/uploads\/2025\/10\/Wholesale-Cutlery-Set-Stainless-Steel-Portuguese-Flatware2-600x600.webp 600w, https:\/\/www.huashunware.com\/wp-content\/uploads\/2025\/10\/Wholesale-Cutlery-Set-Stainless-Steel-Portuguese-Flatware2-100x100.webp 100w\" sizes=\"(max-width: 3072px) 100vw, 3072px\" \/><\/figure>\n<\/div>\n<\/div>","protected":false},"excerpt":{"rendered":"<p>Das portugiesische Gro\u00dfhandelsbesteck aus rostfreiem Stahl zeichnet sich durch ein zeitloses Design aus, das seit mehr als f\u00fcnf Jahren ein Marktfavorit ist. Gefertigt aus langlebigem Edelstahl mit einer polierten Oberfl\u00e4che, bietet es Eleganz, Komfort und dauerhafte Qualit\u00e4t - eine ausgezeichnete Wahl f\u00fcr den Gro\u00df- oder Einzelhandel Vertrieb.<\/p>\n<h2>Gro\u00dfhandel Besteck Set Attribute:<\/h2>\n<table>\n<thead>\n<tr>\n<th>Artikel<\/th>\n<th>Gewicht<\/th>\n<th>Gr\u00f6\u00dfe (cm) (L \u00d7 B)<\/th>\n<\/tr>\n<\/thead>\n<tbody>\n<tr>\n<td>Messer<\/td>\n<td>40 g<\/td>\n<td>22 \u00d7 1.5<\/td>\n<\/tr>\n<tr>\n<td>L\u00f6ffel<\/td>\n<td>44 g<\/td>\n<td>21 \u00d7 5<\/td>\n<\/tr>\n<tr>\n<td>Gabel<\/td>\n<td>32 g<\/td>\n<td>21.5 \u00d7 2.6<\/td>\n<\/tr>\n<tr>\n<td>Teel\u00f6ffel<\/td>\n<td>15 g<\/td>\n<td>13 \u00d7 3<\/td>\n<\/tr>\n<\/tbody>\n<\/table>\n<h2>Individuelles Besteck-Set\uff1a<\/h2>\n<ul>\n<li><strong data-start=\"40\" data-end=\"56\">Kostenlose Probe:<\/strong> Eine kostenlose Probe kann zur Verf\u00fcgung gestellt werden.<\/li>\n<li><strong data-start=\"91\" data-end=\"126\">Verpackung und Logoanpassung:<\/strong> Wir unterst\u00fctzen kundenspezifische Logos auf der Verpackung und bieten verschiedene Verpackungsoptionen an, z. B. eine PET-Box, eine PVC-Box oder eine Geschenkbox.<\/li>\n<li><strong data-start=\"246\" data-end=\"266\" data-is-only-node=\"\">Logo auf dem Produkt:<\/strong> Akzeptiert gelaserte oder gravierte Logos.<\/li>\n<\/ul>","protected":false},"featured_media":881,"comment_status":"closed","ping_status":"closed","template":"","meta":{"_acf_changed":true},"product_brand":[],"product_cat":[18,27],"product_tag":[],"class_list":{"0":"post-766","1":"product","2":"type-product","3":"status-publish","4":"has-post-thumbnail","6":"product_cat-cutlery-set-wholesale","7":"product_cat-stainless-steel-flatware-set","9":"first","10":"instock","11":"shipping-taxable","12":"product-type-simple"},"acf":[],"_links":{"self":[{"href":"https:\/\/www.huashunware.com\/de\/wp-json\/wp\/v2\/product\/766","targetHints":{"allow":["GET"]}}],"collection":[{"href":"https:\/\/www.huashunware.com\/de\/wp-json\/wp\/v2\/product"}],"about":[{"href":"https:\/\/www.huashunware.com\/de\/wp-json\/wp\/v2\/types\/product"}],"replies":[{"embeddable":true,"href":"https:\/\/www.huashunware.com\/de\/wp-json\/wp\/v2\/comments?post=766"}],"wp:featuredmedia":[{"embeddable":true,"href":"https:\/\/www.huashunware.com\/de\/wp-json\/wp\/v2\/media\/881"}],"wp:attachment":[{"href":"https:\/\/www.huashunware.com\/de\/wp-json\/wp\/v2\/media?parent=766"}],"wp:term":[{"taxonomy":"product_brand","embeddable":true,"href":"https:\/\/www.huashunware.com\/de\/wp-json\/wp\/v2\/product_brand?post=766"},{"taxonomy":"product_cat","embeddable":true,"href":"https:\/\/www.huashunware.com\/de\/wp-json\/wp\/v2\/product_cat?post=766"},{"taxonomy":"product_tag","embeddable":true,"href":"https:\/\/www.huashunware.com\/de\/wp-json\/wp\/v2\/product_tag?post=766"}],"curies":[{"name":"wp","href":"https:\/\/api.w.org\/{rel}","templated":true}]}}