{"id":771,"date":"2025-10-15T09:06:35","date_gmt":"2025-10-15T08:55:11","guid":{"rendered":"https:\/\/www.huashunware.com\/?post_type=product&#038;p=771"},"modified":"2026-02-04T02:39:57","modified_gmt":"2026-02-04T02:39:57","slug":"wholesale-quality-flatware-wooden-grain-flatware-set-custom","status":"publish","type":"product","link":"https:\/\/www.huashunware.com\/de\/produkt\/wholesale-quality-flatware-wooden-grain-flatware-set-custom\/","title":{"rendered":"Gro\u00dfhandel Qualit\u00e4t Besteck, Holzmaserung Besteck Set Custom"},"content":{"rendered":"<div class=\"wp-block-columns is-layout-flex wp-container-core-columns-is-layout-9d6595d7 wp-block-columns-is-layout-flex\">\n<div class=\"wp-block-column is-layout-flow wp-block-column-is-layout-flow\">\n<h2 class=\"wp-block-heading\">Gro\u00dfhandel Qualit\u00e4t Besteck Features:<\/h2>\n\n\n\n<p><strong>Veredelte Konstruktion aus Edelstahl<\/strong> Dieses Set aus hochwertigem Edelstahl bietet eine perfekte Mischung aus Festigkeit und Rostbest\u00e4ndigkeit und eignet sich sowohl f\u00fcr private als auch f\u00fcr gewerbliche Anwendungen.<\/p>\n\n\n\n<p><strong>Moderne matte Griffe nach Ma\u00df<\/strong> haben ein schickes, mattes Finish in leuchtenden, benutzerdefinierten Farben und eine bequeme, weiche Haptik, die jedem gedeckten Tisch Raffinesse verleiht.<\/p>\n\n\n\n<p><strong>Hochgl\u00e4nzende, spiegelpolierte Oberfl\u00e4che<\/strong> Die K\u00f6pfe sind auf Hochglanz poliert, was f\u00fcr abgerundete Sicherheitskanten und ein gehobenes Esserlebnis sorgt.<\/p>\n\n\n\n<p><strong>Langlebig und sp\u00fclmaschinenfest<\/strong> Unser Besteck ist so konzipiert, dass es dem t\u00e4glichen Gebrauch standh\u00e4lt und auch nach dem Waschen in der Maschine seine leuchtende Grifffarbe und seinen polierten Glanz beibeh\u00e4lt.<\/p>\n\n\n\n<p><strong>Vollst\u00e4ndige OEM- und Branding-L\u00f6sungen<\/strong> Wir bieten Individualisierung aus einer Hand, einschlie\u00dflich lasergravierter Logos, individueller Pantone-Griff-Farben und ma\u00dfgeschneiderter Verpackungen, um Ihre Marke hervorzuheben.<\/p>\n<\/div>\n\n\n\n<div class=\"wp-block-column is-layout-flow wp-block-column-is-layout-flow\">\n<figure class=\"wp-block-image size-full\"><img decoding=\"async\" width=\"3686\" height=\"3686\" src=\"https:\/\/www.huashunware.com\/wp-content\/uploads\/2025\/10\/Wholesale-Quality-Flatware-Wooden-Grain-Flatware-Set-Custom-1.webp\" alt=\"Gro\u00dfhandel Qualit\u00e4t Besteck, Holzmaserung Besteck Set Custom\" class=\"wp-image-1280\" srcset=\"https:\/\/www.huashunware.com\/wp-content\/uploads\/2025\/10\/Wholesale-Quality-Flatware-Wooden-Grain-Flatware-Set-Custom-1.webp 3686w, https:\/\/www.huashunware.com\/wp-content\/uploads\/2025\/10\/Wholesale-Quality-Flatware-Wooden-Grain-Flatware-Set-Custom-1-300x300.webp 300w, https:\/\/www.huashunware.com\/wp-content\/uploads\/2025\/10\/Wholesale-Quality-Flatware-Wooden-Grain-Flatware-Set-Custom-1-150x150.webp 150w, https:\/\/www.huashunware.com\/wp-content\/uploads\/2025\/10\/Wholesale-Quality-Flatware-Wooden-Grain-Flatware-Set-Custom-1-768x768.webp 768w, https:\/\/www.huashunware.com\/wp-content\/uploads\/2025\/10\/Wholesale-Quality-Flatware-Wooden-Grain-Flatware-Set-Custom-1-12x12.webp 12w, https:\/\/www.huashunware.com\/wp-content\/uploads\/2025\/10\/Wholesale-Quality-Flatware-Wooden-Grain-Flatware-Set-Custom-1-1200x1200.webp 1200w, https:\/\/www.huashunware.com\/wp-content\/uploads\/2025\/10\/Wholesale-Quality-Flatware-Wooden-Grain-Flatware-Set-Custom-1-600x600.webp 600w, https:\/\/www.huashunware.com\/wp-content\/uploads\/2025\/10\/Wholesale-Quality-Flatware-Wooden-Grain-Flatware-Set-Custom-1-100x100.webp 100w\" sizes=\"(max-width: 3686px) 100vw, 3686px\" \/><\/figure>\n\n\n\n<figure class=\"wp-block-image size-full\"><img decoding=\"async\" width=\"3072\" height=\"3072\" src=\"https:\/\/www.huashunware.com\/wp-content\/uploads\/2025\/10\/Wholesale-Quality-Flatware-Wooden-Grain-Flatware-Set-Custom4.webp\" alt=\"Gro\u00dfhandel Qualit\u00e4t Besteck, Holzmaserung Besteck Set Custom4\" class=\"wp-image-775\" srcset=\"https:\/\/www.huashunware.com\/wp-content\/uploads\/2025\/10\/Wholesale-Quality-Flatware-Wooden-Grain-Flatware-Set-Custom4.webp 3072w, https:\/\/www.huashunware.com\/wp-content\/uploads\/2025\/10\/Wholesale-Quality-Flatware-Wooden-Grain-Flatware-Set-Custom4-300x300.webp 300w, https:\/\/www.huashunware.com\/wp-content\/uploads\/2025\/10\/Wholesale-Quality-Flatware-Wooden-Grain-Flatware-Set-Custom4-150x150.webp 150w, https:\/\/www.huashunware.com\/wp-content\/uploads\/2025\/10\/Wholesale-Quality-Flatware-Wooden-Grain-Flatware-Set-Custom4-768x768.webp 768w, https:\/\/www.huashunware.com\/wp-content\/uploads\/2025\/10\/Wholesale-Quality-Flatware-Wooden-Grain-Flatware-Set-Custom4-12x12.webp 12w, https:\/\/www.huashunware.com\/wp-content\/uploads\/2025\/10\/Wholesale-Quality-Flatware-Wooden-Grain-Flatware-Set-Custom4-1200x1200.webp 1200w, https:\/\/www.huashunware.com\/wp-content\/uploads\/2025\/10\/Wholesale-Quality-Flatware-Wooden-Grain-Flatware-Set-Custom4-600x600.webp 600w, https:\/\/www.huashunware.com\/wp-content\/uploads\/2025\/10\/Wholesale-Quality-Flatware-Wooden-Grain-Flatware-Set-Custom4-100x100.webp 100w\" sizes=\"(max-width: 3072px) 100vw, 3072px\" \/><\/figure>\n<\/div>\n<\/div>","protected":false},"excerpt":{"rendered":"<p>Gro\u00dfhandel Qualit\u00e4t Besteck, Holzmaserung Besteck-Set benutzerdefinierte - Stilvoll, langlebig und komfortabel, diese Holzmaserung Besteck-Set kombiniert Eleganz mit Praktikabilit\u00e4t f\u00fcr den t\u00e4glichen Essen.<\/p>\n<h2>Gro\u00dfhandel Qualit\u00e4t Besteck Attribute:<\/h2>\n<table>\n<thead>\n<tr>\n<th>Artikel<\/th>\n<th>Gewicht<\/th>\n<th>L\u00e4nge (cm)<\/th>\n<th>Breite (cm)<\/th>\n<th>Dicke (mm)<\/th>\n<\/tr>\n<\/thead>\n<tbody>\n<tr>\n<td>Messer<\/td>\n<td>36 g<\/td>\n<td>22<\/td>\n<td>1.7<\/td>\n<td>1.5<\/td>\n<\/tr>\n<tr>\n<td>Gabel<\/td>\n<td>33 g<\/td>\n<td>20.5<\/td>\n<td>2.4<\/td>\n<td>1.5<\/td>\n<\/tr>\n<tr>\n<td>L\u00f6ffel<\/td>\n<td>39 g<\/td>\n<td>20.5<\/td>\n<td>4<\/td>\n<td>1.5<\/td>\n<\/tr>\n<tr>\n<td>Teel\u00f6ffel<\/td>\n<td>32.5 g<\/td>\n<td>16<\/td>\n<td>3<\/td>\n<td>1.5<\/td>\n<\/tr>\n<\/tbody>\n<\/table>\n<h2>Individuelles Besteck \uff1a<\/h2>\n<ul>\n<li><strong data-start=\"30\" data-end=\"46\">Kostenlose Probe:<\/strong> Eine kostenlose Probe kann verf\u00fcgbar sein.<\/li>\n<li><strong data-start=\"81\" data-end=\"116\">Verpackung und Logoanpassung:<\/strong> Wir unterst\u00fctzen kundenspezifische Logos auf der Verpackung und bieten verschiedene Verpackungsoptionen an, z. B. eine PET-Box, eine PVC-Box oder eine Geschenkbox.<\/li>\n<li><strong data-start=\"238\" data-end=\"258\" data-is-only-node=\"\">Logo auf dem Produkt:<\/strong> Akzeptiert gelaserte oder gravierte Logos auf Metall und gedruckte Logos auf dem Griff.<\/li>\n<li><strong data-start=\"334\" data-end=\"368\">Optionen f\u00fcr Oberfl\u00e4che und Grifffarbe:<\/strong> Vergoldung oder kundenspezifische Grifffarben m\u00f6glich.<\/li>\n<\/ul>","protected":false},"featured_media":776,"comment_status":"closed","ping_status":"closed","template":"","meta":{"_acf_changed":false},"product_brand":[],"product_cat":[18,26],"product_tag":[],"class_list":{"0":"post-771","1":"product","2":"type-product","3":"status-publish","4":"has-post-thumbnail","6":"product_cat-cutlery-set-wholesale","7":"product_cat-plastic-handle-flatware-set","9":"first","10":"instock","11":"shipping-taxable","12":"product-type-simple"},"acf":[],"_links":{"self":[{"href":"https:\/\/www.huashunware.com\/de\/wp-json\/wp\/v2\/product\/771","targetHints":{"allow":["GET"]}}],"collection":[{"href":"https:\/\/www.huashunware.com\/de\/wp-json\/wp\/v2\/product"}],"about":[{"href":"https:\/\/www.huashunware.com\/de\/wp-json\/wp\/v2\/types\/product"}],"replies":[{"embeddable":true,"href":"https:\/\/www.huashunware.com\/de\/wp-json\/wp\/v2\/comments?post=771"}],"wp:featuredmedia":[{"embeddable":true,"href":"https:\/\/www.huashunware.com\/de\/wp-json\/wp\/v2\/media\/776"}],"wp:attachment":[{"href":"https:\/\/www.huashunware.com\/de\/wp-json\/wp\/v2\/media?parent=771"}],"wp:term":[{"taxonomy":"product_brand","embeddable":true,"href":"https:\/\/www.huashunware.com\/de\/wp-json\/wp\/v2\/product_brand?post=771"},{"taxonomy":"product_cat","embeddable":true,"href":"https:\/\/www.huashunware.com\/de\/wp-json\/wp\/v2\/product_cat?post=771"},{"taxonomy":"product_tag","embeddable":true,"href":"https:\/\/www.huashunware.com\/de\/wp-json\/wp\/v2\/product_tag?post=771"}],"curies":[{"name":"wp","href":"https:\/\/api.w.org\/{rel}","templated":true}]}}