{"id":778,"date":"2025-10-15T09:22:33","date_gmt":"2025-10-15T09:22:33","guid":{"rendered":"https:\/\/www.huashunware.com\/?post_type=product&#038;p=778"},"modified":"2026-02-04T02:24:12","modified_gmt":"2026-02-04T02:24:12","slug":"custom-quality-flatware-durable-wooden-grain-flatware-set-in-bulk","status":"publish","type":"product","link":"https:\/\/www.huashunware.com\/de\/produkt\/custom-quality-flatware-durable-wooden-grain-flatware-set-in-bulk\/","title":{"rendered":"Benutzerdefinierte Qualit\u00e4t Besteck, langlebig Holzmaserung Besteck in Bulk"},"content":{"rendered":"<div class=\"wp-block-columns is-layout-flex wp-container-core-columns-is-layout-9d6595d7 wp-block-columns-is-layout-flex\">\n<div class=\"wp-block-column is-layout-flow wp-block-column-is-layout-flow\">\n<h2 class=\"wp-block-heading\">Benutzerdefinierte Qualit\u00e4t Besteck Features:<\/h2>\n\n\n\n<p><strong>Konstruktion aus hochwertigem Edelstahl<\/strong> Dieses Set aus hochwertigem 18\/0-Edelstahl bietet eine perfekte Mischung aus St\u00e4rke, Rostbest\u00e4ndigkeit und einem raffinierten Esserlebnis.<\/p>\n\n\n\n<p><strong>Kundenspezifische matte und gl\u00e4nzende Griffoberfl\u00e4chen<\/strong> Diese ergonomischen Griffe sind in einer Vielzahl von kundenspezifischen Farben mit einer raffinierten, matten Oberfl\u00e4che erh\u00e4ltlich und bieten einen bequemen, rutschfesten Griff.<\/p>\n\n\n\n<p><strong>Professionelle spiegelpolierte Oberfl\u00e4che<\/strong> Die K\u00f6pfe sind hochgl\u00e4nzend, reflektierend poliert und haben abgerundete Kanten, die f\u00fcr Sicherheit und ein gehobenes Aussehen auf jedem Tisch sorgen.<\/p>\n\n\n\n<p><strong>Ma\u00dfgeschneiderte 24-teilige Einzelhandelsverpackung<\/strong> Pr\u00e4sentiert in einem eleganten Displaykarton mit gro\u00dfem Fenster (24 St\u00fcck), der so gestaltet ist, dass das Versandvolumen minimiert und gleichzeitig die Attraktivit\u00e4t der Regale maximiert wird.<\/p>\n\n\n\n<p><strong>Langlebig und sp\u00fclmaschinenfest<\/strong> Unser Besteck ist so konzipiert, dass es dem t\u00e4glichen Gebrauch standh\u00e4lt und auch nach dem Waschen in der Maschine seine leuchtende Grifffarbe und die polierte Oberfl\u00e4che beibeh\u00e4lt.<\/p>\n\n\n\n<p><strong>Vollst\u00e4ndige Branding- und OEM-L\u00f6sungen<\/strong> Von lasergravierten Logos auf Metall bis hin zu individuell bedruckten Griffen und Schachteln - wir bieten L\u00f6sungen aus einer Hand, um Ihre Marke zu pr\u00e4sentieren.<\/p>\n<\/div>\n\n\n\n<div class=\"wp-block-column is-vertically-aligned-center is-layout-flow wp-block-column-is-layout-flow\">\n<figure class=\"wp-block-image size-full\"><img decoding=\"async\" width=\"3072\" height=\"3072\" src=\"https:\/\/www.huashunware.com\/wp-content\/uploads\/2025\/10\/Custom-Quality-Flatware-Durable-Wooden-Grain-Flatware-Set-in-Bulk6.webp\" alt=\"Benutzerdefinierte Qualit\u00e4t Besteck, langlebig Holzmaserung Besteck Set in Bulk6\" class=\"wp-image-784\" srcset=\"https:\/\/www.huashunware.com\/wp-content\/uploads\/2025\/10\/Custom-Quality-Flatware-Durable-Wooden-Grain-Flatware-Set-in-Bulk6.webp 3072w, https:\/\/www.huashunware.com\/wp-content\/uploads\/2025\/10\/Custom-Quality-Flatware-Durable-Wooden-Grain-Flatware-Set-in-Bulk6-300x300.webp 300w, https:\/\/www.huashunware.com\/wp-content\/uploads\/2025\/10\/Custom-Quality-Flatware-Durable-Wooden-Grain-Flatware-Set-in-Bulk6-150x150.webp 150w, https:\/\/www.huashunware.com\/wp-content\/uploads\/2025\/10\/Custom-Quality-Flatware-Durable-Wooden-Grain-Flatware-Set-in-Bulk6-768x768.webp 768w, https:\/\/www.huashunware.com\/wp-content\/uploads\/2025\/10\/Custom-Quality-Flatware-Durable-Wooden-Grain-Flatware-Set-in-Bulk6-12x12.webp 12w, https:\/\/www.huashunware.com\/wp-content\/uploads\/2025\/10\/Custom-Quality-Flatware-Durable-Wooden-Grain-Flatware-Set-in-Bulk6-1200x1200.webp 1200w, https:\/\/www.huashunware.com\/wp-content\/uploads\/2025\/10\/Custom-Quality-Flatware-Durable-Wooden-Grain-Flatware-Set-in-Bulk6-600x600.webp 600w, https:\/\/www.huashunware.com\/wp-content\/uploads\/2025\/10\/Custom-Quality-Flatware-Durable-Wooden-Grain-Flatware-Set-in-Bulk6-100x100.webp 100w\" sizes=\"(max-width: 3072px) 100vw, 3072px\" \/><\/figure>\n\n\n\n<figure class=\"wp-block-image size-full\"><img decoding=\"async\" width=\"3072\" height=\"3072\" src=\"https:\/\/www.huashunware.com\/wp-content\/uploads\/2025\/10\/Custom-Quality-Flatware-Durable-Wooden-Grain-Flatware-Set-in-Bulk-1.webp\" alt=\"Benutzerdefinierte Qualit\u00e4t Besteck, langlebig Holzmaserung Besteck in Bulk\" class=\"wp-image-1195\" srcset=\"https:\/\/www.huashunware.com\/wp-content\/uploads\/2025\/10\/Custom-Quality-Flatware-Durable-Wooden-Grain-Flatware-Set-in-Bulk-1.webp 3072w, https:\/\/www.huashunware.com\/wp-content\/uploads\/2025\/10\/Custom-Quality-Flatware-Durable-Wooden-Grain-Flatware-Set-in-Bulk-1-300x300.webp 300w, https:\/\/www.huashunware.com\/wp-content\/uploads\/2025\/10\/Custom-Quality-Flatware-Durable-Wooden-Grain-Flatware-Set-in-Bulk-1-150x150.webp 150w, https:\/\/www.huashunware.com\/wp-content\/uploads\/2025\/10\/Custom-Quality-Flatware-Durable-Wooden-Grain-Flatware-Set-in-Bulk-1-768x768.webp 768w, https:\/\/www.huashunware.com\/wp-content\/uploads\/2025\/10\/Custom-Quality-Flatware-Durable-Wooden-Grain-Flatware-Set-in-Bulk-1-12x12.webp 12w, https:\/\/www.huashunware.com\/wp-content\/uploads\/2025\/10\/Custom-Quality-Flatware-Durable-Wooden-Grain-Flatware-Set-in-Bulk-1-1200x1200.webp 1200w, https:\/\/www.huashunware.com\/wp-content\/uploads\/2025\/10\/Custom-Quality-Flatware-Durable-Wooden-Grain-Flatware-Set-in-Bulk-1-600x600.webp 600w, https:\/\/www.huashunware.com\/wp-content\/uploads\/2025\/10\/Custom-Quality-Flatware-Durable-Wooden-Grain-Flatware-Set-in-Bulk-1-100x100.webp 100w\" sizes=\"(max-width: 3072px) 100vw, 3072px\" \/><\/figure>\n<\/div>\n<\/div>","protected":false},"excerpt":{"rendered":"<p data-start=\"1174\" data-end=\"1465\">Ma\u00dfgeschneidertes Qualit\u00e4tsbesteck, strapazierf\u00e4higes Holzmaserungsbesteck in gro\u00dfen Mengen - Dieses Besteckset kombiniert klassische Eleganz mit praktischem Design. Mit seinen breiten, komfortablen Griffen und der haltbaren Holzmaserung bietet es Stil, Komfort und langlebige Leistung f\u00fcr das t\u00e4gliche Essen.<\/p>\n<h2>Benutzerdefinierte Qualit\u00e4t Besteck Attribute:<\/h2>\n<table>\n<thead>\n<tr>\n<th>Artikel<\/th>\n<th>Gewicht<\/th>\n<th>L\u00e4nge (cm)<\/th>\n<th>Breite (cm)<\/th>\n<th>Dicke (mm)<\/th>\n<\/tr>\n<\/thead>\n<tbody>\n<tr>\n<td>Messer<\/td>\n<td>29 g<\/td>\n<td>21<\/td>\n<td>1.7<\/td>\n<td>1.5<\/td>\n<\/tr>\n<tr>\n<td>Gabel<\/td>\n<td>25.3 g<\/td>\n<td>19<\/td>\n<td>2.4<\/td>\n<td>1.5<\/td>\n<\/tr>\n<tr>\n<td>L\u00f6ffel<\/td>\n<td>34.5 g<\/td>\n<td>18.5<\/td>\n<td>3.5<\/td>\n<td>1.5<\/td>\n<\/tr>\n<tr>\n<td>Teel\u00f6ffel<\/td>\n<td>24.7 g<\/td>\n<td>15<\/td>\n<td>3.2<\/td>\n<td>1.5<\/td>\n<\/tr>\n<\/tbody>\n<\/table>\n<h2>Individuelles Besteck \uff1a<\/h2>\n<ul>\n<li><strong data-start=\"33\" data-end=\"49\">Kostenlose Probe:<\/strong> Eine kostenlose Probe kann verf\u00fcgbar sein.<\/li>\n<li><strong data-start=\"84\" data-end=\"119\">Verpackung und Logoanpassung:<\/strong> Wir unterst\u00fctzen kundenspezifische Logos auf der Verpackung und bieten verschiedene Verpackungsoptionen an, darunter PET-Boxen, PVC-Boxen und Geschenkboxen.<\/li>\n<li><strong data-start=\"241\" data-end=\"266\" data-is-only-node=\"\">Optionen f\u00fcr die Grifffarbe:<\/strong> Akzeptieren Sie die Farbanpassung, mit 6-8 Farben auf Lager verf\u00fcgbar.<\/li>\n<\/ul>","protected":false},"featured_media":780,"comment_status":"closed","ping_status":"closed","template":"","meta":{"_acf_changed":false},"product_brand":[],"product_cat":[18,26],"product_tag":[],"class_list":{"0":"post-778","1":"product","2":"type-product","3":"status-publish","4":"has-post-thumbnail","6":"product_cat-cutlery-set-wholesale","7":"product_cat-plastic-handle-flatware-set","9":"first","10":"instock","11":"shipping-taxable","12":"product-type-simple"},"acf":[],"_links":{"self":[{"href":"https:\/\/www.huashunware.com\/de\/wp-json\/wp\/v2\/product\/778","targetHints":{"allow":["GET"]}}],"collection":[{"href":"https:\/\/www.huashunware.com\/de\/wp-json\/wp\/v2\/product"}],"about":[{"href":"https:\/\/www.huashunware.com\/de\/wp-json\/wp\/v2\/types\/product"}],"replies":[{"embeddable":true,"href":"https:\/\/www.huashunware.com\/de\/wp-json\/wp\/v2\/comments?post=778"}],"wp:featuredmedia":[{"embeddable":true,"href":"https:\/\/www.huashunware.com\/de\/wp-json\/wp\/v2\/media\/780"}],"wp:attachment":[{"href":"https:\/\/www.huashunware.com\/de\/wp-json\/wp\/v2\/media?parent=778"}],"wp:term":[{"taxonomy":"product_brand","embeddable":true,"href":"https:\/\/www.huashunware.com\/de\/wp-json\/wp\/v2\/product_brand?post=778"},{"taxonomy":"product_cat","embeddable":true,"href":"https:\/\/www.huashunware.com\/de\/wp-json\/wp\/v2\/product_cat?post=778"},{"taxonomy":"product_tag","embeddable":true,"href":"https:\/\/www.huashunware.com\/de\/wp-json\/wp\/v2\/product_tag?post=778"}],"curies":[{"name":"wp","href":"https:\/\/api.w.org\/{rel}","templated":true}]}}