{"id":807,"date":"2025-10-18T07:37:59","date_gmt":"2025-10-18T07:30:46","guid":{"rendered":"https:\/\/www.huashunware.com\/?post_type=product&#038;p=807"},"modified":"2025-10-18T07:38:31","modified_gmt":"2025-10-18T07:38:31","slug":"custom-kid-plate-set-with-cute-frog-design","status":"publish","type":"product","link":"https:\/\/www.huashunware.com\/de\/produkt\/custom-kid-plate-set-with-cute-frog-design\/","title":{"rendered":"Individuelles Kinderteller-Set mit niedlichem Frosch-Design"},"content":{"rendered":"<div class=\"wp-block-columns is-layout-flex wp-container-core-columns-is-layout-9d6595d7 wp-block-columns-is-layout-flex\">\n<div class=\"wp-block-column is-layout-flow wp-block-column-is-layout-flow\">\n<h2 class=\"wp-block-heading\">Kinderteller-Set Merkmale:<\/h2>\n\n\n\n<p><strong>Sicher und ungiftig: <\/strong>Hergestellt aus US-Standard-Silikon in Lebensmittelqualit\u00e4t, 100% BPA-frei und ungiftig, f\u00fcr eine sichere Mahlzeit Erfahrung f\u00fcr Kinder. Weich auf empfindlicher Haut und v\u00f6llig frei von giftigen Chemikalien f\u00fcr den Seelenfrieden der Eltern.<\/p>\n\n\n\n<p><strong>Glatte Utensilien aus Edelstahl:<\/strong> Hochglanzpolierter Edelstahl mit abgerundeten Kanten - langlebig, rostfrei und sanft zu kleinen M\u00fcndern. Diese Utensilien sind f\u00fcr den t\u00e4glichen Gebrauch konzipiert und verbinden Sicherheit mit lang anhaltendem Glanz.<\/p>\n\n\n\n<p><strong>Starke Saugbasis: <\/strong>Die starke Saugkraft h\u00e4lt den Teller auf glatten Oberfl\u00e4chen und sch\u00fctzt ihn vor Ausrutschen, Umkippen und Versch\u00fctten. Er hilft Kleinkindern, sich selbst zu ern\u00e4hren und den Tisch sauber und ordentlich zu halten.<\/p>\n\n\n\n<p><strong>Bezauberndes Frosch-Design:<\/strong> Das niedliche Froschdesign bringt Spa\u00df in die Essenszeit und ermutigt Kinder, selbst zu essen. Das helle, einladende Design regt die Neugierde an und hilft bei der Entwicklung gesunder Essgewohnheiten.<\/p>\n\n\n\n<p><strong>Leicht zu reinigen: <\/strong>Sp\u00fclmaschinenfest und schnell abwaschbar, so dass die Eltern leicht und ohne Stress aufr\u00e4umen k\u00f6nnen. Die glatte Silikonoberfl\u00e4che klebt nicht am Essen und macht die Reinigung nach jeder Mahlzeit zu einem Kinderspiel.<\/p>\n<\/div>\n\n\n\n<div class=\"wp-block-column is-layout-flow wp-block-column-is-layout-flow\">\n<figure class=\"wp-block-image size-full\"><img decoding=\"async\" width=\"3072\" height=\"3072\" src=\"https:\/\/www.huashunware.com\/wp-content\/uploads\/2025\/10\/Custom-Kid-Plate-Set2.webp\" alt=\"Individuelles Kinderteller-Set2\" class=\"wp-image-809\" srcset=\"https:\/\/www.huashunware.com\/wp-content\/uploads\/2025\/10\/Custom-Kid-Plate-Set2.webp 3072w, https:\/\/www.huashunware.com\/wp-content\/uploads\/2025\/10\/Custom-Kid-Plate-Set2-300x300.webp 300w, https:\/\/www.huashunware.com\/wp-content\/uploads\/2025\/10\/Custom-Kid-Plate-Set2-150x150.webp 150w, https:\/\/www.huashunware.com\/wp-content\/uploads\/2025\/10\/Custom-Kid-Plate-Set2-768x768.webp 768w, https:\/\/www.huashunware.com\/wp-content\/uploads\/2025\/10\/Custom-Kid-Plate-Set2-12x12.webp 12w, https:\/\/www.huashunware.com\/wp-content\/uploads\/2025\/10\/Custom-Kid-Plate-Set2-1200x1200.webp 1200w, https:\/\/www.huashunware.com\/wp-content\/uploads\/2025\/10\/Custom-Kid-Plate-Set2-600x600.webp 600w, https:\/\/www.huashunware.com\/wp-content\/uploads\/2025\/10\/Custom-Kid-Plate-Set2-100x100.webp 100w\" sizes=\"(max-width: 3072px) 100vw, 3072px\" \/><\/figure>\n<\/div>\n<\/div>\n\n\n\n<p><\/p>","protected":false},"excerpt":{"rendered":"<p data-start=\"68\" data-end=\"340\">Das benutzerdefinierte Kinderteller-Set mit dem niedlichen Froschdesign macht das Essen zum Vergn\u00fcgen, sicher und einfach. Aus lebensmittelechtem Silikon und Edelstahl gefertigt, ist es BPA-frei, langlebig und sanft zu Kindern. Der starke Saugfu\u00df h\u00e4lt den Teller fest, w\u00e4hrend das niedliche Froschdesign zur Selbstf\u00fctterung anregt. Leicht zu reinigen und perfekt f\u00fcr den t\u00e4glichen Gebrauch in der Familie.<\/p>\n<h2 class=\"brxe-product-title\">Individuelles Kinderteller-Set Attribute:<\/h2>\n<table>\n<thead>\n<tr>\n<th>Artikel<\/th>\n<th>Gr\u00f6\u00dfe (L\u00d7B\u00d7H)<\/th>\n<th>Gewicht<\/th>\n<\/tr>\n<\/thead>\n<tbody>\n<tr>\n<td><strong>Box<\/strong><\/td>\n<td>225 \u00d7 192 \u00d7 35 mm<\/td>\n<td>369.4 g<\/td>\n<\/tr>\n<tr>\n<td><strong>Platte<\/strong><\/td>\n<td>195 \u00d7 155 \u00d7 33 mm<\/td>\n<td>230 g<\/td>\n<\/tr>\n<tr>\n<td><strong>Gabel<\/strong><\/td>\n<td>95 \u00d7 37 \u00d7 22 mm<\/td>\n<td>34.8 g<\/td>\n<\/tr>\n<tr>\n<td><strong>L\u00f6ffel<\/strong><\/td>\n<td>95 \u00d7 37 \u00d7 22 mm<\/td>\n<td>38.3 g<\/td>\n<\/tr>\n<\/tbody>\n<\/table>\n<p><strong>MOQ: 96 St\u00fcck<\/strong><\/p>\n<h2 class=\"brxe-product-title\">Individuelles Kinderteller-Set:<\/h2>\n<ul>\n<li data-start=\"79\" data-end=\"146\">\n<p data-start=\"81\" data-end=\"146\"><strong data-start=\"81\" data-end=\"92\">Beispiel:<\/strong> Kostenloses Muster zum Testen vor der Gro\u00dfbestellung verf\u00fcgbar<\/p>\n<\/li>\n<li data-start=\"147\" data-end=\"224\">\n<p data-start=\"149\" data-end=\"224\"><strong data-start=\"149\" data-end=\"176\">Kleine Auftr\u00e4ge mit Logo:<\/strong> Akzeptieren Sie kleine Mengen Bestellungen mit benutzerdefinierten Logo<\/p>\n<\/li>\n<li data-start=\"225\" data-end=\"302\">\n<p data-start=\"227\" data-end=\"302\"><strong data-start=\"227\" data-end=\"245\">Schnelle Lieferung:<\/strong> 4 Farben auf Lager, Bestellungen k\u00f6nnen innerhalb von 7 Tagen versandt werden<\/p>\n<\/li>\n<li data-start=\"303\" data-end=\"415\">\n<p data-start=\"305\" data-end=\"415\"><strong data-start=\"305\" data-end=\"340\">Verpackung und Logoanpassung:<\/strong> Unterst\u00fctzung von kundenspezifischen Logos auf der Verpackung; w\u00e4hlen Sie PET-Box, PVC-Box oder Geschenkbox<\/p>\n<\/li>\n<\/ul>","protected":false},"featured_media":810,"comment_status":"closed","ping_status":"closed","template":"","meta":{"_acf_changed":false},"product_brand":[],"product_cat":[19],"product_tag":[],"class_list":{"0":"post-807","1":"product","2":"type-product","3":"status-publish","4":"has-post-thumbnail","6":"product_cat-wholesale-kids-dinnerware","8":"first","9":"instock","10":"shipping-taxable","11":"product-type-simple"},"acf":[],"_links":{"self":[{"href":"https:\/\/www.huashunware.com\/de\/wp-json\/wp\/v2\/product\/807","targetHints":{"allow":["GET"]}}],"collection":[{"href":"https:\/\/www.huashunware.com\/de\/wp-json\/wp\/v2\/product"}],"about":[{"href":"https:\/\/www.huashunware.com\/de\/wp-json\/wp\/v2\/types\/product"}],"replies":[{"embeddable":true,"href":"https:\/\/www.huashunware.com\/de\/wp-json\/wp\/v2\/comments?post=807"}],"wp:featuredmedia":[{"embeddable":true,"href":"https:\/\/www.huashunware.com\/de\/wp-json\/wp\/v2\/media\/810"}],"wp:attachment":[{"href":"https:\/\/www.huashunware.com\/de\/wp-json\/wp\/v2\/media?parent=807"}],"wp:term":[{"taxonomy":"product_brand","embeddable":true,"href":"https:\/\/www.huashunware.com\/de\/wp-json\/wp\/v2\/product_brand?post=807"},{"taxonomy":"product_cat","embeddable":true,"href":"https:\/\/www.huashunware.com\/de\/wp-json\/wp\/v2\/product_cat?post=807"},{"taxonomy":"product_tag","embeddable":true,"href":"https:\/\/www.huashunware.com\/de\/wp-json\/wp\/v2\/product_tag?post=807"}],"curies":[{"name":"wp","href":"https:\/\/api.w.org\/{rel}","templated":true}]}}