{"id":813,"date":"2025-10-18T07:53:10","date_gmt":"2025-10-18T07:47:08","guid":{"rendered":"https:\/\/www.huashunware.com\/?post_type=product&#038;p=813"},"modified":"2025-10-18T07:53:59","modified_gmt":"2025-10-18T07:53:59","slug":"custom-kids-tableware-christmas-cap-plate-set","status":"publish","type":"product","link":"https:\/\/www.huashunware.com\/de\/produkt\/custom-kids-tableware-christmas-cap-plate-set\/","title":{"rendered":"Individuelle Kindergeschirr Weihnachten Cap Teller Set"},"content":{"rendered":"<div class=\"wp-block-columns is-layout-flex wp-container-core-columns-is-layout-9d6595d7 wp-block-columns-is-layout-flex\">\n<div class=\"wp-block-column is-layout-flow wp-block-column-is-layout-flow\">\n<h2 class=\"wp-block-heading\">Individuelles Kindergeschirr Merkmale:<\/h2>\n\n\n\n<p><strong>Sichere und ungiftige Materialien:<\/strong> Hergestellt aus hochwertigem lebensmittelechtem Silikon nach US-Standard, das 100% BPA-frei und ungiftig ist. Damit ist jede Mahlzeit f\u00fcr Ihre Kleinen sicher, gesund und sorgenfrei.<\/p>\n\n\n\n<p><strong>Glatte Utensilien aus Edelstahl:<\/strong> Hergestellt aus hochglanzpoliertem Edelstahl mit abgerundeten Kanten f\u00fcr zus\u00e4tzliche Sicherheit. Langlebig, rostbest\u00e4ndig und sanft zu kleinen M\u00fcndern - perfekt f\u00fcr den t\u00e4glichen Gebrauch.<\/p>\n\n\n\n<p><strong>Starke Saugbasis:<\/strong> Das leistungsstarke Saugdesign haftet fest an glatten Oberfl\u00e4chen und verhindert Ausrutschen, Umkippen und Versch\u00fctten. Er sorgt f\u00fcr Ordnung bei den Mahlzeiten und hilft Kindern, Selbstvertrauen zu entwickeln.<\/p>\n\n\n\n<p><strong>Bezauberndes Weihnachtsm\u00fctzen-Design:<\/strong> Die lustige Form der Weihnachtsm\u00fctze bringt festliche Stimmung in jede Mahlzeit. Der helle, verspielte Look zieht die Aufmerksamkeit der Kinder auf sich und macht das Essen noch angenehmer.<\/p>\n\n\n\n<p><strong>Leicht zu reinigen und langlebig:<\/strong> Sp\u00fclmaschinenfestes Silikon und Edelstahl erm\u00f6glichen eine schnelle und m\u00fchelose Reinigung. Sie sind f\u00fcr den t\u00e4glichen Gebrauch ausgelegt und bleiben hell und sicher.<\/p>\n<\/div>\n\n\n\n<div class=\"wp-block-column is-layout-flow wp-block-column-is-layout-flow\">\n<figure class=\"wp-block-image size-full\"><img decoding=\"async\" width=\"3072\" height=\"3072\" src=\"https:\/\/www.huashunware.com\/wp-content\/uploads\/2025\/10\/Custom-Kids-Tableware3.webp\" alt=\"Individuelles Kindergeschirr3\" class=\"wp-image-816\" srcset=\"https:\/\/www.huashunware.com\/wp-content\/uploads\/2025\/10\/Custom-Kids-Tableware3.webp 3072w, https:\/\/www.huashunware.com\/wp-content\/uploads\/2025\/10\/Custom-Kids-Tableware3-300x300.webp 300w, https:\/\/www.huashunware.com\/wp-content\/uploads\/2025\/10\/Custom-Kids-Tableware3-150x150.webp 150w, https:\/\/www.huashunware.com\/wp-content\/uploads\/2025\/10\/Custom-Kids-Tableware3-768x768.webp 768w, https:\/\/www.huashunware.com\/wp-content\/uploads\/2025\/10\/Custom-Kids-Tableware3-12x12.webp 12w, https:\/\/www.huashunware.com\/wp-content\/uploads\/2025\/10\/Custom-Kids-Tableware3-1200x1200.webp 1200w, https:\/\/www.huashunware.com\/wp-content\/uploads\/2025\/10\/Custom-Kids-Tableware3-600x600.webp 600w, https:\/\/www.huashunware.com\/wp-content\/uploads\/2025\/10\/Custom-Kids-Tableware3-100x100.webp 100w\" sizes=\"(max-width: 3072px) 100vw, 3072px\" \/><\/figure>\n<\/div>\n<\/div>\n\n\n\n<p><\/p>","protected":false},"excerpt":{"rendered":"<p data-start=\"68\" data-end=\"340\">Das individuelle Kindergeschirr Weihnachtsm\u00fctzenteller-Set bringt festlichen Spa\u00df und Sicherheit zu den Mahlzeiten der Kinder. Der Teller aus BPA-freiem, lebensmittelechtem Silikon mit starkem Saugfu\u00df bleibt stabil und ist leicht zu reinigen. Das niedliche Weihnachtsm\u00fctzendesign erfreut Kinder und macht die Mahlzeiten zu jeder Jahreszeit fr\u00f6hlich.<\/p>\n<h2 class=\"brxe-product-title\">Individuelles Kindergeschirr Attribute:<\/h2>\n<table>\n<thead>\n<tr>\n<th>Artikel<\/th>\n<th>Gr\u00f6\u00dfe (L\u00d7B\u00d7H)<\/th>\n<th>Gewicht<\/th>\n<\/tr>\n<\/thead>\n<tbody>\n<tr>\n<td><strong>Box<\/strong><\/td>\n<td>230 \u00d7 210 \u00d7 35 mm<\/td>\n<td>378.1 g<\/td>\n<\/tr>\n<tr>\n<td><strong>Platte<\/strong><\/td>\n<td>200 \u00d7 180 \u00d7 33 mm<\/td>\n<td>221 g<\/td>\n<\/tr>\n<tr>\n<td><strong>Gabel<\/strong><\/td>\n<td>104 \u00d7 30 \u00d7 24 mm<\/td>\n<td>34.8 g<\/td>\n<\/tr>\n<tr>\n<td><strong>L\u00f6ffel<\/strong><\/td>\n<td>104 \u00d7 30 \u00d7 24 mm<\/td>\n<td>39.4 g<\/td>\n<\/tr>\n<\/tbody>\n<\/table>\n<p><strong>MOQ: 96 St\u00fcck<\/strong><\/p>\n<h2 class=\"brxe-product-title\">Individuelles Kindergeschirr :<\/h2>\n<ul>\n<li data-start=\"79\" data-end=\"146\">\n<p data-start=\"81\" data-end=\"146\"><strong data-start=\"81\" data-end=\"92\">Beispiel:<\/strong> Kostenloses Muster zum Testen vor der Gro\u00dfbestellung verf\u00fcgbar<\/p>\n<\/li>\n<li data-start=\"147\" data-end=\"224\">\n<p data-start=\"149\" data-end=\"224\"><strong data-start=\"149\" data-end=\"176\">Kleine Auftr\u00e4ge mit Logo:<\/strong> Akzeptieren Sie kleine Mengen Bestellungen mit benutzerdefinierten Logo<\/p>\n<\/li>\n<li data-start=\"225\" data-end=\"302\">\n<p data-start=\"227\" data-end=\"302\"><strong data-start=\"227\" data-end=\"245\">Schnelle Lieferung:<\/strong> 4 Farben auf Lager, Bestellungen k\u00f6nnen innerhalb von 7 Tagen versandt werden<\/p>\n<\/li>\n<li data-start=\"303\" data-end=\"415\">\n<p data-start=\"305\" data-end=\"415\"><strong data-start=\"305\" data-end=\"340\">Verpackung und Logoanpassung:<\/strong> Unterst\u00fctzung von kundenspezifischen Logos auf der Verpackung; w\u00e4hlen Sie PET-Box, PVC-Box oder Geschenkbox<\/p>\n<\/li>\n<\/ul>","protected":false},"featured_media":814,"comment_status":"closed","ping_status":"closed","template":"","meta":{"_acf_changed":false},"product_brand":[],"product_cat":[19],"product_tag":[],"class_list":{"0":"post-813","1":"product","2":"type-product","3":"status-publish","4":"has-post-thumbnail","6":"product_cat-wholesale-kids-dinnerware","8":"first","9":"instock","10":"shipping-taxable","11":"product-type-simple"},"acf":[],"_links":{"self":[{"href":"https:\/\/www.huashunware.com\/de\/wp-json\/wp\/v2\/product\/813","targetHints":{"allow":["GET"]}}],"collection":[{"href":"https:\/\/www.huashunware.com\/de\/wp-json\/wp\/v2\/product"}],"about":[{"href":"https:\/\/www.huashunware.com\/de\/wp-json\/wp\/v2\/types\/product"}],"replies":[{"embeddable":true,"href":"https:\/\/www.huashunware.com\/de\/wp-json\/wp\/v2\/comments?post=813"}],"wp:featuredmedia":[{"embeddable":true,"href":"https:\/\/www.huashunware.com\/de\/wp-json\/wp\/v2\/media\/814"}],"wp:attachment":[{"href":"https:\/\/www.huashunware.com\/de\/wp-json\/wp\/v2\/media?parent=813"}],"wp:term":[{"taxonomy":"product_brand","embeddable":true,"href":"https:\/\/www.huashunware.com\/de\/wp-json\/wp\/v2\/product_brand?post=813"},{"taxonomy":"product_cat","embeddable":true,"href":"https:\/\/www.huashunware.com\/de\/wp-json\/wp\/v2\/product_cat?post=813"},{"taxonomy":"product_tag","embeddable":true,"href":"https:\/\/www.huashunware.com\/de\/wp-json\/wp\/v2\/product_tag?post=813"}],"curies":[{"name":"wp","href":"https:\/\/api.w.org\/{rel}","templated":true}]}}