{"id":819,"date":"2025-10-18T08:35:12","date_gmt":"2025-10-18T08:18:47","guid":{"rendered":"https:\/\/www.huashunware.com\/?post_type=product&#038;p=819"},"modified":"2025-10-18T08:36:03","modified_gmt":"2025-10-18T08:36:03","slug":"custom-kids-dinnerware-sets-yellow-duck-plate-set","status":"publish","type":"product","link":"https:\/\/www.huashunware.com\/de\/produkt\/custom-kids-dinnerware-sets-yellow-duck-plate-set\/","title":{"rendered":"Individuelle Kindergeschirr-Sets Gelbe Ente Teller-Set"},"content":{"rendered":"<div class=\"wp-block-columns is-layout-flex wp-container-core-columns-is-layout-9d6595d7 wp-block-columns-is-layout-flex\">\n<div class=\"wp-block-column is-layout-flow wp-block-column-is-layout-flow\">\n<h2 class=\"wp-block-heading\">Benutzerdefinierte Kindergeschirr-Sets Merkmale:<\/h2>\n\n\n\n<p><strong>Kinderfreundliche und sichere Materialien:<\/strong> Hergestellt aus hochwertigem, lebensmittelechtem US-Silikon, v\u00f6llig BPA-frei und ungiftig, so dass die kleinen M\u00fcnder bei jeder Mahlzeit sanft gepflegt werden.<\/p>\n\n\n\n<p><strong>Langlebige Utensilien aus rostfreiem Stahl:<\/strong> Hochglanzpolierte Edelstahlutensilien mit abgerundeten Kanten sorgen f\u00fcr eine lange Nutzungsdauer und verhindern versehentliche Kratzer oder Schnitte.<\/p>\n\n\n\n<p><strong>Schmutzfreies Absaugdesign:<\/strong> Der starke Saugfu\u00df h\u00e4lt die Teller fest auf Tischen oder Hochst\u00fchlen und hilft Kleinkindern, selbstst\u00e4ndig zu essen, ohne etwas zu versch\u00fctten.<\/p>\n\n\n\n<p><strong>Lustiges Yellow Duck Thema:<\/strong> Das helle, fr\u00f6hliche Entendesign macht die Mahlzeiten zu einem unterhaltsamen Erlebnis und regt Kinder dazu an, ihr Essen zu genie\u00dfen und positive Essgewohnheiten zu entwickeln.<\/p>\n\n\n\n<p><strong>Bequem und leicht zu pflegen:<\/strong> Dieses Tellerset ist sp\u00fclmaschinenfest und einfach abzusp\u00fclen. Es spart den Eltern Zeit bei der Reinigung und ist gleichzeitig robust und hygienisch.<\/p>\n<\/div>\n\n\n\n<div class=\"wp-block-column is-layout-flow wp-block-column-is-layout-flow\">\n<figure class=\"wp-block-image size-full\"><img decoding=\"async\" width=\"3072\" height=\"3072\" src=\"https:\/\/www.huashunware.com\/wp-content\/uploads\/2025\/10\/Custom-Kids-Dinnerware-Sets4.webp\" alt=\"Individuelle Kindergeschirr-Sets4\" class=\"wp-image-823\" srcset=\"https:\/\/www.huashunware.com\/wp-content\/uploads\/2025\/10\/Custom-Kids-Dinnerware-Sets4.webp 3072w, https:\/\/www.huashunware.com\/wp-content\/uploads\/2025\/10\/Custom-Kids-Dinnerware-Sets4-300x300.webp 300w, https:\/\/www.huashunware.com\/wp-content\/uploads\/2025\/10\/Custom-Kids-Dinnerware-Sets4-150x150.webp 150w, https:\/\/www.huashunware.com\/wp-content\/uploads\/2025\/10\/Custom-Kids-Dinnerware-Sets4-768x768.webp 768w, https:\/\/www.huashunware.com\/wp-content\/uploads\/2025\/10\/Custom-Kids-Dinnerware-Sets4-12x12.webp 12w, https:\/\/www.huashunware.com\/wp-content\/uploads\/2025\/10\/Custom-Kids-Dinnerware-Sets4-1200x1200.webp 1200w, https:\/\/www.huashunware.com\/wp-content\/uploads\/2025\/10\/Custom-Kids-Dinnerware-Sets4-600x600.webp 600w, https:\/\/www.huashunware.com\/wp-content\/uploads\/2025\/10\/Custom-Kids-Dinnerware-Sets4-100x100.webp 100w\" sizes=\"(max-width: 3072px) 100vw, 3072px\" \/><\/figure>\n<\/div>\n<\/div>\n\n\n\n<p><\/p>","protected":false},"excerpt":{"rendered":"<p data-start=\"68\" data-end=\"340\">Mit den individuellen Kindergeschirr-Sets macht das Essen Spa\u00df, ist sicher und einfach. Hergestellt aus BPA-freiem, lebensmittelechtem Silikon und mit Besteck aus rostfreiem Stahl, ist es langlebig und auslaufsicher. Das fr\u00f6hliche gelbe Entendesign h\u00e4lt Kleinkinder bei Laune und ist perfekt f\u00fcr den t\u00e4glichen Gebrauch zu Hause oder unterwegs.<\/p>\n<h2 class=\"brxe-product-title\">Benutzerdefinierte Kindergeschirr-Sets Attribute:<\/h2>\n<table>\n<thead>\n<tr>\n<th>Artikel<\/th>\n<th>Gr\u00f6\u00dfe (L\u00d7B\u00d7H)<\/th>\n<th>Gewicht<\/th>\n<\/tr>\n<\/thead>\n<tbody>\n<tr>\n<td><strong>Box<\/strong><\/td>\n<td>230 \u00d7 210 \u00d7 35 mm<\/td>\n<td>405.6 g<\/td>\n<\/tr>\n<tr>\n<td><strong>Platte<\/strong><\/td>\n<td>197 \u00d7 175 \u00d7 33 mm<\/td>\n<td>242.5 g<\/td>\n<\/tr>\n<tr>\n<td><strong>Gabel<\/strong><\/td>\n<td>95 \u00d7 40 \u00d7 20 mm<\/td>\n<td>35.6 g<\/td>\n<\/tr>\n<tr>\n<td><strong>L\u00f6ffel<\/strong><\/td>\n<td>95 \u00d7 40 \u00d7 20 mm<\/td>\n<td>39.1 g<\/td>\n<\/tr>\n<\/tbody>\n<\/table>\n<p><strong>MOQ: 96 St\u00fcck<\/strong><\/p>\n<h2 class=\"brxe-product-title\">Individuelle Kindergeschirr-Sets:<\/h2>\n<ul>\n<li data-start=\"79\" data-end=\"146\">\n<p data-start=\"81\" data-end=\"146\"><strong data-start=\"81\" data-end=\"92\">Beispiel:<\/strong> Kostenloses Muster zum Testen vor der Gro\u00dfbestellung verf\u00fcgbar<\/p>\n<\/li>\n<li data-start=\"147\" data-end=\"224\">\n<p data-start=\"149\" data-end=\"224\"><strong data-start=\"149\" data-end=\"176\">Kleine Auftr\u00e4ge mit Logo:<\/strong> Annahme von Kleinmengenbestellungen mit einem individuellen Logo<\/p>\n<\/li>\n<li data-start=\"225\" data-end=\"302\">\n<p data-start=\"227\" data-end=\"302\"><strong data-start=\"227\" data-end=\"245\">Schnelle Lieferung:<\/strong> 4 Farben auf Lager, Bestellungen k\u00f6nnen innerhalb von 7 Tagen versandt werden<\/p>\n<\/li>\n<li data-start=\"303\" data-end=\"415\">\n<p data-start=\"305\" data-end=\"415\"><strong data-start=\"305\" data-end=\"340\">Verpackung und Logoanpassung:<\/strong> Unterst\u00fctzung von kundenspezifischen Logos auf der Verpackung; w\u00e4hlen Sie PET-Box, PVC-Box oder Geschenkbox<\/p>\n<\/li>\n<\/ul>","protected":false},"featured_media":820,"comment_status":"closed","ping_status":"closed","template":"","meta":{"_acf_changed":false},"product_brand":[],"product_cat":[19],"product_tag":[],"class_list":{"0":"post-819","1":"product","2":"type-product","3":"status-publish","4":"has-post-thumbnail","6":"product_cat-wholesale-kids-dinnerware","8":"first","9":"instock","10":"shipping-taxable","11":"product-type-simple"},"acf":[],"_links":{"self":[{"href":"https:\/\/www.huashunware.com\/de\/wp-json\/wp\/v2\/product\/819","targetHints":{"allow":["GET"]}}],"collection":[{"href":"https:\/\/www.huashunware.com\/de\/wp-json\/wp\/v2\/product"}],"about":[{"href":"https:\/\/www.huashunware.com\/de\/wp-json\/wp\/v2\/types\/product"}],"replies":[{"embeddable":true,"href":"https:\/\/www.huashunware.com\/de\/wp-json\/wp\/v2\/comments?post=819"}],"wp:featuredmedia":[{"embeddable":true,"href":"https:\/\/www.huashunware.com\/de\/wp-json\/wp\/v2\/media\/820"}],"wp:attachment":[{"href":"https:\/\/www.huashunware.com\/de\/wp-json\/wp\/v2\/media?parent=819"}],"wp:term":[{"taxonomy":"product_brand","embeddable":true,"href":"https:\/\/www.huashunware.com\/de\/wp-json\/wp\/v2\/product_brand?post=819"},{"taxonomy":"product_cat","embeddable":true,"href":"https:\/\/www.huashunware.com\/de\/wp-json\/wp\/v2\/product_cat?post=819"},{"taxonomy":"product_tag","embeddable":true,"href":"https:\/\/www.huashunware.com\/de\/wp-json\/wp\/v2\/product_tag?post=819"}],"curies":[{"name":"wp","href":"https:\/\/api.w.org\/{rel}","templated":true}]}}