{"id":825,"date":"2025-10-18T08:51:58","date_gmt":"2025-10-18T08:42:04","guid":{"rendered":"https:\/\/www.huashunware.com\/?post_type=product&#038;p=825"},"modified":"2025-10-18T09:06:56","modified_gmt":"2025-10-18T09:06:56","slug":"wholesale-kids-non-toxic-dinnerware-with-corn-design","status":"publish","type":"product","link":"https:\/\/www.huashunware.com\/de\/produkt\/wholesale-kids-non-toxic-dinnerware-with-corn-design\/","title":{"rendered":"Gro\u00dfhandel Kinder ungiftig Geschirr mit Mais Design"},"content":{"rendered":"<div class=\"wp-block-columns is-layout-flex wp-container-core-columns-is-layout-9d6595d7 wp-block-columns-is-layout-flex\">\n<div class=\"wp-block-column is-layout-flow wp-block-column-is-layout-flow\">\n<h2 class=\"wp-block-heading\">Gro\u00dfhandel Kinder ungiftig Geschirr Eigenschaften:<\/h2>\n\n\n\n<p><strong>Sichere und ungiftige Materialien:<\/strong> Der 100% ist aus lebensmittelechtem Silikon nach US-Standard hergestellt, BPA-frei und ungiftig, was eine gesunde und sichere Essenszeit f\u00fcr Kinder gew\u00e4hrleistet.<\/p>\n\n\n\n<p><strong>Langlebige Utensilien aus rostfreiem Stahl:<\/strong> Hochglanzpolierter Edelstahl mit abgerundeten, glatten Kanten sorgt f\u00fcr eine lange Lebensdauer und sch\u00fctzt kleine M\u00fcnder vor Kratzern.<\/p>\n\n\n\n<p><strong>Starke Saugbasis:<\/strong> Das innovative Saugdesign haftet fest an glatten Oberfl\u00e4chen und verhindert ein Ausrutschen, Umkippen und Versch\u00fctten w\u00e4hrend des Essens.<\/p>\n\n\n\n<p><strong>Lustiges Maisdesign:<\/strong> Der helle, verspielte Teller in Maisform bringt Spa\u00df beim Essen und ermutigt Kinder, ihre Mahlzeiten zu genie\u00dfen und gesunde Essgewohnheiten zu entwickeln.<\/p>\n\n\n\n<p><strong>Leicht zu reinigen und langlebig:<\/strong> Die sp\u00fclmaschinenfesten Materialien erm\u00f6glichen eine m\u00fchelose Reinigung, und die hochwertige Konstruktion garantiert Langlebigkeit f\u00fcr den t\u00e4glichen Gebrauch.<\/p>\n<\/div>\n\n\n\n<div class=\"wp-block-column is-layout-flow wp-block-column-is-layout-flow\">\n<figure class=\"wp-block-image size-full\"><img decoding=\"async\" width=\"3072\" height=\"3072\" src=\"https:\/\/www.huashunware.com\/wp-content\/uploads\/2025\/10\/Wholesale-Kids-Non-Toxic-Dinnerware3.webp\" alt=\"Gro\u00dfhandel Kinder ungiftig Abendessenware3\" class=\"wp-image-828\" srcset=\"https:\/\/www.huashunware.com\/wp-content\/uploads\/2025\/10\/Wholesale-Kids-Non-Toxic-Dinnerware3.webp 3072w, https:\/\/www.huashunware.com\/wp-content\/uploads\/2025\/10\/Wholesale-Kids-Non-Toxic-Dinnerware3-300x300.webp 300w, https:\/\/www.huashunware.com\/wp-content\/uploads\/2025\/10\/Wholesale-Kids-Non-Toxic-Dinnerware3-150x150.webp 150w, https:\/\/www.huashunware.com\/wp-content\/uploads\/2025\/10\/Wholesale-Kids-Non-Toxic-Dinnerware3-768x768.webp 768w, https:\/\/www.huashunware.com\/wp-content\/uploads\/2025\/10\/Wholesale-Kids-Non-Toxic-Dinnerware3-12x12.webp 12w, https:\/\/www.huashunware.com\/wp-content\/uploads\/2025\/10\/Wholesale-Kids-Non-Toxic-Dinnerware3-1200x1200.webp 1200w, https:\/\/www.huashunware.com\/wp-content\/uploads\/2025\/10\/Wholesale-Kids-Non-Toxic-Dinnerware3-600x600.webp 600w, https:\/\/www.huashunware.com\/wp-content\/uploads\/2025\/10\/Wholesale-Kids-Non-Toxic-Dinnerware3-100x100.webp 100w\" sizes=\"(max-width: 3072px) 100vw, 3072px\" \/><\/figure>\n<\/div>\n<\/div>","protected":false},"excerpt":{"rendered":"<p data-start=\"68\" data-end=\"340\">Gro\u00dfhandel Kinder ungiftig Geschirr mit Mais Design macht Mahlzeiten sicher, Spa\u00df, und einfach. Es ist aus BPA-freiem lebensmittelechtem Silikon mit Utensilien aus rostfreiem Stahl hergestellt, ist langlebig und auslaufsicher. Das fr\u00f6hliche Maisdesign h\u00e4lt Kinder beim Essen besch\u00e4ftigt und gl\u00fccklich.<\/p>\n<h2 class=\"brxe-product-title\">Gro\u00dfhandel Kinder ungiftig Geschirr Attribute:<\/h2>\n<table>\n<thead>\n<tr>\n<th>Artikel<\/th>\n<th>Gr\u00f6\u00dfe (L\u00d7B\u00d7H)<\/th>\n<th>Gewicht<\/th>\n<\/tr>\n<\/thead>\n<tbody>\n<tr>\n<td><strong>Box<\/strong><\/td>\n<td>270 \u00d7 180 \u00d7 35 mm<\/td>\n<td>395.4 g<\/td>\n<\/tr>\n<tr>\n<td><strong>Platte<\/strong><\/td>\n<td>248 \u00d7 161 \u00d7 33 mm<\/td>\n<td>239 g<\/td>\n<\/tr>\n<tr>\n<td><strong>Gabel<\/strong><\/td>\n<td>116 \u00d7 38 \u00d7 19 mm<\/td>\n<td>35.3 g<\/td>\n<\/tr>\n<tr>\n<td><strong>L\u00f6ffel<\/strong><\/td>\n<td>116 \u00d7 38 \u00d7 19 mm<\/td>\n<td>39 g<\/td>\n<\/tr>\n<\/tbody>\n<\/table>\n<p><strong>MOQ: 96 St\u00fcck<\/strong><\/p>\n<h2 class=\"brxe-product-title\">Individuelles ungiftiges Kindergeschirr:<\/h2>\n<ul>\n<li data-start=\"79\" data-end=\"146\">\n<p data-start=\"81\" data-end=\"146\"><strong data-start=\"81\" data-end=\"92\">Beispiel:<\/strong> Kostenloses Muster zum Testen vor der Gro\u00dfbestellung verf\u00fcgbar<\/p>\n<\/li>\n<li data-start=\"147\" data-end=\"224\">\n<p data-start=\"149\" data-end=\"224\"><strong data-start=\"149\" data-end=\"176\">Kleine Auftr\u00e4ge mit Logo:<\/strong> Annahme von Kleinmengenbestellungen mit einem individuellen Logo<\/p>\n<\/li>\n<li data-start=\"225\" data-end=\"302\">\n<p data-start=\"227\" data-end=\"302\"><strong data-start=\"227\" data-end=\"245\">Schnelle Lieferung:<\/strong> 4 Farben auf Lager, Bestellungen k\u00f6nnen innerhalb von 7 Tagen versandt werden<\/p>\n<\/li>\n<li data-start=\"303\" data-end=\"415\">\n<p data-start=\"305\" data-end=\"415\"><strong data-start=\"305\" data-end=\"340\">Verpackung und Logoanpassung:<\/strong> Unterst\u00fctzung von kundenspezifischen Logos auf der Verpackung; w\u00e4hlen Sie PET-Box, PVC-Box oder Geschenkbox<\/p>\n<\/li>\n<\/ul>","protected":false},"featured_media":826,"comment_status":"closed","ping_status":"closed","template":"","meta":{"_acf_changed":false},"product_brand":[],"product_cat":[19],"product_tag":[],"class_list":{"0":"post-825","1":"product","2":"type-product","3":"status-publish","4":"has-post-thumbnail","6":"product_cat-wholesale-kids-dinnerware","8":"first","9":"instock","10":"shipping-taxable","11":"product-type-simple"},"acf":[],"_links":{"self":[{"href":"https:\/\/www.huashunware.com\/de\/wp-json\/wp\/v2\/product\/825","targetHints":{"allow":["GET"]}}],"collection":[{"href":"https:\/\/www.huashunware.com\/de\/wp-json\/wp\/v2\/product"}],"about":[{"href":"https:\/\/www.huashunware.com\/de\/wp-json\/wp\/v2\/types\/product"}],"replies":[{"embeddable":true,"href":"https:\/\/www.huashunware.com\/de\/wp-json\/wp\/v2\/comments?post=825"}],"wp:featuredmedia":[{"embeddable":true,"href":"https:\/\/www.huashunware.com\/de\/wp-json\/wp\/v2\/media\/826"}],"wp:attachment":[{"href":"https:\/\/www.huashunware.com\/de\/wp-json\/wp\/v2\/media?parent=825"}],"wp:term":[{"taxonomy":"product_brand","embeddable":true,"href":"https:\/\/www.huashunware.com\/de\/wp-json\/wp\/v2\/product_brand?post=825"},{"taxonomy":"product_cat","embeddable":true,"href":"https:\/\/www.huashunware.com\/de\/wp-json\/wp\/v2\/product_cat?post=825"},{"taxonomy":"product_tag","embeddable":true,"href":"https:\/\/www.huashunware.com\/de\/wp-json\/wp\/v2\/product_tag?post=825"}],"curies":[{"name":"wp","href":"https:\/\/api.w.org\/{rel}","templated":true}]}}