{"id":831,"date":"2025-10-18T09:03:23","date_gmt":"2025-10-18T08:54:57","guid":{"rendered":"https:\/\/www.huashunware.com\/?post_type=product&#038;p=831"},"modified":"2025-10-18T09:05:21","modified_gmt":"2025-10-18T09:05:21","slug":"bulk-kids-non-toxic-dinnerware-strawberry-kids-plate-set","status":"publish","type":"product","link":"https:\/\/www.huashunware.com\/de\/produkt\/bulk-kids-non-toxic-dinnerware-strawberry-kids-plate-set\/","title":{"rendered":"Bulk Kinder ungiftig Abendessen Geschirr Erdbeere Kinder Teller Set"},"content":{"rendered":"<div class=\"wp-block-columns is-layout-flex wp-container-core-columns-is-layout-9d6595d7 wp-block-columns-is-layout-flex\">\n<div class=\"wp-block-column is-layout-flow wp-block-column-is-layout-flow\">\n<h2 class=\"wp-block-heading\">Bulk Kids Ungiftiges Essgeschirr Eigenschaften:<\/h2>\n\n\n\n<p><strong>Gesunde und ungiftige Materialien:<\/strong> Hergestellt aus hochwertigem lebensmittelechtem Silikon nach US-Standard, das BPA-frei und ungiftig ist und Kindern jeden Tag sichere Mahlzeiten garantiert.<\/p>\n\n\n\n<p><strong>Abgerundete Utensilien aus Edelstahl:<\/strong> Die Utensilien aus poliertem Edelstahl haben glatte, abgerundete Kanten f\u00fcr eine schonende Verwendung, die Schnittverletzungen verhindern und gleichzeitig f\u00fcr eine lange Lebensdauer sorgen.<\/p>\n\n\n\n<p><strong>Sichere Saugplattenbasis:<\/strong> Die starke Saugkraft h\u00e4lt den Teller fest auf Tischen oder Hochst\u00fchlen, sodass keine Unordnung entsteht und die Kinder selbst\u00e4ndig essen k\u00f6nnen.<\/p>\n\n\n\n<p><strong>K\u00f6stliches Erdbeerdesign:<\/strong> Der farbenfrohe, erdbeerf\u00f6rmige Teller und die verspielten Details machen die Mahlzeiten spannend und ermutigen Kinder zu gesunden Essgewohnheiten.<\/p>\n\n\n\n<p><strong>Einfache Wartung und Langlebigkeit:<\/strong> Sp\u00fclmaschinenfeste und schmutzabweisende Materialien sorgen f\u00fcr eine schnelle und einfache Reinigung, w\u00e4hrend die robuste Konstruktion eine lange Nutzungsdauer gew\u00e4hrleistet.<\/p>\n<\/div>\n\n\n\n<div class=\"wp-block-column is-layout-flow wp-block-column-is-layout-flow\">\n<figure class=\"wp-block-image size-full\"><img decoding=\"async\" width=\"3072\" height=\"3072\" src=\"https:\/\/www.huashunware.com\/wp-content\/uploads\/2025\/10\/Bulk-Kids-Non-Toxic-Dinnerware4.webp\" alt=\"Bulk Kids Ungiftiges Essgeschirr4\" class=\"wp-image-835\" srcset=\"https:\/\/www.huashunware.com\/wp-content\/uploads\/2025\/10\/Bulk-Kids-Non-Toxic-Dinnerware4.webp 3072w, https:\/\/www.huashunware.com\/wp-content\/uploads\/2025\/10\/Bulk-Kids-Non-Toxic-Dinnerware4-300x300.webp 300w, https:\/\/www.huashunware.com\/wp-content\/uploads\/2025\/10\/Bulk-Kids-Non-Toxic-Dinnerware4-150x150.webp 150w, https:\/\/www.huashunware.com\/wp-content\/uploads\/2025\/10\/Bulk-Kids-Non-Toxic-Dinnerware4-768x768.webp 768w, https:\/\/www.huashunware.com\/wp-content\/uploads\/2025\/10\/Bulk-Kids-Non-Toxic-Dinnerware4-12x12.webp 12w, https:\/\/www.huashunware.com\/wp-content\/uploads\/2025\/10\/Bulk-Kids-Non-Toxic-Dinnerware4-1200x1200.webp 1200w, https:\/\/www.huashunware.com\/wp-content\/uploads\/2025\/10\/Bulk-Kids-Non-Toxic-Dinnerware4-600x600.webp 600w, https:\/\/www.huashunware.com\/wp-content\/uploads\/2025\/10\/Bulk-Kids-Non-Toxic-Dinnerware4-100x100.webp 100w\" sizes=\"(max-width: 3072px) 100vw, 3072px\" \/><\/figure>\n<\/div>\n<\/div>","protected":false},"excerpt":{"rendered":"<p data-start=\"68\" data-end=\"340\">Das ungiftige Kindergeschirr Erdbeere macht die Mahlzeiten sicher, lustig und einfach. Es besteht aus BPA-freiem Silikon mit Edelstahlbesteck, ist langlebig und auslaufsicher. Das niedliche Erdbeerdesign h\u00e4lt Kinder beim Essen auf Trab.<\/p>\n<h2 class=\"brxe-product-title\">Gro\u00dfhandel Kinder ungiftig Geschirr Attribute:<\/h2>\n<table>\n<thead>\n<tr>\n<th>Artikel<\/th>\n<th>Gr\u00f6\u00dfe (L\u00d7B\u00d7H)<\/th>\n<th>Gewicht<\/th>\n<\/tr>\n<\/thead>\n<tbody>\n<tr>\n<td><strong>Box<\/strong><\/td>\n<td>230 \u00d7 210 \u00d7 35 mm<\/td>\n<td>413.9 g<\/td>\n<\/tr>\n<tr>\n<td><strong>Platte<\/strong><\/td>\n<td>200 \u00d7 180 \u00d7 33 mm<\/td>\n<td>258.3 g<\/td>\n<\/tr>\n<tr>\n<td><strong>Gabel<\/strong><\/td>\n<td>103 \u00d7 35 \u00d7 21 mm<\/td>\n<td>35.2 g<\/td>\n<\/tr>\n<tr>\n<td><strong>L\u00f6ffel<\/strong><\/td>\n<td>103 \u00d7 35 \u00d7 21 mm<\/td>\n<td>37.4 g<\/td>\n<\/tr>\n<\/tbody>\n<\/table>\n<p><strong>MOQ: 96 St\u00fcck<\/strong><\/p>\n<h2 class=\"brxe-product-title\">Individuelles ungiftiges Kindergeschirr:<\/h2>\n<ul>\n<li data-start=\"79\" data-end=\"146\">\n<p data-start=\"81\" data-end=\"146\"><strong data-start=\"81\" data-end=\"92\">Beispiel:<\/strong> Kostenloses Muster zum Testen vor der Gro\u00dfbestellung verf\u00fcgbar<\/p>\n<\/li>\n<li data-start=\"147\" data-end=\"224\">\n<p data-start=\"149\" data-end=\"224\"><strong data-start=\"149\" data-end=\"176\">Kleine Auftr\u00e4ge mit Logo:<\/strong> Annahme von Kleinmengenbestellungen mit einem individuellen Logo<\/p>\n<\/li>\n<li data-start=\"225\" data-end=\"302\">\n<p data-start=\"227\" data-end=\"302\"><strong data-start=\"227\" data-end=\"245\">Schnelle Lieferung:<\/strong> 4 Farben auf Lager, Bestellungen k\u00f6nnen innerhalb von 7 Tagen versandt werden<\/p>\n<\/li>\n<li data-start=\"303\" data-end=\"415\">\n<p data-start=\"305\" data-end=\"415\"><strong data-start=\"305\" data-end=\"340\">Verpackung und Logoanpassung:<\/strong> Unterst\u00fctzung von kundenspezifischen Logos auf der Verpackung; w\u00e4hlen Sie PET-Box, PVC-Box oder Geschenkbox<\/p>\n<\/li>\n<\/ul>","protected":false},"featured_media":833,"comment_status":"closed","ping_status":"closed","template":"","meta":{"_acf_changed":false},"product_brand":[],"product_cat":[19],"product_tag":[],"class_list":{"0":"post-831","1":"product","2":"type-product","3":"status-publish","4":"has-post-thumbnail","6":"product_cat-wholesale-kids-dinnerware","8":"first","9":"instock","10":"shipping-taxable","11":"product-type-simple"},"acf":[],"_links":{"self":[{"href":"https:\/\/www.huashunware.com\/de\/wp-json\/wp\/v2\/product\/831","targetHints":{"allow":["GET"]}}],"collection":[{"href":"https:\/\/www.huashunware.com\/de\/wp-json\/wp\/v2\/product"}],"about":[{"href":"https:\/\/www.huashunware.com\/de\/wp-json\/wp\/v2\/types\/product"}],"replies":[{"embeddable":true,"href":"https:\/\/www.huashunware.com\/de\/wp-json\/wp\/v2\/comments?post=831"}],"wp:featuredmedia":[{"embeddable":true,"href":"https:\/\/www.huashunware.com\/de\/wp-json\/wp\/v2\/media\/833"}],"wp:attachment":[{"href":"https:\/\/www.huashunware.com\/de\/wp-json\/wp\/v2\/media?parent=831"}],"wp:term":[{"taxonomy":"product_brand","embeddable":true,"href":"https:\/\/www.huashunware.com\/de\/wp-json\/wp\/v2\/product_brand?post=831"},{"taxonomy":"product_cat","embeddable":true,"href":"https:\/\/www.huashunware.com\/de\/wp-json\/wp\/v2\/product_cat?post=831"},{"taxonomy":"product_tag","embeddable":true,"href":"https:\/\/www.huashunware.com\/de\/wp-json\/wp\/v2\/product_tag?post=831"}],"curies":[{"name":"wp","href":"https:\/\/api.w.org\/{rel}","templated":true}]}}