{"id":838,"date":"2025-10-22T02:22:02","date_gmt":"2025-10-22T02:05:39","guid":{"rendered":"https:\/\/www.huashunware.com\/?post_type=product&#038;p=838"},"modified":"2026-02-04T02:02:50","modified_gmt":"2026-02-04T02:02:50","slug":"bulk-stainless-flatware-black-handle-flatware-set-supply","status":"publish","type":"product","link":"https:\/\/www.huashunware.com\/de\/produkt\/bulk-stainless-flatware-black-handle-flatware-set-supply\/","title":{"rendered":"Bulk Edelstahl Besteck Gro\u00dfhandel | Huashun Besteck Fabrik"},"content":{"rendered":"<div class=\"wp-block-columns is-layout-flex wp-container-core-columns-is-layout-9d6595d7 wp-block-columns-is-layout-flex\">\n<div class=\"wp-block-column is-layout-flow wp-block-column-is-layout-flow\">\n<h2 class=\"wp-block-heading\">Bulk Edelstahl-Besteck Merkmale:<\/h2>\n\n\n\n<ol start=\"1\" class=\"wp-block-list\">\n<li><strong>Hochwertige Konstruktion aus 18\/0-Edelstahl<\/strong> Das aus hochwertigem Edelstahl 18\/0 gefertigte Besteck bietet eine hohe Festigkeit, Korrosionsbest\u00e4ndigkeit und einen lang anhaltenden Hochglanz.<\/li>\n\n\n\n<li><strong>Klassische ergonomische Griffe mit Dreifachnieten<\/strong> verf\u00fcgen \u00fcber ein zeitloses, dreifach vernietetes Design f\u00fcr maximale Haltbarkeit und einen ausgewogenen, rutschfesten Griff, der auch bei l\u00e4ngerem Gebrauch f\u00fcr Komfort sorgt.<\/li>\n\n\n\n<li><strong>Lebendige Multi-Color-Anpassung<\/strong> Unsere Griffe nutzen die fortschrittliche Thermotransfertechnologie, um verschiedene Farben (wie Tiefblau oder klassisches Schwarz) zu erhalten, die mit der Zeit nicht abbl\u00e4ttern oder verblassen.<\/li>\n\n\n\n<li><strong>Verkaufsfertige 24-teilige Display-Box<\/strong> Wird in einer professionellen 24er-Geschenkbox (24 Couverts) mit Sichtfenster und Tragegriff geliefert - perfekt f\u00fcr europ\u00e4ische Supermarktregale.<\/li>\n\n\n\n<li><strong>Wartungsarm und sp\u00fclmaschinenfest, f\u00fcr den h\u00e4ufigen Gebrauch entwickelt<\/strong>Dieses Set beh\u00e4lt seinen Glanz und seine Form auch nach mehrmaligem Waschen in der Maschine und ist somit eine kostensparende L\u00f6sung.<\/li>\n\n\n\n<li><strong>Flexible Bulk-OEM\/ODM-L\u00f6sungen<\/strong> Huashun unterst\u00fctzt kundenspezifische Logos, ma\u00dfgeschneiderte Verpackungen und spezielle Grifftexturen, um globalen Einzelh\u00e4ndlern und Eink\u00e4ufern im Gastgewerbe beim Aufbau ihrer Marken zu helfen.<\/li>\n<\/ol>\n<\/div>\n\n\n\n<div class=\"wp-block-column is-vertically-aligned-center is-layout-flow wp-block-column-is-layout-flow\">\n<figure class=\"wp-block-image size-full\"><img decoding=\"async\" width=\"800\" height=\"800\" src=\"https:\/\/www.huashunware.com\/wp-content\/uploads\/2025\/10\/Bulk-Stainless-Flatware3.webp\" alt=\"Edelstahl-Besteck3\" class=\"wp-image-841\" srcset=\"https:\/\/www.huashunware.com\/wp-content\/uploads\/2025\/10\/Bulk-Stainless-Flatware3.webp 800w, https:\/\/www.huashunware.com\/wp-content\/uploads\/2025\/10\/Bulk-Stainless-Flatware3-300x300.webp 300w, https:\/\/www.huashunware.com\/wp-content\/uploads\/2025\/10\/Bulk-Stainless-Flatware3-150x150.webp 150w, https:\/\/www.huashunware.com\/wp-content\/uploads\/2025\/10\/Bulk-Stainless-Flatware3-768x768.webp 768w, https:\/\/www.huashunware.com\/wp-content\/uploads\/2025\/10\/Bulk-Stainless-Flatware3-12x12.webp 12w, https:\/\/www.huashunware.com\/wp-content\/uploads\/2025\/10\/Bulk-Stainless-Flatware3-600x600.webp 600w, https:\/\/www.huashunware.com\/wp-content\/uploads\/2025\/10\/Bulk-Stainless-Flatware3-100x100.webp 100w\" sizes=\"(max-width: 800px) 100vw, 800px\" \/><\/figure>\n\n\n\n<figure class=\"wp-block-image size-full\"><img decoding=\"async\" width=\"1728\" height=\"1728\" src=\"https:\/\/www.huashunware.com\/wp-content\/uploads\/2025\/10\/Bulk-Stainless-Flatware-Black-Handle-Flatware-Set-Supply-1.webp\" alt=\"Bulk Edelstahl-Besteck Schwarzer Griff Besteck Set Versorgung\" class=\"wp-image-1275\" srcset=\"https:\/\/www.huashunware.com\/wp-content\/uploads\/2025\/10\/Bulk-Stainless-Flatware-Black-Handle-Flatware-Set-Supply-1.webp 1728w, https:\/\/www.huashunware.com\/wp-content\/uploads\/2025\/10\/Bulk-Stainless-Flatware-Black-Handle-Flatware-Set-Supply-1-300x300.webp 300w, https:\/\/www.huashunware.com\/wp-content\/uploads\/2025\/10\/Bulk-Stainless-Flatware-Black-Handle-Flatware-Set-Supply-1-150x150.webp 150w, https:\/\/www.huashunware.com\/wp-content\/uploads\/2025\/10\/Bulk-Stainless-Flatware-Black-Handle-Flatware-Set-Supply-1-768x768.webp 768w, https:\/\/www.huashunware.com\/wp-content\/uploads\/2025\/10\/Bulk-Stainless-Flatware-Black-Handle-Flatware-Set-Supply-1-12x12.webp 12w, https:\/\/www.huashunware.com\/wp-content\/uploads\/2025\/10\/Bulk-Stainless-Flatware-Black-Handle-Flatware-Set-Supply-1-1200x1200.webp 1200w, https:\/\/www.huashunware.com\/wp-content\/uploads\/2025\/10\/Bulk-Stainless-Flatware-Black-Handle-Flatware-Set-Supply-1-600x600.webp 600w, https:\/\/www.huashunware.com\/wp-content\/uploads\/2025\/10\/Bulk-Stainless-Flatware-Black-Handle-Flatware-Set-Supply-1-100x100.webp 100w\" sizes=\"(max-width: 1728px) 100vw, 1728px\" \/><\/figure>\n<\/div>\n<\/div>","protected":false},"excerpt":{"rendered":"<p data-start=\"1174\" data-end=\"1465\">Das Besteckset mit schwarzem Griff kombiniert modernes Design mit dauerhafter Qualit\u00e4t. Ausgestattet mit langlebigem Edelstahl und schwarzen Griffen mit Hei\u00dfpr\u00e4gung bietet es Komfort, Stil und Vielseitigkeit f\u00fcr Haushalte, Restaurants und Einzelh\u00e4ndler gleicherma\u00dfen.<\/p>\n<h2>Bulk Edelstahl-Besteck Attribute:<\/h2>\n<table>\n<thead>\n<tr>\n<th>Artikel<\/th>\n<th>Gewicht (g)<\/th>\n<th>L\u00e4nge (cm)<\/th>\n<th>Breite (cm)<\/th>\n<th>Dicke (mm)<\/th>\n<\/tr>\n<\/thead>\n<tbody>\n<tr>\n<td>Messer<\/td>\n<td>30.5<\/td>\n<td>21.0<\/td>\n<td>1.7<\/td>\n<td>1.5<\/td>\n<\/tr>\n<tr>\n<td>Gabel<\/td>\n<td>27.3<\/td>\n<td>19.5<\/td>\n<td>2.4<\/td>\n<td>1.5<\/td>\n<\/tr>\n<tr>\n<td>L\u00f6ffel<\/td>\n<td>36.0<\/td>\n<td>19.0<\/td>\n<td>3.6<\/td>\n<td>1.5<\/td>\n<\/tr>\n<tr>\n<td>Teel\u00f6ffel<\/td>\n<td>26.0<\/td>\n<td>16.5<\/td>\n<td>3.3<\/td>\n<td>1.5<\/td>\n<\/tr>\n<\/tbody>\n<\/table>\n<h2>Individuelles Edelstahl-Besteck\uff1a<\/h2>\n<ul>\n<li>Kostenlose Probe: Eine kostenlose Probe kann verf\u00fcgbar sein.<\/li>\n<li>Verpackung &amp; Logo-Anpassung: Wir unterst\u00fctzen benutzerdefinierte Logos auf der Verpackung und bieten verschiedene Verpackungsoptionen, einschlie\u00dflich PET-Boxen, PVC-Boxen und Geschenkboxen.<\/li>\n<li>Optionen f\u00fcr die Grifffarbe: Griff Farbe Anpassung wird akzeptiert, mit 6-8 Farben auf Lager verf\u00fcgbar.<\/li>\n<\/ul>","protected":false},"featured_media":841,"comment_status":"closed","ping_status":"closed","template":"","meta":{"_acf_changed":false},"product_brand":[],"product_cat":[18,26],"product_tag":[],"class_list":{"0":"post-838","1":"product","2":"type-product","3":"status-publish","4":"has-post-thumbnail","6":"product_cat-cutlery-set-wholesale","7":"product_cat-plastic-handle-flatware-set","9":"first","10":"instock","11":"shipping-taxable","12":"product-type-simple"},"acf":[],"_links":{"self":[{"href":"https:\/\/www.huashunware.com\/de\/wp-json\/wp\/v2\/product\/838","targetHints":{"allow":["GET"]}}],"collection":[{"href":"https:\/\/www.huashunware.com\/de\/wp-json\/wp\/v2\/product"}],"about":[{"href":"https:\/\/www.huashunware.com\/de\/wp-json\/wp\/v2\/types\/product"}],"replies":[{"embeddable":true,"href":"https:\/\/www.huashunware.com\/de\/wp-json\/wp\/v2\/comments?post=838"}],"wp:featuredmedia":[{"embeddable":true,"href":"https:\/\/www.huashunware.com\/de\/wp-json\/wp\/v2\/media\/841"}],"wp:attachment":[{"href":"https:\/\/www.huashunware.com\/de\/wp-json\/wp\/v2\/media?parent=838"}],"wp:term":[{"taxonomy":"product_brand","embeddable":true,"href":"https:\/\/www.huashunware.com\/de\/wp-json\/wp\/v2\/product_brand?post=838"},{"taxonomy":"product_cat","embeddable":true,"href":"https:\/\/www.huashunware.com\/de\/wp-json\/wp\/v2\/product_cat?post=838"},{"taxonomy":"product_tag","embeddable":true,"href":"https:\/\/www.huashunware.com\/de\/wp-json\/wp\/v2\/product_tag?post=838"}],"curies":[{"name":"wp","href":"https:\/\/api.w.org\/{rel}","templated":true}]}}