{"id":844,"date":"2025-10-22T02:42:30","date_gmt":"2025-10-22T02:28:04","guid":{"rendered":"https:\/\/www.huashunware.com\/?post_type=product&#038;p=844"},"modified":"2026-02-04T01:50:48","modified_gmt":"2026-02-04T01:50:48","slug":"bulk-stainless-steel-flatware-color-handle-flatware-wholesale","status":"publish","type":"product","link":"https:\/\/www.huashunware.com\/de\/produkt\/bulk-stainless-steel-flatware-color-handle-flatware-wholesale\/","title":{"rendered":"Bulk-Edelstahl-Besteck Farbe Griff Besteck Gro\u00dfhandel"},"content":{"rendered":"<div class=\"wp-block-columns is-layout-flex wp-container-core-columns-is-layout-9d6595d7 wp-block-columns-is-layout-flex\">\n<div class=\"wp-block-column is-layout-flow wp-block-column-is-layout-flow\">\n<h2 class=\"wp-block-heading\">Bulk-Edelstahl-Besteck Merkmale:<\/h2>\n\n\n\n<p><strong>Hervorragende Handwerkskunst aus Edelstahl<\/strong> Gefertigt aus hochwertigem 18\/0-Edelstahl, bietet jedes St\u00fcck ein ausgewogenes Verh\u00e4ltnis zwischen St\u00e4rke und Glanz und bleibt auch nach jahrelangem t\u00e4glichen Gebrauch rostfrei.<\/p>\n\n\n\n<p><strong>Lebendige &amp; stilvolle Griffe in Farbe<\/strong> Der k\u00fchne, hochgl\u00e4nzende rote Griff mit seiner modernen, ergonomischen Form passt zu jeder Essatmosph\u00e4re, vom Familienessen bis zum gehobenen Restaurant.<\/p>\n\n\n\n<p><strong>Hochglanzpolierte Oberfl\u00e4che<\/strong> Die Metallk\u00f6pfe sind auf Hochglanz poliert und sorgen f\u00fcr glatte Kanten und ein raffiniertes, professionelles Esserlebnis.<\/p>\n\n\n\n<p><strong>Einzigartige transparente Geschenkverpackung<\/strong> Pr\u00e4sentiert in einer auff\u00e4lligen, f\u00fcr den Einzelhandel geeigneten transparenten Schachtel mit Tragegriff, ist es eine gut sichtbare Wahl f\u00fcr Superm\u00e4rkte und hochwertige Geschenkaktionen.<\/p>\n\n\n\n<p><strong>Zuverl\u00e4ssige Bulk &amp; Gro\u00dfhandel Versorgung<\/strong> Als direkter Hersteller, <strong>Huashun<\/strong> bietet gleichbleibende Qualit\u00e4t und prompte Lieferung f\u00fcr Gro\u00dfbestellungen und beliefert Einzelh\u00e4ndler und Gastronomiebetriebe in aller Welt.<\/p>\n\n\n\n<p><strong>Vollst\u00e4ndiges Branding &amp; Logo-Anpassung<\/strong> Steigern Sie Ihre Marktpr\u00e4senz mit unseren flexiblen OEM-L\u00f6sungen, einschlie\u00dflich individueller Grifffarben, Logodruck und ma\u00dfgeschneiderter Verpackungsdesigns.<\/p>\n<\/div>\n\n\n\n<div class=\"wp-block-column is-vertically-aligned-center is-layout-flow wp-block-column-is-layout-flow\">\n<figure class=\"wp-block-image size-full\"><img decoding=\"async\" width=\"800\" height=\"800\" src=\"https:\/\/www.huashunware.com\/wp-content\/uploads\/2025\/10\/Bulk-Stainless-Steel-Flatware2.webp\" alt=\"Bulk-Edelstahl-Besteck2\" class=\"wp-image-850\" srcset=\"https:\/\/www.huashunware.com\/wp-content\/uploads\/2025\/10\/Bulk-Stainless-Steel-Flatware2.webp 800w, https:\/\/www.huashunware.com\/wp-content\/uploads\/2025\/10\/Bulk-Stainless-Steel-Flatware2-300x300.webp 300w, https:\/\/www.huashunware.com\/wp-content\/uploads\/2025\/10\/Bulk-Stainless-Steel-Flatware2-150x150.webp 150w, https:\/\/www.huashunware.com\/wp-content\/uploads\/2025\/10\/Bulk-Stainless-Steel-Flatware2-768x768.webp 768w, https:\/\/www.huashunware.com\/wp-content\/uploads\/2025\/10\/Bulk-Stainless-Steel-Flatware2-12x12.webp 12w, https:\/\/www.huashunware.com\/wp-content\/uploads\/2025\/10\/Bulk-Stainless-Steel-Flatware2-600x600.webp 600w, https:\/\/www.huashunware.com\/wp-content\/uploads\/2025\/10\/Bulk-Stainless-Steel-Flatware2-100x100.webp 100w\" sizes=\"(max-width: 800px) 100vw, 800px\" \/><\/figure>\n\n\n\n<figure class=\"wp-block-image size-full\"><img decoding=\"async\" width=\"2500\" height=\"2500\" src=\"https:\/\/www.huashunware.com\/wp-content\/uploads\/2025\/10\/Bulk-Stainless-Steel-Flatware-Color-Handle-Flatware-Wholesale-1.webp\" alt=\"Bulk-Edelstahl-Besteck Farbe Griff Besteck Gro\u00dfhandel\" class=\"wp-image-1271\" srcset=\"https:\/\/www.huashunware.com\/wp-content\/uploads\/2025\/10\/Bulk-Stainless-Steel-Flatware-Color-Handle-Flatware-Wholesale-1.webp 2500w, https:\/\/www.huashunware.com\/wp-content\/uploads\/2025\/10\/Bulk-Stainless-Steel-Flatware-Color-Handle-Flatware-Wholesale-1-300x300.webp 300w, https:\/\/www.huashunware.com\/wp-content\/uploads\/2025\/10\/Bulk-Stainless-Steel-Flatware-Color-Handle-Flatware-Wholesale-1-150x150.webp 150w, https:\/\/www.huashunware.com\/wp-content\/uploads\/2025\/10\/Bulk-Stainless-Steel-Flatware-Color-Handle-Flatware-Wholesale-1-768x768.webp 768w, https:\/\/www.huashunware.com\/wp-content\/uploads\/2025\/10\/Bulk-Stainless-Steel-Flatware-Color-Handle-Flatware-Wholesale-1-12x12.webp 12w, https:\/\/www.huashunware.com\/wp-content\/uploads\/2025\/10\/Bulk-Stainless-Steel-Flatware-Color-Handle-Flatware-Wholesale-1-1200x1200.webp 1200w, https:\/\/www.huashunware.com\/wp-content\/uploads\/2025\/10\/Bulk-Stainless-Steel-Flatware-Color-Handle-Flatware-Wholesale-1-600x600.webp 600w, https:\/\/www.huashunware.com\/wp-content\/uploads\/2025\/10\/Bulk-Stainless-Steel-Flatware-Color-Handle-Flatware-Wholesale-1-100x100.webp 100w\" sizes=\"(max-width: 2500px) 100vw, 2500px\" \/><figcaption class=\"wp-element-caption\"><strong><mark style=\"background-color:rgba(0, 0, 0, 0);color:#dd3737\" class=\"has-inline-color\">Exquisite Display-Verpackungen<\/mark><\/strong><\/figcaption><\/figure>\n<\/div>\n<\/div>\n\n\n\n<p><\/p>","protected":false},"excerpt":{"rendered":"<p data-start=\"1174\" data-end=\"1465\">Edelstahl-Besteck mit farbigen Griffen bietet stilvolle, langlebige Bestecke mit farbigen Griffen und individuell gestaltbaren Verpackungen - perfekt f\u00fcr Einzelh\u00e4ndler und Gastronomiebetriebe, die Qualit\u00e4t und Designflexibilit\u00e4t suchen.<\/p>\n<h2>Bulk-Edelstahl-Besteck Attribute:<\/h2>\n<table>\n<thead>\n<tr>\n<th>Artikel<\/th>\n<th>Gewicht (g)<\/th>\n<th>L\u00e4nge (cm)<\/th>\n<th>Breite (cm)<\/th>\n<th>Dicke (mm)<\/th>\n<\/tr>\n<\/thead>\n<tbody>\n<tr>\n<td>Messer<\/td>\n<td>30.5<\/td>\n<td>21.0<\/td>\n<td>1.7<\/td>\n<td>1.5<\/td>\n<\/tr>\n<tr>\n<td>Gabel<\/td>\n<td>22.5<\/td>\n<td>19.5<\/td>\n<td>2.4<\/td>\n<td>1.5<\/td>\n<\/tr>\n<tr>\n<td>L\u00f6ffel<\/td>\n<td>36.0<\/td>\n<td>19.0<\/td>\n<td>3.6<\/td>\n<td>1.5<\/td>\n<\/tr>\n<tr>\n<td>Teel\u00f6ffel<\/td>\n<td>26.0<\/td>\n<td>15.2<\/td>\n<td>3.3<\/td>\n<td>1.5<\/td>\n<\/tr>\n<\/tbody>\n<\/table>\n<h2>Individuelles Edelstahl-Besteck\uff1a<\/h2>\n<ul>\n<li>Kostenlose Probe: Eine kostenlose Probe kann verf\u00fcgbar sein.<\/li>\n<li>Verpackung &amp; Logo-Anpassung: Wir unterst\u00fctzen benutzerdefinierte Logos auf der Verpackung und bieten verschiedene Verpackungsoptionen, einschlie\u00dflich PET-Boxen, PVC-Boxen und Geschenkboxen.<\/li>\n<li>Optionen f\u00fcr die Grifffarbe: Griff Farbe Anpassung wird akzeptiert, mit 6-8 Farben auf Lager verf\u00fcgbar.<\/li>\n<\/ul>","protected":false},"featured_media":850,"comment_status":"closed","ping_status":"closed","template":"","meta":{"_acf_changed":false},"product_brand":[],"product_cat":[18,26],"product_tag":[],"class_list":{"0":"post-844","1":"product","2":"type-product","3":"status-publish","4":"has-post-thumbnail","6":"product_cat-cutlery-set-wholesale","7":"product_cat-plastic-handle-flatware-set","9":"first","10":"instock","11":"shipping-taxable","12":"product-type-simple"},"acf":[],"_links":{"self":[{"href":"https:\/\/www.huashunware.com\/de\/wp-json\/wp\/v2\/product\/844","targetHints":{"allow":["GET"]}}],"collection":[{"href":"https:\/\/www.huashunware.com\/de\/wp-json\/wp\/v2\/product"}],"about":[{"href":"https:\/\/www.huashunware.com\/de\/wp-json\/wp\/v2\/types\/product"}],"replies":[{"embeddable":true,"href":"https:\/\/www.huashunware.com\/de\/wp-json\/wp\/v2\/comments?post=844"}],"wp:featuredmedia":[{"embeddable":true,"href":"https:\/\/www.huashunware.com\/de\/wp-json\/wp\/v2\/media\/850"}],"wp:attachment":[{"href":"https:\/\/www.huashunware.com\/de\/wp-json\/wp\/v2\/media?parent=844"}],"wp:term":[{"taxonomy":"product_brand","embeddable":true,"href":"https:\/\/www.huashunware.com\/de\/wp-json\/wp\/v2\/product_brand?post=844"},{"taxonomy":"product_cat","embeddable":true,"href":"https:\/\/www.huashunware.com\/de\/wp-json\/wp\/v2\/product_cat?post=844"},{"taxonomy":"product_tag","embeddable":true,"href":"https:\/\/www.huashunware.com\/de\/wp-json\/wp\/v2\/product_tag?post=844"}],"curies":[{"name":"wp","href":"https:\/\/api.w.org\/{rel}","templated":true}]}}