{"id":854,"date":"2025-10-22T06:57:27","date_gmt":"2025-10-22T06:42:00","guid":{"rendered":"https:\/\/www.huashunware.com\/?post_type=product&#038;p=854"},"modified":"2026-02-03T09:53:14","modified_gmt":"2026-02-03T09:53:14","slug":"wholesale-stainless-flatware-round-handle-cutlery","status":"publish","type":"product","link":"https:\/\/www.huashunware.com\/de\/produkt\/wholesale-stainless-flatware-round-handle-cutlery\/","title":{"rendered":"Gro\u00dfhandel Edelstahl Besteck runden Griff Besteck"},"content":{"rendered":"<div class=\"wp-block-columns is-layout-flex wp-container-core-columns-is-layout-9d6595d7 wp-block-columns-is-layout-flex\">\n<div class=\"wp-block-column is-layout-flow wp-block-column-is-layout-flow\">\n<h2 class=\"wp-block-heading\">Gro\u00dfhandel Edelstahl-Besteck Merkmale:<\/h2>\n\n\n\n<p><strong>Langlebiges Material aus Edelstahl<\/strong> Aus hochwertigem Edelstahl gefertigt, bietet dieses Besteck eine au\u00dfergew\u00f6hnliche Haltbarkeit und eine polierte Oberfl\u00e4che, die auch bei t\u00e4glichem Gebrauch gl\u00e4nzend bleibt.<\/p>\n\n\n\n<p><strong>Modernes Rundgriff-Design:<\/strong> Die glatten, lebendigen runden Griffe bieten einen minimalistischen Look mit einem bequemen Griff und eignen sich perfekt f\u00fcr die Freizeitgestaltung und den modernen Lebensstil.<\/p>\n\n\n\n<p><strong>Platzsparende tragbare Verpackungen<\/strong>\uff1a Das Set wird in kompakten, effizienten transparenten R\u00f6hren geliefert, die die Versandkosten reduzieren und das Set perfekt machen f\u00fcr <strong>f\u00fcr den Einsatz unterwegs oder auf Reisen<\/strong>.<\/p>\n\n\n\n<p><strong>Lebendige individuelle Farbpalette<\/strong>\uff1a Erh\u00e4ltlich in einer breiten Palette auff\u00e4lliger Farben (wie das abgebildete leuchtende Orange), so dass Sie Ihre Marke oder saisonale Einzelhandelstrends ber\u00fccksichtigen k\u00f6nnen.<\/p>\n\n\n\n<p><strong>Kundenspezifischer Logodruck verf\u00fcgbar<\/strong>\uff1a Die Verpackung und die Griffe sind so konzipiert, dass sie sich leicht mit dem eigenen Logo versehen lassen, was die Sichtbarkeit von Marken erh\u00f6ht. <strong>Werbegeschenke<\/strong>.<\/p>\n\n\n\n<p><strong>Kosteneffiziente Gro\u00dfmengenpreise<\/strong>Dieses Set, das zu einem g\u00fcnstigen Gro\u00dfhandelspreis angeboten wird, bietet ein ausgewogenes Verh\u00e4ltnis zwischen Qualit\u00e4t und Erschwinglichkeit und eignet sich daher ideal f\u00fcr den Geschenkartikel- oder Einzelhandelsmarkt mit hohen St\u00fcckzahlen.<\/p>\n<\/div>\n\n\n\n<div class=\"wp-block-column is-vertically-aligned-center is-layout-flow wp-block-column-is-layout-flow\">\n<figure class=\"wp-block-image size-full\"><img decoding=\"async\" width=\"800\" height=\"800\" src=\"https:\/\/www.huashunware.com\/wp-content\/uploads\/2025\/10\/Wholesale-Stainless-Flatware1.webp\" alt=\"Gro\u00dfhandel Edelstahl-Besteck1\" class=\"wp-image-855\" srcset=\"https:\/\/www.huashunware.com\/wp-content\/uploads\/2025\/10\/Wholesale-Stainless-Flatware1.webp 800w, https:\/\/www.huashunware.com\/wp-content\/uploads\/2025\/10\/Wholesale-Stainless-Flatware1-300x300.webp 300w, https:\/\/www.huashunware.com\/wp-content\/uploads\/2025\/10\/Wholesale-Stainless-Flatware1-150x150.webp 150w, https:\/\/www.huashunware.com\/wp-content\/uploads\/2025\/10\/Wholesale-Stainless-Flatware1-768x768.webp 768w, https:\/\/www.huashunware.com\/wp-content\/uploads\/2025\/10\/Wholesale-Stainless-Flatware1-12x12.webp 12w, https:\/\/www.huashunware.com\/wp-content\/uploads\/2025\/10\/Wholesale-Stainless-Flatware1-600x600.webp 600w, https:\/\/www.huashunware.com\/wp-content\/uploads\/2025\/10\/Wholesale-Stainless-Flatware1-100x100.webp 100w\" sizes=\"(max-width: 800px) 100vw, 800px\" \/><\/figure>\n\n\n\n<figure class=\"wp-block-image size-full\"><img decoding=\"async\" width=\"3072\" height=\"3072\" src=\"https:\/\/www.huashunware.com\/wp-content\/uploads\/2025\/10\/Wholesale-Stainless-Flatware-Round-Handle-Cutlery-1.webp\" alt=\"Gro\u00dfhandel Edelstahl Besteck runden Griff Besteck\" class=\"wp-image-1200\" srcset=\"https:\/\/www.huashunware.com\/wp-content\/uploads\/2025\/10\/Wholesale-Stainless-Flatware-Round-Handle-Cutlery-1.webp 3072w, https:\/\/www.huashunware.com\/wp-content\/uploads\/2025\/10\/Wholesale-Stainless-Flatware-Round-Handle-Cutlery-1-300x300.webp 300w, https:\/\/www.huashunware.com\/wp-content\/uploads\/2025\/10\/Wholesale-Stainless-Flatware-Round-Handle-Cutlery-1-150x150.webp 150w, https:\/\/www.huashunware.com\/wp-content\/uploads\/2025\/10\/Wholesale-Stainless-Flatware-Round-Handle-Cutlery-1-768x768.webp 768w, https:\/\/www.huashunware.com\/wp-content\/uploads\/2025\/10\/Wholesale-Stainless-Flatware-Round-Handle-Cutlery-1-12x12.webp 12w, https:\/\/www.huashunware.com\/wp-content\/uploads\/2025\/10\/Wholesale-Stainless-Flatware-Round-Handle-Cutlery-1-1200x1200.webp 1200w, https:\/\/www.huashunware.com\/wp-content\/uploads\/2025\/10\/Wholesale-Stainless-Flatware-Round-Handle-Cutlery-1-600x600.webp 600w, https:\/\/www.huashunware.com\/wp-content\/uploads\/2025\/10\/Wholesale-Stainless-Flatware-Round-Handle-Cutlery-1-100x100.webp 100w\" sizes=\"(max-width: 3072px) 100vw, 3072px\" \/><\/figure>\n<\/div>\n<\/div>","protected":false},"excerpt":{"rendered":"<p data-start=\"1174\" data-end=\"1465\">Gro\u00dfhandel Edelstahlbesteck runden Griff Besteck bietet langlebige Edelstahlbesteck mit schlanken runden Griffen, kompakte Verpackung und anpassbare Logos-perfekt f\u00fcr Aktionen und Gro\u00dfhandel.<\/p>\n<h2 data-start=\"1174\" data-end=\"1465\">Gro\u00dfhandel Edelstahl Besteck Attribute\uff1a<\/h2>\n<table>\n<thead>\n<tr>\n<th>Artikel<\/th>\n<th>Gewicht (g)<\/th>\n<th>L\u00e4nge (cm)<\/th>\n<th>Breite (cm)<\/th>\n<th>Dicke (mm)<\/th>\n<\/tr>\n<\/thead>\n<tbody>\n<tr>\n<td>Messer<\/td>\n<td>27.2<\/td>\n<td>21.0<\/td>\n<td>1.7<\/td>\n<td>1.5<\/td>\n<\/tr>\n<tr>\n<td>Gabel<\/td>\n<td>22.5<\/td>\n<td>19.5<\/td>\n<td>2.4<\/td>\n<td>1.5<\/td>\n<\/tr>\n<tr>\n<td>L\u00f6ffel<\/td>\n<td>33.0<\/td>\n<td>18.5<\/td>\n<td>3.8<\/td>\n<td>1.5<\/td>\n<\/tr>\n<tr>\n<td>Teel\u00f6ffel<\/td>\n<td>26.0<\/td>\n<td>16.0<\/td>\n<td>3.2<\/td>\n<td>1.5<\/td>\n<\/tr>\n<\/tbody>\n<\/table>\n<h2>Individuelles Edelstahl-Besteck\uff1a<\/h2>\n<ul>\n<li>Kostenlose Probe: Eine kostenlose Probe kann verf\u00fcgbar sein.<\/li>\n<li>Verpackung &amp; Logo-Anpassung: Wir unterst\u00fctzen benutzerdefinierte Logos auf der Verpackung und bieten verschiedene Verpackungsoptionen, einschlie\u00dflich PET-Boxen, PVC-Boxen und Geschenkboxen.<\/li>\n<li>Optionen f\u00fcr die Grifffarbe: Griff Farbe Anpassung wird akzeptiert, mit 6-8 Farben auf Lager verf\u00fcgbar.<\/li>\n<\/ul>","protected":false},"featured_media":855,"comment_status":"closed","ping_status":"closed","template":"","meta":{"_acf_changed":false},"product_brand":[],"product_cat":[18,26],"product_tag":[],"class_list":{"0":"post-854","1":"product","2":"type-product","3":"status-publish","4":"has-post-thumbnail","6":"product_cat-cutlery-set-wholesale","7":"product_cat-plastic-handle-flatware-set","9":"first","10":"instock","11":"shipping-taxable","12":"product-type-simple"},"acf":[],"_links":{"self":[{"href":"https:\/\/www.huashunware.com\/de\/wp-json\/wp\/v2\/product\/854","targetHints":{"allow":["GET"]}}],"collection":[{"href":"https:\/\/www.huashunware.com\/de\/wp-json\/wp\/v2\/product"}],"about":[{"href":"https:\/\/www.huashunware.com\/de\/wp-json\/wp\/v2\/types\/product"}],"replies":[{"embeddable":true,"href":"https:\/\/www.huashunware.com\/de\/wp-json\/wp\/v2\/comments?post=854"}],"wp:featuredmedia":[{"embeddable":true,"href":"https:\/\/www.huashunware.com\/de\/wp-json\/wp\/v2\/media\/855"}],"wp:attachment":[{"href":"https:\/\/www.huashunware.com\/de\/wp-json\/wp\/v2\/media?parent=854"}],"wp:term":[{"taxonomy":"product_brand","embeddable":true,"href":"https:\/\/www.huashunware.com\/de\/wp-json\/wp\/v2\/product_brand?post=854"},{"taxonomy":"product_cat","embeddable":true,"href":"https:\/\/www.huashunware.com\/de\/wp-json\/wp\/v2\/product_cat?post=854"},{"taxonomy":"product_tag","embeddable":true,"href":"https:\/\/www.huashunware.com\/de\/wp-json\/wp\/v2\/product_tag?post=854"}],"curies":[{"name":"wp","href":"https:\/\/api.w.org\/{rel}","templated":true}]}}