{"id":861,"date":"2025-10-22T07:34:36","date_gmt":"2025-10-22T07:14:34","guid":{"rendered":"https:\/\/www.huashunware.com\/?post_type=product&#038;p=861"},"modified":"2026-02-03T09:45:39","modified_gmt":"2026-02-03T09:45:39","slug":"custom-stainless-flatware-with-black-handles","status":"publish","type":"product","link":"https:\/\/www.huashunware.com\/de\/produkt\/custom-stainless-flatware-with-black-handles\/","title":{"rendered":"Benutzerdefinierte Edelstahl-Besteck Hersteller | Huashun Cutlery"},"content":{"rendered":"<div class=\"wp-block-columns is-layout-flex wp-container-core-columns-is-layout-9d6595d7 wp-block-columns-is-layout-flex\">\n<div class=\"wp-block-column is-layout-flow wp-block-column-is-layout-flow\">\n<h2 class=\"wp-block-heading\">Benutzerdefinierte Edelstahl-Besteck Merkmale:<\/h2>\n\n\n\n<p><strong>Veredelte Konstruktion aus Edelstahl<\/strong> Das aus hochwertigem Edelstahl 18\/0 gefertigte Besteck ist rostfrei und langlebig und bietet eine perfekte Kombination aus St\u00e4rke und \u00c4sthetik.<\/p>\n\n\n\n<p><strong>Moderne matte Custom-Griffe:<\/strong> Mit ihrer schicken, matten Oberfl\u00e4che und der angenehmen, weichen Haptik verleihen unsere Griffe jedem Tisch Raffinesse und sind in verschiedenen Ausf\u00fchrungen erh\u00e4ltlich. <strong>benutzerdefinierte Farben<\/strong>.<\/p>\n\n\n\n<p><strong>Elegante, hochglanzpolierte Oberfl\u00e4che<\/strong> Die Metallk\u00f6pfe sind auf Hochglanz poliert und bilden einen erstklassigen Kontrast zu den farbigen, matten Griffen.<\/p>\n\n\n\n<p><strong>Hochwertige 24-teilige Geschenkverpackung<\/strong> Pr\u00e4sentiert in einem gehobenen <strong>24-teilige Display-Box<\/strong>Dieses Set eignet sich perfekt f\u00fcr den Einzelhandel, als Firmengeschenk oder f\u00fcr den privaten Gebrauch.<\/p>\n\n\n\n<p><strong>Branding &amp; Logo-Anpassung<\/strong> Wir bieten komplette OEM-L\u00f6sungen, einschlie\u00dflich <strong>individuelle Logogravur<\/strong> und ma\u00dfgeschneiderte Verpackungen, um Ihrer Marke zu einem unvergesslichen Auftritt zu verhelfen.<\/p>\n\n\n\n<p><strong>Kosteng\u00fcnstige und dennoch hochwertige Option<\/strong> Huashun bietet ein hochwertiges Erscheinungsbild ohne hohe Kosten und ist damit eine kosteng\u00fcnstige Wahl f\u00fcr Gro\u00dfbestellungen und Werbeaktionen im Einzelhandel.<\/p>\n<\/div>\n\n\n\n<div class=\"wp-block-column is-vertically-aligned-center is-layout-flow wp-block-column-is-layout-flow\">\n<figure class=\"wp-block-image size-full\"><img decoding=\"async\" width=\"800\" height=\"800\" src=\"https:\/\/www.huashunware.com\/wp-content\/uploads\/2025\/10\/Custom-Stainless-Flatware1.webp\" alt=\"Individuelles Edelstahl-Besteck1\" class=\"wp-image-862\" srcset=\"https:\/\/www.huashunware.com\/wp-content\/uploads\/2025\/10\/Custom-Stainless-Flatware1.webp 800w, https:\/\/www.huashunware.com\/wp-content\/uploads\/2025\/10\/Custom-Stainless-Flatware1-300x300.webp 300w, https:\/\/www.huashunware.com\/wp-content\/uploads\/2025\/10\/Custom-Stainless-Flatware1-150x150.webp 150w, https:\/\/www.huashunware.com\/wp-content\/uploads\/2025\/10\/Custom-Stainless-Flatware1-768x768.webp 768w, https:\/\/www.huashunware.com\/wp-content\/uploads\/2025\/10\/Custom-Stainless-Flatware1-12x12.webp 12w, https:\/\/www.huashunware.com\/wp-content\/uploads\/2025\/10\/Custom-Stainless-Flatware1-600x600.webp 600w, https:\/\/www.huashunware.com\/wp-content\/uploads\/2025\/10\/Custom-Stainless-Flatware1-100x100.webp 100w\" sizes=\"(max-width: 800px) 100vw, 800px\" \/><\/figure>\n\n\n\n<figure class=\"wp-block-image size-full\"><img decoding=\"async\" width=\"3686\" height=\"3686\" src=\"https:\/\/www.huashunware.com\/wp-content\/uploads\/2025\/10\/Custom-Stainless-Flatware-with-Black-Handles-1.webp\" alt=\"Individuelles Edelstahl-Besteck mit schwarzen Griffen\" class=\"wp-image-1264\" srcset=\"https:\/\/www.huashunware.com\/wp-content\/uploads\/2025\/10\/Custom-Stainless-Flatware-with-Black-Handles-1.webp 3686w, https:\/\/www.huashunware.com\/wp-content\/uploads\/2025\/10\/Custom-Stainless-Flatware-with-Black-Handles-1-300x300.webp 300w, https:\/\/www.huashunware.com\/wp-content\/uploads\/2025\/10\/Custom-Stainless-Flatware-with-Black-Handles-1-150x150.webp 150w, https:\/\/www.huashunware.com\/wp-content\/uploads\/2025\/10\/Custom-Stainless-Flatware-with-Black-Handles-1-768x768.webp 768w, https:\/\/www.huashunware.com\/wp-content\/uploads\/2025\/10\/Custom-Stainless-Flatware-with-Black-Handles-1-12x12.webp 12w, https:\/\/www.huashunware.com\/wp-content\/uploads\/2025\/10\/Custom-Stainless-Flatware-with-Black-Handles-1-1200x1200.webp 1200w, https:\/\/www.huashunware.com\/wp-content\/uploads\/2025\/10\/Custom-Stainless-Flatware-with-Black-Handles-1-600x600.webp 600w, https:\/\/www.huashunware.com\/wp-content\/uploads\/2025\/10\/Custom-Stainless-Flatware-with-Black-Handles-1-100x100.webp 100w\" sizes=\"(max-width: 3686px) 100vw, 3686px\" \/><\/figure>\n<\/div>\n<\/div>","protected":false},"excerpt":{"rendered":"<p data-start=\"1174\" data-end=\"1465\">Huashun bietet individuelles rostfreies Besteck mit matten Griffen. Strapazierf\u00e4higer 18\/0-Stahl, leuchtende individuelle Farben und Geschenkverpackungen. Ideal f\u00fcr Ihr Corporate Branding. Fordern Sie ein Angebot an!<\/p>\n<h2 data-start=\"1174\" data-end=\"1465\">Benutzerdefinierte Edelstahl-Besteck Attribute\uff1a<\/h2>\n<table>\n<thead>\n<tr>\n<th>Artikel<\/th>\n<th>Gewicht (g)<\/th>\n<th>L\u00e4nge (cm)<\/th>\n<th>Breite (cm)<\/th>\n<th>Dicke (mm)<\/th>\n<\/tr>\n<\/thead>\n<tbody>\n<tr>\n<td>Messer<\/td>\n<td>27.5<\/td>\n<td>21.0<\/td>\n<td>1.7<\/td>\n<td>1.5<\/td>\n<\/tr>\n<tr>\n<td>Gabel<\/td>\n<td>24.0<\/td>\n<td>19.5<\/td>\n<td>2.4<\/td>\n<td>1.5<\/td>\n<\/tr>\n<tr>\n<td>L\u00f6ffel<\/td>\n<td>33.0<\/td>\n<td>19.0<\/td>\n<td>3.8<\/td>\n<td>1.5<\/td>\n<\/tr>\n<tr>\n<td>Teel\u00f6ffel<\/td>\n<td>15.5<\/td>\n<td>15.5<\/td>\n<td>3.3<\/td>\n<td>1.5<\/td>\n<\/tr>\n<\/tbody>\n<\/table>\n<h2>Individuelles Edelstahl-Besteck\uff1a<\/h2>\n<ul>\n<li>Kostenlose Probe: Eine kostenlose Probe kann verf\u00fcgbar sein.<\/li>\n<li>Verpackung &amp; Logo-Anpassung: Wir unterst\u00fctzen benutzerdefinierte Logos auf der Verpackung und bieten verschiedene Verpackungsoptionen, einschlie\u00dflich PET-Boxen, PVC-Boxen und Geschenkboxen.<\/li>\n<li>Optionen f\u00fcr die Grifffarbe: Griff Farbe Anpassung wird akzeptiert, mit 6-8 Farben auf Lager verf\u00fcgbar.<\/li>\n<\/ul>","protected":false},"featured_media":862,"comment_status":"closed","ping_status":"closed","template":"","meta":{"_acf_changed":false},"product_brand":[],"product_cat":[18,26],"product_tag":[],"class_list":{"0":"post-861","1":"product","2":"type-product","3":"status-publish","4":"has-post-thumbnail","6":"product_cat-cutlery-set-wholesale","7":"product_cat-plastic-handle-flatware-set","9":"first","10":"instock","11":"shipping-taxable","12":"product-type-simple"},"acf":[],"_links":{"self":[{"href":"https:\/\/www.huashunware.com\/de\/wp-json\/wp\/v2\/product\/861","targetHints":{"allow":["GET"]}}],"collection":[{"href":"https:\/\/www.huashunware.com\/de\/wp-json\/wp\/v2\/product"}],"about":[{"href":"https:\/\/www.huashunware.com\/de\/wp-json\/wp\/v2\/types\/product"}],"replies":[{"embeddable":true,"href":"https:\/\/www.huashunware.com\/de\/wp-json\/wp\/v2\/comments?post=861"}],"wp:featuredmedia":[{"embeddable":true,"href":"https:\/\/www.huashunware.com\/de\/wp-json\/wp\/v2\/media\/862"}],"wp:attachment":[{"href":"https:\/\/www.huashunware.com\/de\/wp-json\/wp\/v2\/media?parent=861"}],"wp:term":[{"taxonomy":"product_brand","embeddable":true,"href":"https:\/\/www.huashunware.com\/de\/wp-json\/wp\/v2\/product_brand?post=861"},{"taxonomy":"product_cat","embeddable":true,"href":"https:\/\/www.huashunware.com\/de\/wp-json\/wp\/v2\/product_cat?post=861"},{"taxonomy":"product_tag","embeddable":true,"href":"https:\/\/www.huashunware.com\/de\/wp-json\/wp\/v2\/product_tag?post=861"}],"curies":[{"name":"wp","href":"https:\/\/api.w.org\/{rel}","templated":true}]}}