{"id":867,"date":"2025-10-23T02:31:02","date_gmt":"2025-10-23T01:58:38","guid":{"rendered":"https:\/\/www.huashunware.com\/?post_type=product&#038;p=867"},"modified":"2026-02-03T09:25:34","modified_gmt":"2026-02-03T09:25:34","slug":"wholesale-spoons-and-forks-premium-quality-silverware-sets","status":"publish","type":"product","link":"https:\/\/www.huashunware.com\/de\/produkt\/wholesale-spoons-and-forks-premium-quality-silverware-sets\/","title":{"rendered":"Gro\u00dfhandel L\u00f6ffel und Gabeln, Premium Qualit\u00e4t Silberwaren Sets"},"content":{"rendered":"<div class=\"wp-block-columns is-layout-flex wp-container-core-columns-is-layout-9d6595d7 wp-block-columns-is-layout-flex\">\n<div class=\"wp-block-column is-layout-flow wp-block-column-is-layout-flow\">\n<h2 class=\"wp-block-heading\">Gro\u00dfhandel L\u00f6ffel und Gabeln Merkmale:<\/h2>\n\n\n\n<p><strong>Premium-Edelstahl 18\/0<\/strong> Die aus hochwertigem Edelstahl 18\/0 gefertigten L\u00f6ffel und Gabeln sind rostbest\u00e4ndig und erf\u00fcllen die Anforderungen der <strong>Lebensmittelsicherheitsstandards der EU und der USA<\/strong>.<\/p>\n\n\n\n<p><strong>Professionelle spiegelpolierte Oberfl\u00e4che<\/strong> Jedes St\u00fcck zeichnet sich durch eine glatte, reflektierende Oberfl\u00e4che aus, die jedem gedeckten Tisch eine raffinierte Note verleiht, von zwanglosen Mahlzeiten zu Hause bis hin zu formellen Catering-Events.<\/p>\n\n\n\n<p><strong>Ergonomischer &amp; ausgewogener Griff<\/strong> Die schlanken, stromlinienf\u00f6rmigen Griffe sind ergonomisch geformt und bieten ein komfortables und ausgewogenes Gef\u00fchl, so dass jede Mahlzeit m\u00fchelos genossen werden kann.<\/p>\n\n\n\n<p><strong>Langlebige einteilige Konstruktion<\/strong> Die integrierte Ganzmetallkonstruktion gew\u00e4hrleistet maximale Haltbarkeit und Hygiene, verhindert Lebensmittelr\u00fcckst\u00e4nde und macht das Set ideal f\u00fcr <strong>hochfrequente gewerbliche Nutzung<\/strong>.<\/p>\n\n\n\n<p><strong>100% Sp\u00fclmaschinenfest<\/strong> Diese Utensilien sind f\u00fcr die t\u00e4gliche Reinigung in industriellen Umgebungen ausgelegt und laufen auch nach vielen Jahren nicht an oder korrodieren. <strong>Tausende von Maschinenwaschg\u00e4ngen<\/strong>.<\/p>\n\n\n\n<p><strong>Wettbewerbsf\u00e4hige Gro\u00dfhandelspreise f\u00fcr Bulkware<\/strong> Als direkter Hersteller, <strong>Huashun<\/strong> bietet unschlagbare Preise f\u00fcr Gro\u00dfbestellungen und unterst\u00fctzt individuelle Logos und Verpackungen, die Ihren gesch\u00e4ftlichen Anforderungen entsprechen.<\/p>\n<\/div>\n\n\n\n<div class=\"wp-block-column is-vertically-aligned-center is-layout-flow wp-block-column-is-layout-flow\">\n<figure class=\"wp-block-image size-full\"><img decoding=\"async\" width=\"3072\" height=\"3072\" src=\"https:\/\/www.huashunware.com\/wp-content\/uploads\/2025\/10\/Wholesale-Spoons-and-Forks.png\" alt=\"Gro\u00dfhandel L\u00f6ffel und Gabeln\" class=\"wp-image-868\" srcset=\"https:\/\/www.huashunware.com\/wp-content\/uploads\/2025\/10\/Wholesale-Spoons-and-Forks.png 3072w, https:\/\/www.huashunware.com\/wp-content\/uploads\/2025\/10\/Wholesale-Spoons-and-Forks-300x300.png 300w, https:\/\/www.huashunware.com\/wp-content\/uploads\/2025\/10\/Wholesale-Spoons-and-Forks-150x150.png 150w, https:\/\/www.huashunware.com\/wp-content\/uploads\/2025\/10\/Wholesale-Spoons-and-Forks-768x768.png 768w, https:\/\/www.huashunware.com\/wp-content\/uploads\/2025\/10\/Wholesale-Spoons-and-Forks-12x12.png 12w, https:\/\/www.huashunware.com\/wp-content\/uploads\/2025\/10\/Wholesale-Spoons-and-Forks-1200x1200.png 1200w, https:\/\/www.huashunware.com\/wp-content\/uploads\/2025\/10\/Wholesale-Spoons-and-Forks-600x600.png 600w, https:\/\/www.huashunware.com\/wp-content\/uploads\/2025\/10\/Wholesale-Spoons-and-Forks-100x100.png 100w\" sizes=\"(max-width: 3072px) 100vw, 3072px\" \/><\/figure>\n<\/div>\n<\/div>","protected":false},"excerpt":{"rendered":"<p data-start=\"1174\" data-end=\"1465\">Gro\u00dfhandel L\u00f6ffel und Gabeln, Premium-Qualit\u00e4t Silberwaren-Sets. Gefertigt aus langlebigem Edelstahl, widersteht dieses elegante Set anlaufen und Korrosion, so dass es perfekt f\u00fcr jeden Anlass. Ideal f\u00fcr den privaten und gewerblichen Einsatz, bieten diese Utensilien Komfort, Stil und langlebige Qualit\u00e4t zu unschlagbaren Gro\u00dfhandelspreisen.<\/p>\n<h2>Individuelle L\u00f6ffel und Gabeln\uff1a<\/h2>\n<ul>\n<li data-start=\"43\" data-end=\"124\">\n<p data-start=\"46\" data-end=\"76\"><strong data-start=\"46\" data-end=\"74\">Verf\u00fcgbarkeit kostenloser Muster\uff1a <\/strong>Wir bieten Ihnen kostenlose Muster f\u00fcr Ihre Bewertung an.<\/p>\n<\/li>\n<li data-start=\"126\" data-end=\"322\">\n<p data-start=\"129\" data-end=\"165\"><strong data-start=\"129\" data-end=\"163\">Anpassbare Verpackungsoptionen\uff1a <\/strong>Wir unterst\u00fctzen individuelle Logos auf der Verpackung. Sie k\u00f6nnen aus verschiedenen Verpackungsarten w\u00e4hlen, wie zum Beispiel: PET-Box\\PVC-Box\\Geschenkbox<\/p>\n<\/li>\n<li data-start=\"126\" data-end=\"322\">\n<p data-start=\"129\" data-end=\"165\"><strong data-start=\"327\" data-end=\"349\">Logo-Anpassung:<\/strong>Wir akzeptieren lasergravierte Logos oder eingeritzte Logos auf dem Produkt.<\/p>\n<div class=\"text-base my-auto mx-auto pb-10 [--thread-content-margin:--spacing(4)] thread-sm:[--thread-content-margin:--spacing(6)] thread-lg:[--thread-content-margin:--spacing(16)] px-(--thread-content-margin)\">\n<div class=\"[--thread-content-max-width:40rem] thread-lg:[--thread-content-max-width:48rem] mx-auto max-w-(--thread-content-max-width) flex-1 group\/turn-messages focus-visible:outline-hidden relative flex w-full min-w-0 flex-col agent-turn\" tabindex=\"-1\">\n<div class=\"flex max-w-full flex-col grow\">\n<div class=\"min-h-8 text-message relative flex w-full flex-col items-end gap-2 text-start break-words whitespace-normal [.text-message+&amp;]:mt-1\" dir=\"auto\" data-message-author-role=\"assistant\" data-message-id=\"aa2ae332-605b-4306-94e4-23a9dd06bf09\" data-message-model-slug=\"gpt-5-mini\">\n<div class=\"flex w-full flex-col gap-1 empty:hidden first:pt-[1px]\">\n<div class=\"markdown prose dark:prose-invert w-full break-words light markdown-new-styling\">\u00a0<\/div>\n<\/div>\n<\/div>\n<\/div>\n<\/div>\n<\/div>\n<\/li>\n<\/ul>","protected":false},"featured_media":868,"comment_status":"closed","ping_status":"closed","template":"","meta":{"_acf_changed":false},"product_brand":[],"product_cat":[18,27],"product_tag":[],"class_list":{"0":"post-867","1":"product","2":"type-product","3":"status-publish","4":"has-post-thumbnail","6":"product_cat-cutlery-set-wholesale","7":"product_cat-stainless-steel-flatware-set","9":"first","10":"instock","11":"shipping-taxable","12":"product-type-simple"},"acf":[],"_links":{"self":[{"href":"https:\/\/www.huashunware.com\/de\/wp-json\/wp\/v2\/product\/867","targetHints":{"allow":["GET"]}}],"collection":[{"href":"https:\/\/www.huashunware.com\/de\/wp-json\/wp\/v2\/product"}],"about":[{"href":"https:\/\/www.huashunware.com\/de\/wp-json\/wp\/v2\/types\/product"}],"replies":[{"embeddable":true,"href":"https:\/\/www.huashunware.com\/de\/wp-json\/wp\/v2\/comments?post=867"}],"wp:featuredmedia":[{"embeddable":true,"href":"https:\/\/www.huashunware.com\/de\/wp-json\/wp\/v2\/media\/868"}],"wp:attachment":[{"href":"https:\/\/www.huashunware.com\/de\/wp-json\/wp\/v2\/media?parent=867"}],"wp:term":[{"taxonomy":"product_brand","embeddable":true,"href":"https:\/\/www.huashunware.com\/de\/wp-json\/wp\/v2\/product_brand?post=867"},{"taxonomy":"product_cat","embeddable":true,"href":"https:\/\/www.huashunware.com\/de\/wp-json\/wp\/v2\/product_cat?post=867"},{"taxonomy":"product_tag","embeddable":true,"href":"https:\/\/www.huashunware.com\/de\/wp-json\/wp\/v2\/product_tag?post=867"}],"curies":[{"name":"wp","href":"https:\/\/api.w.org\/{rel}","templated":true}]}}