{"id":872,"date":"2025-09-23T06:47:50","date_gmt":"2025-09-23T06:47:50","guid":{"rendered":"https:\/\/www.huashunware.com\/?post_type=product&#038;p=872"},"modified":"2026-02-05T02:58:27","modified_gmt":"2026-02-05T02:58:27","slug":"bulk-commercial-cutlery-with-wide-handle","status":"publish","type":"product","link":"https:\/\/www.huashunware.com\/de\/produkt\/bulk-commercial-cutlery-with-wide-handle\/","title":{"rendered":"Gro\u00dfes Handelsbesteck mit breitem Griff"},"content":{"rendered":"<div class=\"wp-block-columns is-layout-flex wp-container-core-columns-is-layout-9d6595d7 wp-block-columns-is-layout-flex\">\n<div class=\"wp-block-column is-layout-flow wp-block-column-is-layout-flow\">\n<h2 class=\"wp-block-heading\">Bulk Commercial Cutlery Merkmale:<\/h2>\n\n\n\n<p><strong>Ergonomischer breiter Handgriff<\/strong>\uff1a Das Besteck verf\u00fcgt \u00fcber einen breiten, ergonomisch geformten Griff, der einen sicheren, komfortablen Halt bietet und die Belastung der H\u00e4nde bei l\u00e4ngerem Gebrauch im gewerblichen Bereich reduziert. Perfekt f\u00fcr stark frequentierte Essbereiche, in denen Komfort und Effizienz entscheidend sind.<\/p>\n\n\n\n<p><strong>Hochwertige Konstruktion aus Edelstahl<\/strong>Das aus hochwertigem Edelstahl gefertigte Besteck ist robust und widerstandsf\u00e4hig gegen Rost, Flecken und Korrosion, was eine lange Lebensdauer auch bei starker Beanspruchung in Gro\u00dfk\u00fcchen und Restaurants gew\u00e4hrleistet.<\/p>\n\n\n\n<p><strong>Gro\u00dfverpackungen f\u00fcr den Bedarf an gro\u00dfen Mengen<\/strong>\uff1a Entwickelt f\u00fcr Unternehmen mit hohem Kundenaufkommen, bieten unsere Gro\u00dfpackungen gen\u00fcgend Besteck, um die Anforderungen von Cafeterias, Cateringservices und anderen Einrichtungen mit hohem Kundenaufkommen zu erf\u00fcllen, was sie kosteng\u00fcnstig und effizient macht.<\/p>\n\n\n\n<p><strong>Leicht zu reinigen und zu pflegen<\/strong>\uff1a Die glatte, polierte Oberfl\u00e4che des Bestecks macht die Reinigung zum Kinderspiel, egal ob von Hand oder in einer gewerblichen Sp\u00fclmaschine. Dies gew\u00e4hrleistet minimalen Wartungsaufwand und einen hohen Hygienestandard f\u00fcr Ihr Unternehmen.<\/p>\n\n\n\n<p><strong>Vielseitig f\u00fcr verschiedene Essensstile<\/strong>\uff1aDieses Besteck eignet sich f\u00fcr eine Vielzahl von Gerichten und Essenssituationen und kann sowohl in der gehobenen als auch in der gehobenen Gastronomie eingesetzt werden. Die Vielseitigkeit macht es zu einer ausgezeichneten Erg\u00e4nzung f\u00fcr jeden Gastronomiebetrieb.<\/p>\n<\/div>\n\n\n\n<div class=\"wp-block-column is-vertically-aligned-center is-layout-flow wp-block-column-is-layout-flow\">\n<figure class=\"wp-block-image size-full\"><img decoding=\"async\" width=\"1536\" height=\"1536\" src=\"https:\/\/www.huashunware.com\/wp-content\/uploads\/2025\/09\/Bulk-Commercial-Cutlery-with-Wide-Handle1.webp\" alt=\"Gro\u00dfes Handelsbesteck mit breitem Griff1\" class=\"wp-image-1210\" srcset=\"https:\/\/www.huashunware.com\/wp-content\/uploads\/2025\/09\/Bulk-Commercial-Cutlery-with-Wide-Handle1.webp 1536w, https:\/\/www.huashunware.com\/wp-content\/uploads\/2025\/09\/Bulk-Commercial-Cutlery-with-Wide-Handle1-300x300.webp 300w, https:\/\/www.huashunware.com\/wp-content\/uploads\/2025\/09\/Bulk-Commercial-Cutlery-with-Wide-Handle1-150x150.webp 150w, https:\/\/www.huashunware.com\/wp-content\/uploads\/2025\/09\/Bulk-Commercial-Cutlery-with-Wide-Handle1-768x768.webp 768w, https:\/\/www.huashunware.com\/wp-content\/uploads\/2025\/09\/Bulk-Commercial-Cutlery-with-Wide-Handle1-12x12.webp 12w, https:\/\/www.huashunware.com\/wp-content\/uploads\/2025\/09\/Bulk-Commercial-Cutlery-with-Wide-Handle1-1200x1200.webp 1200w, https:\/\/www.huashunware.com\/wp-content\/uploads\/2025\/09\/Bulk-Commercial-Cutlery-with-Wide-Handle1-600x600.webp 600w, https:\/\/www.huashunware.com\/wp-content\/uploads\/2025\/09\/Bulk-Commercial-Cutlery-with-Wide-Handle1-100x100.webp 100w\" sizes=\"(max-width: 1536px) 100vw, 1536px\" \/><\/figure>\n\n\n\n<figure class=\"wp-block-image size-full\"><img decoding=\"async\" width=\"3072\" height=\"3072\" src=\"https:\/\/www.huashunware.com\/wp-content\/uploads\/2025\/10\/Bulk-Commercial-Cutlery1.webp\" alt=\"Gewerbliches Gro\u00dfbesteck1\" class=\"wp-image-873\" srcset=\"https:\/\/www.huashunware.com\/wp-content\/uploads\/2025\/10\/Bulk-Commercial-Cutlery1.webp 3072w, https:\/\/www.huashunware.com\/wp-content\/uploads\/2025\/10\/Bulk-Commercial-Cutlery1-300x300.webp 300w, https:\/\/www.huashunware.com\/wp-content\/uploads\/2025\/10\/Bulk-Commercial-Cutlery1-150x150.webp 150w, https:\/\/www.huashunware.com\/wp-content\/uploads\/2025\/10\/Bulk-Commercial-Cutlery1-768x768.webp 768w, https:\/\/www.huashunware.com\/wp-content\/uploads\/2025\/10\/Bulk-Commercial-Cutlery1-12x12.webp 12w, https:\/\/www.huashunware.com\/wp-content\/uploads\/2025\/10\/Bulk-Commercial-Cutlery1-1200x1200.webp 1200w, https:\/\/www.huashunware.com\/wp-content\/uploads\/2025\/10\/Bulk-Commercial-Cutlery1-600x600.webp 600w, https:\/\/www.huashunware.com\/wp-content\/uploads\/2025\/10\/Bulk-Commercial-Cutlery1-100x100.webp 100w\" sizes=\"(max-width: 3072px) 100vw, 3072px\" \/><\/figure>\n<\/div>\n<\/div>","protected":false},"excerpt":{"rendered":"<p data-start=\"1174\" data-end=\"1465\">Unser Gro\u00dfk\u00fcchenbesteck mit breitem Griff ist f\u00fcr den Einsatz in der Gro\u00dfk\u00fcche konzipiert. Es ist aus langlebigem Edelstahl gefertigt und verf\u00fcgt \u00fcber einen komfortablen, ergonomischen breiten Griff f\u00fcr eine einfache Handhabung bei langen Schichten. Perfekt f\u00fcr Restaurants, Cafeterias und Cateringservices ist dieses Besteck sowohl leicht zu reinigen als auch f\u00fcr den t\u00e4glichen Gebrauch ausgelegt.<\/p>\n<h2 data-start=\"1174\" data-end=\"1465\">Gro\u00dfhandel f\u00fcr kommerzielles Besteck Attribut\uff1a<\/h2>\n<table>\n<thead>\n<tr>\n<th><strong>Artikel<\/strong><\/th>\n<th><strong>Gewicht<\/strong><\/th>\n<th><strong>Abmessungen (L x B)<\/strong><\/th>\n<th><strong>Dicke<\/strong><\/th>\n<\/tr>\n<\/thead>\n<tbody>\n<tr>\n<td><strong>Tafelmesser<\/strong><\/td>\n<td>72g<\/td>\n<td>23 cm x 2 cm<\/td>\n<td>5 mm<\/td>\n<\/tr>\n<tr>\n<td><strong>Steak-Messer<\/strong><\/td>\n<td>69.5g<\/td>\n<td>22,5 cm x 1,8 cm<\/td>\n<td>5 mm<\/td>\n<\/tr>\n<tr>\n<td><strong>Gabel<\/strong><\/td>\n<td>36.3g<\/td>\n<td>20,5 cm x 2,5 cm<\/td>\n<td>2,2 mm<\/td>\n<\/tr>\n<tr>\n<td><strong>L\u00f6ffel<\/strong><\/td>\n<td>48g<\/td>\n<td>20,5 cm x 4,2 cm<\/td>\n<td>2,2 mm<\/td>\n<\/tr>\n<tr>\n<td><strong>Teel\u00f6ffel<\/strong><\/td>\n<td>21.5g<\/td>\n<td>15 cm x 3 cm<\/td>\n<td>2 mm<\/td>\n<\/tr>\n<\/tbody>\n<\/table>\n<h2>Gewerbliches Besteck nach Ma\u00df\uff1a<\/h2>\n<ul>\n<li data-start=\"43\" data-end=\"124\">\n<p data-start=\"46\" data-end=\"76\"><strong data-start=\"46\" data-end=\"74\">Verf\u00fcgbarkeit kostenloser Muster\uff1a <\/strong>Wir stellen kostenlose Muster f\u00fcr Ihre Bewertung zur Verf\u00fcgung.<\/p>\n<\/li>\n<li data-start=\"126\" data-end=\"322\">\n<p data-start=\"129\" data-end=\"165\"><strong data-start=\"129\" data-end=\"163\">Anpassbare Verpackungsoptionen\uff1a <\/strong>Wir unterst\u00fctzen individuelle Logos auf der Verpackung. Sie k\u00f6nnen aus verschiedenen Verpackungsarten w\u00e4hlen, wie zum Beispiel: PET-BoxPVC-BoxGeschenkbox<\/p>\n<\/li>\n<li data-start=\"126\" data-end=\"322\">\n<p data-start=\"129\" data-end=\"165\"><strong data-start=\"327\" data-end=\"349\">Logo-Anpassung: <\/strong>Wir akzeptieren lasergravierte Logos oder eingeritzte Logos auf dem Produkt.<\/p>\n<div class=\"text-base my-auto mx-auto pb-10 [--thread-content-margin:--spacing(4)] thread-sm:[--thread-content-margin:--spacing(6)] thread-lg:[--thread-content-margin:--spacing(16)] px-(--thread-content-margin)\">\n<div class=\"[--thread-content-max-width:40rem] thread-lg:[--thread-content-max-width:48rem] mx-auto max-w-(--thread-content-max-width) flex-1 group\/turn-messages focus-visible:outline-hidden relative flex w-full min-w-0 flex-col agent-turn\" tabindex=\"-1\">\n<div class=\"flex max-w-full flex-col grow\">\n<div class=\"min-h-8 text-message relative flex w-full flex-col items-end gap-2 text-start break-words whitespace-normal [.text-message+&amp;]:mt-1\" dir=\"auto\" data-message-author-role=\"assistant\" data-message-id=\"aa2ae332-605b-4306-94e4-23a9dd06bf09\" data-message-model-slug=\"gpt-5-mini\">\n<div class=\"flex w-full flex-col gap-1 empty:hidden first:pt-[1px]\">\n<div class=\"markdown prose dark:prose-invert w-full break-words light markdown-new-styling\">\u00a0<\/div>\n<\/div>\n<\/div>\n<\/div>\n<\/div>\n<\/div>\n<\/li>\n<\/ul>","protected":false},"featured_media":873,"comment_status":"closed","ping_status":"closed","template":"","meta":{"_acf_changed":false},"product_brand":[],"product_cat":[18,27],"product_tag":[],"class_list":{"0":"post-872","1":"product","2":"type-product","3":"status-publish","4":"has-post-thumbnail","6":"product_cat-cutlery-set-wholesale","7":"product_cat-stainless-steel-flatware-set","9":"first","10":"instock","11":"shipping-taxable","12":"product-type-simple"},"acf":[],"_links":{"self":[{"href":"https:\/\/www.huashunware.com\/de\/wp-json\/wp\/v2\/product\/872","targetHints":{"allow":["GET"]}}],"collection":[{"href":"https:\/\/www.huashunware.com\/de\/wp-json\/wp\/v2\/product"}],"about":[{"href":"https:\/\/www.huashunware.com\/de\/wp-json\/wp\/v2\/types\/product"}],"replies":[{"embeddable":true,"href":"https:\/\/www.huashunware.com\/de\/wp-json\/wp\/v2\/comments?post=872"}],"wp:featuredmedia":[{"embeddable":true,"href":"https:\/\/www.huashunware.com\/de\/wp-json\/wp\/v2\/media\/873"}],"wp:attachment":[{"href":"https:\/\/www.huashunware.com\/de\/wp-json\/wp\/v2\/media?parent=872"}],"wp:term":[{"taxonomy":"product_brand","embeddable":true,"href":"https:\/\/www.huashunware.com\/de\/wp-json\/wp\/v2\/product_brand?post=872"},{"taxonomy":"product_cat","embeddable":true,"href":"https:\/\/www.huashunware.com\/de\/wp-json\/wp\/v2\/product_cat?post=872"},{"taxonomy":"product_tag","embeddable":true,"href":"https:\/\/www.huashunware.com\/de\/wp-json\/wp\/v2\/product_tag?post=872"}],"curies":[{"name":"wp","href":"https:\/\/api.w.org\/{rel}","templated":true}]}}