{"id":880,"date":"2025-09-23T08:25:04","date_gmt":"2025-09-23T08:25:04","guid":{"rendered":"https:\/\/www.huashunware.com\/?post_type=product&#038;p=880"},"modified":"2026-01-26T08:03:43","modified_gmt":"2026-01-26T08:03:43","slug":"factory-direct-supply-flatware-for-wedding","status":"publish","type":"product","link":"https:\/\/www.huashunware.com\/de\/produkt\/factory-direct-supply-flatware-for-wedding\/","title":{"rendered":"Factory Direct Supply Besteck f\u00fcr Hochzeit"},"content":{"rendered":"<div class=\"wp-block-columns is-layout-flex wp-container-core-columns-is-layout-9d6595d7 wp-block-columns-is-layout-flex\">\n<div class=\"wp-block-column is-layout-flow wp-block-column-is-layout-flow\">\n<h2 class=\"wp-block-heading\">Factory Direct Supply Besteck f\u00fcr Hochzeit Features:<\/h2>\n\n\n\n<p><strong>Elegantes Hochzeitsdesign\uff1a <\/strong>Das Besteck hat ein klassisches, raffiniertes Design, das zu jedem Hochzeitsthema passt und Ihrem besonderen Tag einen Hauch von Eleganz verleiht.<\/p>\n\n\n\n<p><strong>Werksdirektpreise\uff1a <\/strong>Kaufen Sie direkt ab Werk und profitieren Sie von wettbewerbsf\u00e4higen Preisen, die sich perfekt f\u00fcr gro\u00dfe Bestellungen eignen, ohne dass Sie auf ein hohes Qualit\u00e4tsniveau verzichten m\u00fcssen.<\/p>\n\n\n\n<p><strong>Langlebige und qualitativ hochwertige Materialien\uff1a <\/strong>Das aus hochwertigem Edelstahl gefertigte Besteck ist robust und rostfrei, so dass es noch lange nach der Hochzeit verwendet werden kann.<\/p>\n\n\n\n<p><strong>Ideal f\u00fcr gro\u00dfe Veranstaltungen\uff1a <\/strong>Das Besteckset wird in gro\u00dfen Mengen geliefert und eignet sich ideal f\u00fcr Hochzeiten, Bankette und andere gro\u00dfe Veranstaltungen, da es gen\u00fcgend Teile enth\u00e4lt, um Ihre G\u00e4ste effizient zu bedienen.<\/p>\n\n\n\n<p><strong>Leicht zu reinigen und zu pflegen\uff1a <\/strong>Die glatte, polierte Oberfl\u00e4che des Bestecks macht die Reinigung einfach und sorgt f\u00fcr ein problemloses Erlebnis vor, w\u00e4hrend und nach der Veranstaltung.<\/p>\n<\/div>\n\n\n\n<div class=\"wp-block-column is-vertically-aligned-center is-layout-flow wp-block-column-is-layout-flow\">\n<figure class=\"wp-block-image size-full\"><img decoding=\"async\" width=\"3072\" height=\"3072\" src=\"https:\/\/www.huashunware.com\/wp-content\/uploads\/2025\/10\/Factory-Direct-Supply-Flatware2.webp\" alt=\"Fabrikdirektlieferung Besteck2\" class=\"wp-image-882\" srcset=\"https:\/\/www.huashunware.com\/wp-content\/uploads\/2025\/10\/Factory-Direct-Supply-Flatware2.webp 3072w, https:\/\/www.huashunware.com\/wp-content\/uploads\/2025\/10\/Factory-Direct-Supply-Flatware2-300x300.webp 300w, https:\/\/www.huashunware.com\/wp-content\/uploads\/2025\/10\/Factory-Direct-Supply-Flatware2-150x150.webp 150w, https:\/\/www.huashunware.com\/wp-content\/uploads\/2025\/10\/Factory-Direct-Supply-Flatware2-768x768.webp 768w, https:\/\/www.huashunware.com\/wp-content\/uploads\/2025\/10\/Factory-Direct-Supply-Flatware2-12x12.webp 12w, https:\/\/www.huashunware.com\/wp-content\/uploads\/2025\/10\/Factory-Direct-Supply-Flatware2-1200x1200.webp 1200w, https:\/\/www.huashunware.com\/wp-content\/uploads\/2025\/10\/Factory-Direct-Supply-Flatware2-600x600.webp 600w, https:\/\/www.huashunware.com\/wp-content\/uploads\/2025\/10\/Factory-Direct-Supply-Flatware2-100x100.webp 100w\" sizes=\"(max-width: 3072px) 100vw, 3072px\" \/><\/figure>\n<\/div>\n<\/div>","protected":false},"excerpt":{"rendered":"<p data-start=\"1174\" data-end=\"1465\">Unser Besteck f\u00fcr Hochzeiten im Direktvertrieb bietet elegantes, hochwertiges Besteck aus Edelstahl zu unschlagbaren Preisen. Es eignet sich perfekt f\u00fcr Hochzeiten und gro\u00dfe Veranstaltungen und verbindet Langlebigkeit mit zeitlosem Design, wodurch es leicht zu reinigen und zu pflegen ist.<\/p>\n<h2>Gro\u00dfhandel Besteck Attribut:<\/h2>\n<table>\n<thead>\n<tr>\n<th><strong>Artikel<\/strong><\/th>\n<th><strong>Gewicht<\/strong><\/th>\n<th><strong>Abmessungen (L x B)<\/strong><\/th>\n<\/tr>\n<\/thead>\n<tbody>\n<tr>\n<td><strong>Messer<\/strong><\/td>\n<td>65g<\/td>\n<td>22 cm x 1,6 cm<\/td>\n<\/tr>\n<tr>\n<td><strong>L\u00f6ffel<\/strong><\/td>\n<td>37.5g<\/td>\n<td>20,5 cm x 3,7 cm<\/td>\n<\/tr>\n<tr>\n<td><strong>Gabel<\/strong><\/td>\n<td>28.5g<\/td>\n<td>21 cm x 2,4 cm<\/td>\n<\/tr>\n<tr>\n<td><strong>Teel\u00f6ffel<\/strong><\/td>\n<td>18g<\/td>\n<td>15,5 cm x 2,8 cm<\/td>\n<\/tr>\n<\/tbody>\n<\/table>\n<h2>Individuelles Besteck-Set\uff1a<\/h2>\n<ul>\n<li data-start=\"43\" data-end=\"124\">\n<p data-start=\"46\" data-end=\"76\"><strong data-start=\"46\" data-end=\"74\">Verf\u00fcgbarkeit kostenloser Muster\uff1a <\/strong>Wir stellen kostenlose Muster f\u00fcr Ihre Bewertung zur Verf\u00fcgung.<\/p>\n<\/li>\n<li data-start=\"126\" data-end=\"322\">\n<p data-start=\"129\" data-end=\"165\"><strong data-start=\"129\" data-end=\"163\">Anpassbare Verpackungsoptionen\uff1a <\/strong>Wir unterst\u00fctzen individuelle Logos auf der Verpackung. Sie k\u00f6nnen aus verschiedenen Verpackungsarten w\u00e4hlen, wie zum Beispiel: PET-BoxPVC-BoxGeschenkbox<\/p>\n<\/li>\n<li data-start=\"126\" data-end=\"322\">\n<p data-start=\"129\" data-end=\"165\"><strong data-start=\"327\" data-end=\"349\">Logo-Anpassung: <\/strong>Wir akzeptieren lasergravierte Logos oder eingeritzte Logos auf dem Produkt.<\/p>\n<div class=\"text-base my-auto mx-auto pb-10 [--thread-content-margin:--spacing(4)] thread-sm:[--thread-content-margin:--spacing(6)] thread-lg:[--thread-content-margin:--spacing(16)] px-(--thread-content-margin)\">\n<div class=\"[--thread-content-max-width:40rem] thread-lg:[--thread-content-max-width:48rem] mx-auto max-w-(--thread-content-max-width) flex-1 group\/turn-messages focus-visible:outline-hidden relative flex w-full min-w-0 flex-col agent-turn\" tabindex=\"-1\">\n<div class=\"flex max-w-full flex-col grow\">\n<div class=\"min-h-8 text-message relative flex w-full flex-col items-end gap-2 text-start break-words whitespace-normal [.text-message+&amp;]:mt-1\" dir=\"auto\" data-message-author-role=\"assistant\" data-message-id=\"aa2ae332-605b-4306-94e4-23a9dd06bf09\" data-message-model-slug=\"gpt-5-mini\">\n<div class=\"flex w-full flex-col gap-1 empty:hidden first:pt-[1px]\">\n<div class=\"markdown prose dark:prose-invert w-full break-words light markdown-new-styling\">\u00a0<\/div>\n<\/div>\n<\/div>\n<\/div>\n<\/div>\n<\/div>\n<\/li>\n<\/ul>","protected":false},"featured_media":881,"comment_status":"closed","ping_status":"closed","template":"","meta":{"_acf_changed":false},"product_brand":[],"product_cat":[18,27],"product_tag":[],"class_list":{"0":"post-880","1":"product","2":"type-product","3":"status-publish","4":"has-post-thumbnail","6":"product_cat-cutlery-set-wholesale","7":"product_cat-stainless-steel-flatware-set","9":"first","10":"instock","11":"shipping-taxable","12":"product-type-simple"},"acf":[],"_links":{"self":[{"href":"https:\/\/www.huashunware.com\/de\/wp-json\/wp\/v2\/product\/880","targetHints":{"allow":["GET"]}}],"collection":[{"href":"https:\/\/www.huashunware.com\/de\/wp-json\/wp\/v2\/product"}],"about":[{"href":"https:\/\/www.huashunware.com\/de\/wp-json\/wp\/v2\/types\/product"}],"replies":[{"embeddable":true,"href":"https:\/\/www.huashunware.com\/de\/wp-json\/wp\/v2\/comments?post=880"}],"wp:featuredmedia":[{"embeddable":true,"href":"https:\/\/www.huashunware.com\/de\/wp-json\/wp\/v2\/media\/881"}],"wp:attachment":[{"href":"https:\/\/www.huashunware.com\/de\/wp-json\/wp\/v2\/media?parent=880"}],"wp:term":[{"taxonomy":"product_brand","embeddable":true,"href":"https:\/\/www.huashunware.com\/de\/wp-json\/wp\/v2\/product_brand?post=880"},{"taxonomy":"product_cat","embeddable":true,"href":"https:\/\/www.huashunware.com\/de\/wp-json\/wp\/v2\/product_cat?post=880"},{"taxonomy":"product_tag","embeddable":true,"href":"https:\/\/www.huashunware.com\/de\/wp-json\/wp\/v2\/product_tag?post=880"}],"curies":[{"name":"wp","href":"https:\/\/api.w.org\/{rel}","templated":true}]}}