{"id":884,"date":"2025-09-23T08:48:33","date_gmt":"2025-09-23T08:48:33","guid":{"rendered":"https:\/\/www.huashunware.com\/?post_type=product&#038;p=884"},"modified":"2026-02-05T07:14:04","modified_gmt":"2026-02-05T07:14:04","slug":"crown-pattern-flatware-set-in-bulk-luxury-middle-east-style","status":"publish","type":"product","link":"https:\/\/www.huashunware.com\/de\/produkt\/crown-pattern-flatware-set-in-bulk-luxury-middle-east-style\/","title":{"rendered":"Crown Pattern Besteck Set in Bulk Luxury Middle East Style"},"content":{"rendered":"<div class=\"wp-block-columns is-layout-flex wp-container-core-columns-is-layout-9d6595d7 wp-block-columns-is-layout-flex\">\n<div class=\"wp-block-column is-layout-flow wp-block-column-is-layout-flow\">\n<h2 class=\"wp-block-heading\">Crown Pattern Flatware Set in Bulk Eigenschaften:<\/h2>\n\n\n\n<p><strong>Luxuri\u00f6ses Kronen-Muster-Design<\/strong>: Das exquisite Kronenmuster verleiht dem Tisch eine k\u00f6nigliche Note und ist perfekt geeignet, um das Esserlebnis mit einem luxuri\u00f6sen orientalischen Flair aufzuwerten.<\/p>\n\n\n\n<p><strong>Ideal f\u00fcr High-End-Veranstaltungen<\/strong>: Dieses Besteckset eignet sich perfekt f\u00fcr Hochzeiten, Bankette oder luxuri\u00f6se Veranstaltungen und verleiht jedem Anlass einen raffinierten und eleganten Stil.<\/p>\n\n\n\n<p><strong>Hochwertiger Edelstahl<\/strong>: Das aus hochwertigem Edelstahl gefertigte Besteck ist langlebig und korrosionsbest\u00e4ndig, was eine lange Lebensdauer und ein erstklassiges Finish garantiert.<\/p>\n\n\n\n<p><strong>Bulk Supply f\u00fcr gro\u00dfe Versammlungen<\/strong>: Dieses in gro\u00dfen Mengen erh\u00e4ltliche Set ist ideal f\u00fcr Restaurants, Hotels oder Cateringservices, die gro\u00dfe Veranstaltungen ausrichten, und bietet sowohl Stil als auch Zweckm\u00e4\u00dfigkeit.<\/p>\n\n\n\n<p><strong>Leicht zu reinigen und zu pflegen<\/strong>Die glatte, polierte Oberfl\u00e4che l\u00e4sst sich m\u00fchelos reinigen und sorgt f\u00fcr ein makelloses Aussehen bei jeder Veranstaltung, auch nach wiederholtem Gebrauch.<\/p>\n<\/div>\n\n\n\n<div class=\"wp-block-column is-vertically-aligned-center is-layout-flow wp-block-column-is-layout-flow\">\n<figure class=\"wp-block-image size-full\"><img decoding=\"async\" width=\"3072\" height=\"3072\" src=\"https:\/\/www.huashunware.com\/wp-content\/uploads\/2025\/10\/Crown-Pattern-Flatware-Set-in-Bulk-Luxury-Middle-East-Style2.webp\" alt=\"Crown Pattern Besteck Set in Bulk Luxus Middle East Style2\" class=\"wp-image-886\" srcset=\"https:\/\/www.huashunware.com\/wp-content\/uploads\/2025\/10\/Crown-Pattern-Flatware-Set-in-Bulk-Luxury-Middle-East-Style2.webp 3072w, https:\/\/www.huashunware.com\/wp-content\/uploads\/2025\/10\/Crown-Pattern-Flatware-Set-in-Bulk-Luxury-Middle-East-Style2-300x300.webp 300w, https:\/\/www.huashunware.com\/wp-content\/uploads\/2025\/10\/Crown-Pattern-Flatware-Set-in-Bulk-Luxury-Middle-East-Style2-150x150.webp 150w, https:\/\/www.huashunware.com\/wp-content\/uploads\/2025\/10\/Crown-Pattern-Flatware-Set-in-Bulk-Luxury-Middle-East-Style2-768x768.webp 768w, https:\/\/www.huashunware.com\/wp-content\/uploads\/2025\/10\/Crown-Pattern-Flatware-Set-in-Bulk-Luxury-Middle-East-Style2-12x12.webp 12w, https:\/\/www.huashunware.com\/wp-content\/uploads\/2025\/10\/Crown-Pattern-Flatware-Set-in-Bulk-Luxury-Middle-East-Style2-1200x1200.webp 1200w, https:\/\/www.huashunware.com\/wp-content\/uploads\/2025\/10\/Crown-Pattern-Flatware-Set-in-Bulk-Luxury-Middle-East-Style2-600x600.webp 600w, https:\/\/www.huashunware.com\/wp-content\/uploads\/2025\/10\/Crown-Pattern-Flatware-Set-in-Bulk-Luxury-Middle-East-Style2-100x100.webp 100w\" sizes=\"(max-width: 3072px) 100vw, 3072px\" \/><\/figure>\n<\/div>\n<\/div>","protected":false},"excerpt":{"rendered":"<p data-start=\"1174\" data-end=\"1465\">Unser Besteckset mit Kronenmuster verleiht mit seinem luxuri\u00f6sen Design jedem Anlass k\u00f6nigliche Eleganz. Es ist aus langlebigem Edelstahl gefertigt und eignet sich perfekt f\u00fcr gehobene Veranstaltungen und gro\u00dfe Versammlungen, da es sowohl stilvoll als auch praktisch ist.<\/p>\n<h2>Gro\u00dfhandel Crown Muster Besteck Set Attribut:<\/h2>\n<table>\n<thead>\n<tr>\n<th><strong>Artikel<\/strong><\/th>\n<th><strong>Gewicht<\/strong><\/th>\n<th><strong>Abmessungen (L x B)<\/strong><\/th>\n<\/tr>\n<\/thead>\n<tbody>\n<tr>\n<td><strong>Gabel<\/strong><\/td>\n<td>33.7g<\/td>\n<td>20,2 cm x 2,3 cm<\/td>\n<\/tr>\n<tr>\n<td><strong>Messer<\/strong><\/td>\n<td>71.5g<\/td>\n<td>22,5 cm x 1,7 cm<\/td>\n<\/tr>\n<tr>\n<td><strong>L\u00f6ffel<\/strong><\/td>\n<td>39.5g<\/td>\n<td>20 cm x 4 cm<\/td>\n<\/tr>\n<tr>\n<td><strong>Teel\u00f6ffel<\/strong><\/td>\n<td>21.8g<\/td>\n<td>14,5 cm x 3 cm<\/td>\n<\/tr>\n<\/tbody>\n<\/table>\n<h2>Individuelles Kronenmuster-Besteck-Set\uff1a<\/h2>\n<ul>\n<li data-start=\"43\" data-end=\"124\">\n<p data-start=\"46\" data-end=\"76\"><strong data-start=\"46\" data-end=\"74\">Verf\u00fcgbarkeit kostenloser Muster\uff1a <\/strong>Wir stellen kostenlose Muster f\u00fcr Ihre Bewertung zur Verf\u00fcgung.<\/p>\n<\/li>\n<li data-start=\"126\" data-end=\"322\">\n<p data-start=\"129\" data-end=\"165\"><strong data-start=\"129\" data-end=\"163\">Anpassbare Verpackungsoptionen\uff1a <\/strong>Wir unterst\u00fctzen individuelle Logos auf der Verpackung. Sie k\u00f6nnen aus verschiedenen Verpackungsarten w\u00e4hlen, wie zum Beispiel: PET-BoxPVC-BoxGeschenkbox<\/p>\n<\/li>\n<li data-start=\"126\" data-end=\"322\">\n<p data-start=\"129\" data-end=\"165\"><strong data-start=\"327\" data-end=\"349\">Logo-Anpassung: <\/strong>Wir akzeptieren lasergravierte Logos oder eingeritzte Logos auf dem Produkt.<\/p>\n<div class=\"text-base my-auto mx-auto pb-10 [--thread-content-margin:--spacing(4)] thread-sm:[--thread-content-margin:--spacing(6)] thread-lg:[--thread-content-margin:--spacing(16)] px-(--thread-content-margin)\">\n<div class=\"[--thread-content-max-width:40rem] thread-lg:[--thread-content-max-width:48rem] mx-auto max-w-(--thread-content-max-width) flex-1 group\/turn-messages focus-visible:outline-hidden relative flex w-full min-w-0 flex-col agent-turn\" tabindex=\"-1\">\n<div class=\"flex max-w-full flex-col grow\">\n<div class=\"min-h-8 text-message relative flex w-full flex-col items-end gap-2 text-start break-words whitespace-normal [.text-message+&amp;]:mt-1\" dir=\"auto\" data-message-author-role=\"assistant\" data-message-id=\"aa2ae332-605b-4306-94e4-23a9dd06bf09\" data-message-model-slug=\"gpt-5-mini\">\n<div class=\"flex w-full flex-col gap-1 empty:hidden first:pt-[1px]\">\n<div class=\"markdown prose dark:prose-invert w-full break-words light markdown-new-styling\">\u00a0<\/div>\n<\/div>\n<\/div>\n<\/div>\n<\/div>\n<\/div>\n<\/li>\n<\/ul>","protected":false},"featured_media":885,"comment_status":"closed","ping_status":"closed","template":"","meta":{"_acf_changed":false},"product_brand":[],"product_cat":[18,27],"product_tag":[],"class_list":{"0":"post-884","1":"product","2":"type-product","3":"status-publish","4":"has-post-thumbnail","6":"product_cat-cutlery-set-wholesale","7":"product_cat-stainless-steel-flatware-set","9":"first","10":"instock","11":"shipping-taxable","12":"product-type-simple"},"acf":[],"_links":{"self":[{"href":"https:\/\/www.huashunware.com\/de\/wp-json\/wp\/v2\/product\/884","targetHints":{"allow":["GET"]}}],"collection":[{"href":"https:\/\/www.huashunware.com\/de\/wp-json\/wp\/v2\/product"}],"about":[{"href":"https:\/\/www.huashunware.com\/de\/wp-json\/wp\/v2\/types\/product"}],"replies":[{"embeddable":true,"href":"https:\/\/www.huashunware.com\/de\/wp-json\/wp\/v2\/comments?post=884"}],"wp:featuredmedia":[{"embeddable":true,"href":"https:\/\/www.huashunware.com\/de\/wp-json\/wp\/v2\/media\/885"}],"wp:attachment":[{"href":"https:\/\/www.huashunware.com\/de\/wp-json\/wp\/v2\/media?parent=884"}],"wp:term":[{"taxonomy":"product_brand","embeddable":true,"href":"https:\/\/www.huashunware.com\/de\/wp-json\/wp\/v2\/product_brand?post=884"},{"taxonomy":"product_cat","embeddable":true,"href":"https:\/\/www.huashunware.com\/de\/wp-json\/wp\/v2\/product_cat?post=884"},{"taxonomy":"product_tag","embeddable":true,"href":"https:\/\/www.huashunware.com\/de\/wp-json\/wp\/v2\/product_tag?post=884"}],"curies":[{"name":"wp","href":"https:\/\/api.w.org\/{rel}","templated":true}]}}