{"id":916,"date":"2025-10-07T08:38:38","date_gmt":"2025-10-07T08:38:38","guid":{"rendered":"https:\/\/www.huashunware.com\/?post_type=product&#038;p=916"},"modified":"2026-02-05T07:22:11","modified_gmt":"2026-02-05T07:22:11","slug":"wholesale-spoons-and-forks-premium-quality-black-flatware-set-supply","status":"publish","type":"product","link":"https:\/\/www.huashunware.com\/de\/produkt\/wholesale-spoons-and-forks-premium-quality-black-flatware-set-supply\/","title":{"rendered":"Gro\u00dfhandel L\u00f6ffel und Gabeln, Premium-Qualit\u00e4t schwarz Besteck Set Versorgung"},"content":{"rendered":"<div class=\"wp-block-columns is-layout-flex wp-container-core-columns-is-layout-9d6595d7 wp-block-columns-is-layout-flex\">\n<div class=\"wp-block-column is-layout-flow wp-block-column-is-layout-flow\">\n<h2 class=\"wp-block-heading\">Besteckset Versorgung Merkmale:<\/h2>\n\n\n\n<p><strong>Elegantes schwarzes Design<\/strong> - Die moderne, mattschwarze Oberfl\u00e4che verleiht jedem Esstisch oder jeder Veranstaltung Eleganz und Raffinesse.<\/p>\n\n\n\n<p><strong>Hochwertiges Material<\/strong> - Gefertigt aus hochwertigem Edelstahl f\u00fcr lange Haltbarkeit, Rostbest\u00e4ndigkeit und einfache Wartung.<\/p>\n\n\n\n<p><strong>Ergonomisch und komfortabel<\/strong> - Gut ausbalancierte Griffe sorgen f\u00fcr einen bequemen Griff und ein m\u00fcheloses Esserlebnis.<\/p>\n\n\n\n<p><strong>Perfekt f\u00fcr Gro\u00dfbestellungen<\/strong> - Ideal f\u00fcr Restaurants, Hotels, Catering-Unternehmen oder Gro\u00dfabnehmer, die stilvolles, funktionelles Besteck suchen.<\/p>\n\n\n\n<p><strong>Leicht zu reinigen und zu pflegen<\/strong> - Sp\u00fclmaschinenfest mit einer kratzfesten Beschichtung, die die glatte schwarze Oberfl\u00e4che bewahrt.<\/p>\n<\/div>\n\n\n\n<div class=\"wp-block-column is-vertically-aligned-center is-layout-flow wp-block-column-is-layout-flow\">\n<figure class=\"wp-block-image size-full\"><img decoding=\"async\" width=\"1536\" height=\"1536\" src=\"https:\/\/www.huashunware.com\/wp-content\/uploads\/2025\/10\/Flatware-Set-Supply.webp\" alt=\"Besteckset Versorgung\" class=\"wp-image-1214\" srcset=\"https:\/\/www.huashunware.com\/wp-content\/uploads\/2025\/10\/Flatware-Set-Supply.webp 1536w, https:\/\/www.huashunware.com\/wp-content\/uploads\/2025\/10\/Flatware-Set-Supply-300x300.webp 300w, https:\/\/www.huashunware.com\/wp-content\/uploads\/2025\/10\/Flatware-Set-Supply-150x150.webp 150w, https:\/\/www.huashunware.com\/wp-content\/uploads\/2025\/10\/Flatware-Set-Supply-768x768.webp 768w, https:\/\/www.huashunware.com\/wp-content\/uploads\/2025\/10\/Flatware-Set-Supply-12x12.webp 12w, https:\/\/www.huashunware.com\/wp-content\/uploads\/2025\/10\/Flatware-Set-Supply-1200x1200.webp 1200w, https:\/\/www.huashunware.com\/wp-content\/uploads\/2025\/10\/Flatware-Set-Supply-600x600.webp 600w, https:\/\/www.huashunware.com\/wp-content\/uploads\/2025\/10\/Flatware-Set-Supply-100x100.webp 100w\" sizes=\"(max-width: 1536px) 100vw, 1536px\" \/><\/figure>\n\n\n\n<figure class=\"wp-block-image size-full\"><img decoding=\"async\" width=\"3072\" height=\"3072\" src=\"https:\/\/www.huashunware.com\/wp-content\/uploads\/2025\/11\/Wholesale-Spoons-and-Forks-Premium-Quality-Black-Flatware-Set-Supply1.webp\" alt=\"Gro\u00dfhandel L\u00f6ffel und Gabeln, Premium-Qualit\u00e4t schwarz Besteck Set Supply1\" class=\"wp-image-917\" srcset=\"https:\/\/www.huashunware.com\/wp-content\/uploads\/2025\/11\/Wholesale-Spoons-and-Forks-Premium-Quality-Black-Flatware-Set-Supply1.webp 3072w, https:\/\/www.huashunware.com\/wp-content\/uploads\/2025\/11\/Wholesale-Spoons-and-Forks-Premium-Quality-Black-Flatware-Set-Supply1-300x300.webp 300w, https:\/\/www.huashunware.com\/wp-content\/uploads\/2025\/11\/Wholesale-Spoons-and-Forks-Premium-Quality-Black-Flatware-Set-Supply1-150x150.webp 150w, https:\/\/www.huashunware.com\/wp-content\/uploads\/2025\/11\/Wholesale-Spoons-and-Forks-Premium-Quality-Black-Flatware-Set-Supply1-768x768.webp 768w, https:\/\/www.huashunware.com\/wp-content\/uploads\/2025\/11\/Wholesale-Spoons-and-Forks-Premium-Quality-Black-Flatware-Set-Supply1-12x12.webp 12w, https:\/\/www.huashunware.com\/wp-content\/uploads\/2025\/11\/Wholesale-Spoons-and-Forks-Premium-Quality-Black-Flatware-Set-Supply1-1200x1200.webp 1200w, https:\/\/www.huashunware.com\/wp-content\/uploads\/2025\/11\/Wholesale-Spoons-and-Forks-Premium-Quality-Black-Flatware-Set-Supply1-600x600.webp 600w, https:\/\/www.huashunware.com\/wp-content\/uploads\/2025\/11\/Wholesale-Spoons-and-Forks-Premium-Quality-Black-Flatware-Set-Supply1-100x100.webp 100w\" sizes=\"(max-width: 3072px) 100vw, 3072px\" \/><\/figure>\n<\/div>\n<\/div>\n\n\n\n<p><\/p>","protected":false},"excerpt":{"rendered":"<p data-start=\"1174\" data-end=\"1465\">Gro\u00dfhandel L\u00f6ffel und Gabeln, Premium-Qualit\u00e4t schwarz Besteck-Set Versorgung - Stilvolle schwarze Edelstahl-Besteck, langlebig und sp\u00fclmaschinenfest. Perfekt f\u00fcr Restaurants, Hotels, und Gro\u00dfauftr\u00e4ge.<\/p>\n<h2>Gro\u00dfhandel Besteck Set Attribut:<\/h2>\n<table>\n<thead>\n<tr>\n<th>Artikel<\/th>\n<th>Gewicht<\/th>\n<th>L\u00e4nge \u00d7 Breite<\/th>\n<th>Dicke<\/th>\n<\/tr>\n<\/thead>\n<tbody>\n<tr>\n<td>Messer<\/td>\n<td>68 g<\/td>\n<td>23 \u00d7 1,8 cm<\/td>\n<td>5 mm<\/td>\n<\/tr>\n<tr>\n<td>Gabel<\/td>\n<td>36.3 g<\/td>\n<td>21,5 \u00d7 1,8 cm<\/td>\n<td>2,2 mm<\/td>\n<\/tr>\n<tr>\n<td>L\u00f6ffel<\/td>\n<td>42.5 g<\/td>\n<td>20,5 \u00d7 4 cm<\/td>\n<td>2,2 mm<\/td>\n<\/tr>\n<tr>\n<td>Teel\u00f6ffel<\/td>\n<td>22 g<\/td>\n<td>14,5 \u00d7 3 cm<\/td>\n<td>1,8 mm<\/td>\n<\/tr>\n<\/tbody>\n<\/table>\n<h2>Individuelles Besteck-Set\uff1a<\/h2>\n<ul>\n<li data-start=\"43\" data-end=\"124\">\n<p data-start=\"46\" data-end=\"76\"><strong data-start=\"46\" data-end=\"74\">Verf\u00fcgbarkeit kostenloser Muster\uff1a <\/strong>Wir stellen kostenlose Muster f\u00fcr Ihre Bewertung zur Verf\u00fcgung.<\/p>\n<\/li>\n<li data-start=\"126\" data-end=\"322\">\n<p data-start=\"129\" data-end=\"165\"><strong data-start=\"129\" data-end=\"163\">Anpassbare Verpackungsoptionen\uff1a <\/strong>Wir unterst\u00fctzen individuelle Logos auf der Verpackung. Sie k\u00f6nnen aus verschiedenen Verpackungsarten w\u00e4hlen, wie zum Beispiel: PET-BoxPVC-BoxGeschenkbox<\/p>\n<\/li>\n<li data-start=\"126\" data-end=\"322\">\n<p data-start=\"129\" data-end=\"165\"><strong data-start=\"327\" data-end=\"349\">Logo-Anpassung: <\/strong>Wir akzeptieren lasergravierte Logos oder eingeritzte Logos auf dem Produkt.<\/p>\n<div class=\"text-base my-auto mx-auto pb-10 [--thread-content-margin:--spacing(4)] thread-sm:[--thread-content-margin:--spacing(6)] thread-lg:[--thread-content-margin:--spacing(16)] px-(--thread-content-margin)\">\n<div class=\"[--thread-content-max-width:40rem] thread-lg:[--thread-content-max-width:48rem] mx-auto max-w-(--thread-content-max-width) flex-1 group\/turn-messages focus-visible:outline-hidden relative flex w-full min-w-0 flex-col agent-turn\" tabindex=\"-1\">\n<div class=\"flex max-w-full flex-col grow\">\n<div class=\"min-h-8 text-message relative flex w-full flex-col items-end gap-2 text-start break-words whitespace-normal [.text-message+&amp;]:mt-1\" dir=\"auto\" data-message-author-role=\"assistant\" data-message-id=\"aa2ae332-605b-4306-94e4-23a9dd06bf09\" data-message-model-slug=\"gpt-5-mini\">\n<div class=\"flex w-full flex-col gap-1 empty:hidden first:pt-[1px]\">\n<div class=\"markdown prose dark:prose-invert w-full break-words light markdown-new-styling\">\u00a0<\/div>\n<\/div>\n<\/div>\n<\/div>\n<\/div>\n<\/div>\n<\/li>\n<\/ul>","protected":false},"featured_media":919,"comment_status":"closed","ping_status":"closed","template":"","meta":{"_acf_changed":true},"product_brand":[],"product_cat":[18,27],"product_tag":[],"class_list":{"0":"post-916","1":"product","2":"type-product","3":"status-publish","4":"has-post-thumbnail","6":"product_cat-cutlery-set-wholesale","7":"product_cat-stainless-steel-flatware-set","9":"first","10":"instock","11":"shipping-taxable","12":"product-type-simple"},"acf":[],"_links":{"self":[{"href":"https:\/\/www.huashunware.com\/de\/wp-json\/wp\/v2\/product\/916","targetHints":{"allow":["GET"]}}],"collection":[{"href":"https:\/\/www.huashunware.com\/de\/wp-json\/wp\/v2\/product"}],"about":[{"href":"https:\/\/www.huashunware.com\/de\/wp-json\/wp\/v2\/types\/product"}],"replies":[{"embeddable":true,"href":"https:\/\/www.huashunware.com\/de\/wp-json\/wp\/v2\/comments?post=916"}],"wp:featuredmedia":[{"embeddable":true,"href":"https:\/\/www.huashunware.com\/de\/wp-json\/wp\/v2\/media\/919"}],"wp:attachment":[{"href":"https:\/\/www.huashunware.com\/de\/wp-json\/wp\/v2\/media?parent=916"}],"wp:term":[{"taxonomy":"product_brand","embeddable":true,"href":"https:\/\/www.huashunware.com\/de\/wp-json\/wp\/v2\/product_brand?post=916"},{"taxonomy":"product_cat","embeddable":true,"href":"https:\/\/www.huashunware.com\/de\/wp-json\/wp\/v2\/product_cat?post=916"},{"taxonomy":"product_tag","embeddable":true,"href":"https:\/\/www.huashunware.com\/de\/wp-json\/wp\/v2\/product_tag?post=916"}],"curies":[{"name":"wp","href":"https:\/\/api.w.org\/{rel}","templated":true}]}}