{"id":933,"date":"2025-11-21T06:48:26","date_gmt":"2025-11-21T06:36:22","guid":{"rendered":"https:\/\/www.huashunware.com\/?post_type=product&#038;p=933"},"modified":"2026-02-05T07:30:53","modified_gmt":"2026-02-05T07:30:53","slug":"quality-flatware-set-wholesale","status":"publish","type":"product","link":"https:\/\/www.huashunware.com\/de\/produkt\/quality-flatware-set-wholesale\/","title":{"rendered":"Qualit\u00e4t Besteck Set Gro\u00dfhandel , Edelstahl-Besteck Set in Bulk"},"content":{"rendered":"<div class=\"wp-block-columns is-layout-flex wp-container-core-columns-is-layout-9d6595d7 wp-block-columns-is-layout-flex\">\n<div class=\"wp-block-column is-layout-flow wp-block-column-is-layout-flow\">\n<h2 class=\"wp-block-heading\">Bestecksatz Gro\u00dfhandel Merkmale:<\/h2>\n\n\n\n<p><strong>Premium-Edelstahlkonstruktion<\/strong> - Gefertigt aus hochwertigem Edelstahl f\u00fcr dauerhaften Glanz, Korrosionsbest\u00e4ndigkeit und lange Haltbarkeit.<\/p>\n\n\n\n<p><strong>Transparentes Innenfarben-Kerndesign<\/strong> - Merkmale <em>sch\u00f6n und einzigartig<\/em> Der transparente Griff mit Farbkern verleiht jedem Essplatz eine moderne, elegante Note.<\/p>\n\n\n\n<p><strong>Perfekt f\u00fcr Gro\u00dfhandel und Gro\u00dfbestellungen<\/strong> - Konzipiert f\u00fcr Gro\u00dfh\u00e4ndler, Superm\u00e4rkte, Hotels und Restaurants, die hochwertige Bestecksets zu wettbewerbsf\u00e4higen Gro\u00dfhandelspreisen suchen.<\/p>\n\n\n\n<p><strong>Ergonomische Comfort-Grip Griffe<\/strong> - Glatt, ausgewogen und bequem in der Hand, sorgt es f\u00fcr ein angenehmes Esserlebnis im Alltag oder bei besonderen Anl\u00e4ssen.<\/p>\n\n\n\n<p><strong>Vielseitig f\u00fcr alle Essenssituationen<\/strong> - Ideal f\u00fcr Privathaushalte, Cateringservices, Partys, Buffets und Gro\u00dfk\u00fcchen, die auf der Suche nach stilvollem, funktionellem Besteck sind, das sich von anderen abhebt.<\/p>\n<\/div>\n\n\n\n<div class=\"wp-block-column is-vertically-aligned-center is-layout-flow wp-block-column-is-layout-flow\">\n<figure class=\"wp-block-image size-full\"><img decoding=\"async\" width=\"1728\" height=\"1728\" src=\"https:\/\/www.huashunware.com\/wp-content\/uploads\/2025\/11\/Quality-Flatware-Set-Wholesale-Stainless-Steel-Cutlery-Set-in-Bulk1.webp\" alt=\"Qualit\u00e4t Besteck Set Gro\u00dfhandel, Edelstahl-Besteck Set in Bulk1\" class=\"wp-image-1299\" srcset=\"https:\/\/www.huashunware.com\/wp-content\/uploads\/2025\/11\/Quality-Flatware-Set-Wholesale-Stainless-Steel-Cutlery-Set-in-Bulk1.webp 1728w, https:\/\/www.huashunware.com\/wp-content\/uploads\/2025\/11\/Quality-Flatware-Set-Wholesale-Stainless-Steel-Cutlery-Set-in-Bulk1-300x300.webp 300w, https:\/\/www.huashunware.com\/wp-content\/uploads\/2025\/11\/Quality-Flatware-Set-Wholesale-Stainless-Steel-Cutlery-Set-in-Bulk1-150x150.webp 150w, https:\/\/www.huashunware.com\/wp-content\/uploads\/2025\/11\/Quality-Flatware-Set-Wholesale-Stainless-Steel-Cutlery-Set-in-Bulk1-768x768.webp 768w, https:\/\/www.huashunware.com\/wp-content\/uploads\/2025\/11\/Quality-Flatware-Set-Wholesale-Stainless-Steel-Cutlery-Set-in-Bulk1-12x12.webp 12w, https:\/\/www.huashunware.com\/wp-content\/uploads\/2025\/11\/Quality-Flatware-Set-Wholesale-Stainless-Steel-Cutlery-Set-in-Bulk1-1200x1200.webp 1200w, https:\/\/www.huashunware.com\/wp-content\/uploads\/2025\/11\/Quality-Flatware-Set-Wholesale-Stainless-Steel-Cutlery-Set-in-Bulk1-600x600.webp 600w, https:\/\/www.huashunware.com\/wp-content\/uploads\/2025\/11\/Quality-Flatware-Set-Wholesale-Stainless-Steel-Cutlery-Set-in-Bulk1-100x100.webp 100w\" sizes=\"(max-width: 1728px) 100vw, 1728px\" \/><\/figure>\n\n\n\n<figure class=\"wp-block-image size-full\"><img decoding=\"async\" width=\"800\" height=\"800\" src=\"https:\/\/www.huashunware.com\/wp-content\/uploads\/2025\/11\/Flatware-Set-Wholesale3.webp\" alt=\"Bestecksatz Gro\u00dfhandel3\" class=\"wp-image-936\" srcset=\"https:\/\/www.huashunware.com\/wp-content\/uploads\/2025\/11\/Flatware-Set-Wholesale3.webp 800w, https:\/\/www.huashunware.com\/wp-content\/uploads\/2025\/11\/Flatware-Set-Wholesale3-300x300.webp 300w, https:\/\/www.huashunware.com\/wp-content\/uploads\/2025\/11\/Flatware-Set-Wholesale3-150x150.webp 150w, https:\/\/www.huashunware.com\/wp-content\/uploads\/2025\/11\/Flatware-Set-Wholesale3-768x768.webp 768w, https:\/\/www.huashunware.com\/wp-content\/uploads\/2025\/11\/Flatware-Set-Wholesale3-12x12.webp 12w, https:\/\/www.huashunware.com\/wp-content\/uploads\/2025\/11\/Flatware-Set-Wholesale3-600x600.webp 600w, https:\/\/www.huashunware.com\/wp-content\/uploads\/2025\/11\/Flatware-Set-Wholesale3-100x100.webp 100w\" sizes=\"(max-width: 800px) 100vw, 800px\" \/><\/figure>\n<\/div>\n<\/div>\n\n\n\n<p><\/p>","protected":false},"excerpt":{"rendered":"<p data-start=\"1174\" data-end=\"1465\">Qualit\u00e4t Bestecksatz Gro\u00dfhandel. Eine dauerhafte Edelstahl-Besteck-Set mit einer sch\u00f6nen transparenten Innenfarbe Kern Design verbessert, bietet Stil und Funktionalit\u00e4t f\u00fcr Gro\u00dfhandel K\u00e4ufer und kommerzielle Restaurants Umgebungen.<\/p>\n<h2>Bestecksatz Gro\u00dfhandel Attribut:<\/h2>\n<table>\n<thead>\n<tr>\n<th>Artikel<\/th>\n<th>Gewicht<\/th>\n<th>Gr\u00f6\u00dfe (L \u00d7 B)<\/th>\n<th>Dicke<\/th>\n<\/tr>\n<\/thead>\n<tbody>\n<tr>\n<td>Messer<\/td>\n<td>31.5 g<\/td>\n<td>21 cm \u00d7 1,7 cm<\/td>\n<td>1,5 mm<\/td>\n<\/tr>\n<tr>\n<td>Gabel<\/td>\n<td>28 g<\/td>\n<td>19,5 cm \u00d7 2,4 cm<\/td>\n<td>1,5 mm<\/td>\n<\/tr>\n<tr>\n<td>L\u00f6ffel<\/td>\n<td>37 g<\/td>\n<td>19 cm \u00d7 3,8 cm<\/td>\n<td>1,5 mm<\/td>\n<\/tr>\n<tr>\n<td>Teel\u00f6ffel<\/td>\n<td>27.5 g<\/td>\n<td>16 cm \u00d7 3,3 cm<\/td>\n<td>1,5 mm<\/td>\n<\/tr>\n<\/tbody>\n<\/table>\n<h2>Individuelles Besteck-Set\uff1a<\/h2>\n<p><strong data-start=\"44\" data-end=\"73\">1\u3001Kostenlose Muster sind verf\u00fcgbar:<\/strong><\/p>\n<p data-start=\"44\" data-end=\"153\">Wir bieten kostenlose Muster an, damit Sie die Qualit\u00e4t beurteilen k\u00f6nnen, bevor Sie eine Gro\u00dfbestellung aufgeben.<\/p>\n<p data-start=\"155\" data-end=\"295\"><strong data-start=\"155\" data-end=\"190\">2\u3001Anpassbare Verpackungsoptionen:<\/strong><br data-start=\"190\" data-end=\"193\" \/>Wir unterst\u00fctzen kundenspezifische Logos auf den Verpackungen, und es sind verschiedene Verpackungsarten erh\u00e4ltlich, darunter:<\/p>\n<ol data-start=\"296\" data-end=\"332\">\n<li data-start=\"296\" data-end=\"307\">\n<p data-start=\"298\" data-end=\"307\">PET-Kiste<\/p>\n<\/li>\n<li data-start=\"308\" data-end=\"319\">\n<p data-start=\"310\" data-end=\"319\">PVC-Schachtel<\/p>\n<\/li>\n<li data-start=\"320\" data-end=\"332\">\n<p data-start=\"322\" data-end=\"332\">Geschenkpackung<\/p>\n<\/li>\n<\/ol>\n<p data-start=\"334\" data-end=\"442\" data-is-last-node=\"\" data-is-only-node=\"\"><strong data-start=\"334\" data-end=\"365\">3\u3001Anpassung der Grifffarbe:<\/strong><br data-start=\"365\" data-end=\"368\" \/>Wir akzeptieren Farb\u00e4nderungen, wobei 6-8 Farboptionen auf Lager sind.<\/p>\n<div class=\"text-base my-auto mx-auto pb-10 [--thread-content-margin:--spacing(4)] thread-sm:[--thread-content-margin:--spacing(6)] thread-lg:[--thread-content-margin:--spacing(16)] px-(--thread-content-margin)\">\n<div class=\"[--thread-content-max-width:40rem] thread-lg:[--thread-content-max-width:48rem] mx-auto max-w-(--thread-content-max-width) flex-1 group\/turn-messages focus-visible:outline-hidden relative flex w-full min-w-0 flex-col agent-turn\" tabindex=\"-1\">\n<div class=\"flex max-w-full flex-col grow\">\n<div class=\"min-h-8 text-message relative flex w-full flex-col items-end gap-2 text-start break-words whitespace-normal [.text-message+&amp;]:mt-1\" dir=\"auto\" data-message-author-role=\"assistant\" data-message-id=\"aa2ae332-605b-4306-94e4-23a9dd06bf09\" data-message-model-slug=\"gpt-5-mini\">\n<div class=\"flex w-full flex-col gap-1 empty:hidden first:pt-[1px]\">\n<div class=\"markdown prose dark:prose-invert w-full break-words light markdown-new-styling\">\u00a0<\/div>\n<\/div>\n<\/div>\n<\/div>\n<\/div>\n<\/div>","protected":false},"featured_media":935,"comment_status":"closed","ping_status":"closed","template":"","meta":{"_acf_changed":true},"product_brand":[],"product_cat":[18,26],"product_tag":[],"class_list":{"0":"post-933","1":"product","2":"type-product","3":"status-publish","4":"has-post-thumbnail","6":"product_cat-cutlery-set-wholesale","7":"product_cat-plastic-handle-flatware-set","9":"first","10":"instock","11":"shipping-taxable","12":"product-type-simple"},"acf":[],"_links":{"self":[{"href":"https:\/\/www.huashunware.com\/de\/wp-json\/wp\/v2\/product\/933","targetHints":{"allow":["GET"]}}],"collection":[{"href":"https:\/\/www.huashunware.com\/de\/wp-json\/wp\/v2\/product"}],"about":[{"href":"https:\/\/www.huashunware.com\/de\/wp-json\/wp\/v2\/types\/product"}],"replies":[{"embeddable":true,"href":"https:\/\/www.huashunware.com\/de\/wp-json\/wp\/v2\/comments?post=933"}],"wp:featuredmedia":[{"embeddable":true,"href":"https:\/\/www.huashunware.com\/de\/wp-json\/wp\/v2\/media\/935"}],"wp:attachment":[{"href":"https:\/\/www.huashunware.com\/de\/wp-json\/wp\/v2\/media?parent=933"}],"wp:term":[{"taxonomy":"product_brand","embeddable":true,"href":"https:\/\/www.huashunware.com\/de\/wp-json\/wp\/v2\/product_brand?post=933"},{"taxonomy":"product_cat","embeddable":true,"href":"https:\/\/www.huashunware.com\/de\/wp-json\/wp\/v2\/product_cat?post=933"},{"taxonomy":"product_tag","embeddable":true,"href":"https:\/\/www.huashunware.com\/de\/wp-json\/wp\/v2\/product_tag?post=933"}],"curies":[{"name":"wp","href":"https:\/\/api.w.org\/{rel}","templated":true}]}}