{"id":943,"date":"2025-11-21T08:23:18","date_gmt":"2025-11-21T08:15:34","guid":{"rendered":"https:\/\/www.huashunware.com\/?post_type=product&#038;p=943"},"modified":"2026-02-05T08:21:34","modified_gmt":"2026-02-05T08:21:34","slug":"bulk-flatware-sets-with-plastic-handle","status":"publish","type":"product","link":"https:\/\/www.huashunware.com\/de\/produkt\/bulk-flatware-sets-with-plastic-handle\/","title":{"rendered":"Bulk-Besteck-Sets mit Kunststoffgriff, Edelstahl-Besteck-Set Gro\u00dfhandel"},"content":{"rendered":"<div class=\"wp-block-columns is-layout-flex wp-container-core-columns-is-layout-9d6595d7 wp-block-columns-is-layout-flex\">\n<div class=\"wp-block-column is-layout-flow wp-block-column-is-layout-flow\">\n<h2 class=\"wp-block-heading\">Bulk-Besteck-Sets mit Kunststoffgriff Merkmale:<\/h2>\n\n\n\n<p><strong>Einzigartiges transparentes Farbkern-Griffdesign<\/strong> - Mit seinem sch\u00f6nen und auff\u00e4lligen transparenten Kern f\u00e4llt dieses Besteckset sofort auf und verleiht jedem Esstisch einen modernen dekorativen Touch.<\/p>\n\n\n\n<p><strong>Starke und zuverl\u00e4ssige Konstruktion aus rostfreiem Stahl<\/strong> - Die aus hochwertigem Edelstahl gefertigten Teile zeichnen sich durch hohe Haltbarkeit, Rostbest\u00e4ndigkeit und lang anhaltenden Glanz aus und eignen sich daher sowohl f\u00fcr den gewerblichen als auch f\u00fcr den privaten Gebrauch.<\/p>\n\n\n\n<p><strong>Leichte Kunststoffgriffe f\u00fcr komfortablen Gebrauch<\/strong> - Der ergonomische Kunststoffgriff sorgt f\u00fcr einen bequemen, sicheren Griff, w\u00e4hrend das Besteck leicht und f\u00fcr Benutzer jeden Alters einfach zu handhaben ist.<\/p>\n\n\n\n<p><strong>Perfekt f\u00fcr Gro\u00dfbestellungen<\/strong> - Konzipiert f\u00fcr Gro\u00dfh\u00e4ndler, Einzelh\u00e4ndler und Restaurants, die nach stilvollem, kosteng\u00fcnstigem Besteck suchen. Stabile Produktionskapazit\u00e4t und g\u00fcnstige Preise machen es ideal f\u00fcr den Gro\u00dfeinkauf.<\/p>\n\n\n\n<p><strong>Vielseitig f\u00fcr verschiedene Essensumgebungen<\/strong> - Ob in Restaurants, Cafeterias, Schulspeises\u00e4len, bei Veranstaltungen im Freien oder in der heimischen K\u00fcche - dieses Set ist eine stilvolle und praktische Erg\u00e4nzung f\u00fcr verschiedene Tischsituationen.<\/p>\n<\/div>\n\n\n\n<div class=\"wp-block-column is-vertically-aligned-center is-layout-flow wp-block-column-is-layout-flow\">\n<figure class=\"wp-block-image size-full\"><img decoding=\"async\" width=\"800\" height=\"800\" src=\"https:\/\/www.huashunware.com\/wp-content\/uploads\/2025\/11\/Bulk-Flatware-Sets-with-Plastic-Handle4.webp\" alt=\"Bulk-Besteck-Sets mit Kunststoffgriff4\" class=\"wp-image-947\" srcset=\"https:\/\/www.huashunware.com\/wp-content\/uploads\/2025\/11\/Bulk-Flatware-Sets-with-Plastic-Handle4.webp 800w, https:\/\/www.huashunware.com\/wp-content\/uploads\/2025\/11\/Bulk-Flatware-Sets-with-Plastic-Handle4-300x300.webp 300w, https:\/\/www.huashunware.com\/wp-content\/uploads\/2025\/11\/Bulk-Flatware-Sets-with-Plastic-Handle4-150x150.webp 150w, https:\/\/www.huashunware.com\/wp-content\/uploads\/2025\/11\/Bulk-Flatware-Sets-with-Plastic-Handle4-768x768.webp 768w, https:\/\/www.huashunware.com\/wp-content\/uploads\/2025\/11\/Bulk-Flatware-Sets-with-Plastic-Handle4-12x12.webp 12w, https:\/\/www.huashunware.com\/wp-content\/uploads\/2025\/11\/Bulk-Flatware-Sets-with-Plastic-Handle4-600x600.webp 600w, https:\/\/www.huashunware.com\/wp-content\/uploads\/2025\/11\/Bulk-Flatware-Sets-with-Plastic-Handle4-100x100.webp 100w\" sizes=\"(max-width: 800px) 100vw, 800px\" \/><\/figure>\n<\/div>\n<\/div>\n\n\n\n<p><\/p>","protected":false},"excerpt":{"rendered":"<article class=\"text-token-text-primary w-full focus:outline-none [--shadow-height:45px] has-data-writing-block:pointer-events-none has-data-writing-block:-mt-(--shadow-height) has-data-writing-block:pt-(--shadow-height) [&amp;:has([data-writing-block])&gt;*]:pointer-events-auto [content-visibility:auto] supports-[content-visibility:auto]:[contain-intrinsic-size:auto_100lvh] scroll-mt-[calc(var(--header-height)+min(200px,max(70px,20svh)))]\" dir=\"auto\" tabindex=\"-1\" data-turn-id=\"request-WEB:6a8e0ffa-908e-4f03-b005-c2a158bcb803-9\" data-testid=\"conversation-turn-20\" data-scroll-anchor=\"true\" data-turn=\"assistant\">\n<div class=\"text-base my-auto mx-auto pb-10 [--thread-content-margin:--spacing(4)] thread-sm:[--thread-content-margin:--spacing(6)] thread-lg:[--thread-content-margin:--spacing(16)] px-(--thread-content-margin)\">\n<div class=\"[--thread-content-max-width:40rem] thread-lg:[--thread-content-max-width:48rem] mx-auto max-w-(--thread-content-max-width) flex-1 group\/turn-messages focus-visible:outline-hidden relative flex w-full min-w-0 flex-col agent-turn\" tabindex=\"-1\">\n<div class=\"flex max-w-full flex-col grow\">\n<div class=\"min-h-8 text-message relative flex w-full flex-col items-end gap-2 text-start break-words whitespace-normal [.text-message+&amp;]:mt-1\" dir=\"auto\" data-message-author-role=\"assistant\" data-message-id=\"1d1f6c17-d23b-4d8c-b935-1db7fceb84d9\" data-message-model-slug=\"gpt-5-1\">\n<div class=\"flex w-full flex-col gap-1 empty:hidden first:pt-[1px]\">\n<div class=\"markdown prose dark:prose-invert w-full break-words light markdown-new-styling\">\n<p data-start=\"1392\" data-end=\"1612\" data-is-last-node=\"\" data-is-only-node=\"\">Gro\u00dfes Besteckset mit Kunststoffgriff - Eine stilvolle Besteckkollektion aus Edelstahl mit einem einzigartigen, transparenten Farbkern-Griffdesign, das sowohl f\u00fcr den gewerblichen als auch f\u00fcr den privaten Gebrauch geeignet ist.<\/p>\n<\/div>\n<\/div>\n<\/div>\n<\/div>\n<\/div>\n<\/div>\n<\/article>\n<h2>Besteck-Sets Gro\u00dfhandel Attribut:<\/h2>\n<table>\n<thead>\n<tr>\n<th>Artikel<\/th>\n<th>Gewicht<\/th>\n<th>Gr\u00f6\u00dfe (L \u00d7 B)<\/th>\n<th>Dicke<\/th>\n<\/tr>\n<\/thead>\n<tbody>\n<tr>\n<td>Messer<\/td>\n<td>35 g<\/td>\n<td>22 cm \u00d7 1,7 cm<\/td>\n<td>1,5 mm<\/td>\n<\/tr>\n<tr>\n<td>Gabel<\/td>\n<td>32 g<\/td>\n<td>20,5 cm \u00d7 2,4 cm<\/td>\n<td>1,5 mm<\/td>\n<\/tr>\n<tr>\n<td>L\u00f6ffel<\/td>\n<td>41 g<\/td>\n<td>20 cm \u00d7 3,8 cm<\/td>\n<td>1,5 mm<\/td>\n<\/tr>\n<tr>\n<td>Teel\u00f6ffel<\/td>\n<td>28 g<\/td>\n<td>16 cm \u00d7 3,2 cm<\/td>\n<td>1,5 mm<\/td>\n<\/tr>\n<\/tbody>\n<\/table>\n<h2>Kundenspezifische Besteck-Sets\uff1a<\/h2>\n<p><strong data-start=\"44\" data-end=\"73\">1\u3001Kostenlose Muster sind verf\u00fcgbar:<\/strong><\/p>\n<p data-start=\"44\" data-end=\"153\">Wir bieten kostenlose Muster an, damit Sie die Qualit\u00e4t beurteilen k\u00f6nnen, bevor Sie eine Gro\u00dfbestellung aufgeben.<\/p>\n<p data-start=\"155\" data-end=\"295\"><strong data-start=\"155\" data-end=\"190\">2\u3001Anpassbare Verpackungsoptionen:<\/strong><br data-start=\"190\" data-end=\"193\" \/>Wir unterst\u00fctzen kundenspezifische Logos auf den Verpackungen, und es sind verschiedene Verpackungsarten erh\u00e4ltlich, darunter:<\/p>\n<ol data-start=\"296\" data-end=\"332\">\n<li data-start=\"296\" data-end=\"307\">\n<p data-start=\"298\" data-end=\"307\">PET-Kiste<\/p>\n<\/li>\n<li data-start=\"308\" data-end=\"319\">\n<p data-start=\"310\" data-end=\"319\">PVC-Schachtel<\/p>\n<\/li>\n<li data-start=\"320\" data-end=\"332\">\n<p data-start=\"322\" data-end=\"332\">Geschenkpackung<\/p>\n<\/li>\n<\/ol>\n<p data-start=\"334\" data-end=\"442\" data-is-last-node=\"\" data-is-only-node=\"\"><strong data-start=\"334\" data-end=\"365\">3\u3001Anpassung der Grifffarbe:<\/strong><br data-start=\"365\" data-end=\"368\" \/>Wir akzeptieren Farb\u00e4nderungen, wobei 6-8 Farboptionen auf Lager sind.<\/p>\n<div class=\"text-base my-auto mx-auto pb-10 [--thread-content-margin:--spacing(4)] thread-sm:[--thread-content-margin:--spacing(6)] thread-lg:[--thread-content-margin:--spacing(16)] px-(--thread-content-margin)\">\n<div class=\"[--thread-content-max-width:40rem] thread-lg:[--thread-content-max-width:48rem] mx-auto max-w-(--thread-content-max-width) flex-1 group\/turn-messages focus-visible:outline-hidden relative flex w-full min-w-0 flex-col agent-turn\" tabindex=\"-1\">\n<div class=\"flex max-w-full flex-col grow\">\n<div class=\"min-h-8 text-message relative flex w-full flex-col items-end gap-2 text-start break-words whitespace-normal [.text-message+&amp;]:mt-1\" dir=\"auto\" data-message-author-role=\"assistant\" data-message-id=\"aa2ae332-605b-4306-94e4-23a9dd06bf09\" data-message-model-slug=\"gpt-5-mini\">\n<div class=\"flex w-full flex-col gap-1 empty:hidden first:pt-[1px]\">\n<div class=\"markdown prose dark:prose-invert w-full break-words light markdown-new-styling\">\u00a0<\/div>\n<\/div>\n<\/div>\n<\/div>\n<\/div>\n<\/div>","protected":false},"featured_media":946,"comment_status":"closed","ping_status":"closed","template":"","meta":{"_acf_changed":false},"product_brand":[],"product_cat":[18,26],"product_tag":[],"class_list":{"0":"post-943","1":"product","2":"type-product","3":"status-publish","4":"has-post-thumbnail","6":"product_cat-cutlery-set-wholesale","7":"product_cat-plastic-handle-flatware-set","9":"first","10":"instock","11":"shipping-taxable","12":"product-type-simple"},"acf":[],"_links":{"self":[{"href":"https:\/\/www.huashunware.com\/de\/wp-json\/wp\/v2\/product\/943","targetHints":{"allow":["GET"]}}],"collection":[{"href":"https:\/\/www.huashunware.com\/de\/wp-json\/wp\/v2\/product"}],"about":[{"href":"https:\/\/www.huashunware.com\/de\/wp-json\/wp\/v2\/types\/product"}],"replies":[{"embeddable":true,"href":"https:\/\/www.huashunware.com\/de\/wp-json\/wp\/v2\/comments?post=943"}],"wp:featuredmedia":[{"embeddable":true,"href":"https:\/\/www.huashunware.com\/de\/wp-json\/wp\/v2\/media\/946"}],"wp:attachment":[{"href":"https:\/\/www.huashunware.com\/de\/wp-json\/wp\/v2\/media?parent=943"}],"wp:term":[{"taxonomy":"product_brand","embeddable":true,"href":"https:\/\/www.huashunware.com\/de\/wp-json\/wp\/v2\/product_brand?post=943"},{"taxonomy":"product_cat","embeddable":true,"href":"https:\/\/www.huashunware.com\/de\/wp-json\/wp\/v2\/product_cat?post=943"},{"taxonomy":"product_tag","embeddable":true,"href":"https:\/\/www.huashunware.com\/de\/wp-json\/wp\/v2\/product_tag?post=943"}],"curies":[{"name":"wp","href":"https:\/\/api.w.org\/{rel}","templated":true}]}}