{"id":949,"date":"2025-09-22T06:49:20","date_gmt":"2025-09-22T06:49:20","guid":{"rendered":"https:\/\/www.huashunware.com\/?post_type=product&#038;p=949"},"modified":"2026-02-05T08:24:24","modified_gmt":"2026-02-05T08:24:24","slug":"stainless-steel-modern-cutlery-set-custom","status":"publish","type":"product","link":"https:\/\/www.huashunware.com\/de\/produkt\/stainless-steel-modern-cutlery-set-custom\/","title":{"rendered":"Moderner Bestecksatz aus Edelstahl, Gro\u00dfhandel Qualit\u00e4t Besteck"},"content":{"rendered":"<div class=\"wp-block-columns is-layout-flex wp-container-core-columns-is-layout-9d6595d7 wp-block-columns-is-layout-flex\">\n<div class=\"wp-block-column is-layout-flow wp-block-column-is-layout-flow\">\n<h2 class=\"wp-block-heading\">Modernes Edelstahl-Besteck-Set Custom Features:<\/h2>\n\n\n\n<p><strong>Premium-Edelstahlkonstruktion<\/strong> - Gefertigt aus hochwertigem Edelstahl f\u00fcr lange Haltbarkeit, Rostbest\u00e4ndigkeit und eleganten Glanz.<\/p>\n\n\n\n<p><strong>Modernes, minimalistisches Design<\/strong> - Die schlanken Linien und die moderne \u00c4sthetik werten jeden gedeckten Tisch auf und eignen sich perfekt f\u00fcr Privathaushalte, Restaurants und Veranstaltungen.<\/p>\n\n\n\n<p><strong>Anpassbar f\u00fcr Ihre Marke<\/strong> - Logos, Oberfl\u00e4chen, Farben und Verpackungen k\u00f6nnen vollst\u00e4ndig an Ihre Bed\u00fcrfnisse angepasst werden, um Ihr Branding und Ihren Gro\u00dfhandelsbedarf zu erf\u00fcllen.<\/p>\n\n\n\n<p><strong>Komfortabler &amp; ausgewogener Griff<\/strong> - Jedes Utensil ist ergonomisch geformt und bietet ein komfortables Esserlebnis mit hervorragender Gewichtsverteilung.<\/p>\n\n\n\n<p><strong>Qualit\u00e4tssicherung im Gro\u00dfhandel<\/strong> - Direktpreise ab Werk und strenge Qualit\u00e4tskontrollen gew\u00e4hrleisten zuverl\u00e4ssige Leistung bei Gro\u00dfauftr\u00e4gen.<\/p>\n<\/div>\n\n\n\n<div class=\"wp-block-column is-vertically-aligned-center is-layout-flow wp-block-column-is-layout-flow\">\n<figure class=\"wp-block-image size-full\"><img decoding=\"async\" width=\"3072\" height=\"3072\" src=\"https:\/\/www.huashunware.com\/wp-content\/uploads\/2025\/11\/Stainless-Steel-Modern-Cutlery-Set-Custom1.webp\" alt=\"Modernes Besteckset aus Edelstahl Custom1\" class=\"wp-image-950\" srcset=\"https:\/\/www.huashunware.com\/wp-content\/uploads\/2025\/11\/Stainless-Steel-Modern-Cutlery-Set-Custom1.webp 3072w, https:\/\/www.huashunware.com\/wp-content\/uploads\/2025\/11\/Stainless-Steel-Modern-Cutlery-Set-Custom1-300x300.webp 300w, https:\/\/www.huashunware.com\/wp-content\/uploads\/2025\/11\/Stainless-Steel-Modern-Cutlery-Set-Custom1-150x150.webp 150w, https:\/\/www.huashunware.com\/wp-content\/uploads\/2025\/11\/Stainless-Steel-Modern-Cutlery-Set-Custom1-768x768.webp 768w, https:\/\/www.huashunware.com\/wp-content\/uploads\/2025\/11\/Stainless-Steel-Modern-Cutlery-Set-Custom1-12x12.webp 12w, https:\/\/www.huashunware.com\/wp-content\/uploads\/2025\/11\/Stainless-Steel-Modern-Cutlery-Set-Custom1-1200x1200.webp 1200w, https:\/\/www.huashunware.com\/wp-content\/uploads\/2025\/11\/Stainless-Steel-Modern-Cutlery-Set-Custom1-600x600.webp 600w, https:\/\/www.huashunware.com\/wp-content\/uploads\/2025\/11\/Stainless-Steel-Modern-Cutlery-Set-Custom1-100x100.webp 100w\" sizes=\"(max-width: 3072px) 100vw, 3072px\" \/><\/figure>\n\n\n\n<figure class=\"wp-block-image size-full\"><img decoding=\"async\" width=\"1536\" height=\"1536\" src=\"https:\/\/www.huashunware.com\/wp-content\/uploads\/2025\/09\/Stainless-Steel-Modern-Cutlery-Set-Custom1.webp\" alt=\"Modernes Besteckset aus Edelstahl Custom1\" class=\"wp-image-1216\" srcset=\"https:\/\/www.huashunware.com\/wp-content\/uploads\/2025\/09\/Stainless-Steel-Modern-Cutlery-Set-Custom1.webp 1536w, https:\/\/www.huashunware.com\/wp-content\/uploads\/2025\/09\/Stainless-Steel-Modern-Cutlery-Set-Custom1-300x300.webp 300w, https:\/\/www.huashunware.com\/wp-content\/uploads\/2025\/09\/Stainless-Steel-Modern-Cutlery-Set-Custom1-150x150.webp 150w, https:\/\/www.huashunware.com\/wp-content\/uploads\/2025\/09\/Stainless-Steel-Modern-Cutlery-Set-Custom1-768x768.webp 768w, https:\/\/www.huashunware.com\/wp-content\/uploads\/2025\/09\/Stainless-Steel-Modern-Cutlery-Set-Custom1-12x12.webp 12w, https:\/\/www.huashunware.com\/wp-content\/uploads\/2025\/09\/Stainless-Steel-Modern-Cutlery-Set-Custom1-1200x1200.webp 1200w, https:\/\/www.huashunware.com\/wp-content\/uploads\/2025\/09\/Stainless-Steel-Modern-Cutlery-Set-Custom1-600x600.webp 600w, https:\/\/www.huashunware.com\/wp-content\/uploads\/2025\/09\/Stainless-Steel-Modern-Cutlery-Set-Custom1-100x100.webp 100w\" sizes=\"(max-width: 1536px) 100vw, 1536px\" \/><\/figure>\n<\/div>\n<\/div>\n\n\n\n<p><\/p>","protected":false},"excerpt":{"rendered":"<article class=\"text-token-text-primary w-full focus:outline-none [--shadow-height:45px] has-data-writing-block:pointer-events-none has-data-writing-block:-mt-(--shadow-height) has-data-writing-block:pt-(--shadow-height) [&amp;:has([data-writing-block])&gt;*]:pointer-events-auto [content-visibility:auto] supports-[content-visibility:auto]:[contain-intrinsic-size:auto_100lvh] scroll-mt-[calc(var(--header-height)+min(200px,max(70px,20svh)))]\" dir=\"auto\" tabindex=\"-1\" data-turn-id=\"request-WEB:6a8e0ffa-908e-4f03-b005-c2a158bcb803-9\" data-testid=\"conversation-turn-20\" data-scroll-anchor=\"true\" data-turn=\"assistant\">\n<div class=\"text-base my-auto mx-auto pb-10 [--thread-content-margin:--spacing(4)] thread-sm:[--thread-content-margin:--spacing(6)] thread-lg:[--thread-content-margin:--spacing(16)] px-(--thread-content-margin)\">\n<div class=\"[--thread-content-max-width:40rem] thread-lg:[--thread-content-max-width:48rem] mx-auto max-w-(--thread-content-max-width) flex-1 group\/turn-messages focus-visible:outline-hidden relative flex w-full min-w-0 flex-col agent-turn\" tabindex=\"-1\">\n<div class=\"flex max-w-full flex-col grow\">\n<div class=\"min-h-8 text-message relative flex w-full flex-col items-end gap-2 text-start break-words whitespace-normal [.text-message+&amp;]:mt-1\" dir=\"auto\" data-message-author-role=\"assistant\" data-message-id=\"1d1f6c17-d23b-4d8c-b935-1db7fceb84d9\" data-message-model-slug=\"gpt-5-1\">\n<div class=\"flex w-full flex-col gap-1 empty:hidden first:pt-[1px]\">\n<div class=\"markdown prose dark:prose-invert w-full break-words light markdown-new-styling\">\n<p data-start=\"1392\" data-end=\"1612\" data-is-last-node=\"\" data-is-only-node=\"\">Das moderne Besteckset aus Edelstahl bietet ein elegantes, modernes Design, langlebige Edelstahlqualit\u00e4t und umfassende Anpassungsm\u00f6glichkeiten - perfekt f\u00fcr Haushalte, Restaurants und Gro\u00dfbestellungen.<\/p>\n<\/div>\n<\/div>\n<\/div>\n<\/div>\n<\/div>\n<\/div>\n<\/article>\n<h2>Modernes Edelstahl-Besteck-Set Custom Attribute:<\/h2>\n<table>\n<thead>\n<tr>\n<th>Artikel<\/th>\n<th>Gewicht<\/th>\n<th>Gr\u00f6\u00dfe (L \u00d7 B)<\/th>\n<\/tr>\n<\/thead>\n<tbody>\n<tr>\n<td>Messer<\/td>\n<td>70 g<\/td>\n<td>22 \u00d7 2 cm<\/td>\n<\/tr>\n<tr>\n<td>Gabel<\/td>\n<td>25 g<\/td>\n<td>20 \u00d7 2,4 cm<\/td>\n<\/tr>\n<tr>\n<td>L\u00f6ffel<\/td>\n<td>57 g<\/td>\n<td>19,5 \u00d7 4,5 cm<\/td>\n<\/tr>\n<tr>\n<td>Teel\u00f6ffel<\/td>\n<td>21 g<\/td>\n<td>14 \u00d7 2,8 cm<\/td>\n<\/tr>\n<\/tbody>\n<\/table>\n<h2>Individuelles modernes Edelstahl-Besteck-Set\uff1a<\/h2>\n<p data-start=\"40\" data-end=\"149\"><strong data-start=\"40\" data-end=\"69\">1\u3001Kostenlose Muster sind verf\u00fcgbar:<\/strong><br data-start=\"69\" data-end=\"72\" \/>Wir bieten kostenlose Muster zur Qualit\u00e4tspr\u00fcfung an, bevor Sie eine Gro\u00dfbestellung aufgeben.<\/p>\n<p data-start=\"154\" data-end=\"286\"><strong data-start=\"154\" data-end=\"189\">2\u3001Anpassbare Verpackungsoptionen:<\/strong><br data-start=\"189\" data-end=\"192\" \/>Wir unterst\u00fctzen benutzerdefinierte Logos auf der Verpackung und bieten mehrere Verpackungsoptionen an, darunter:<\/p>\n<p data-start=\"292\" data-end=\"301\">PET-Box\u3001PVC-Box\u3001Geschenkbox<br \/><strong data-start=\"335\" data-end=\"358\">3\u3001Logo-Anpassung:<\/strong><br data-start=\"358\" data-end=\"361\" \/>F\u00fcr das Branding Ihres Bestecks sind sowohl Lasergravuren als auch eingravierte Logos m\u00f6glich.<\/p>\n<div class=\"text-base my-auto mx-auto pb-10 [--thread-content-margin:--spacing(4)] thread-sm:[--thread-content-margin:--spacing(6)] thread-lg:[--thread-content-margin:--spacing(16)] px-(--thread-content-margin)\">\n<div class=\"[--thread-content-max-width:40rem] thread-lg:[--thread-content-max-width:48rem] mx-auto max-w-(--thread-content-max-width) flex-1 group\/turn-messages focus-visible:outline-hidden relative flex w-full min-w-0 flex-col agent-turn\" tabindex=\"-1\">\n<div class=\"flex max-w-full flex-col grow\">\n<div class=\"min-h-8 text-message relative flex w-full flex-col items-end gap-2 text-start break-words whitespace-normal [.text-message+&amp;]:mt-1\" dir=\"auto\" data-message-author-role=\"assistant\" data-message-id=\"aa2ae332-605b-4306-94e4-23a9dd06bf09\" data-message-model-slug=\"gpt-5-mini\">\n<div class=\"flex w-full flex-col gap-1 empty:hidden first:pt-[1px]\">\n<div class=\"markdown prose dark:prose-invert w-full break-words light markdown-new-styling\">\u00a0<\/div>\n<\/div>\n<\/div>\n<\/div>\n<\/div>\n<\/div>","protected":false},"featured_media":950,"comment_status":"closed","ping_status":"closed","template":"","meta":{"_acf_changed":true},"product_brand":[],"product_cat":[18,27],"product_tag":[],"class_list":{"0":"post-949","1":"product","2":"type-product","3":"status-publish","4":"has-post-thumbnail","6":"product_cat-cutlery-set-wholesale","7":"product_cat-stainless-steel-flatware-set","9":"first","10":"instock","11":"shipping-taxable","12":"product-type-simple"},"acf":[],"_links":{"self":[{"href":"https:\/\/www.huashunware.com\/de\/wp-json\/wp\/v2\/product\/949","targetHints":{"allow":["GET"]}}],"collection":[{"href":"https:\/\/www.huashunware.com\/de\/wp-json\/wp\/v2\/product"}],"about":[{"href":"https:\/\/www.huashunware.com\/de\/wp-json\/wp\/v2\/types\/product"}],"replies":[{"embeddable":true,"href":"https:\/\/www.huashunware.com\/de\/wp-json\/wp\/v2\/comments?post=949"}],"wp:featuredmedia":[{"embeddable":true,"href":"https:\/\/www.huashunware.com\/de\/wp-json\/wp\/v2\/media\/950"}],"wp:attachment":[{"href":"https:\/\/www.huashunware.com\/de\/wp-json\/wp\/v2\/media?parent=949"}],"wp:term":[{"taxonomy":"product_brand","embeddable":true,"href":"https:\/\/www.huashunware.com\/de\/wp-json\/wp\/v2\/product_brand?post=949"},{"taxonomy":"product_cat","embeddable":true,"href":"https:\/\/www.huashunware.com\/de\/wp-json\/wp\/v2\/product_cat?post=949"},{"taxonomy":"product_tag","embeddable":true,"href":"https:\/\/www.huashunware.com\/de\/wp-json\/wp\/v2\/product_tag?post=949"}],"curies":[{"name":"wp","href":"https:\/\/api.w.org\/{rel}","templated":true}]}}