{"id":953,"date":"2025-09-22T07:14:37","date_gmt":"2025-09-22T07:14:37","guid":{"rendered":"https:\/\/www.huashunware.com\/?post_type=product&#038;p=953"},"modified":"2026-02-05T08:28:44","modified_gmt":"2026-02-05T08:28:44","slug":"wholesale-high-end-flatware-for-restaurant","status":"publish","type":"product","link":"https:\/\/www.huashunware.com\/de\/produkt\/wholesale-high-end-flatware-for-restaurant\/","title":{"rendered":"Gro\u00dfhandel High-End-Besteck f\u00fcr Restaurant"},"content":{"rendered":"<div class=\"wp-block-columns is-layout-flex wp-container-core-columns-is-layout-9d6595d7 wp-block-columns-is-layout-flex\">\n<div class=\"wp-block-column is-layout-flow wp-block-column-is-layout-flow\">\n<h2 class=\"wp-block-heading\">Gro\u00dfhandel High-End-Besteck Merkmale:<\/h2>\n\n\n\n<p><strong>Erstklassige Qualit\u00e4t in Restaurantqualit\u00e4t<\/strong> - Hergestellt aus hochwertigem Edelstahl f\u00fcr au\u00dfergew\u00f6hnliche Strapazierf\u00e4higkeit, Glanz und lang anhaltende Leistung bei intensiver gewerblicher Nutzung.<\/p>\n\n\n\n<p><strong>Elegantes High-End-Design<\/strong> - Das moderne, raffinierte Design verbessert die Tischpr\u00e4sentation und erh\u00f6ht das Esserlebnis in gehobenen Restaurants und Hotels.<\/p>\n\n\n\n<p><strong>Perfekte Balance &amp; Komfort<\/strong> - Das ergonomische Design sorgt f\u00fcr eine bequeme Handhabung und bietet eine ideale Gewichtsverteilung, die von Profik\u00f6chen und Gastronomen gleicherma\u00dfen gesch\u00e4tzt wird.<\/p>\n\n\n\n<p><strong>Mehrere Stile und Ausf\u00fchrungen<\/strong> - Erh\u00e4ltlich in verschiedenen Mustern, Farben und Oberfl\u00e4chenausf\u00fchrungen wie hochglanzpoliert, matt, gold, schwarz oder nach Kundenw\u00fcnschen.<\/p>\n\n\n\n<p><strong>Gro\u00dfmengenpreise &amp; individuelles Branding<\/strong> - Fabriknahe Gro\u00dfhandelspreise mit Unterst\u00fctzung f\u00fcr kundenspezifische Logos und personalisierte Verpackungen, um die Anforderungen Ihres Restaurants an die Marke zu erf\u00fcllen.<\/p>\n<\/div>\n\n\n\n<div class=\"wp-block-column is-vertically-aligned-center is-layout-flow wp-block-column-is-layout-flow\">\n<figure class=\"wp-block-image size-full\"><img decoding=\"async\" width=\"3686\" height=\"3686\" src=\"https:\/\/www.huashunware.com\/wp-content\/uploads\/2025\/09\/Wholesale-High-end-Flatware-for-Restaurant.webp\" alt=\"Gro\u00dfhandel High-End-Besteck f\u00fcr Restaurant\" class=\"wp-image-1217\" srcset=\"https:\/\/www.huashunware.com\/wp-content\/uploads\/2025\/09\/Wholesale-High-end-Flatware-for-Restaurant.webp 3686w, https:\/\/www.huashunware.com\/wp-content\/uploads\/2025\/09\/Wholesale-High-end-Flatware-for-Restaurant-300x300.webp 300w, https:\/\/www.huashunware.com\/wp-content\/uploads\/2025\/09\/Wholesale-High-end-Flatware-for-Restaurant-150x150.webp 150w, https:\/\/www.huashunware.com\/wp-content\/uploads\/2025\/09\/Wholesale-High-end-Flatware-for-Restaurant-768x768.webp 768w, https:\/\/www.huashunware.com\/wp-content\/uploads\/2025\/09\/Wholesale-High-end-Flatware-for-Restaurant-12x12.webp 12w, https:\/\/www.huashunware.com\/wp-content\/uploads\/2025\/09\/Wholesale-High-end-Flatware-for-Restaurant-1200x1200.webp 1200w, https:\/\/www.huashunware.com\/wp-content\/uploads\/2025\/09\/Wholesale-High-end-Flatware-for-Restaurant-600x600.webp 600w, https:\/\/www.huashunware.com\/wp-content\/uploads\/2025\/09\/Wholesale-High-end-Flatware-for-Restaurant-100x100.webp 100w\" sizes=\"(max-width: 3686px) 100vw, 3686px\" \/><\/figure>\n\n\n\n<figure class=\"wp-block-image size-full\"><img decoding=\"async\" width=\"3072\" height=\"3072\" src=\"https:\/\/www.huashunware.com\/wp-content\/uploads\/2025\/11\/Wholesale-High-end-Flatware1.webp\" alt=\"Gro\u00dfhandel f\u00fcr hochwertiges Besteck1\" class=\"wp-image-954\" srcset=\"https:\/\/www.huashunware.com\/wp-content\/uploads\/2025\/11\/Wholesale-High-end-Flatware1.webp 3072w, https:\/\/www.huashunware.com\/wp-content\/uploads\/2025\/11\/Wholesale-High-end-Flatware1-300x300.webp 300w, https:\/\/www.huashunware.com\/wp-content\/uploads\/2025\/11\/Wholesale-High-end-Flatware1-150x150.webp 150w, https:\/\/www.huashunware.com\/wp-content\/uploads\/2025\/11\/Wholesale-High-end-Flatware1-768x768.webp 768w, https:\/\/www.huashunware.com\/wp-content\/uploads\/2025\/11\/Wholesale-High-end-Flatware1-12x12.webp 12w, https:\/\/www.huashunware.com\/wp-content\/uploads\/2025\/11\/Wholesale-High-end-Flatware1-1200x1200.webp 1200w, https:\/\/www.huashunware.com\/wp-content\/uploads\/2025\/11\/Wholesale-High-end-Flatware1-600x600.webp 600w, https:\/\/www.huashunware.com\/wp-content\/uploads\/2025\/11\/Wholesale-High-end-Flatware1-100x100.webp 100w\" sizes=\"(max-width: 3072px) 100vw, 3072px\" \/><\/figure>\n<\/div>\n<\/div>\n\n\n\n<p><\/p>","protected":false},"excerpt":{"rendered":"<article class=\"text-token-text-primary w-full focus:outline-none [--shadow-height:45px] has-data-writing-block:pointer-events-none has-data-writing-block:-mt-(--shadow-height) has-data-writing-block:pt-(--shadow-height) [&amp;:has([data-writing-block])&gt;*]:pointer-events-auto [content-visibility:auto] supports-[content-visibility:auto]:[contain-intrinsic-size:auto_100lvh] scroll-mt-[calc(var(--header-height)+min(200px,max(70px,20svh)))]\" dir=\"auto\" tabindex=\"-1\" data-turn-id=\"request-WEB:6a8e0ffa-908e-4f03-b005-c2a158bcb803-9\" data-testid=\"conversation-turn-20\" data-scroll-anchor=\"true\" data-turn=\"assistant\">\n<div class=\"text-base my-auto mx-auto pb-10 [--thread-content-margin:--spacing(4)] thread-sm:[--thread-content-margin:--spacing(6)] thread-lg:[--thread-content-margin:--spacing(16)] px-(--thread-content-margin)\">\n<div class=\"[--thread-content-max-width:40rem] thread-lg:[--thread-content-max-width:48rem] mx-auto max-w-(--thread-content-max-width) flex-1 group\/turn-messages focus-visible:outline-hidden relative flex w-full min-w-0 flex-col agent-turn\" tabindex=\"-1\">\n<div class=\"flex max-w-full flex-col grow\">\n<div class=\"min-h-8 text-message relative flex w-full flex-col items-end gap-2 text-start break-words whitespace-normal [.text-message+&amp;]:mt-1\" dir=\"auto\" data-message-author-role=\"assistant\" data-message-id=\"1d1f6c17-d23b-4d8c-b935-1db7fceb84d9\" data-message-model-slug=\"gpt-5-1\">\n<div class=\"flex w-full flex-col gap-1 empty:hidden first:pt-[1px]\">\n<div class=\"markdown prose dark:prose-invert w-full break-words light markdown-new-styling\">\n<p class=\"sr-only\">Hochwertiges Gro\u00dfhandelsbesteck f\u00fcr Restaurants<span style=\"font-size: 16px;\"> bietet eine perfekte Mischung aus Haltbarkeit, Eleganz und professioneller Leistung. Dieses Premium-Edelstahlbesteck wurde f\u00fcr gesch\u00e4ftliche Umgebungen entwickelt und unterstreicht die Pr\u00e4sentation auf dem Tisch, w\u00e4hrend es gleichzeitig langlebige Zuverl\u00e4ssigkeit f\u00fcr den t\u00e4glichen Gebrauch in Restaurants, Hotels und Catering-Einrichtungen gew\u00e4hrleistet.<\/span><\/p>\n<\/div>\n<\/div>\n<\/div>\n<\/div>\n<\/div>\n<\/div>\n<\/article>\n<h2>Gro\u00dfhandel High-End-Besteck Attribut:<\/h2>\n<table>\n<thead>\n<tr>\n<th>Artikel<\/th>\n<th>Gewicht<\/th>\n<th>Gr\u00f6\u00dfe (L \u00d7 B)<\/th>\n<\/tr>\n<\/thead>\n<tbody>\n<tr>\n<td>Messer<\/td>\n<td>40.5 g<\/td>\n<td>20,5 \u00d7 2 cm<\/td>\n<\/tr>\n<tr>\n<td>Gabel<\/td>\n<td>25 g<\/td>\n<td>20 \u00d7 3 cm<\/td>\n<\/tr>\n<tr>\n<td>L\u00f6ffel<\/td>\n<td>31.5 g<\/td>\n<td>19,5 \u00d7 4 cm<\/td>\n<\/tr>\n<tr>\n<td>Teel\u00f6ffel<\/td>\n<td>17 g<\/td>\n<td>15 \u00d7 2,5 cm<\/td>\n<\/tr>\n<\/tbody>\n<\/table>\n<h2>Kundenspezifisches High-End-Besteck\uff1a<\/h2>\n<p data-start=\"40\" data-end=\"149\"><strong data-start=\"40\" data-end=\"69\">1\u3001Kostenlose Muster sind verf\u00fcgbar:<\/strong><br data-start=\"69\" data-end=\"72\" \/>Wir bieten kostenlose Muster zur Qualit\u00e4tspr\u00fcfung an, bevor Sie eine Gro\u00dfbestellung aufgeben.<\/p>\n<p data-start=\"154\" data-end=\"286\"><strong data-start=\"154\" data-end=\"189\">2\u3001Anpassbare Verpackungsoptionen:<\/strong><br data-start=\"189\" data-end=\"192\" \/>Wir unterst\u00fctzen benutzerdefinierte Logos auf der Verpackung und bieten mehrere Verpackungsoptionen an, darunter:<\/p>\n<p data-start=\"292\" data-end=\"301\">PET-Box\u3001PVC-Box\u3001Geschenkbox<br \/><strong data-start=\"335\" data-end=\"358\">3\u3001Logo-Anpassung:<\/strong><br data-start=\"358\" data-end=\"361\" \/>F\u00fcr das Branding Ihres Bestecks sind sowohl Lasergravuren als auch eingravierte Logos m\u00f6glich.<\/p>\n<div class=\"text-base my-auto mx-auto pb-10 [--thread-content-margin:--spacing(4)] thread-sm:[--thread-content-margin:--spacing(6)] thread-lg:[--thread-content-margin:--spacing(16)] px-(--thread-content-margin)\">\n<div class=\"[--thread-content-max-width:40rem] thread-lg:[--thread-content-max-width:48rem] mx-auto max-w-(--thread-content-max-width) flex-1 group\/turn-messages focus-visible:outline-hidden relative flex w-full min-w-0 flex-col agent-turn\" tabindex=\"-1\">\n<div class=\"flex max-w-full flex-col grow\">\n<div class=\"min-h-8 text-message relative flex w-full flex-col items-end gap-2 text-start break-words whitespace-normal [.text-message+&amp;]:mt-1\" dir=\"auto\" data-message-author-role=\"assistant\" data-message-id=\"aa2ae332-605b-4306-94e4-23a9dd06bf09\" data-message-model-slug=\"gpt-5-mini\">\n<div class=\"flex w-full flex-col gap-1 empty:hidden first:pt-[1px]\">\n<div class=\"markdown prose dark:prose-invert w-full break-words light markdown-new-styling\">\u00a0<\/div>\n<\/div>\n<\/div>\n<\/div>\n<\/div>\n<\/div>","protected":false},"featured_media":954,"comment_status":"closed","ping_status":"closed","template":"","meta":{"_acf_changed":true},"product_brand":[],"product_cat":[18,27],"product_tag":[],"class_list":{"0":"post-953","1":"product","2":"type-product","3":"status-publish","4":"has-post-thumbnail","6":"product_cat-cutlery-set-wholesale","7":"product_cat-stainless-steel-flatware-set","9":"first","10":"instock","11":"shipping-taxable","12":"product-type-simple"},"acf":[],"_links":{"self":[{"href":"https:\/\/www.huashunware.com\/de\/wp-json\/wp\/v2\/product\/953","targetHints":{"allow":["GET"]}}],"collection":[{"href":"https:\/\/www.huashunware.com\/de\/wp-json\/wp\/v2\/product"}],"about":[{"href":"https:\/\/www.huashunware.com\/de\/wp-json\/wp\/v2\/types\/product"}],"replies":[{"embeddable":true,"href":"https:\/\/www.huashunware.com\/de\/wp-json\/wp\/v2\/comments?post=953"}],"wp:featuredmedia":[{"embeddable":true,"href":"https:\/\/www.huashunware.com\/de\/wp-json\/wp\/v2\/media\/954"}],"wp:attachment":[{"href":"https:\/\/www.huashunware.com\/de\/wp-json\/wp\/v2\/media?parent=953"}],"wp:term":[{"taxonomy":"product_brand","embeddable":true,"href":"https:\/\/www.huashunware.com\/de\/wp-json\/wp\/v2\/product_brand?post=953"},{"taxonomy":"product_cat","embeddable":true,"href":"https:\/\/www.huashunware.com\/de\/wp-json\/wp\/v2\/product_cat?post=953"},{"taxonomy":"product_tag","embeddable":true,"href":"https:\/\/www.huashunware.com\/de\/wp-json\/wp\/v2\/product_tag?post=953"}],"curies":[{"name":"wp","href":"https:\/\/api.w.org\/{rel}","templated":true}]}}