{"id":1350,"date":"2026-03-10T08:25:21","date_gmt":"2026-03-10T08:13:01","guid":{"rendered":"https:\/\/www.huashunware.com\/?post_type=product&#038;p=1350"},"modified":"2026-03-10T08:25:39","modified_gmt":"2026-03-10T08:25:39","slug":"wholesale-plastic-handle-flatware-set-in-bulk","status":"publish","type":"product","link":"https:\/\/www.huashunware.com\/es\/producto\/wholesale-plastic-handle-flatware-set-in-bulk\/","title":{"rendered":"Mayorista Juego de Cubiertos con Mango de Pl\u00e1stico al por Mayor"},"content":{"rendered":"<div class=\"wp-block-columns is-layout-flex wp-container-core-columns-is-layout-9d6595d7 wp-block-columns-is-layout-flex\">\n<div class=\"wp-block-column is-layout-flow wp-block-column-is-layout-flow\">\n<h2 class=\"wp-block-heading\">Juego de Cubiertos con Mango de Pl\u00e1stico al por Mayor a Granel Caracter\u00edsticas:<\/h2>\n\n\n\n<p><strong>Dise\u00f1o ergon\u00f3mico cl\u00e1sico<\/strong>\uff1a Dise\u00f1ado con una forma atemporal y suaves asas contorneadas, este juego proporciona un agarre c\u00f3modo, por lo que es una opci\u00f3n muy preferida para diversas preferencias del mercado.<\/p>\n\n\n\n<p><strong>Regalo promocional ideal de 4 piezas<\/strong>\uff1a Compacta y elegante, esta configuraci\u00f3n de 4 piezas est\u00e1 optimizada espec\u00edficamente como regalo promocional asequible y elegante para eventos, paquetes de venta al por menor o regalos corporativos.<\/p>\n\n\n\n<p><strong>Selecci\u00f3n de colores brillantes y vibrantes<\/strong>\uff1a Presenta un acabado de alto brillo en 5-6 llamativos colores (incluidos el rojo, el verde y el negro), lo que le permite adaptar la cuberter\u00eda a la tem\u00e1tica de su marca o a las tendencias del mercado local.<\/p>\n\n\n\n<p><strong>Acero inoxidable de primera calidad con virolas reforzadas<\/strong>\uff1a Cada pieza est\u00e1 fabricada en acero inoxidable de calidad con un pulido de espejo de alto brillo, asegurada por una elegante virola de metal para una mayor durabilidad y un aspecto de primera calidad.<\/p>\n\n\n\n<p><strong>Stock listo para el env\u00edo y entrega r\u00e1pida<\/strong>\uff1a Mantenemos un amplio inventario de varios colores y estilos de envasado (3 tipos disponibles), lo que garantiza un procesamiento inmediato y una entrega r\u00e1pida para pedidos al por mayor de gran volumen.<\/p>\n\n\n\n<p><strong>Bajo mantenimiento y f\u00e1cil de almacenar<\/strong>\uff1a La robusta construcci\u00f3n est\u00e1 dise\u00f1ada para el uso diario, siendo f\u00e1cil de limpiar y apta para el lavavajillas, lo que es esencial tanto para entornos dom\u00e9sticos como comerciales de servicio de comidas.<\/p>\n<\/div>\n\n\n\n<div class=\"wp-block-column is-vertically-aligned-center is-layout-flow wp-block-column-is-layout-flow\">\n<figure class=\"wp-block-image size-full\"><img decoding=\"async\" width=\"800\" height=\"800\" src=\"https:\/\/www.huashunware.com\/wp-content\/uploads\/2026\/03\/Wholesale-Plastic-Handle-Flatware-Set-in-Bulk3.webp\" alt=\"Mayorista Juego de Cubiertos con Mango de Pl\u00e1stico al por Mayor3\" class=\"wp-image-1353\" srcset=\"https:\/\/www.huashunware.com\/wp-content\/uploads\/2026\/03\/Wholesale-Plastic-Handle-Flatware-Set-in-Bulk3.webp 800w, https:\/\/www.huashunware.com\/wp-content\/uploads\/2026\/03\/Wholesale-Plastic-Handle-Flatware-Set-in-Bulk3-300x300.webp 300w, https:\/\/www.huashunware.com\/wp-content\/uploads\/2026\/03\/Wholesale-Plastic-Handle-Flatware-Set-in-Bulk3-150x150.webp 150w, https:\/\/www.huashunware.com\/wp-content\/uploads\/2026\/03\/Wholesale-Plastic-Handle-Flatware-Set-in-Bulk3-768x768.webp 768w, https:\/\/www.huashunware.com\/wp-content\/uploads\/2026\/03\/Wholesale-Plastic-Handle-Flatware-Set-in-Bulk3-12x12.webp 12w, https:\/\/www.huashunware.com\/wp-content\/uploads\/2026\/03\/Wholesale-Plastic-Handle-Flatware-Set-in-Bulk3-600x600.webp 600w, https:\/\/www.huashunware.com\/wp-content\/uploads\/2026\/03\/Wholesale-Plastic-Handle-Flatware-Set-in-Bulk3-100x100.webp 100w\" sizes=\"(max-width: 800px) 100vw, 800px\" \/><\/figure>\n<\/div>\n<\/div>\n\n\n\n<p><\/p>","protected":false},"excerpt":{"rendered":"<article class=\"text-token-text-primary w-full focus:outline-none [--shadow-height:45px] has-data-writing-block:pointer-events-none has-data-writing-block:-mt-(--shadow-height) has-data-writing-block:pt-(--shadow-height) [&amp;:has([data-writing-block])&gt;*]:pointer-events-auto [content-visibility:auto] supports-[content-visibility:auto]:[contain-intrinsic-size:auto_100lvh] scroll-mt-[calc(var(--header-height)+min(200px,max(70px,20svh)))]\" dir=\"auto\" tabindex=\"-1\" data-turn-id=\"request-WEB:6a8e0ffa-908e-4f03-b005-c2a158bcb803-9\" data-testid=\"conversation-turn-20\" data-scroll-anchor=\"true\" data-turn=\"assistant\">\n<div class=\"text-base my-auto mx-auto pb-10 [--thread-content-margin:--spacing(4)] thread-sm:[--thread-content-margin:--spacing(6)] thread-lg:[--thread-content-margin:--spacing(16)] px-(--thread-content-margin)\">\n<div class=\"[--thread-content-max-width:40rem] thread-lg:[--thread-content-max-width:48rem] mx-auto max-w-(--thread-content-max-width) flex-1 group\/turn-messages focus-visible:outline-hidden relative flex w-full min-w-0 flex-col agent-turn\" tabindex=\"-1\">\n<div class=\"flex max-w-full flex-col grow\">\n<div class=\"min-h-8 text-message relative flex w-full flex-col items-end gap-2 text-start break-words whitespace-normal [.text-message+&amp;]:mt-1\" dir=\"auto\" data-message-author-role=\"assistant\" data-message-id=\"1d1f6c17-d23b-4d8c-b935-1db7fceb84d9\" data-message-model-slug=\"gpt-5-1\">\n<div class=\"flex w-full flex-col gap-1 empty:hidden first:pt-[1px]\">\n<div class=\"markdown prose dark:prose-invert w-full break-words light markdown-new-styling\">\n<p data-path-to-node=\"3,0\">Juego de cubiertos con mango de pl\u00e1stico al por mayor al por mayor con un dise\u00f1o aerodin\u00e1mico cl\u00e1sico con vibrantes mangos brillantes. Este juego de 4 piezas es perfecto para regalos promocionales, disponible en 5-6 colores de moda en stock para entrega r\u00e1pida. Hecho a mano de acero inoxidable duradero, combina estilo con un valor inmejorable para la venta al por menor y la hospitalidad.<\/p>\n<\/div>\n<\/div>\n<\/div>\n<\/div>\n<\/div>\n<\/div>\n<\/article>\n<h2>Juego de Cubiertos con Mango de Pl\u00e1stico a Granel Atributo:<\/h2>\n<table data-path-to-node=\"2\">\n<thead>\n<tr>\n<td><strong>Art\u00edculo<\/strong><\/td>\n<td><strong>Peso (g)<\/strong><\/td>\n<td><strong>Longitud (L)<\/strong><\/td>\n<td><strong>Anchura (W)<\/strong><\/td>\n<td><strong>Espesor<\/strong><\/td>\n<\/tr>\n<\/thead>\n<tbody>\n<tr>\n<td><span data-path-to-node=\"2,1,0,0\"><b data-path-to-node=\"2,1,0,0\" data-index-in-node=\"0\">Cuchillo de mesa<\/b><\/span><\/td>\n<td><span data-path-to-node=\"2,1,1,0\">34g<\/span><\/td>\n<td><span data-path-to-node=\"2,1,2,0\">21,5 cm<\/span><\/td>\n<td><span data-path-to-node=\"2,1,3,0\">2,0 cm<\/span><\/td>\n<td><span data-path-to-node=\"2,1,4,0\">1,5 mm<\/span><\/td>\n<\/tr>\n<tr>\n<td><span data-path-to-node=\"2,2,0,0\"><b data-path-to-node=\"2,2,0,0\" data-index-in-node=\"0\">Tenedor de mesa<\/b><\/span><\/td>\n<td><span data-path-to-node=\"2,2,1,0\">30.8g<\/span><\/td>\n<td><span data-path-to-node=\"2,2,2,0\">20,0 cm<\/span><\/td>\n<td><span data-path-to-node=\"2,2,3,0\">2,4 cm<\/span><\/td>\n<td><span data-path-to-node=\"2,2,4,0\">1,5 mm<\/span><\/td>\n<\/tr>\n<tr>\n<td><span data-path-to-node=\"2,3,0,0\"><b data-path-to-node=\"2,3,0,0\" data-index-in-node=\"0\">Cuchara de mesa<\/b><\/span><\/td>\n<td><span data-path-to-node=\"2,3,1,0\">37.0g<\/span><\/td>\n<td><span data-path-to-node=\"2,3,2,0\">20,0 cm<\/span><\/td>\n<td><span data-path-to-node=\"2,3,3,0\">4,0 cm<\/span><\/td>\n<td><span data-path-to-node=\"2,3,4,0\">1,5 mm<\/span><\/td>\n<\/tr>\n<tr>\n<td><span data-path-to-node=\"2,4,0,0\"><b data-path-to-node=\"2,4,0,0\" data-index-in-node=\"0\">Cuchara de t\u00e9<\/b><\/span><\/td>\n<td><span data-path-to-node=\"2,4,1,0\">27.5g<\/span><\/td>\n<td><span data-path-to-node=\"2,4,2,0\">14,2 cm<\/span><\/td>\n<td><span data-path-to-node=\"2,4,3,0\">3,0 cm<\/span><\/td>\n<td><span data-path-to-node=\"2,4,4,0\">1,5 mm<\/span><\/td>\n<\/tr>\n<\/tbody>\n<\/table>\n<h2>Juegos de cubiertos personalizados\uff1a<\/h2>\n<p><strong data-start=\"44\" data-end=\"73\">1\u3001Disponibilidad de muestras gratuitas:<\/strong><\/p>\n<p data-start=\"44\" data-end=\"153\">Ofrecemos muestras gratuitas para que eval\u00fae la calidad antes de realizar pedidos al por mayor.<\/p>\n<p data-start=\"155\" data-end=\"295\"><strong data-start=\"155\" data-end=\"190\">2\u3001Opciones de envasado personalizables:<\/strong><br data-start=\"190\" data-end=\"193\" \/>Admitimos varios estilos de envasado, entre ellos<\/p>\n<ol data-start=\"296\" data-end=\"332\">\n<li data-start=\"296\" data-end=\"307\">\n<p data-start=\"298\" data-end=\"307\">Caja PET<\/p>\n<\/li>\n<li data-start=\"308\" data-end=\"319\">\n<p data-start=\"310\" data-end=\"319\">Caja de PVC<\/p>\n<\/li>\n<li data-start=\"320\" data-end=\"332\">\n<p data-start=\"322\" data-end=\"332\">Caja de regalo<\/p>\n<\/li>\n<\/ol>\n<p data-start=\"334\" data-end=\"442\" data-is-last-node=\"\" data-is-only-node=\"\"><strong data-start=\"334\" data-end=\"365\">3\u3001Personalizaci\u00f3n del color del asa:<\/strong><br data-start=\"365\" data-end=\"368\" \/>5-6 colores y 3 paquetes est\u00e1n en stock para entrega r\u00e1pida\uff1b Aceptar logotipo l\u00e1ser y logotipo grabado en el metal, aceptar logotipo de impresi\u00f3n en el mango.<\/p>\n<div class=\"text-base my-auto mx-auto pb-10 [--thread-content-margin:--spacing(4)] thread-sm:[--thread-content-margin:--spacing(6)] thread-lg:[--thread-content-margin:--spacing(16)] px-(--thread-content-margin)\">\n<div class=\"[--thread-content-max-width:40rem] thread-lg:[--thread-content-max-width:48rem] mx-auto max-w-(--thread-content-max-width) flex-1 group\/turn-messages focus-visible:outline-hidden relative flex w-full min-w-0 flex-col agent-turn\" tabindex=\"-1\">\n<div class=\"flex max-w-full flex-col grow\">\n<div class=\"min-h-8 text-message relative flex w-full flex-col items-end gap-2 text-start break-words whitespace-normal [.text-message+&amp;]:mt-1\" dir=\"auto\" data-message-author-role=\"assistant\" data-message-id=\"aa2ae332-605b-4306-94e4-23a9dd06bf09\" data-message-model-slug=\"gpt-5-mini\">\n<div class=\"flex w-full flex-col gap-1 empty:hidden first:pt-[1px]\">\n<div class=\"markdown prose dark:prose-invert w-full break-words light markdown-new-styling\">\u00a0<\/div>\n<\/div>\n<\/div>\n<\/div>\n<\/div>\n<\/div>","protected":false},"featured_media":1353,"comment_status":"closed","ping_status":"closed","template":"","meta":{"_acf_changed":false},"product_brand":[],"product_cat":[18,26],"product_tag":[],"class_list":{"0":"post-1350","1":"product","2":"type-product","3":"status-publish","4":"has-post-thumbnail","6":"product_cat-cutlery-set-wholesale","7":"product_cat-plastic-handle-flatware-set","9":"first","10":"instock","11":"shipping-taxable","12":"product-type-simple"},"acf":[],"_links":{"self":[{"href":"https:\/\/www.huashunware.com\/es\/wp-json\/wp\/v2\/product\/1350","targetHints":{"allow":["GET"]}}],"collection":[{"href":"https:\/\/www.huashunware.com\/es\/wp-json\/wp\/v2\/product"}],"about":[{"href":"https:\/\/www.huashunware.com\/es\/wp-json\/wp\/v2\/types\/product"}],"replies":[{"embeddable":true,"href":"https:\/\/www.huashunware.com\/es\/wp-json\/wp\/v2\/comments?post=1350"}],"wp:featuredmedia":[{"embeddable":true,"href":"https:\/\/www.huashunware.com\/es\/wp-json\/wp\/v2\/media\/1353"}],"wp:attachment":[{"href":"https:\/\/www.huashunware.com\/es\/wp-json\/wp\/v2\/media?parent=1350"}],"wp:term":[{"taxonomy":"product_brand","embeddable":true,"href":"https:\/\/www.huashunware.com\/es\/wp-json\/wp\/v2\/product_brand?post=1350"},{"taxonomy":"product_cat","embeddable":true,"href":"https:\/\/www.huashunware.com\/es\/wp-json\/wp\/v2\/product_cat?post=1350"},{"taxonomy":"product_tag","embeddable":true,"href":"https:\/\/www.huashunware.com\/es\/wp-json\/wp\/v2\/product_tag?post=1350"}],"curies":[{"name":"wp","href":"https:\/\/api.w.org\/{rel}","templated":true}]}}