{"id":1361,"date":"2026-03-10T09:51:09","date_gmt":"2026-03-10T09:37:00","guid":{"rendered":"https:\/\/www.huashunware.com\/?post_type=product&#038;p=1361"},"modified":"2026-03-10T09:51:51","modified_gmt":"2026-03-10T09:51:51","slug":"wholesale-matte-black-stainless-steel-flatware-set","status":"publish","type":"product","link":"https:\/\/www.huashunware.com\/es\/producto\/wholesale-matte-black-stainless-steel-flatware-set\/","title":{"rendered":"Mayorista Juego de Cubiertos de Acero Inoxidable Negro Mate"},"content":{"rendered":"<div class=\"wp-block-columns is-layout-flex wp-container-core-columns-is-layout-9d6595d7 wp-block-columns-is-layout-flex\">\n<div class=\"wp-block-column is-layout-flow wp-block-column-is-layout-flow\">\n<h2 class=\"wp-block-heading\">Mayorista Cubiertos de Acero Inoxidable Negro Mate Caracter\u00edsticas:<\/h2>\n\n\n\n<p><strong>Sofisticado pulido mate:<\/strong> El refinado acabado mate ofrece un aspecto no reflectante y elegante que a\u00f1ade una est\u00e9tica moderna y de alta gama a cualquier mesa de comedor.<\/p>\n\n\n\n<p><strong>Certificado apto para lavavajillas:<\/strong> Dise\u00f1ado para durar, este juego resiste m\u00e1s de 50 ciclos de lavavajillas sin decolorarse ni pelarse.<\/p>\n\n\n\n<p><strong>Materiales de primera calidad para uso alimentario:<\/strong> Fabricados con acero inoxidable 18\/0 apto para uso alimentario y acero 420 de alto contenido en carbono para los cuchillos, para garantizar una resistencia superior a la oxidaci\u00f3n y un afilado duradero.<\/p>\n\n\n\n<p><strong>Dise\u00f1o minimalista de una pieza:<\/strong> La estructura integrada y sin juntas proporciona la m\u00e1xima higiene y resistencia estructural para un uso comercial de alta frecuencia.<\/p>\n\n\n\n<p><strong>Empu\u00f1adura ergon\u00f3mica equilibrada:<\/strong> Meticulosamente dise\u00f1adas para mantener el peso y el equilibrio, las asas c\u00f3nicas proporcionan un agarre c\u00f3modo y natural para una experiencia gastron\u00f3mica sin esfuerzo.<\/p>\n\n\n\n<p><strong>Ideal para la hosteler\u00eda de moda:<\/strong> La opci\u00f3n m\u00e1s vendida para hoteles boutique modernos, bistr\u00f3s de lujo y minoristas que buscan soluciones de vajilla \u00fanicas y contempor\u00e1neas.<\/p>\n<\/div>\n\n\n\n<div class=\"wp-block-column is-vertically-aligned-center is-layout-flow wp-block-column-is-layout-flow\">\n<figure class=\"wp-block-image size-full\"><img decoding=\"async\" width=\"4915\" height=\"4915\" src=\"https:\/\/www.huashunware.com\/wp-content\/uploads\/2026\/03\/Wholesale-Matte-Black-Stainless-Steel-Flatware-Set1.webp\" alt=\"Mayorista Juego de Cubiertos de Acero Inoxidable Negro Mate1\" class=\"wp-image-1362\" srcset=\"https:\/\/www.huashunware.com\/wp-content\/uploads\/2026\/03\/Wholesale-Matte-Black-Stainless-Steel-Flatware-Set1.webp 4915w, https:\/\/www.huashunware.com\/wp-content\/uploads\/2026\/03\/Wholesale-Matte-Black-Stainless-Steel-Flatware-Set1-300x300.webp 300w, https:\/\/www.huashunware.com\/wp-content\/uploads\/2026\/03\/Wholesale-Matte-Black-Stainless-Steel-Flatware-Set1-150x150.webp 150w, https:\/\/www.huashunware.com\/wp-content\/uploads\/2026\/03\/Wholesale-Matte-Black-Stainless-Steel-Flatware-Set1-768x768.webp 768w, https:\/\/www.huashunware.com\/wp-content\/uploads\/2026\/03\/Wholesale-Matte-Black-Stainless-Steel-Flatware-Set1-12x12.webp 12w, https:\/\/www.huashunware.com\/wp-content\/uploads\/2026\/03\/Wholesale-Matte-Black-Stainless-Steel-Flatware-Set1-1200x1200.webp 1200w, https:\/\/www.huashunware.com\/wp-content\/uploads\/2026\/03\/Wholesale-Matte-Black-Stainless-Steel-Flatware-Set1-600x600.webp 600w, https:\/\/www.huashunware.com\/wp-content\/uploads\/2026\/03\/Wholesale-Matte-Black-Stainless-Steel-Flatware-Set1-100x100.webp 100w\" sizes=\"(max-width: 4915px) 100vw, 4915px\" \/><\/figure>\n<\/div>\n<\/div>","protected":false},"excerpt":{"rendered":"<article class=\"text-token-text-primary w-full focus:outline-none [--shadow-height:45px] has-data-writing-block:pointer-events-none has-data-writing-block:-mt-(--shadow-height) has-data-writing-block:pt-(--shadow-height) [&amp;:has([data-writing-block])&gt;*]:pointer-events-auto [content-visibility:auto] supports-[content-visibility:auto]:[contain-intrinsic-size:auto_100lvh] scroll-mt-[calc(var(--header-height)+min(200px,max(70px,20svh)))]\" dir=\"auto\" tabindex=\"-1\" data-turn-id=\"request-WEB:6a8e0ffa-908e-4f03-b005-c2a158bcb803-9\" data-testid=\"conversation-turn-20\" data-scroll-anchor=\"true\" data-turn=\"assistant\">\n<div class=\"text-base my-auto mx-auto pb-10 [--thread-content-margin:--spacing(4)] thread-sm:[--thread-content-margin:--spacing(6)] thread-lg:[--thread-content-margin:--spacing(16)] px-(--thread-content-margin)\">\n<div class=\"[--thread-content-max-width:40rem] thread-lg:[--thread-content-max-width:48rem] mx-auto max-w-(--thread-content-max-width) flex-1 group\/turn-messages focus-visible:outline-hidden relative flex w-full min-w-0 flex-col agent-turn\" tabindex=\"-1\">\n<div class=\"flex max-w-full flex-col grow\">\n<div class=\"min-h-8 text-message relative flex w-full flex-col items-end gap-2 text-start break-words whitespace-normal [.text-message+&amp;]:mt-1\" dir=\"auto\" data-message-author-role=\"assistant\" data-message-id=\"1d1f6c17-d23b-4d8c-b935-1db7fceb84d9\" data-message-model-slug=\"gpt-5-1\">\n<div class=\"flex w-full flex-col gap-1 empty:hidden first:pt-[1px]\">\n<div class=\"markdown prose dark:prose-invert w-full break-words light markdown-new-styling\">\n<p data-path-to-node=\"2,0\">Juego de cubiertos de acero inoxidable negro mate al por mayor con un sofisticado acabado mate y una duradera construcci\u00f3n de una sola pieza. Fabricada en acero de calidad alimentaria 18\/0, esta elegante colecci\u00f3n ha superado la prueba de los 50 ciclos de lavado en lavavajillas, lo que la convierte en la elecci\u00f3n duradera perfecta para restaurantes modernos y comercios de gama alta.<\/p>\n<\/div>\n<\/div>\n<\/div>\n<\/div>\n<\/div>\n<\/div>\n<\/article>\n<h2>Mayorista Cubiertos de Acero Inoxidable Negro Mate Atributo:<\/h2>\n<table data-path-to-node=\"2\">\n<thead>\n<tr>\n<td><strong>Art\u00edculo<\/strong><\/td>\n<td><strong>Peso (g)<\/strong><\/td>\n<td><strong>Longitud (L)<\/strong><\/td>\n<td><strong>Anchura (W)<\/strong><\/td>\n<td><strong>Espesor<\/strong><\/td>\n<\/tr>\n<\/thead>\n<tbody>\n<tr>\n<td><span data-path-to-node=\"2,1,0,0\"><b data-path-to-node=\"2,1,0,0\" data-index-in-node=\"0\">Cuchillo de mesa<\/b><\/span><\/td>\n<td><span data-path-to-node=\"2,1,1,0\">79.0g<\/span><\/td>\n<td><span data-path-to-node=\"2,1,2,0\">23,0 cm<\/span><\/td>\n<td><span data-path-to-node=\"2,1,3,0\">2,0 cm<\/span><\/td>\n<td><span data-path-to-node=\"2,1,4,0\"><b data-path-to-node=\"2,1,4,0\" data-index-in-node=\"0\">2,0 - 2,5 mm<\/b><\/span><\/td>\n<\/tr>\n<tr>\n<td><span data-path-to-node=\"2,2,0,0\"><b data-path-to-node=\"2,2,0,0\" data-index-in-node=\"0\">Tenedor de mesa<\/b><\/span><\/td>\n<td><span data-path-to-node=\"2,2,1,0\">36.6g<\/span><\/td>\n<td><span data-path-to-node=\"2,2,2,0\">20,0 cm<\/span><\/td>\n<td><span data-path-to-node=\"2,2,3,0\">2,5 cm<\/span><\/td>\n<td><span data-path-to-node=\"2,2,4,0\"><b data-path-to-node=\"2,2,4,0\" data-index-in-node=\"0\">2,0 - 2,5 mm<\/b><\/span><\/td>\n<\/tr>\n<tr>\n<td><span data-path-to-node=\"2,3,0,0\"><b data-path-to-node=\"2,3,0,0\" data-index-in-node=\"0\">Cuchara de mesa<\/b><\/span><\/td>\n<td><span data-path-to-node=\"2,3,1,0\">45.0g<\/span><\/td>\n<td><span data-path-to-node=\"2,3,2,0\">19,5 cm<\/span><\/td>\n<td><span data-path-to-node=\"2,3,3,0\">4,2 cm<\/span><\/td>\n<td><span data-path-to-node=\"2,3,4,0\"><b data-path-to-node=\"2,3,4,0\" data-index-in-node=\"0\">2,0 - 2,5 mm<\/b><\/span><\/td>\n<\/tr>\n<tr>\n<td><span data-path-to-node=\"2,4,0,0\"><b data-path-to-node=\"2,4,0,0\" data-index-in-node=\"0\">Cuchara de t\u00e9<\/b><\/span><\/td>\n<td><span data-path-to-node=\"2,4,1,0\">27.5g<\/span><\/td>\n<td><span data-path-to-node=\"2,4,2,0\">14,0 cm<\/span><\/td>\n<td><span data-path-to-node=\"2,4,3,0\">3,0 cm<\/span><\/td>\n<td><span data-path-to-node=\"2,4,4,0\"><b data-path-to-node=\"2,4,4,0\" data-index-in-node=\"0\">2,0 - 2,5 mm<\/b><\/span><\/td>\n<\/tr>\n<\/tbody>\n<\/table>\n<h2>Juegos de cubiertos personalizados\uff1a<\/h2>\n<p><strong data-start=\"44\" data-end=\"73\">1\u3001Disponibilidad de muestras gratuitas:<\/strong><\/p>\n<p data-start=\"44\" data-end=\"153\">Ofrecemos muestras gratuitas para que eval\u00fae la calidad antes de realizar pedidos al por mayor.<\/p>\n<p data-start=\"155\" data-end=\"295\"><strong data-start=\"155\" data-end=\"190\">2\u3001Opciones de envasado personalizables:<\/strong><br data-start=\"190\" data-end=\"193\" \/>Admitimos varios estilos de envasado, entre ellos<\/p>\n<ol data-start=\"296\" data-end=\"332\">\n<li data-start=\"296\" data-end=\"307\">\n<p data-start=\"298\" data-end=\"307\">Caja PET<\/p>\n<\/li>\n<li data-start=\"308\" data-end=\"319\">\n<p data-start=\"310\" data-end=\"319\">Caja de PVC<\/p>\n<\/li>\n<li data-start=\"320\" data-end=\"332\">\n<p data-start=\"322\" data-end=\"332\">Caja de regalo<\/p>\n<\/li>\n<\/ol>\n<p data-start=\"334\" data-end=\"442\" data-is-last-node=\"\" data-is-only-node=\"\"><strong data-start=\"334\" data-end=\"365\">3\u3001<\/strong>\u00a0<strong>Acepta logotipo l\u00e1ser y logotipo grabado en el metal, acepta logotipo impreso en el asa<\/strong><\/p>\n<div class=\"text-base my-auto mx-auto pb-10 [--thread-content-margin:--spacing(4)] thread-sm:[--thread-content-margin:--spacing(6)] thread-lg:[--thread-content-margin:--spacing(16)] px-(--thread-content-margin)\">\n<div class=\"[--thread-content-max-width:40rem] thread-lg:[--thread-content-max-width:48rem] mx-auto max-w-(--thread-content-max-width) flex-1 group\/turn-messages focus-visible:outline-hidden relative flex w-full min-w-0 flex-col agent-turn\" tabindex=\"-1\">\n<div class=\"flex max-w-full flex-col grow\">\n<div class=\"min-h-8 text-message relative flex w-full flex-col items-end gap-2 text-start break-words whitespace-normal [.text-message+&amp;]:mt-1\" dir=\"auto\" data-message-author-role=\"assistant\" data-message-id=\"aa2ae332-605b-4306-94e4-23a9dd06bf09\" data-message-model-slug=\"gpt-5-mini\">\n<div class=\"flex w-full flex-col gap-1 empty:hidden first:pt-[1px]\">\n<div class=\"markdown prose dark:prose-invert w-full break-words light markdown-new-styling\">\u00a0<\/div>\n<\/div>\n<\/div>\n<\/div>\n<\/div>\n<\/div>","protected":false},"featured_media":1363,"comment_status":"closed","ping_status":"closed","template":"","meta":{"_acf_changed":false},"product_brand":[],"product_cat":[18,27],"product_tag":[],"class_list":{"0":"post-1361","1":"product","2":"type-product","3":"status-publish","4":"has-post-thumbnail","6":"product_cat-cutlery-set-wholesale","7":"product_cat-stainless-steel-flatware-set","9":"first","10":"instock","11":"shipping-taxable","12":"product-type-simple"},"acf":[],"_links":{"self":[{"href":"https:\/\/www.huashunware.com\/es\/wp-json\/wp\/v2\/product\/1361","targetHints":{"allow":["GET"]}}],"collection":[{"href":"https:\/\/www.huashunware.com\/es\/wp-json\/wp\/v2\/product"}],"about":[{"href":"https:\/\/www.huashunware.com\/es\/wp-json\/wp\/v2\/types\/product"}],"replies":[{"embeddable":true,"href":"https:\/\/www.huashunware.com\/es\/wp-json\/wp\/v2\/comments?post=1361"}],"wp:featuredmedia":[{"embeddable":true,"href":"https:\/\/www.huashunware.com\/es\/wp-json\/wp\/v2\/media\/1363"}],"wp:attachment":[{"href":"https:\/\/www.huashunware.com\/es\/wp-json\/wp\/v2\/media?parent=1361"}],"wp:term":[{"taxonomy":"product_brand","embeddable":true,"href":"https:\/\/www.huashunware.com\/es\/wp-json\/wp\/v2\/product_brand?post=1361"},{"taxonomy":"product_cat","embeddable":true,"href":"https:\/\/www.huashunware.com\/es\/wp-json\/wp\/v2\/product_cat?post=1361"},{"taxonomy":"product_tag","embeddable":true,"href":"https:\/\/www.huashunware.com\/es\/wp-json\/wp\/v2\/product_tag?post=1361"}],"curies":[{"name":"wp","href":"https:\/\/api.w.org\/{rel}","templated":true}]}}