{"id":1371,"date":"2026-03-26T09:39:04","date_gmt":"2026-03-26T09:39:04","guid":{"rendered":"https:\/\/www.huashunware.com\/?post_type=product&#038;p=1371"},"modified":"2026-03-26T09:39:07","modified_gmt":"2026-03-26T09:39:07","slug":"wholesale-plastic-handle-stainless-steel-flatware-set-in-bulk","status":"publish","type":"product","link":"https:\/\/www.huashunware.com\/es\/producto\/wholesale-plastic-handle-stainless-steel-flatware-set-in-bulk\/","title":{"rendered":"Mayorista Juego De Cubiertos De Acero Inoxidable Con Mango De Pl\u00e1stico Al Por Mayor"},"content":{"rendered":"<div class=\"wp-block-columns is-layout-flex wp-container-core-columns-is-layout-9d6595d7 wp-block-columns-is-layout-flex\">\n<div class=\"wp-block-column is-layout-flow wp-block-column-is-layout-flow\">\n<h2 class=\"wp-block-heading\">Mayorista Juego De Cubiertos De Acero Inoxidable Con Mango De Pl\u00e1stico Al Por Mayor<\/h2>\n\n\n\n<p><strong>Construcci\u00f3n duradera de acero inoxidable<\/strong> - Fabricada en acero inoxidable de primera calidad, esta cuberter\u00eda es robusta, resistente a la corrosi\u00f3n y duradera.<\/p>\n\n\n\n<p><strong>Asas ergon\u00f3micas de pl\u00e1stico<\/strong> - Dise\u00f1adas para un agarre c\u00f3modo y antideslizante. Las asas resistentes al calor hacen que comer sea m\u00e1s f\u00e1cil y seguro.<\/p>\n\n\n\n<p><strong>Dise\u00f1o minimalista moderno<\/strong> - Sus l\u00edneas depuradas y su elegante brillo complementan cualquier estilo de mesa de comedor, desde el m\u00e1s informal al m\u00e1s formal.<\/p>\n\n\n\n<p><strong>Juego completo de cubiertos<\/strong> - Incluye cuchillos, tenedores, cucharas y m\u00e1s, proporcionando todo lo esencial para la comida diaria.<\/p>\n\n\n\n<p><strong>Compra rentable al por mayor<\/strong> - Suministrados directamente de f\u00e1brica, son ideales para restaurantes, hoteles, servicios de catering y eventos que buscan cubiertos de alta calidad a precios competitivos.<\/p>\n<\/div>\n\n\n\n<div class=\"wp-block-column is-vertically-aligned-center is-layout-flow wp-block-column-is-layout-flow\">\n<figure class=\"wp-block-image size-full\"><img decoding=\"async\" width=\"3072\" height=\"3072\" src=\"https:\/\/www.huashunware.com\/wp-content\/uploads\/2026\/03\/Wholesale-Plastic-Handle-Stainless-Steel-Flatware-Set-In-Bulk5.webp\" alt=\"Mayorista Juego De Cubiertos De Acero Inoxidable Con Mango De Pl\u00e1stico Al Por Mayor5\" class=\"wp-image-1408\" srcset=\"https:\/\/www.huashunware.com\/wp-content\/uploads\/2026\/03\/Wholesale-Plastic-Handle-Stainless-Steel-Flatware-Set-In-Bulk5.webp 3072w, https:\/\/www.huashunware.com\/wp-content\/uploads\/2026\/03\/Wholesale-Plastic-Handle-Stainless-Steel-Flatware-Set-In-Bulk5-300x300.webp 300w, https:\/\/www.huashunware.com\/wp-content\/uploads\/2026\/03\/Wholesale-Plastic-Handle-Stainless-Steel-Flatware-Set-In-Bulk5-150x150.webp 150w, https:\/\/www.huashunware.com\/wp-content\/uploads\/2026\/03\/Wholesale-Plastic-Handle-Stainless-Steel-Flatware-Set-In-Bulk5-768x768.webp 768w, https:\/\/www.huashunware.com\/wp-content\/uploads\/2026\/03\/Wholesale-Plastic-Handle-Stainless-Steel-Flatware-Set-In-Bulk5-12x12.webp 12w, https:\/\/www.huashunware.com\/wp-content\/uploads\/2026\/03\/Wholesale-Plastic-Handle-Stainless-Steel-Flatware-Set-In-Bulk5-1200x1200.webp 1200w, https:\/\/www.huashunware.com\/wp-content\/uploads\/2026\/03\/Wholesale-Plastic-Handle-Stainless-Steel-Flatware-Set-In-Bulk5-600x600.webp 600w, https:\/\/www.huashunware.com\/wp-content\/uploads\/2026\/03\/Wholesale-Plastic-Handle-Stainless-Steel-Flatware-Set-In-Bulk5-100x100.webp 100w\" sizes=\"(max-width: 3072px) 100vw, 3072px\" \/><\/figure>\n<\/div>\n<\/div>","protected":false},"excerpt":{"rendered":"<article>El juego de cubiertos de acero inoxidable con mango de pl\u00e1stico al por mayor presenta acero inoxidable duradero y c\u00f3modos mangos de pl\u00e1stico con un dise\u00f1o moderno. Este juego completo es ideal para la compra al por mayor por los hogares, restaurantes, hoteles y lugares de eventos, ofreciendo comedor de calidad a un precio asequible.<\/article>\n<h2>Mayorista Juego De Cubiertos De Acero Inoxidable Con Mango De Pl\u00e1stico A Granel Atributo:<\/h2>\n<table data-path-to-node=\"2\">\n<thead>\n<tr>\n<td><strong>Art\u00edculo<\/strong><\/td>\n<td><strong>Peso (g)<\/strong><\/td>\n<td><strong>Longitud (L)<\/strong><\/td>\n<td><strong>Anchura (W)<\/strong><\/td>\n<td><strong>Espesor<\/strong><\/td>\n<\/tr>\n<\/thead>\n<tbody>\n<tr>\n<td><span data-path-to-node=\"2,1,0,0\"><b data-path-to-node=\"2,1,0,0\" data-index-in-node=\"0\">Cuchillo de mesa<\/b><\/span><\/td>\n<td><span data-path-to-node=\"2,1,1,0\">22.5g<\/span><\/td>\n<td><span data-path-to-node=\"2,1,2,0\">21.0L<\/span><\/td>\n<td><span data-path-to-node=\"2,1,3,0\">1,8 cm<\/span><\/td>\n<td><span data-path-to-node=\"2,1,4,0\">1,0 mm<\/span><\/td>\n<\/tr>\n<tr>\n<td><span data-path-to-node=\"2,2,0,0\"><b data-path-to-node=\"2,2,0,0\" data-index-in-node=\"0\">Tenedor de mesa<\/b><\/span><\/td>\n<td><span data-path-to-node=\"2,2,1,0\">20.8g<\/span><\/td>\n<td><span data-path-to-node=\"2,2,2,0\">19.5L<\/span><\/td>\n<td><span data-path-to-node=\"2,2,3,0\">2,4 cm<\/span><\/td>\n<td><span data-path-to-node=\"2,2,4,0\">1,0 mm<\/span><\/td>\n<\/tr>\n<tr>\n<td><span data-path-to-node=\"2,3,0,0\"><b data-path-to-node=\"2,3,0,0\" data-index-in-node=\"0\">Cuchara de mesa<\/b><\/span><\/td>\n<td><span data-path-to-node=\"2,3,1,0\">28.0g<\/span><\/td>\n<td><span data-path-to-node=\"2,3,2,0\">19.0L<\/span><\/td>\n<td><span data-path-to-node=\"2,3,3,0\">4,0 cm<\/span><\/td>\n<td><span data-path-to-node=\"2,3,4,0\">1,0 mm<\/span><\/td>\n<\/tr>\n<tr>\n<td><span data-path-to-node=\"2,4,0,0\"><b data-path-to-node=\"2,4,0,0\" data-index-in-node=\"0\">Cuchara de t\u00e9<\/b><\/span><\/td>\n<td><span data-path-to-node=\"2,4,1,0\">19.0g<\/span><\/td>\n<td><span data-path-to-node=\"2,4,2,0\">14.2L<\/span><\/td>\n<td><span data-path-to-node=\"2,4,3,0\">3,0 cm<\/span><\/td>\n<td><span data-path-to-node=\"2,4,4,0\">1,0 mm<\/span><\/td>\n<\/tr>\n<\/tbody>\n<\/table>\n<h2>Juegos de cubiertos personalizados\uff1a<\/h2>\n<p><strong data-start=\"44\" data-end=\"73\">1\u3001Disponibilidad de muestras gratuitas:<\/strong><\/p>\n<p data-start=\"44\" data-end=\"153\">Ofrecemos muestras gratuitas para que eval\u00fae la calidad antes de realizar pedidos al por mayor.<\/p>\n<p data-start=\"155\" data-end=\"295\"><strong data-start=\"155\" data-end=\"190\">2\u3001Opciones de envasado personalizables:<\/strong><br data-start=\"190\" data-end=\"193\" \/>Admitimos varios estilos de envasado, entre ellos<\/p>\n<ol data-start=\"296\" data-end=\"332\">\n<li data-start=\"296\" data-end=\"307\">\n<p data-start=\"298\" data-end=\"307\">Caja PET<\/p>\n<\/li>\n<li data-start=\"308\" data-end=\"319\">\n<p data-start=\"310\" data-end=\"319\">Caja de PVC<\/p>\n<\/li>\n<li data-start=\"320\" data-end=\"332\">\n<p data-start=\"322\" data-end=\"332\">Caja de regalo<\/p>\n<\/li>\n<\/ol>\n<p data-start=\"334\" data-end=\"442\" data-is-last-node=\"\" data-is-only-node=\"\"><strong data-start=\"334\" data-end=\"365\">3\u3001Personalizaci\u00f3n del color del asa:<\/strong><br data-start=\"365\" data-end=\"368\" \/>1-4 colores y 3 paquetes est\u00e1n en stock para entrega r\u00e1pida\uff1b Aceptar logotipo l\u00e1ser y logotipo grabado en el metal, aceptar logotipo de impresi\u00f3n en el mango.<\/p>\n<div class=\"text-base my-auto mx-auto pb-10 [--thread-content-margin:--spacing(4)] thread-sm:[--thread-content-margin:--spacing(6)] thread-lg:[--thread-content-margin:--spacing(16)] px-(--thread-content-margin)\">\n<div class=\"[--thread-content-max-width:40rem] thread-lg:[--thread-content-max-width:48rem] mx-auto max-w-(--thread-content-max-width) flex-1 group\/turn-messages focus-visible:outline-hidden relative flex w-full min-w-0 flex-col agent-turn\">\n<div class=\"flex max-w-full flex-col grow\">\n<div class=\"min-h-8 text-message relative flex w-full flex-col items-end gap-2 text-start break-words whitespace-normal [.text-message+&amp;]:mt-1\" dir=\"auto\" data-message-author-role=\"assistant\" data-message-id=\"aa2ae332-605b-4306-94e4-23a9dd06bf09\" data-message-model-slug=\"gpt-5-mini\">\n<div class=\"flex w-full flex-col gap-1 empty:hidden first:pt-[1px]\">\n<div class=\"markdown prose dark:prose-invert w-full break-words light markdown-new-styling\">\u00a0<\/div>\n<\/div>\n<\/div>\n<\/div>\n<\/div>\n<\/div>","protected":false},"featured_media":1406,"comment_status":"closed","ping_status":"closed","template":"","meta":{"_acf_changed":false},"product_brand":[],"product_cat":[18,26],"product_tag":[],"class_list":{"0":"post-1371","1":"product","2":"type-product","3":"status-publish","4":"has-post-thumbnail","6":"product_cat-cutlery-set-wholesale","7":"product_cat-plastic-handle-flatware-set","9":"first","10":"instock","11":"shipping-taxable","12":"product-type-simple"},"acf":[],"_links":{"self":[{"href":"https:\/\/www.huashunware.com\/es\/wp-json\/wp\/v2\/product\/1371","targetHints":{"allow":["GET"]}}],"collection":[{"href":"https:\/\/www.huashunware.com\/es\/wp-json\/wp\/v2\/product"}],"about":[{"href":"https:\/\/www.huashunware.com\/es\/wp-json\/wp\/v2\/types\/product"}],"replies":[{"embeddable":true,"href":"https:\/\/www.huashunware.com\/es\/wp-json\/wp\/v2\/comments?post=1371"}],"wp:featuredmedia":[{"embeddable":true,"href":"https:\/\/www.huashunware.com\/es\/wp-json\/wp\/v2\/media\/1406"}],"wp:attachment":[{"href":"https:\/\/www.huashunware.com\/es\/wp-json\/wp\/v2\/media?parent=1371"}],"wp:term":[{"taxonomy":"product_brand","embeddable":true,"href":"https:\/\/www.huashunware.com\/es\/wp-json\/wp\/v2\/product_brand?post=1371"},{"taxonomy":"product_cat","embeddable":true,"href":"https:\/\/www.huashunware.com\/es\/wp-json\/wp\/v2\/product_cat?post=1371"},{"taxonomy":"product_tag","embeddable":true,"href":"https:\/\/www.huashunware.com\/es\/wp-json\/wp\/v2\/product_tag?post=1371"}],"curies":[{"name":"wp","href":"https:\/\/api.w.org\/{rel}","templated":true}]}}