{"id":403,"date":"2025-09-17T02:55:37","date_gmt":"2025-09-17T02:55:37","guid":{"rendered":"https:\/\/www.huashunware.com\/?post_type=product&#038;p=403"},"modified":"2026-02-03T02:33:21","modified_gmt":"2026-02-03T02:33:21","slug":"wholesale-plastic-handle-flatware-set-ideal-for-home-and-restaurant","status":"publish","type":"product","link":"https:\/\/www.huashunware.com\/es\/producto\/wholesale-plastic-handle-flatware-set-ideal-for-home-and-restaurant\/","title":{"rendered":"Mayorista Juego De Cubiertos Con Mango De Pl\u00e1stico Ideal Para El Hogar Y El Restaurante"},"content":{"rendered":"<div class=\"wp-block-columns is-layout-flex wp-container-core-columns-is-layout-9d6595d7 wp-block-columns-is-layout-flex\">\n<div class=\"wp-block-column is-layout-flow wp-block-column-is-layout-flow\">\n<h2 class=\"wp-block-heading\">Juego de cubiertos con mango de pl\u00e1stico al por mayor Caracter\u00edsticas:<\/h2>\n\n\n\n<p><mark style=\"background-color:rgba(0, 0, 0, 0)\" class=\"has-inline-color has-black-color\"><strong>1. Acero inoxidable 18\/0 de primera calidad<\/strong><\/mark><\/p>\n\n\n\n<p>Fabricados en acero 18\/0 de alta calidad, nuestros juegos son resistentes al \u00f3xido y cumplen plenamente la normativa sobre <strong>Normas de seguridad alimentaria de la UE<\/strong>.<\/p>\n\n\n\n<p><strong>2. Acabado profesional pulido a espejo<\/strong><\/p>\n\n\n\n<p>Presenta un pulido suave como un espejo con bordes redondeados para una experiencia gastron\u00f3mica segura, c\u00f3moda y elegante.<\/p>\n\n\n\n<p><strong>3. Asas ergon\u00f3micas y de f\u00e1cil manejo<\/strong><\/p>\n\n\n\n<p>Disponible en trending <strong>Crema y gris<\/strong>Estas asas antideslizantes proporcionan un agarre seguro tanto para uso dom\u00e9stico como en restaurantes.<\/p>\n\n\n\n<p><strong>4. Caja de regalo de 24 piezas lista para la venta<\/strong><\/p>\n\n\n\n<p>Se presenta en una caja expositora profesional con asa de transporte, ideal para <strong>supermercados y cadenas minoristas<\/strong>.<\/p>\n\n\n\n<p><strong>5. 100% Apto para lavavajillas<\/strong><\/p>\n\n\n\n<p>Fabricadas para entornos de gran volumen, garantizan que las asas permanezcan seguras y que el acabado se mantenga pulido tras el lavado a m\u00e1quina.<\/p>\n\n\n\n<p><strong>6. Personalizaci\u00f3n completa OEM\/ODM<\/strong><\/p>\n\n\n\n<p>Admitimos colores Pantone personalizados, logotipos grabados con l\u00e1ser y envases a medida para ayudarle a crear su marca.<\/p>\n<\/div>\n\n\n\n<div class=\"wp-block-column is-layout-flow wp-block-column-is-layout-flow\">\n<figure class=\"wp-block-image size-full\"><img decoding=\"async\" width=\"800\" height=\"800\" src=\"https:\/\/www.huashunware.com\/wp-content\/uploads\/2025\/09\/Wholesale-Plastic-Handle-Flatware-Set1.webp\" alt=\"Mayorista Juego de Cubiertos con Mango de Pl\u00e1stico1\" class=\"wp-image-1246\" srcset=\"https:\/\/www.huashunware.com\/wp-content\/uploads\/2025\/09\/Wholesale-Plastic-Handle-Flatware-Set1.webp 800w, https:\/\/www.huashunware.com\/wp-content\/uploads\/2025\/09\/Wholesale-Plastic-Handle-Flatware-Set1-300x300.webp 300w, https:\/\/www.huashunware.com\/wp-content\/uploads\/2025\/09\/Wholesale-Plastic-Handle-Flatware-Set1-150x150.webp 150w, https:\/\/www.huashunware.com\/wp-content\/uploads\/2025\/09\/Wholesale-Plastic-Handle-Flatware-Set1-768x768.webp 768w, https:\/\/www.huashunware.com\/wp-content\/uploads\/2025\/09\/Wholesale-Plastic-Handle-Flatware-Set1-12x12.webp 12w, https:\/\/www.huashunware.com\/wp-content\/uploads\/2025\/09\/Wholesale-Plastic-Handle-Flatware-Set1-600x600.webp 600w, https:\/\/www.huashunware.com\/wp-content\/uploads\/2025\/09\/Wholesale-Plastic-Handle-Flatware-Set1-100x100.webp 100w\" sizes=\"(max-width: 800px) 100vw, 800px\" \/><\/figure>\n\n\n\n<figure class=\"wp-block-image size-full\"><img decoding=\"async\" width=\"3072\" height=\"3072\" src=\"https:\/\/www.huashunware.com\/wp-content\/uploads\/2025\/09\/Wholesale-Plastic-Handle-Flatware-Set-Ideal-For-Home-and-Restaurant1.webp\" alt=\"Mayorista Juego De Cubiertos Con Mango De Pl\u00e1stico Ideal Para El Hogar Y El Restaurante1\" class=\"wp-image-408\" srcset=\"https:\/\/www.huashunware.com\/wp-content\/uploads\/2025\/09\/Wholesale-Plastic-Handle-Flatware-Set-Ideal-For-Home-and-Restaurant1.webp 3072w, https:\/\/www.huashunware.com\/wp-content\/uploads\/2025\/09\/Wholesale-Plastic-Handle-Flatware-Set-Ideal-For-Home-and-Restaurant1-300x300.webp 300w, https:\/\/www.huashunware.com\/wp-content\/uploads\/2025\/09\/Wholesale-Plastic-Handle-Flatware-Set-Ideal-For-Home-and-Restaurant1-150x150.webp 150w, https:\/\/www.huashunware.com\/wp-content\/uploads\/2025\/09\/Wholesale-Plastic-Handle-Flatware-Set-Ideal-For-Home-and-Restaurant1-768x768.webp 768w, https:\/\/www.huashunware.com\/wp-content\/uploads\/2025\/09\/Wholesale-Plastic-Handle-Flatware-Set-Ideal-For-Home-and-Restaurant1-1200x1200.webp 1200w, https:\/\/www.huashunware.com\/wp-content\/uploads\/2025\/09\/Wholesale-Plastic-Handle-Flatware-Set-Ideal-For-Home-and-Restaurant1-600x600.webp 600w, https:\/\/www.huashunware.com\/wp-content\/uploads\/2025\/09\/Wholesale-Plastic-Handle-Flatware-Set-Ideal-For-Home-and-Restaurant1-100x100.webp 100w\" sizes=\"(max-width: 3072px) 100vw, 3072px\" \/><\/figure>\n<\/div>\n<\/div>","protected":false},"excerpt":{"rendered":"<p>Juego de cubiertos con mango de pl\u00e1stico al por mayor dise\u00f1ado para cocinas dom\u00e9sticas y restaurantes concurridos. Fabricados en acero inoxidable 18\/0 con acabado pulido a espejo y mangos de pl\u00e1stico ergon\u00f3micos para un agarre c\u00f3modo. Perfecto para la exhibici\u00f3n al por menor o compra al por mayor. P\u00f3ngase en contacto con nosotros hoy mismo.<\/p>\n<h2 class=\"brxe-product-title\">Mayorista Juego de Cubiertos con Mango de Pl\u00e1stico Atributos:<\/h2>\n<table>\n<thead>\n<tr>\n<th style=\"text-align: center;\">Art\u00edculo<\/th>\n<th style=\"text-align: center;\">Peso<\/th>\n<th style=\"text-align: center;\">Tama\u00f1o (L*A)<\/th>\n<th style=\"text-align: center;\">Espesor<\/th>\n<\/tr>\n<\/thead>\n<tbody>\n<tr>\n<td><strong>Cuchillo<\/strong><\/td>\n<td>42 g<\/td>\n<td>23 \u00d7 2 cm<\/td>\n<td>1,8 mm<\/td>\n<\/tr>\n<tr>\n<td><strong>Horquilla<\/strong><\/td>\n<td>39.5 g<\/td>\n<td>20,5 \u00d7 2,8 cm<\/td>\n<td>1,8 mm<\/td>\n<\/tr>\n<tr>\n<td><strong>Cuchara<\/strong><\/td>\n<td>43 g<\/td>\n<td>20,2 \u00d7 4 cm<\/td>\n<td>1,8 mm<\/td>\n<\/tr>\n<tr>\n<td><strong>Cucharilla<\/strong><\/td>\n<td>27 g<\/td>\n<td>14,2 \u00d7 3 cm<\/td>\n<td>1,8 mm<\/td>\n<\/tr>\n<\/tbody>\n<\/table>\n<h2>Juego de cubiertos con mango de pl\u00e1stico personalizados\uff1a<\/h2>\n<ul data-start=\"145\" data-end=\"486\">\n<li data-start=\"145\" data-end=\"200\">\n<p data-start=\"147\" data-end=\"200\"><strong data-start=\"147\" data-end=\"158\">Muestra:<\/strong> Muestra gratuita disponible antes del pedido a granel<\/p>\n<\/li>\n<li data-start=\"201\" data-end=\"296\">\n<p data-start=\"203\" data-end=\"296\"><strong data-start=\"203\" data-end=\"224\">Embalaje y logotipo:<\/strong> Admite logotipo personalizado en el envase; utilice caja de PET, caja de PVC o caja de regalo<\/p>\n<\/li>\n<li data-start=\"297\" data-end=\"395\">\n<p data-start=\"299\" data-end=\"395\"><strong data-start=\"299\" data-end=\"323\">Logotipo de metal y asa:<\/strong> Acepta logotipo grabado con l\u00e1ser o grabado en metal; logotipo impreso en el asa<\/p>\n<\/li>\n<li data-start=\"396\" data-end=\"486\">\n<p data-start=\"398\" data-end=\"486\"><strong data-start=\"398\" data-end=\"417\">Acabado y color:<\/strong> Acepta chapado en oro, cambios de color de las asas y pintura al tacto de la piel<\/p>\n<\/li>\n<\/ul>\n<p>&nbsp;<\/p>","protected":false},"featured_media":408,"comment_status":"closed","ping_status":"closed","template":"","meta":{"_acf_changed":false},"product_brand":[],"product_cat":[18,26],"product_tag":[],"class_list":{"0":"post-403","1":"product","2":"type-product","3":"status-publish","4":"has-post-thumbnail","6":"product_cat-cutlery-set-wholesale","7":"product_cat-plastic-handle-flatware-set","9":"first","10":"instock","11":"shipping-taxable","12":"product-type-simple"},"acf":[],"_links":{"self":[{"href":"https:\/\/www.huashunware.com\/es\/wp-json\/wp\/v2\/product\/403","targetHints":{"allow":["GET"]}}],"collection":[{"href":"https:\/\/www.huashunware.com\/es\/wp-json\/wp\/v2\/product"}],"about":[{"href":"https:\/\/www.huashunware.com\/es\/wp-json\/wp\/v2\/types\/product"}],"replies":[{"embeddable":true,"href":"https:\/\/www.huashunware.com\/es\/wp-json\/wp\/v2\/comments?post=403"}],"wp:featuredmedia":[{"embeddable":true,"href":"https:\/\/www.huashunware.com\/es\/wp-json\/wp\/v2\/media\/408"}],"wp:attachment":[{"href":"https:\/\/www.huashunware.com\/es\/wp-json\/wp\/v2\/media?parent=403"}],"wp:term":[{"taxonomy":"product_brand","embeddable":true,"href":"https:\/\/www.huashunware.com\/es\/wp-json\/wp\/v2\/product_brand?post=403"},{"taxonomy":"product_cat","embeddable":true,"href":"https:\/\/www.huashunware.com\/es\/wp-json\/wp\/v2\/product_cat?post=403"},{"taxonomy":"product_tag","embeddable":true,"href":"https:\/\/www.huashunware.com\/es\/wp-json\/wp\/v2\/product_tag?post=403"}],"curies":[{"name":"wp","href":"https:\/\/api.w.org\/{rel}","templated":true}]}}