{"id":411,"date":"2025-11-17T03:08:27","date_gmt":"2025-11-17T03:08:27","guid":{"rendered":"https:\/\/www.huashunware.com\/?post_type=product&#038;p=411"},"modified":"2026-02-03T07:37:31","modified_gmt":"2026-02-03T07:37:31","slug":"wholesale-wood-grain-flatware-custom-cutlery-set","status":"publish","type":"product","link":"https:\/\/www.huashunware.com\/es\/producto\/wholesale-wood-grain-flatware-custom-cutlery-set\/","title":{"rendered":"Mayorista Cubiertos de Madera Juego de Cubiertos Personalizados"},"content":{"rendered":"<div class=\"wp-block-columns is-layout-flex wp-container-core-columns-is-layout-9d6595d7 wp-block-columns-is-layout-flex\">\n<div class=\"wp-block-column is-layout-flow wp-block-column-is-layout-flow\">\n<h2 class=\"wp-block-heading\">Cubiertos de madera Caracter\u00edsticas:<\/h2>\n\n\n\n<p><strong>Elegante dise\u00f1o de grano de madera natural<\/strong> Presenta un sofisticado mango con textura de madera que a\u00f1ade un toque c\u00e1lido y contempor\u00e1neo a cualquier mesa de comedor, perfecto para la est\u00e9tica europea de hogares y restaurantes.<\/p>\n\n\n\n<p><strong>Acero inoxidable 18\/0 de primera calidad<\/strong> Fabricado en acero 18\/0 de alta calidad, este juego es resistente a la oxidaci\u00f3n, duradero y cumple con todas las normas de la UE. <strong>Normas de seguridad alimentaria de la UE y EE.UU.<\/strong>.<\/p>\n\n\n\n<p><strong>Acabado de espejo profesional<\/strong> Los cabezales presentan un pulido espejo suave y brillante con <strong>bordes redondeados<\/strong> para una experiencia gastron\u00f3mica segura y de lujo.<\/p>\n\n\n\n<p><strong>Embalaje \u00fanico listo para la venta<\/strong> Presentado en un llamativo <strong>Caja de ventana de 16 piezas<\/strong> (16 PIEZAS CUBIERTOS) con un dise\u00f1o \u00fanico de estampado de vaca, ideal para expositores de supermercado y venta de regalos.<\/p>\n\n\n\n<p><strong>Agarre ergon\u00f3mico y antideslizante<\/strong> Los mangos finos con aspecto de madera son ligeros y est\u00e1n dise\u00f1ados para un agarre c\u00f3modo y seguro durante el uso diario o comercial prolongado.<\/p>\n\n\n\n<p><strong>Personalizaci\u00f3n completa OEM\/ODM<\/strong> <strong>Huashun<\/strong> ofrece soluciones flexibles para productos a granel, como logotipos personalizados, texturas de asas y envases a medida para realzar su marca.<\/p>\n<\/div>\n\n\n\n<div class=\"wp-block-column is-layout-flow wp-block-column-is-layout-flow\">\n<figure class=\"wp-block-image size-full\"><img decoding=\"async\" width=\"3072\" height=\"3072\" src=\"https:\/\/www.huashunware.com\/wp-content\/uploads\/2025\/09\/Wholesale-Wood-Grain-Flatware-Custom-Cutlery-Set3.webp\" alt=\"Mayorista Cubiertos de Madera Juego de Cubiertos Personalizados3\" class=\"wp-image-414\" srcset=\"https:\/\/www.huashunware.com\/wp-content\/uploads\/2025\/09\/Wholesale-Wood-Grain-Flatware-Custom-Cutlery-Set3.webp 3072w, https:\/\/www.huashunware.com\/wp-content\/uploads\/2025\/09\/Wholesale-Wood-Grain-Flatware-Custom-Cutlery-Set3-300x300.webp 300w, https:\/\/www.huashunware.com\/wp-content\/uploads\/2025\/09\/Wholesale-Wood-Grain-Flatware-Custom-Cutlery-Set3-150x150.webp 150w, https:\/\/www.huashunware.com\/wp-content\/uploads\/2025\/09\/Wholesale-Wood-Grain-Flatware-Custom-Cutlery-Set3-768x768.webp 768w, https:\/\/www.huashunware.com\/wp-content\/uploads\/2025\/09\/Wholesale-Wood-Grain-Flatware-Custom-Cutlery-Set3-1200x1200.webp 1200w, https:\/\/www.huashunware.com\/wp-content\/uploads\/2025\/09\/Wholesale-Wood-Grain-Flatware-Custom-Cutlery-Set3-600x600.webp 600w, https:\/\/www.huashunware.com\/wp-content\/uploads\/2025\/09\/Wholesale-Wood-Grain-Flatware-Custom-Cutlery-Set3-100x100.webp 100w\" sizes=\"(max-width: 3072px) 100vw, 3072px\" \/><\/figure>\n\n\n\n<figure class=\"wp-block-image size-full\"><img decoding=\"async\" width=\"3072\" height=\"3072\" src=\"https:\/\/www.huashunware.com\/wp-content\/uploads\/2025\/11\/Wholesale-Wood-Grain-Flatware-Custom-Cutlery-Set3.webp\" alt=\"Mayorista Cubiertos de Madera Juego de Cubiertos Personalizados3\" class=\"wp-image-1186\" srcset=\"https:\/\/www.huashunware.com\/wp-content\/uploads\/2025\/11\/Wholesale-Wood-Grain-Flatware-Custom-Cutlery-Set3.webp 3072w, https:\/\/www.huashunware.com\/wp-content\/uploads\/2025\/11\/Wholesale-Wood-Grain-Flatware-Custom-Cutlery-Set3-300x300.webp 300w, https:\/\/www.huashunware.com\/wp-content\/uploads\/2025\/11\/Wholesale-Wood-Grain-Flatware-Custom-Cutlery-Set3-150x150.webp 150w, https:\/\/www.huashunware.com\/wp-content\/uploads\/2025\/11\/Wholesale-Wood-Grain-Flatware-Custom-Cutlery-Set3-768x768.webp 768w, https:\/\/www.huashunware.com\/wp-content\/uploads\/2025\/11\/Wholesale-Wood-Grain-Flatware-Custom-Cutlery-Set3-12x12.webp 12w, https:\/\/www.huashunware.com\/wp-content\/uploads\/2025\/11\/Wholesale-Wood-Grain-Flatware-Custom-Cutlery-Set3-1200x1200.webp 1200w, https:\/\/www.huashunware.com\/wp-content\/uploads\/2025\/11\/Wholesale-Wood-Grain-Flatware-Custom-Cutlery-Set3-600x600.webp 600w, https:\/\/www.huashunware.com\/wp-content\/uploads\/2025\/11\/Wholesale-Wood-Grain-Flatware-Custom-Cutlery-Set3-100x100.webp 100w\" sizes=\"(max-width: 3072px) 100vw, 3072px\" \/><\/figure>\n<\/div>\n<\/div>","protected":false},"excerpt":{"rendered":"<p>Los cubiertos de madera al por mayor combinan el resistente acero inoxidable 18\/0 con elegantes mangos de madera para un agarre c\u00f3modo y con estilo. Perfecto para el hogar, restaurantes o catering. \u00a1P\u00f3ngase en contacto con nosotros hoy para consultas!<\/p>\n<h2 class=\"brxe-product-title\">Mayorista Cubiertos de Madera Atributos:<\/h2>\n<table>\n<thead>\n<tr>\n<th style=\"text-align: center;\">Art\u00edculo<\/th>\n<th style=\"text-align: center;\">Peso<\/th>\n<th style=\"text-align: center;\">Tama\u00f1o (L*A)<\/th>\n<th style=\"text-align: center;\">Espesor<\/th>\n<\/tr>\n<\/thead>\n<tbody>\n<tr>\n<td>Cuchillo<\/td>\n<td>36 g<\/td>\n<td>22,5 \u00d7 1,7 cm<\/td>\n<td>2,2 mm<\/td>\n<\/tr>\n<tr>\n<td>Horquilla<\/td>\n<td>45.5 g<\/td>\n<td>19,5 \u00d7 2,5 cm<\/td>\n<td>2,2 mm<\/td>\n<\/tr>\n<tr>\n<td>Cuchara<\/td>\n<td>52 g<\/td>\n<td>19,5 \u00d7 4,2 cm<\/td>\n<td>2,2 mm<\/td>\n<\/tr>\n<tr>\n<td>Cucharilla<\/td>\n<td>19 g<\/td>\n<td>14 \u00d7 3 cm<\/td>\n<td>2,2 mm<\/td>\n<\/tr>\n<tr>\n<td>Tenedor de fruta<\/td>\n<td>29 g<\/td>\n<td>14 \u00d7 2 cm<\/td>\n<td>2,2 mm<\/td>\n<\/tr>\n<\/tbody>\n<\/table>\n<h2>Juego de cubiertos personalizados de madera\uff1a<\/h2>\n<ul>\n<li data-start=\"82\" data-end=\"137\">\n<p data-start=\"84\" data-end=\"137\"><strong data-start=\"84\" data-end=\"95\">Muestra:<\/strong> Muestra gratuita disponible antes del pedido a granel<\/p>\n<\/li>\n<li data-start=\"138\" data-end=\"233\">\n<p data-start=\"140\" data-end=\"233\"><strong data-start=\"140\" data-end=\"161\">Embalaje y logotipo:<\/strong> Admite logotipo personalizado en el envase; utilice caja de PET, caja de PVC o caja de regalo<\/p>\n<\/li>\n<li data-start=\"234\" data-end=\"332\">\n<p data-start=\"236\" data-end=\"332\"><strong data-start=\"236\" data-end=\"260\">Logotipo de metal y asa:<\/strong> Acepta logotipo grabado con l\u00e1ser o grabado en metal; logotipo impreso en el asa<\/p>\n<\/li>\n<li data-start=\"333\" data-end=\"401\">\n<p data-start=\"335\" data-end=\"401\"><strong data-start=\"335\" data-end=\"354\">Acabado y color:<\/strong> Acepta el chapado en oro y los cambios de color de las asas<\/p>\n<\/li>\n<\/ul>","protected":false},"featured_media":1185,"comment_status":"closed","ping_status":"closed","template":"","meta":{"_acf_changed":false},"product_brand":[],"product_cat":[18,26],"product_tag":[],"class_list":{"0":"post-411","1":"product","2":"type-product","3":"status-publish","4":"has-post-thumbnail","6":"product_cat-cutlery-set-wholesale","7":"product_cat-plastic-handle-flatware-set","9":"first","10":"instock","11":"shipping-taxable","12":"product-type-simple"},"acf":[],"_links":{"self":[{"href":"https:\/\/www.huashunware.com\/es\/wp-json\/wp\/v2\/product\/411","targetHints":{"allow":["GET"]}}],"collection":[{"href":"https:\/\/www.huashunware.com\/es\/wp-json\/wp\/v2\/product"}],"about":[{"href":"https:\/\/www.huashunware.com\/es\/wp-json\/wp\/v2\/types\/product"}],"replies":[{"embeddable":true,"href":"https:\/\/www.huashunware.com\/es\/wp-json\/wp\/v2\/comments?post=411"}],"wp:featuredmedia":[{"embeddable":true,"href":"https:\/\/www.huashunware.com\/es\/wp-json\/wp\/v2\/media\/1185"}],"wp:attachment":[{"href":"https:\/\/www.huashunware.com\/es\/wp-json\/wp\/v2\/media?parent=411"}],"wp:term":[{"taxonomy":"product_brand","embeddable":true,"href":"https:\/\/www.huashunware.com\/es\/wp-json\/wp\/v2\/product_brand?post=411"},{"taxonomy":"product_cat","embeddable":true,"href":"https:\/\/www.huashunware.com\/es\/wp-json\/wp\/v2\/product_cat?post=411"},{"taxonomy":"product_tag","embeddable":true,"href":"https:\/\/www.huashunware.com\/es\/wp-json\/wp\/v2\/product_tag?post=411"}],"curies":[{"name":"wp","href":"https:\/\/api.w.org\/{rel}","templated":true}]}}