{"id":426,"date":"2025-09-17T09:27:05","date_gmt":"2025-09-17T09:27:05","guid":{"rendered":"https:\/\/www.huashunware.com\/?post_type=product&#038;p=426"},"modified":"2025-09-17T09:57:26","modified_gmt":"2025-09-17T09:57:26","slug":"wholesale-kid-plate-set-cute-elephant-shaped-dinnerware-in-bulk","status":"publish","type":"product","link":"https:\/\/www.huashunware.com\/es\/producto\/wholesale-kid-plate-set-cute-elephant-shaped-dinnerware-in-bulk\/","title":{"rendered":"Mayorista Juego de Platos para Ni\u00f1os, Vajilla con Forma de Elefante al por Mayor"},"content":{"rendered":"<div class=\"wp-block-columns is-layout-flex wp-container-core-columns-is-layout-9d6595d7 wp-block-columns-is-layout-flex\">\n<div class=\"wp-block-column is-layout-flow wp-block-column-is-layout-flow\">\n<h2 class=\"wp-block-heading\">Kid Plate Set Caracter\u00edsticas:<\/h2>\n\n\n\n<p><strong>Material seguro para uso alimentario: <\/strong>Silicona alimentaria est\u00e1ndar de EE.UU., totalmente at\u00f3xica y sin BPA. Proporciona a los padres tranquilidad y una experiencia de alimentaci\u00f3n segura para ni\u00f1os peque\u00f1os y beb\u00e9s.<\/p>\n\n\n\n<p><strong>Acero inoxidable duradero: <\/strong>Fabricado en acero inoxidable pulido a espejo con bordes suaves y redondeados. Suave con la boca de los ni\u00f1os, resistente al \u00f3xido y dise\u00f1ado para un uso frecuente y repetido.<\/p>\n\n\n\n<p><strong>Base de succi\u00f3n fuerte: <\/strong>Incorpora una potente base de succi\u00f3n que se mantiene firme en superficies resbaladizas. Evita eficazmente resbalones, ca\u00eddas y derrames, y deja la mesa impecable.<\/p>\n\n\n\n<p><strong>Forma de elefante:<\/strong> El divertido dise\u00f1o de elefante viene con su novedad como favorito de los ni\u00f1os y aporta fascinaci\u00f3n a la comida. Fomenta la alimentaci\u00f3n independiente y elimina los comportamientos melindrosos al comer.<\/p>\n\n\n\n<p><strong>Adecuado para pedidos a granel:<\/strong> Ideal para guarder\u00edas, restaurantes y tiendas. Ofrece una soluci\u00f3n asequible para pedidos al por mayor sin restar calidad.<\/p>\n<\/div>\n\n\n\n<div class=\"wp-block-column is-layout-flow wp-block-column-is-layout-flow\">\n<figure class=\"wp-block-image size-full\"><img decoding=\"async\" width=\"3072\" height=\"3072\" src=\"https:\/\/www.huashunware.com\/wp-content\/uploads\/2025\/09\/Wholesale-Kid-Plate-Set-Cute-Elephant-Shaped-Dinnerware-in-Bulk1.webp\" alt=\"Mayorista Juego de Platos para Ni\u00f1os, Vajilla con Forma de Elefante al por Mayor1\" class=\"wp-image-427\" srcset=\"https:\/\/www.huashunware.com\/wp-content\/uploads\/2025\/09\/Wholesale-Kid-Plate-Set-Cute-Elephant-Shaped-Dinnerware-in-Bulk1.webp 3072w, https:\/\/www.huashunware.com\/wp-content\/uploads\/2025\/09\/Wholesale-Kid-Plate-Set-Cute-Elephant-Shaped-Dinnerware-in-Bulk1-300x300.webp 300w, https:\/\/www.huashunware.com\/wp-content\/uploads\/2025\/09\/Wholesale-Kid-Plate-Set-Cute-Elephant-Shaped-Dinnerware-in-Bulk1-150x150.webp 150w, https:\/\/www.huashunware.com\/wp-content\/uploads\/2025\/09\/Wholesale-Kid-Plate-Set-Cute-Elephant-Shaped-Dinnerware-in-Bulk1-768x768.webp 768w, https:\/\/www.huashunware.com\/wp-content\/uploads\/2025\/09\/Wholesale-Kid-Plate-Set-Cute-Elephant-Shaped-Dinnerware-in-Bulk1-1200x1200.webp 1200w, https:\/\/www.huashunware.com\/wp-content\/uploads\/2025\/09\/Wholesale-Kid-Plate-Set-Cute-Elephant-Shaped-Dinnerware-in-Bulk1-600x600.webp 600w, https:\/\/www.huashunware.com\/wp-content\/uploads\/2025\/09\/Wholesale-Kid-Plate-Set-Cute-Elephant-Shaped-Dinnerware-in-Bulk1-100x100.webp 100w\" sizes=\"(max-width: 3072px) 100vw, 3072px\" \/><\/figure>\n<\/div>\n<\/div>","protected":false},"excerpt":{"rendered":"<p>El juego de platos para ni\u00f1os al por mayor presenta un divertido dise\u00f1o en forma de elefante fabricado con silicona alimentaria est\u00e1ndar de EE. UU., no t\u00f3xica y sin BPA. La base de succi\u00f3n mantiene el plato en su sitio, perfecto para ni\u00f1os peque\u00f1os, guarder\u00edas y pedidos al por mayor.<\/p>\n<h2 class=\"brxe-product-title\">Mayorista Juego De Platos Para Ni\u00f1os Atributos:<\/h2>\n<table>\n<thead>\n<tr>\n<th>Art\u00edculo<\/th>\n<th>Tama\u00f1o (L\u00d7A\u00d7H)<\/th>\n<th>Peso<\/th>\n<\/tr>\n<\/thead>\n<tbody>\n<tr>\n<td>Caja<\/td>\n<td>255 \u00d7 194 \u00d7 35 mm<\/td>\n<td>373 g<\/td>\n<\/tr>\n<tr>\n<td>Placa<\/td>\n<td>225 \u00d7 155 \u00d7 33 mm<\/td>\n<td>205.8 g<\/td>\n<\/tr>\n<tr>\n<td>Horquilla<\/td>\n<td>100 \u00d7 55 \u00d7 22 mm<\/td>\n<td>39 g<\/td>\n<\/tr>\n<tr>\n<td>Cuchara<\/td>\n<td>100 \u00d7 55 \u00d7 22 mm<\/td>\n<td>43 g<\/td>\n<\/tr>\n<\/tbody>\n<\/table>\n<p><strong data-start=\"296\" data-end=\"304\">MOQ:<\/strong> 96 piezas<\/p>\n<h2 class=\"brxe-product-title\">Juego de platos infantiles personalizados :<\/h2>\n<ul>\n<li data-start=\"76\" data-end=\"143\">\n<p data-start=\"78\" data-end=\"143\"><strong data-start=\"78\" data-end=\"89\">Muestra:<\/strong> Muestra gratuita disponible para probar antes de hacer un pedido a granel<\/p>\n<\/li>\n<li data-start=\"144\" data-end=\"221\">\n<p data-start=\"146\" data-end=\"221\"><strong data-start=\"146\" data-end=\"173\">Peque\u00f1os pedidos con logotipo:<\/strong> Se aceptan pedidos de peque\u00f1as cantidades con logotipo personalizado<\/p>\n<\/li>\n<li data-start=\"222\" data-end=\"288\">\n<p data-start=\"224\" data-end=\"288\"><strong data-start=\"224\" data-end=\"242\">Entrega r\u00e1pida:<\/strong> Los art\u00edculos en stock pueden enviarse en un plazo de 7 d\u00edas<\/p>\n<\/li>\n<li data-start=\"289\" data-end=\"401\">\n<p data-start=\"291\" data-end=\"401\"><strong data-start=\"291\" data-end=\"326\">Embalaje y personalizaci\u00f3n del logotipo:<\/strong> Admite logotipo personalizado en el envase; elija caja de PET, caja de PVC o caja de regalo<\/p>\n<\/li>\n<\/ul>","protected":false},"featured_media":428,"comment_status":"closed","ping_status":"closed","template":"","meta":{"_acf_changed":false},"product_brand":[],"product_cat":[19],"product_tag":[],"class_list":{"0":"post-426","1":"product","2":"type-product","3":"status-publish","4":"has-post-thumbnail","6":"product_cat-wholesale-kids-dinnerware","8":"first","9":"instock","10":"shipping-taxable","11":"product-type-simple"},"acf":[],"_links":{"self":[{"href":"https:\/\/www.huashunware.com\/es\/wp-json\/wp\/v2\/product\/426","targetHints":{"allow":["GET"]}}],"collection":[{"href":"https:\/\/www.huashunware.com\/es\/wp-json\/wp\/v2\/product"}],"about":[{"href":"https:\/\/www.huashunware.com\/es\/wp-json\/wp\/v2\/types\/product"}],"replies":[{"embeddable":true,"href":"https:\/\/www.huashunware.com\/es\/wp-json\/wp\/v2\/comments?post=426"}],"wp:featuredmedia":[{"embeddable":true,"href":"https:\/\/www.huashunware.com\/es\/wp-json\/wp\/v2\/media\/428"}],"wp:attachment":[{"href":"https:\/\/www.huashunware.com\/es\/wp-json\/wp\/v2\/media?parent=426"}],"wp:term":[{"taxonomy":"product_brand","embeddable":true,"href":"https:\/\/www.huashunware.com\/es\/wp-json\/wp\/v2\/product_brand?post=426"},{"taxonomy":"product_cat","embeddable":true,"href":"https:\/\/www.huashunware.com\/es\/wp-json\/wp\/v2\/product_cat?post=426"},{"taxonomy":"product_tag","embeddable":true,"href":"https:\/\/www.huashunware.com\/es\/wp-json\/wp\/v2\/product_tag?post=426"}],"curies":[{"name":"wp","href":"https:\/\/api.w.org\/{rel}","templated":true}]}}