{"id":433,"date":"2025-09-17T09:58:15","date_gmt":"2025-09-17T09:58:15","guid":{"rendered":"https:\/\/www.huashunware.com\/?post_type=product&#038;p=433"},"modified":"2025-09-17T10:10:43","modified_gmt":"2025-09-17T10:10:43","slug":"bulk-kids-dinnerware-sets-dolphin-design-for-toddlers-and-kids","status":"publish","type":"product","link":"https:\/\/www.huashunware.com\/es\/producto\/bulk-kids-dinnerware-sets-dolphin-design-for-toddlers-and-kids\/","title":{"rendered":"Vajillas infantiles a granel, Dise\u00f1o de delfines para ni\u00f1os peque\u00f1os y ni\u00f1os"},"content":{"rendered":"<div class=\"wp-block-columns is-layout-flex wp-container-core-columns-is-layout-9d6595d7 wp-block-columns-is-layout-flex\">\n<div class=\"wp-block-column is-layout-flow wp-block-column-is-layout-flow\">\n<h2 class=\"wp-block-heading\">Vajilla Infantil Caracter\u00edsticas:<\/h2>\n\n\n\n<p><strong>Material seguro para uso alimentario:<\/strong> Fabricado en silicona alimentaria est\u00e1ndar de EE.UU., sin BPA y no t\u00f3xica. Ofrece una experiencia gastron\u00f3mica segura para ni\u00f1os peque\u00f1os.<\/p>\n\n\n\n<p><strong>Acero inoxidable duradero:<\/strong> Acero inoxidable con acabado de espejo y bordes suaves y redondeados. Suave con la boca de los ni\u00f1os y resistente al \u00f3xido y al desgaste diario.<\/p>\n\n\n\n<p><strong>Base de succi\u00f3n fuerte: <\/strong>El innovador dise\u00f1o de succi\u00f3n se adhiere firmemente a las superficies lisas. Evita que el bol se deslice, se vuelque y se derrame durante la comida.<\/p>\n\n\n\n<p><strong>Divertido dise\u00f1o de delfines: <\/strong>Los atractivos platos y utensilios con forma de delf\u00edn atraen la atenci\u00f3n de los ni\u00f1os. Hace que la hora de comer sea divertida e interactiva, y fomenta la alimentaci\u00f3n independiente.<\/p>\n\n\n\n<p><strong>Ideal para pedidos a granel:<\/strong> Ideal para restaurantes, guarder\u00edas y tiendas. Opci\u00f3n asequible para pedidos al por mayor sin renunciar a la calidad.<\/p>\n<\/div>\n\n\n\n<div class=\"wp-block-column is-layout-flow wp-block-column-is-layout-flow\">\n<figure class=\"wp-block-image size-full\"><img decoding=\"async\" width=\"3072\" height=\"3072\" src=\"https:\/\/www.huashunware.com\/wp-content\/uploads\/2025\/09\/Bulk-Kids-Dinnerware-Sets-Dolphin-Design-for-Toddlers-and-Kids1.webp\" alt=\"Vajillas infantiles a granel, Dise\u00f1o de delfines para ni\u00f1os peque\u00f1os y ni\u00f1os1\" class=\"wp-image-434\" srcset=\"https:\/\/www.huashunware.com\/wp-content\/uploads\/2025\/09\/Bulk-Kids-Dinnerware-Sets-Dolphin-Design-for-Toddlers-and-Kids1.webp 3072w, https:\/\/www.huashunware.com\/wp-content\/uploads\/2025\/09\/Bulk-Kids-Dinnerware-Sets-Dolphin-Design-for-Toddlers-and-Kids1-300x300.webp 300w, https:\/\/www.huashunware.com\/wp-content\/uploads\/2025\/09\/Bulk-Kids-Dinnerware-Sets-Dolphin-Design-for-Toddlers-and-Kids1-150x150.webp 150w, https:\/\/www.huashunware.com\/wp-content\/uploads\/2025\/09\/Bulk-Kids-Dinnerware-Sets-Dolphin-Design-for-Toddlers-and-Kids1-768x768.webp 768w, https:\/\/www.huashunware.com\/wp-content\/uploads\/2025\/09\/Bulk-Kids-Dinnerware-Sets-Dolphin-Design-for-Toddlers-and-Kids1-1200x1200.webp 1200w, https:\/\/www.huashunware.com\/wp-content\/uploads\/2025\/09\/Bulk-Kids-Dinnerware-Sets-Dolphin-Design-for-Toddlers-and-Kids1-600x600.webp 600w, https:\/\/www.huashunware.com\/wp-content\/uploads\/2025\/09\/Bulk-Kids-Dinnerware-Sets-Dolphin-Design-for-Toddlers-and-Kids1-100x100.webp 100w\" sizes=\"(max-width: 3072px) 100vw, 3072px\" \/><\/figure>\n<\/div>\n<\/div>","protected":false},"excerpt":{"rendered":"<p data-start=\"68\" data-end=\"340\">Los juegos de vajilla para ni\u00f1os a granel incluyen adorables platos y utensilios con forma de delf\u00edn fabricados con silicona alimentaria est\u00e1ndar de EE. UU., no t\u00f3xica y sin BPA. La fuerte base de succi\u00f3n evita resbalones y derrames, por lo que son perfectos para ni\u00f1os peque\u00f1os, guarder\u00edas y pedidos al por mayor.<\/p>\n<h2 class=\"brxe-product-title\">Vajillas infantiles a granel Atributos:<\/h2>\n<table>\n<thead>\n<tr>\n<th style=\"text-align: center;\">Art\u00edculo<\/th>\n<th style=\"text-align: center;\">Tama\u00f1o (L\u00d7A\u00d7H)<\/th>\n<th style=\"text-align: center;\">Peso<\/th>\n<\/tr>\n<\/thead>\n<tbody>\n<tr>\n<td>Caja<\/td>\n<td>240 \u00d7 190 \u00d7 35 mm<\/td>\n<td>363 g<\/td>\n<\/tr>\n<tr>\n<td>Placa<\/td>\n<td>210 \u00d7 155 \u00d7 33 mm<\/td>\n<td>241 g<\/td>\n<\/tr>\n<tr>\n<td>Horquilla<\/td>\n<td>97 \u00d7 32 \u00d7 31 mm<\/td>\n<td>35.2 g<\/td>\n<\/tr>\n<tr>\n<td>Cuchara<\/td>\n<td>97 \u00d7 32 \u00d7 31 mm<\/td>\n<td>39.1 g<\/td>\n<\/tr>\n<\/tbody>\n<\/table>\n<p><strong data-start=\"296\" data-end=\"304\">MOQ:<\/strong> 96 piezas<\/p>\n<h2 class=\"brxe-product-title\">Vajillas infantiles personalizadas :<\/h2>\n<ul>\n<li data-start=\"76\" data-end=\"143\">\n<p data-start=\"78\" data-end=\"143\"><strong data-start=\"78\" data-end=\"89\">Muestra:<\/strong> Muestra gratuita disponible para probar antes de hacer un pedido a granel<\/p>\n<\/li>\n<li data-start=\"144\" data-end=\"221\">\n<p data-start=\"146\" data-end=\"221\"><strong data-start=\"146\" data-end=\"173\">Peque\u00f1os pedidos con logotipo:<\/strong> Se aceptan pedidos de peque\u00f1as cantidades con logotipo personalizado<\/p>\n<\/li>\n<li data-start=\"222\" data-end=\"288\">\n<p data-start=\"224\" data-end=\"288\"><strong data-start=\"224\" data-end=\"242\">Entrega r\u00e1pida:<\/strong> Los art\u00edculos en stock pueden enviarse en un plazo de 7 d\u00edas<\/p>\n<\/li>\n<li data-start=\"289\" data-end=\"401\">\n<p data-start=\"291\" data-end=\"401\"><strong data-start=\"291\" data-end=\"326\">Embalaje y personalizaci\u00f3n del logotipo:<\/strong> Admite logotipo personalizado en el envase; elija caja de PET, caja de PVC o caja de regalo<\/p>\n<\/li>\n<\/ul>","protected":false},"featured_media":434,"comment_status":"closed","ping_status":"closed","template":"","meta":{"_acf_changed":false},"product_brand":[],"product_cat":[19],"product_tag":[],"class_list":{"0":"post-433","1":"product","2":"type-product","3":"status-publish","4":"has-post-thumbnail","6":"product_cat-wholesale-kids-dinnerware","8":"first","9":"instock","10":"shipping-taxable","11":"product-type-simple"},"acf":[],"_links":{"self":[{"href":"https:\/\/www.huashunware.com\/es\/wp-json\/wp\/v2\/product\/433","targetHints":{"allow":["GET"]}}],"collection":[{"href":"https:\/\/www.huashunware.com\/es\/wp-json\/wp\/v2\/product"}],"about":[{"href":"https:\/\/www.huashunware.com\/es\/wp-json\/wp\/v2\/types\/product"}],"replies":[{"embeddable":true,"href":"https:\/\/www.huashunware.com\/es\/wp-json\/wp\/v2\/comments?post=433"}],"wp:featuredmedia":[{"embeddable":true,"href":"https:\/\/www.huashunware.com\/es\/wp-json\/wp\/v2\/media\/434"}],"wp:attachment":[{"href":"https:\/\/www.huashunware.com\/es\/wp-json\/wp\/v2\/media?parent=433"}],"wp:term":[{"taxonomy":"product_brand","embeddable":true,"href":"https:\/\/www.huashunware.com\/es\/wp-json\/wp\/v2\/product_brand?post=433"},{"taxonomy":"product_cat","embeddable":true,"href":"https:\/\/www.huashunware.com\/es\/wp-json\/wp\/v2\/product_cat?post=433"},{"taxonomy":"product_tag","embeddable":true,"href":"https:\/\/www.huashunware.com\/es\/wp-json\/wp\/v2\/product_tag?post=433"}],"curies":[{"name":"wp","href":"https:\/\/api.w.org\/{rel}","templated":true}]}}